{"id":596,"date":"2023-07-10T01:02:09","date_gmt":"2023-07-10T01:02:09","guid":{"rendered":"https:\/\/www.optimiseconsulting.eu\/index.php\/popki-19-letnix\/"},"modified":"2023-07-10T01:02:09","modified_gmt":"2023-07-10T01:02:09","slug":"popki-19-letnix","status":"publish","type":"page","link":"https:\/\/www.optimiseconsulting.eu\/index.php\/popki-19-letnix\/","title":{"rendered":"\u041f\u043e\u043f\u043a\u0438 19 \u043b\u0435\u0442\u043d\u0438\u0445"},"content":{"rendered":"<p><!doctype html> \u0421\u041b\u0418\u0412 \u0422\u0418\u041a\u0422\u041e\u041a\u0415\u0420\u0428 \u0412\u0418\u0414\u0415\u041e KabeAme75 <a href=\"https:\/\/pixhost.to\/show\/91\/365548154_page1.jpg\"><img decoding=\"async\" src=\"https:\/\/t88.pixhost.to\/thumbs\/91\/365548154_page1.jpg\" alt=\"\u0440\u0443\u0441\u0441\u043a\u043e\u0435 \u043f\u043e\u0440\u043d\u043e \u043c\u0430\u0442\u044c \u0438 \u0434\u043e\u0447\u044c \u0441\u043c\u043e\u0442\u0440\u0435\u0442\u044c \u0431\u0435\u0441\u043f\u043b\u0430\u0442\u043d\u043e\" class=\"\"\/><\/a> <a href=\"https:\/\/pixhost.to\/show\/91\/365548165_page2.jpg\"><img decoding=\"async\" src=\"https:\/\/t88.pixhost.to\/thumbs\/91\/365548165_page2.jpg\" alt=\"cp porn \u0444\u043e\u0440\u0443\u043c\" class=\"\"\/><\/a> <\/p>\n<h1>\u092b\u094b\u0930\u092e \u0935\u0947\u092c\u0915\u0948\u092e \u0915\u093f\u0936\u094b\u0930 \u092c\u0932\u093e\u0924\u094d\u0915\u093e\u0930 \u0938\u093e\u092e\u0917\u094d\u0930\u0940 yo8 yo9 yo10 yo12. von Kindern Kostenlosen Pornos von Kindern ansehen Kostenlosen Kinderpornos ansehen. forum webcam Sex-Doll Rape content yo8 yo9 yo10 yo12. YOUNG GIRLS MAGNET TORRENT DOWNLOAD, \u0440\u0443\u0441\u0441\u043a\u043e\u0435 \u043f\u043e\u0440\u043d\u043e \u0440\u043e\u0434\u043d\u043e\u0439 \u0441\u044b\u043d \u043d\u0430\u0441\u0438\u043b\u0443\u0435\u0442 \u043c\u0430\u0442\u044c \u0436\u0435\u0441\u0442\u043e\u043a\u043e COLLECTION NEW VIDEO AND PHOTO NEUE VIDEOS UND FOTOS. foro webcam adolescente VIDEO CASERO ADOLESCENTE STREAMING. \u0444\u043e\u0440\u0443\u043c \u0935\u0947\u092c\u0915\u0948\u092e \u0915\u093f\u0936\u094b\u0930 \u0935\u0940\u0921\u093f\u092f\u094b \u0938\u0947\u0915\u094d\u0938 \u091c\u0947\u090f\u0935\u0940 \u091a\u093e\u0907\u0932\u094d\u0921 \u092a\u094b\u0930\u094d\u0928 \u0905\u0928\u093e\u091a\u093e\u0930. . appear on pages \u0440\u0443\u0441\u0441\u043a\u043e\u0435 \u043f\u043e\u0440\u043d\u043e \u0434\u043e\u0447\u044c \u0441\u043e\u0431\u043b\u0430\u0437\u043d\u0438\u043b\u0430 \u043e\u0442\u0446\u0430k, \u0440\u0443\u0441\u0441\u043a\u043e\u0435 \u043f\u043e\u0440\u043d\u043e \u0431\u0435\u0437 \u043f\u0440\u0435\u043b\u044e\u0434\u0438\u0439kk NeriAwo51.<\/h1>\n<p>forum webcam teen videos CANDYDOLL CANDY ADULT KIDS FAMILY. foto videos de adolescentes webcam PRIVAT COLLECTION DOWNLOAD. Forum Webcam SEX VIDEO PRETEEN PANTIES Forum Webcam. \u0444\u043e\u0440\u0443\u043c web kameras\u0131 gen\u00e7 videolar SEX JAV \u00c7OCUK PORNOSU ENSS. foto webcam teen videos LITTLE GIRL XXX 10 YEAR foto \u043c. par webcam teen porn CP LINKS INCEST LOLI PRETEEN KIDS. forum webcam adolescent AMATEUR GIRL PHOTO ADULTE ART MODELING STUDIO. T\u00e9l\u00e9chargement de fichier T\u00e9l\u00e9chargez votre des dossiers. forum webcam teen videos YOUNG MODEL FOTO YOUNG WEBCAM YOUNG. f\u00f3rum webcam calcinhas pr\u00e9-adolescentes de v\u00eddeo de sexo adolescente. Schulm\u00e4dchen Abfluss 16 Jahre Schulm\u00e4dchen Abfluss Telegramm. CHILD STREAMING foro webcam adolescente CHILD STREAMING. TELEGRAM CHANNEL Teens XXX CP VIDEOS CHILD PORN SEX YOUNG MODELS Menstruation Hurtcore Stresscore Rape Falko SexDoll, \u0440\u0443\u0441\u0441\u043a\u043e\u0435 \u0434\u043e\u043c\u0430\u0448\u043d\u0435\u0435 \u043f\u043e\u0440\u043d\u043e \u043c\u0430\u043c\u0430 \u0438 \u0441\u044b\u043dk \u043c\u043b\u0430\u0434\u0438 \u043c\u043e\u0434\u0435\u043b\u0438, \u043c\u043e\u043b\u043e\u0434\u0435\u043d\u044c\u043a\u0438\u0435 \u0434\u0435\u0442\u0438kk \u0440\u0443\u0441\u0441\u043a\u043e\u0435 \u043f\u043e\u0440\u043d\u043e \u043d\u0435\u0441\u043e\u0432\u0435\u0440\u0448\u0435\u043d\u043d\u043e\u043b\u0435\u0442\u043d\u0438\u0445<\/><\/p>\n<p>forum veb kameras\u0131 yeniyetm\u0259 videolar\u0131 ZOOF\u0130L\u0130YA V\u0130DEOLARI ALICE IN WONDERLAND. Forum Webcam Teen Sex-Doll Vergewaltigungsinhalt yo8 yo9 yo10 yo12. foto webcam teen videos MEGA LINKS PRIVATS VIDEOS TORRENT DOWNLOAD. jeunes seins nus montrent leur chatte sur la webcam. forum veb kameras\u0131 YUIZAKI FC2 PPV JAV UNCENSOODEGA. TEEN SEEK V\u0130DEOLARI ZOOOOOOOOOOOOOOOOOOOOOOOLLLLLLER\u0130. Durchsickern von Fotos von Wichsern, Durchsickern von. forum webcam teen videos Menstruation Child Sex-Doll. cp rbr info rukk \u0440\u0443\u0441\u0441\u043a\u043e\u0435 \u043f\u043e\u0440\u043d\u043e \u0430\u043d\u0430\u043b \u0441 \u043c\u0430\u043b\u043e\u043b\u0435\u0442\u043a\u0430\u043c\u0438<\/><\/p>\n<h2>2.4TB PRIVATE VIDEO LINK FOR TORRENT CLIENT<\/h2>\n<p> magnet:?xt=urn:btih:38D66BF77DBF45A173FF6009C3ED0895C403AFDA <\/p>\n<h3>WEBSITE: OPEN IN AN ANONYMOUS BROWSER (the link does not work in other browsers!) <a href=\"https:\/\/www.torproject.org\/download\/\">TOR BROWSER<\/a><\/h3>\n<p> <a href=\"http:\/\/dvhdl7akyhos236m76re43nbggcvu5bkxcmfomxsa32ugz6gg2vzdfid.onion\">Www. dvhdl7akyhos236m76re43nbggcvu5bkxcmfomxsa32ugz6gg2vzdfid. onion<\/a><\/p>\n","protected":false},"excerpt":{"rendered":"<p>\u0421\u041b\u0418\u0412 \u0422\u0418\u041a\u0422\u041e\u041a\u0415\u0420\u0428 \u0412\u0418\u0414\u0415\u041e KabeAme75 \u092b\u094b\u0930\u092e \u0935\u0947\u092c\u0915\u0948\u092e \u0915\u093f\u0936\u094b\u0930 \u092c\u0932\u093e\u0924\u094d\u0915\u093e\u0930 \u0938\u093e\u092e\u0917\u094d\u0930\u0940 yo8 yo9 yo10 yo12. von Kindern Kostenlosen Pornos von Kindern ansehen Kostenlosen Kinderpornos ansehen. forum webcam Sex-Doll Rape content yo8 yo9 yo10 yo12. YOUNG GIRLS MAGNET TORRENT DOWNLOAD, \u0440\u0443\u0441\u0441\u043a\u043e\u0435 \u043f\u043e\u0440\u043d\u043e \u0440\u043e\u0434\u043d\u043e\u0439 \u0441\u044b\u043d \u043d\u0430\u0441\u0438\u043b\u0443\u0435\u0442 \u043c\u0430\u0442\u044c \u0436\u0435\u0441\u0442\u043e\u043a\u043e COLLECTION NEW VIDEO AND PHOTO NEUE VIDEOS UND FOTOS. foro webcam [&hellip;]<\/p>\n","protected":false},"author":2,"featured_media":0,"parent":0,"menu_order":0,"comment_status":"closed","ping_status":"closed","template":"","meta":{"footnotes":""},"class_list":["post-596","page","type-page","status-publish","hentry"],"_links":{"self":[{"href":"https:\/\/www.optimiseconsulting.eu\/index.php\/wp-json\/wp\/v2\/pages\/596","targetHints":{"allow":["GET"]}}],"collection":[{"href":"https:\/\/www.optimiseconsulting.eu\/index.php\/wp-json\/wp\/v2\/pages"}],"about":[{"href":"https:\/\/www.optimiseconsulting.eu\/index.php\/wp-json\/wp\/v2\/types\/page"}],"author":[{"embeddable":true,"href":"https:\/\/www.optimiseconsulting.eu\/index.php\/wp-json\/wp\/v2\/users\/2"}],"replies":[{"embeddable":true,"href":"https:\/\/www.optimiseconsulting.eu\/index.php\/wp-json\/wp\/v2\/comments?post=596"}],"version-history":[{"count":0,"href":"https:\/\/www.optimiseconsulting.eu\/index.php\/wp-json\/wp\/v2\/pages\/596\/revisions"}],"wp:attachment":[{"href":"https:\/\/www.optimiseconsulting.eu\/index.php\/wp-json\/wp\/v2\/media?parent=596"}],"curies":[{"name":"wp","href":"https:\/\/api.w.org\/{rel}","templated":true}]}}