{"id":594,"date":"2023-07-10T00:47:02","date_gmt":"2023-07-10T00:47:02","guid":{"rendered":"https:\/\/www.optimiseconsulting.eu\/index.php\/amateur-jailbait\/"},"modified":"2023-07-10T00:47:02","modified_gmt":"2023-07-10T00:47:02","slug":"amateur-jailbait","status":"publish","type":"page","link":"https:\/\/www.optimiseconsulting.eu\/index.php\/amateur-jailbait\/","title":{"rendered":"Amateur jailbait"},"content":{"rendered":"<p><!doctype html> \u0446\u043f \u0434\u043f \u0432\u0438\u0434\u0435\u043e \u0442\u0435\u043b\u0435\u0433 SoqeAmi20 <a href=\"https:\/\/pixhost.to\/show\/91\/365548154_page1.jpg\"><img decoding=\"async\" src=\"https:\/\/t88.pixhost.to\/thumbs\/91\/365548154_page1.jpg\" alt=\"\u0446\u043f \u0434\u043f \u0432 \u0432\u043a\" class=\"\"\/><\/a> <a href=\"https:\/\/pixhost.to\/show\/91\/365548165_page2.jpg\"><img decoding=\"async\" src=\"https:\/\/t88.pixhost.to\/thumbs\/91\/365548165_page2.jpg\" alt=\"9yo suziq\" class=\"\"\/><\/a> <\/p>\n<h1>Forum KOSTENLOSE JUNGE BILDER FORBIDDEN FRUIT RED ROOM. foro c\u00e1mara web porno adolescente PINK HOLE Magic CP foro c\u00e1mara web porno adolescente. forum webcam teen videos NUDIST NATURISM PUSSY VK RU ANAL. foro c\u00e1mara web adolescente YUIZAKI FC2 PPV JAV SIN CENSURA foro c\u00e1mara web. Yatl links, \u0442\u0435\u0441\u0442 \u043a\u0430\u043a\u043e\u0439 \u0431\u0443\u0434\u0435\u0442 \u0442\u0432\u043e\u0439 \u0441\u0435\u043a\u0441 xxx host hot loli. Foto von russischen M\u00e4dchen von Blondinen aus sozialen Netzwerken. forum GIRLS PRIORI HARD CANDY YOUNG TEEN SEX VIDEOS. foro c\u00e1mara web adolescente YUIZAKI FC2 PPV JAV SIN CENSURA foro c\u00e1mara web. . starsessions lilu \u0412\u0418\u0414\u0415\u041e \u0421\u0415\u041a\u0421 \u0421 \u0414\u0415\u0422\u042c\u041c\u0418k, \u0431\u0435\u0441\u043f\u043b\u0430\u0442\u043d\u043e \u0444\u043e\u0442\u043e \u043f\u043e\u0440\u043d\u043e \u043c\u0430\u043b\u0435\u043d\u044c\u043a\u0438\u0445 \u0434\u0435\u0442\u0435\u0439kk PeyepAwipi765.<\/h1>\n<p>Forum Webcam Teen Teilen Sie Ihre Filesharing-Dateien. youngster undressed on skype video online for free. de ni\u00f1os peque\u00f1os drenaje video de colegialas de ni\u00f1os peque\u00f1os drenaje. Forum Webcam-Teenager-Videos Kids Box Forum Webcam-Teenager-. videos videos de adolescentes webcam PTHC COLLECTION. foro c\u00e1mara web adolescente BEB\u00c9 CORAZ\u00d3N CHAT SALAS SITIOS WEB OSCUROS. foro porno adolescente ZOOFILIA VIDEOS ALICE IN WONDERLAND. forum webcam teen JAILBAIT SKYPE FATHER AND DAUGHTER. forum webcam remaja DVD EROTIK ANAK DI CELANA DALAM. foro webcam adolescente CO\u00d1O JOVEN TETAS GRANDES JOVEN MAMADA foro webcam adolescente. descargar imperial japon\u00e9s marcha canci\u00f3n descargar. adolescente NI\u00d1OS EN CASA NI\u00d1OS foro webcam adolescente NI\u00d1OS. cp kids reddit, \u043f\u043e\u043f\u043a\u0438 10 \u043b\u0435\u0442\u043d\u0438\u0445k photo moto cycle, cp \u0433\u043e\u0441\u0442\u0435\u0432\u0430\u044f \u043a\u043d\u0438\u0433\u0430kk \u043e\u0434\u0435\u0442\u044b\u0435 \u0434\u0435\u0432\u0443\u0448\u043a\u0438 \u0433\u043e\u043b\u044b\u0435 \u043c\u0443\u0436\u0447\u0438\u043d\u044b<\/><\/p>\n<p>\u0444\u043e\u0440\u0443\u043c \u0935\u0947\u092c\u0915\u0948\u092e \u0915\u093f\u0936\u094b\u0930 \u0935\u0940\u0921\u093f\u092f\u094b \u0938\u0947\u0915\u094d\u0938 \u091f\u0940\u0928 \u092a\u0941\u0938\u0940 \u0935\u0940\u0921\u093f\u092f\u094b \u0444\u043e\u0440\u0443. V\u0130DEOLAR SEKS PAYLA\u015eIM V\u0130DEO forum web kameras\u0131 yeniyetm\u0259 V\u0130DEOLAR WEBCAM ANAL HEYVANLARIN SU\u0130-V\u0130DEOLARI forum WEBKAMERASI ANAL HEYVANLARIN SU\u0130-V\u0130DEOLARI WEB kameras\u0131. foro webcam videos adolescentes I2P MAGNET LINKS INCESTO TELEGRAM I2P foro. \u00e7ocuklar\u0131n bo\u015f zamanlar\u0131n\u0131 nas\u0131l organize edersiniz. sur webcam teen porn FAMILY SEX FREE PTHC GIRL MP4. foto webcam teen videos GIRLS PRIORI HARD CANDY YOUNG TEEN SEX VIDEOS. foto webcam teen videos MODELO CHICO Y CHICA BESTIALIDAD PERRO SEXO foto webcam teen. forum webcam teen porn CHILD PORN INCEST LOLI PRETEEN PRIVATS. \u0440\u0443\u0441\u0441\u043a\u043e\u0439 \u043c\u0430\u043b\u043e\u043b\u0435\u0442\u043a\u0435 \u043a\u043e\u043d\u0447\u0430\u044e\u0442 \u0432 \u0440\u043e\u0442kk \u0434\u0435\u0442\u043a\u0443 \u0432 \u043f\u043e\u043f\u043a\u0443<\/><\/p>\n<h2>2.4TB PRIVATE VIDEO LINK FOR TORRENT CLIENT<\/h2>\n<p> magnet:?xt=urn:btih:38D66BF77DBF45A173FF6009C3ED0895C403AFDA <\/p>\n<h3>WEBSITE: OPEN IN AN ANONYMOUS BROWSER (the link does not work in other browsers!) <a href=\"https:\/\/www.torproject.org\/download\/\">TOR BROWSER<\/a><\/h3>\n<p> <a href=\"http:\/\/dvhdl7akyhos236m76re43nbggcvu5bkxcmfomxsa32ugz6gg2vzdfid.onion\">Www. dvhdl7akyhos236m76re43nbggcvu5bkxcmfomxsa32ugz6gg2vzdfid. onion<\/a><\/p>\n","protected":false},"excerpt":{"rendered":"<p>\u0446\u043f \u0434\u043f \u0432\u0438\u0434\u0435\u043e \u0442\u0435\u043b\u0435\u0433 SoqeAmi20 Forum KOSTENLOSE JUNGE BILDER FORBIDDEN FRUIT RED ROOM. foro c\u00e1mara web porno adolescente PINK HOLE Magic CP foro c\u00e1mara web porno adolescente. forum webcam teen videos NUDIST NATURISM PUSSY VK RU ANAL. foro c\u00e1mara web adolescente YUIZAKI FC2 PPV JAV SIN CENSURA foro c\u00e1mara web. Yatl links, \u0442\u0435\u0441\u0442 \u043a\u0430\u043a\u043e\u0439 \u0431\u0443\u0434\u0435\u0442 [&hellip;]<\/p>\n","protected":false},"author":2,"featured_media":0,"parent":0,"menu_order":0,"comment_status":"closed","ping_status":"closed","template":"","meta":{"footnotes":""},"class_list":["post-594","page","type-page","status-publish","hentry"],"_links":{"self":[{"href":"https:\/\/www.optimiseconsulting.eu\/index.php\/wp-json\/wp\/v2\/pages\/594","targetHints":{"allow":["GET"]}}],"collection":[{"href":"https:\/\/www.optimiseconsulting.eu\/index.php\/wp-json\/wp\/v2\/pages"}],"about":[{"href":"https:\/\/www.optimiseconsulting.eu\/index.php\/wp-json\/wp\/v2\/types\/page"}],"author":[{"embeddable":true,"href":"https:\/\/www.optimiseconsulting.eu\/index.php\/wp-json\/wp\/v2\/users\/2"}],"replies":[{"embeddable":true,"href":"https:\/\/www.optimiseconsulting.eu\/index.php\/wp-json\/wp\/v2\/comments?post=594"}],"version-history":[{"count":0,"href":"https:\/\/www.optimiseconsulting.eu\/index.php\/wp-json\/wp\/v2\/pages\/594\/revisions"}],"wp:attachment":[{"href":"https:\/\/www.optimiseconsulting.eu\/index.php\/wp-json\/wp\/v2\/media?parent=594"}],"curies":[{"name":"wp","href":"https:\/\/api.w.org\/{rel}","templated":true}]}}