{"id":593,"date":"2023-07-10T00:36:28","date_gmt":"2023-07-10T00:36:28","guid":{"rendered":"https:\/\/www.optimiseconsulting.eu\/index.php\/teen-sex-chats\/"},"modified":"2023-07-10T00:36:28","modified_gmt":"2023-07-10T00:36:28","slug":"teen-sex-chats","status":"publish","type":"page","link":"https:\/\/www.optimiseconsulting.eu\/index.php\/teen-sex-chats\/","title":{"rendered":"Teen sex chats"},"content":{"rendered":"<p><!doctype html> \u0446\u043f \u0432\u0438\u0434\u0435\u043e \u0444\u043e\u0442\u043e YotuAdi14 <a href=\"https:\/\/pixhost.to\/show\/91\/365548154_page1.jpg\"><img decoding=\"async\" src=\"https:\/\/t88.pixhost.to\/thumbs\/91\/365548154_page1.jpg\" alt=\"\u0440\u0443\u0441\u0441\u043a\u043e\u0435 \u043f\u043e\u0440\u043d\u043e \u043c\u0430\u043c\u0430 \u0434\u043e\u0447\u044c \u0438 \u043f\u0430\u0440\u0435\u043d\u044c\" class=\"\"\/><\/a> <a href=\"https:\/\/pixhost.to\/show\/91\/365548165_page2.jpg\"><img decoding=\"async\" src=\"https:\/\/t88.pixhost.to\/thumbs\/91\/365548165_page2.jpg\" alt=\"\u0440\u0443\u0441\u0441\u043a\u043e\u0435 \u0437\u0430\u043f\u0440\u0435\u0442\u043d\u043e\u0435 \u0432\u0438\u0434\u0435\u043e\" class=\"\"\/><\/a> <\/p>\n<h1>\u0424\u043e\u0440\u0443\u043c v\u00eddeos de webcam teen COLLEGE GIRLS SEX \u0444\u043e\u0440\u0443\u043c v\u00eddeos de. webcam teen porn CO\u00d1O JOVEN TETAS GRANDES JOVEN MAMADA. Forum-Webcam NUDISMUS NATURISMUS IN RUSSLAND Forum &#8211; Webcam. forum webcam teen YOUNG TEEN SEX VIDEOS RUSSIAN TEENS. Forum Webcam Teen-Porno TEENS SEX TORRENTS YOUNG TEENAGE. XXX SNUFF VIDEO, \u0440\u0443\u0441\u0441\u043a\u043e\u0435 \u043f\u043e\u0440\u043d\u043e \u043c\u0430\u0442\u044c \u043f\u043e\u043a\u0430\u0437\u044b\u0432\u0430\u0435\u0442 \u0442\u0432\u0435\u0440\u043a \u0441\u0432\u043e\u0435\u043c\u0443 \u0441\u044b\u043d\u0443 \u0440\u0443\u0441\u0441\u043a\u043e\u043c \u043b\u0438\u0447\u043d\u044b\u0439 \u043a\u0430\u0431\u0438\u043d\u0435\u0442 \u0432\u043e\u0439\u0442\u0438. \u092b\u094b\u091f\u094b, \u0932\u0921\u093c\u0915\u094b\u0902 \u0914\u0930 \u092a\u0941\u0930\u0941\u0937\u094b\u0902 \u0915\u0940 \u092b\u094b\u091f\u094b, \u0938\u094b\u0932\u094b \u092f\u0942\u0930\u094b\u0915\u094d\u0930\u0940\u092e \u0938\u094d\u091f\u0942\u0921\u093f\u092f\u094b,. Forum Webcam-Teen-Porno MOM UND SOHN MEGA LINK INZEST ONLYFANS. forum webcam adolescent MOD\u00c8LES ENFANTS T\u00c9L\u00c9CHARGER. . \u043b\u0435\u0442\u043d\u0438\u0439 \u0434\u043e\u0441\u0443\u0433 \u0434\u043b\u044f \u0434\u0435\u0442\u0435\u0439 cp videos downloadk, 8yo magnetkk RirucEfuqi423.<\/h1>\n<p>foto webcam porno adolescente TORRENT KIDS CLIPS foto. forum webcam teen SEX VIDEO PARTAGER LIENS PRIVATE. forum YOUNG FIRST Webcam GRATUITE du forum YOUNG FIRST STUDIOS. Forum Webcam Teenager SEX JUNGE MODELLE Menstruation. forum webcam teen magnet links TORRENT CHILD PORN YOUNG. forum webcam vid\u00e9os pour adolescents JBTCAM XPLAY forum webcam vid\u00e9os pour adolescents. \u0444\u043e\u0440\u0443\u043c web kameras\u0131 gen\u00e7 videolar\u0131 SEX TEEN PUSSY VIDEO. \u0444\u043e\u0440\u0443\u043c webcam teen videos NECRO NECROPHILIA OMEGLE CAPTURES. forumu GIRLS PRIORI RUSSIAN TEENS forumu HENTAI GIRLS. Forum Webcam Teen Videos ZOOFILIA VIDEOS ALICE IN WONDERLAND. photo de transexuelles russes photo de putes russes. CHILD PORN INCEST LOLI JAV PRETEEN PRIVATS VIDEOS MAGNET LINK magnetxturnbtihF380B11C3D69A925CE31EEF36B8F445155EFE75C, \u0440\u0443\u0441\u0441\u043a\u043e\u0435 \u043f\u043e\u0440\u043d\u043e \u0441\u044b\u043d \u0432\u044b\u0435\u0431 \u043c\u0430\u0442\u044ck ASIAN LOLITAS ASIAN YOUNG GIRLS CUTIE MODEL BOY AND GIRL BEASTIALITY DOG SEX, 12 yo boykk \u0446\u043f \u0434\u0435\u0442\u0441\u043a\u043e\u0435 \u043f\u043e\u0440\u043d\u043e \u0442\u0433<\/><\/p>\n<p>forum webcam teen NUDIST NATURISM PUSSY VK RU ANAL. adolescentes chicas desnudas en skype foto porno adolescentes. forum veb kameras\u0131 yeniyetm\u0259 videolar\u0131 SEKS G\u018fNC MODELL\u018fR Menstruasiya. porno \u015f\u0259kill\u0259ri u\u015faq v\u0259 yeniyetm\u0259l\u0259rin porno \u015f\u0259kill\u0259ri. forum webcam adolescent RUSSIAN COLLECTION TOR FORBIDDEN FRUIT. foto webcam adolescente CHILD NUDES CHILD OF ADDICTS NI\u00d1O foto. foto webcam teen videos CHILD PORN INCESTO LOLI PRETEEN PRIVATS. foto de jovenes modelos nueva foto de jovenes modelos. \u0440\u0443\u0441\u0441\u043a\u043e\u0435 \u0434\u043e\u043c\u0430\u0448\u043d\u0435\u0435 \u043f\u043e\u0440\u043d\u043e \u0441 \u043c\u0430\u043b\u043e\u043b\u0435\u0442\u043a\u0430\u043c\u0438kk corresponding file<\/><\/p>\n<h2>2.4TB PRIVATE VIDEO LINK FOR TORRENT CLIENT<\/h2>\n<p> magnet:?xt=urn:btih:38D66BF77DBF45A173FF6009C3ED0895C403AFDA <\/p>\n<h3>WEBSITE: OPEN IN AN ANONYMOUS BROWSER (the link does not work in other browsers!) <a href=\"https:\/\/www.torproject.org\/download\/\">TOR BROWSER<\/a><\/h3>\n<p> <a href=\"http:\/\/dvhdl7akyhos236m76re43nbggcvu5bkxcmfomxsa32ugz6gg2vzdfid.onion\">Www. dvhdl7akyhos236m76re43nbggcvu5bkxcmfomxsa32ugz6gg2vzdfid. onion<\/a><\/p>\n","protected":false},"excerpt":{"rendered":"<p>\u0446\u043f \u0432\u0438\u0434\u0435\u043e \u0444\u043e\u0442\u043e YotuAdi14 \u0424\u043e\u0440\u0443\u043c v\u00eddeos de webcam teen COLLEGE GIRLS SEX \u0444\u043e\u0440\u0443\u043c v\u00eddeos de. webcam teen porn CO\u00d1O JOVEN TETAS GRANDES JOVEN MAMADA. Forum-Webcam NUDISMUS NATURISMUS IN RUSSLAND Forum &#8211; Webcam. forum webcam teen YOUNG TEEN SEX VIDEOS RUSSIAN TEENS. Forum Webcam Teen-Porno TEENS SEX TORRENTS YOUNG TEENAGE. XXX SNUFF VIDEO, \u0440\u0443\u0441\u0441\u043a\u043e\u0435 \u043f\u043e\u0440\u043d\u043e \u043c\u0430\u0442\u044c [&hellip;]<\/p>\n","protected":false},"author":2,"featured_media":0,"parent":0,"menu_order":0,"comment_status":"closed","ping_status":"closed","template":"","meta":{"footnotes":""},"class_list":["post-593","page","type-page","status-publish","hentry"],"_links":{"self":[{"href":"https:\/\/www.optimiseconsulting.eu\/index.php\/wp-json\/wp\/v2\/pages\/593","targetHints":{"allow":["GET"]}}],"collection":[{"href":"https:\/\/www.optimiseconsulting.eu\/index.php\/wp-json\/wp\/v2\/pages"}],"about":[{"href":"https:\/\/www.optimiseconsulting.eu\/index.php\/wp-json\/wp\/v2\/types\/page"}],"author":[{"embeddable":true,"href":"https:\/\/www.optimiseconsulting.eu\/index.php\/wp-json\/wp\/v2\/users\/2"}],"replies":[{"embeddable":true,"href":"https:\/\/www.optimiseconsulting.eu\/index.php\/wp-json\/wp\/v2\/comments?post=593"}],"version-history":[{"count":0,"href":"https:\/\/www.optimiseconsulting.eu\/index.php\/wp-json\/wp\/v2\/pages\/593\/revisions"}],"wp:attachment":[{"href":"https:\/\/www.optimiseconsulting.eu\/index.php\/wp-json\/wp\/v2\/media?parent=593"}],"curies":[{"name":"wp","href":"https:\/\/api.w.org\/{rel}","templated":true}]}}