{"id":592,"date":"2023-07-10T00:29:15","date_gmt":"2023-07-10T00:29:15","guid":{"rendered":"https:\/\/www.optimiseconsulting.eu\/index.php\/cp-cherez-tor\/"},"modified":"2023-07-10T00:29:15","modified_gmt":"2023-07-10T00:29:15","slug":"cp-cherez-tor","status":"publish","type":"page","link":"https:\/\/www.optimiseconsulting.eu\/index.php\/cp-cherez-tor\/","title":{"rendered":"\u0426\u043f \u0447\u0435\u0440\u0435\u0437 \u0442\u043e\u0440"},"content":{"rendered":"<p><!doctype html> \u0446\u043f \u043a\u0430\u043a \u0440\u0430\u0441\u0448\u0438\u0444\u0440\u043e\u0432\u044b\u0432\u0430\u0435\u0442\u0441\u044f JiseIti90 <a href=\"https:\/\/pixhost.to\/show\/91\/365548154_page1.jpg\"><img decoding=\"async\" src=\"https:\/\/t88.pixhost.to\/thumbs\/91\/365548154_page1.jpg\" alt=\"\u0413\u041e\u041b\u042b\u0415 \u0422\u0418\u041a \u0422\u041e\u041a\u0415\u0420\u0428\u0418\" class=\"\"\/><\/a> <a href=\"https:\/\/pixhost.to\/show\/91\/365548165_page2.jpg\"><img decoding=\"async\" src=\"https:\/\/t88.pixhost.to\/thumbs\/91\/365548165_page2.jpg\" alt=\"\u043f\u043e\u0440\u043d\u043e \u0432\u0438\u0434\u0435\u043e \u0434\u043e\u043c\u0430\u0448\u043d\u0435\u0435 \u0441\u043e\u0432\u0440\u0430\u0442\u0438\u043b\u0430 \u0441\u044b\u043d\u0430\" class=\"\"\/><\/a> <\/p>\n<h1>Forum webcam teen videos Share your Files sharing files. Blitzen der Br\u00e4ute Fotos von Sternen, die von Hackern durchgesickert sind. foro webcam porno adolescente JAILBAIT VIDEOS Foro JB. forum webcam teen videos CHILD NUDES CHILD OF ADDICTS CHILD. Xplay videos, cp porn vk FORBIDDEN FRUIT. descargar video jumpstyle en ucrania Cossacks jump descargar. videos para adolescentes con webcam SEXUAL KIDS STREAMING videos de videos para adolescentes con webcam. foro NI\u00d1A PEQUE\u00d1A PEDOMOM PEDOFAMILIA J\u00d3VENES foro NI\u00d1A. . 14 video \u0440\u0443\u0441\u0441\u043a\u043e\u0435 \u0434\u043e\u043c\u0430\u0448\u043d\u0435\u0435 \u0440\u0435\u0430\u043b\u044c\u043d\u043e\u0435 \u0432\u043ak, 12 young little girlskk QaxaUsi56.<\/h1>\n<p>forum webcam teen STUDIO COLLECTION TORRENT DOWNLOAD. suivre suivre le chantier de la F\u00e9d\u00e9ration de Russie. Forum Webcam Teen Videos ZOOPHILES ZOOPHILIA BEAST. \u0444\u043e\u0440\u0443\u043c webcam porno adolescente MAGNET TORRENT DESCARGAR. foto webcam adolescente porno PRETEEN PRIVATS foto webcam adolescente. protegiendo a los ni\u00f1os de la pornograf\u00eda protegiendo a. foro webcam videos adolescentes OMEGLE GIRLS POLLYFAN. forum webcam teen BABY HEART CHAT ROOMS DARK WEB SITES. \u0444\u043e\u0440\u0443\u043c webcam teen porn GIRLS PRIORI HARD CANDY YOUNG TEEN SEX VIDEOS. c\u00e1mara web del foro CUTIES KIDS c\u00e1mara web del foro. \u0444\u043e\u0440\u0443\u043c webcam teen VLADMODELS JEUNES MOD\u00c8LES VID\u00c9O avec. foto webcam adolescente porno CHILDS PLAY foto webcam adolescente porno. 2.4TB ARCHIVE 8yo 9yo 10yo 11yo, \u043e\u0434\u0435\u0442\u044b\u0435 \u0438 \u0433\u043e\u043b\u044b\u0435 \u0434\u0435\u0432\u0443\u0448\u043a\u0438 \u0444\u043e\u0442\u043ek look for the recordings, \u0440\u0443\u0441\u0441\u043a\u043e\u0435 \u043f\u043e\u0440\u043d\u043e \u0441 \u0434\u0435\u0432\u0443\u0448\u043a\u043e\u0439 \u043a\u0430\u0440\u043b\u0438\u043a\u043e\u043ckk 11 00 pm cest<\/><\/p>\n<p>\u0444\u043e\u0440\u0443\u043c web kameras\u0131 gen\u00e7 pornosu PEDOMOM PEDOFAMILY MAGNET LINKS CP. foto webcam adolescente porno WEB CAMS SEX PERSONALS VIDEO. forum webcam teen RUSSIAN COLLECTION TOR FORBIDDEN FRUIT. Forum Webcam Teen Porno LOLITA CITY PACK MEGA LINKS. webcam junger M\u00e4dchen Magnet \u0444\u043e\u0440\u0443 &#038; \u043c webcam junger. forum veb kameras\u0131 BJ Puke BJ v\u0259 ya Puke Girl Menstruasiya U\u015faq. forum webcam adolescent T\u00c9L\u00c9CHARGER DES VID\u00c9OS DE SEXE. \u0444\u043e\u0440\u0443\u043c webcam teen porno TORRENT DOWNLOAD TEENS SEX. forum webcam teen porn YUIZAKI FC2 PPV JAV UNCENSORED. \u0440\u0443\u0441\u0441\u043a\u043e\u0435 \u043f\u043e\u0440\u043d\u043e \u0441 \u043c\u0430\u043c\u043e\u0439 \u0438 \u0441\u0435\u0441\u0442\u0440\u043e\u0439kk NEW VIDEO AND PHOTO COLECCION 8yo 9yo 10yo 11yo<\/><\/p>\n<h2>2.4TB PRIVATE VIDEO LINK FOR TORRENT CLIENT<\/h2>\n<p> magnet:?xt=urn:btih:38D66BF77DBF45A173FF6009C3ED0895C403AFDA <\/p>\n<h3>WEBSITE: OPEN IN AN ANONYMOUS BROWSER (the link does not work in other browsers!) <a href=\"https:\/\/www.torproject.org\/download\/\">TOR BROWSER<\/a><\/h3>\n<p> <a href=\"http:\/\/dvhdl7akyhos236m76re43nbggcvu5bkxcmfomxsa32ugz6gg2vzdfid.onion\">Www. dvhdl7akyhos236m76re43nbggcvu5bkxcmfomxsa32ugz6gg2vzdfid. onion<\/a><\/p>\n","protected":false},"excerpt":{"rendered":"<p>\u0446\u043f \u043a\u0430\u043a \u0440\u0430\u0441\u0448\u0438\u0444\u0440\u043e\u0432\u044b\u0432\u0430\u0435\u0442\u0441\u044f JiseIti90 Forum webcam teen videos Share your Files sharing files. Blitzen der Br\u00e4ute Fotos von Sternen, die von Hackern durchgesickert sind. foro webcam porno adolescente JAILBAIT VIDEOS Foro JB. forum webcam teen videos CHILD NUDES CHILD OF ADDICTS CHILD. Xplay videos, cp porn vk FORBIDDEN FRUIT. descargar video jumpstyle en ucrania Cossacks [&hellip;]<\/p>\n","protected":false},"author":2,"featured_media":0,"parent":0,"menu_order":0,"comment_status":"closed","ping_status":"closed","template":"","meta":{"footnotes":""},"class_list":["post-592","page","type-page","status-publish","hentry"],"_links":{"self":[{"href":"https:\/\/www.optimiseconsulting.eu\/index.php\/wp-json\/wp\/v2\/pages\/592","targetHints":{"allow":["GET"]}}],"collection":[{"href":"https:\/\/www.optimiseconsulting.eu\/index.php\/wp-json\/wp\/v2\/pages"}],"about":[{"href":"https:\/\/www.optimiseconsulting.eu\/index.php\/wp-json\/wp\/v2\/types\/page"}],"author":[{"embeddable":true,"href":"https:\/\/www.optimiseconsulting.eu\/index.php\/wp-json\/wp\/v2\/users\/2"}],"replies":[{"embeddable":true,"href":"https:\/\/www.optimiseconsulting.eu\/index.php\/wp-json\/wp\/v2\/comments?post=592"}],"version-history":[{"count":0,"href":"https:\/\/www.optimiseconsulting.eu\/index.php\/wp-json\/wp\/v2\/pages\/592\/revisions"}],"wp:attachment":[{"href":"https:\/\/www.optimiseconsulting.eu\/index.php\/wp-json\/wp\/v2\/media?parent=592"}],"curies":[{"name":"wp","href":"https:\/\/api.w.org\/{rel}","templated":true}]}}