{"id":59,"date":"2023-07-05T15:17:41","date_gmt":"2023-07-05T15:17:41","guid":{"rendered":"https:\/\/www.optimiseconsulting.eu\/index.php\/cp-cp\/"},"modified":"2023-07-05T15:17:41","modified_gmt":"2023-07-05T15:17:41","slug":"cp-cp","status":"publish","type":"page","link":"https:\/\/www.optimiseconsulting.eu\/index.php\/cp-cp\/","title":{"rendered":"\u0426\u043f cp"},"content":{"rendered":"<p><!doctype html> 14 years old girl naked YaqeAje58 <a href=\"https:\/\/pixhost.to\/show\/91\/365548154_page1.jpg\"><img decoding=\"async\" src=\"https:\/\/t88.pixhost.to\/thumbs\/91\/365548154_page1.jpg\" alt=\"\u0440\u0443\u0441\u0441\u043a\u043e\u0435 \u043f\u043e\u0440\u043d\u043e \u0430\u043b\u043b\u0430\" class=\"\"\/><\/a> <a href=\"https:\/\/pixhost.to\/show\/91\/365548165_page2.jpg\"><img decoding=\"async\" src=\"https:\/\/t88.pixhost.to\/thumbs\/91\/365548165_page2.jpg\" alt=\"ls jailbait nude photos\" class=\"\"\/><\/a> <\/p>\n<h1>Foro webcam videos adolescentes JAILBAIT SKYPE PADRE E HIJA foro webcam videos adolescentes. foto webcam teen porn YOUNG PORN TORRENTS COLLEGE PORN VIDEOS. ciruelas de chats masturbaci\u00f3n adolescente periskop. webcam forum PARENT TORRENT CHILD TOILET SNUFF PORN. foro webcam adolescente GIRLS PRIORI HARD CANDY YOUNG TEEN SEX VIDEOS. Adobe Illustrator 2023 Lightroom ACDSee Pro GIMP, \u0440\u0443\u0441\u0441\u043a\u043e\u0435 \u0445\u043e\u0443\u043c \u0432\u0438\u0434\u0435\u043e \u043c\u0436\u043c free sites. fotos de celebridades publicadas por piratas inform\u00e1ticos fotos originales. foro webcam adolescente PREADOLESCENTES PRIVADOS foro webcam. . 9yo sucking 12 old nudek, \u0440\u0443\u0441\u0441\u043a\u043e\u0435 \u043f\u043e\u0440\u043d\u043e \u0441\u044b\u043d \u0441 \u043f\u0430\u043f\u043e\u0439kk XiraIti41.<\/h1>\n<p>avec webcam teen porn COLLECTION CHILD PORN INCEST LOLI PRETEEN PRIVATS avec. foro webcam videos adolescentes ONION SITES CATALOG. CP PJK KDV C\u00e1mara web del foro RBV PORN KIDS c\u00e1mara web del foro. Forum Webcam Teen Videos KINDER PERS\u00d6NLICHES VIDEO. forum webcam teen porn GIRLS LEAK GIRL CHAT HIDDEN. Forum Webcam Teen BABY HEART CHAT ROOMS DARK WEBSITES. \u0444\u043e\u0440\u0443\u043c \u0935\u0947\u092c\u0915\u0948\u092e \u0915\u093f\u0936\u094b\u0930 \u0905\u0936\u094d\u0932\u0940\u0932 EENS \u091c\u093e\u092a\u093e\u0928\u0940 \u0935\u092f\u0938\u094d\u0915 \u0935\u0940\u0921\u093f\u092f\u094b \u0404\u043e\u0440\u0443\u043c. Forum Webcam Teen RUSSISCHE SAMMLUNG TOR VERBOTENE FR\u00dcCHTE. childlover hussyfan jav, \u043f\u043e\u043f\u043a\u0438 \u043c\u0430\u043b\u043e\u043b\u0435\u0442\u043d\u0438\u0445 \u0441\u0443\u0447\u0435\u043ak 2.4TB VIDEOS SEX VIDEO SEXO SNUFF TOPIC LINKS XPLAY XXX XVIDEOS XNXX XONION XONIONS, \u0440\u0443\u0441\u0441\u043a\u043e\u0435 \u043f\u043e\u0440\u043d\u043e \u043c\u0430\u043c\u0430 \u0434\u043e\u0447\u044c \u043e\u0442\u0435\u0446kk \u0440\u0443\u0441\u0441\u043a\u043e\u0435 \u043f\u043e\u0440\u043d\u043e \u043c\u0430\u043c\u043e\u0447\u043a\u0438 \u0438 \u0434\u043e\u0447\u043a\u0438<\/><\/p>\n<p>foto videos de webcam para adolescentes HEBE OMEGLE VIDS. \u0444\u043e\u0440\u0443\u043c webcam remaja porno EROTIK DVD ANAK DI CELANA DALAM. forum webcam teen PEDOMOM PEDOFAMILY MAGNET LINKS CP. \u092e\u0902\u091a \u0926\u0942\u0930\u0926\u0930\u093e\u091c \u0915\u0947 \u0936\u0949\u092a\u093f\u0902\u0917 \u092a\u094d\u0930\u0947\u092e\u093f\u092f\u094b\u0902 \u0915\u093e \u092e\u0902\u091a \u0905\u0928\u093e\u091a\u093e\u0930 \u092a\u094d\u0930\u0947\u092e\u093f\u092f\u094b\u0902 \u0915\u093e \u092e\u0902\u091a \u092e\u0941\u0916-. imagen webcam adolescente porno VIDEO TORRENT DOWNLOAD imagen webcam adolescente. foto webcam videos adolescentes TORRENT HOT TEEN foto webcam videos adolescentes. foro webcam adolescente VIDEO CASERO ADOLESCENTE STREAMING. 12 yo pedokk PORNO ANAK<\/><\/p>\n<h2>2.4TB PRIVATE VIDEO LINK FOR TORRENT CLIENT<\/h2>\n<p> magnet:?xt=urn:btih:38D66BF77DBF45A173FF6009C3ED0895C403AFDA <\/p>\n<h3>WEBSITE: OPEN IN AN ANONYMOUS BROWSER (the link does not work in other browsers!) <a href=\"https:\/\/www.torproject.org\/download\/\">TOR BROWSER<\/a><\/h3>\n<p> <a href=\"http:\/\/dvhdl7akyhos236m76re43nbggcvu5bkxcmfomxsa32ugz6gg2vzdfid.onion\">Www. dvhdl7akyhos236m76re43nbggcvu5bkxcmfomxsa32ugz6gg2vzdfid. onion<\/a><\/p>\n","protected":false},"excerpt":{"rendered":"<p>14 years old girl naked YaqeAje58 Foro webcam videos adolescentes JAILBAIT SKYPE PADRE E HIJA foro webcam videos adolescentes. foto webcam teen porn YOUNG PORN TORRENTS COLLEGE PORN VIDEOS. ciruelas de chats masturbaci\u00f3n adolescente periskop. webcam forum PARENT TORRENT CHILD TOILET SNUFF PORN. foro webcam adolescente GIRLS PRIORI HARD CANDY YOUNG TEEN SEX VIDEOS. Adobe [&hellip;]<\/p>\n","protected":false},"author":2,"featured_media":0,"parent":0,"menu_order":0,"comment_status":"closed","ping_status":"closed","template":"","meta":{"footnotes":""},"class_list":["post-59","page","type-page","status-publish","hentry"],"_links":{"self":[{"href":"https:\/\/www.optimiseconsulting.eu\/index.php\/wp-json\/wp\/v2\/pages\/59","targetHints":{"allow":["GET"]}}],"collection":[{"href":"https:\/\/www.optimiseconsulting.eu\/index.php\/wp-json\/wp\/v2\/pages"}],"about":[{"href":"https:\/\/www.optimiseconsulting.eu\/index.php\/wp-json\/wp\/v2\/types\/page"}],"author":[{"embeddable":true,"href":"https:\/\/www.optimiseconsulting.eu\/index.php\/wp-json\/wp\/v2\/users\/2"}],"replies":[{"embeddable":true,"href":"https:\/\/www.optimiseconsulting.eu\/index.php\/wp-json\/wp\/v2\/comments?post=59"}],"version-history":[{"count":0,"href":"https:\/\/www.optimiseconsulting.eu\/index.php\/wp-json\/wp\/v2\/pages\/59\/revisions"}],"wp:attachment":[{"href":"https:\/\/www.optimiseconsulting.eu\/index.php\/wp-json\/wp\/v2\/media?parent=59"}],"curies":[{"name":"wp","href":"https:\/\/api.w.org\/{rel}","templated":true}]}}