{"id":589,"date":"2023-07-10T00:17:57","date_gmt":"2023-07-10T00:17:57","guid":{"rendered":"https:\/\/www.optimiseconsulting.eu\/index.php\/cp-v\/"},"modified":"2023-07-10T00:17:57","modified_gmt":"2023-07-10T00:17:57","slug":"cp-v","status":"publish","type":"page","link":"https:\/\/www.optimiseconsulting.eu\/index.php\/cp-v\/","title":{"rendered":"\u0426\u043f \u0432"},"content":{"rendered":"<p><!doctype html> \u0440\u0443\u0441\u0441\u043a\u043e\u0435 \u043f\u043e\u0440\u043d\u043e \u0437\u0440\u0435\u043b\u044b\u0445 \u0432 \u043d\u0435\u0439\u043b\u043e\u043d\u0435 NesiIme35 <a href=\"https:\/\/pixhost.to\/show\/91\/365548154_page1.jpg\"><img decoding=\"async\" src=\"https:\/\/t88.pixhost.to\/thumbs\/91\/365548154_page1.jpg\" alt=\"TELEGRAM \u0421\u041b\u0418\u0412\u042b \u0414\u0415\u0422\u0415\u0419\" class=\"\"\/><\/a> <a href=\"https:\/\/pixhost.to\/show\/91\/365548165_page2.jpg\"><img decoding=\"async\" src=\"https:\/\/t88.pixhost.to\/thumbs\/91\/365548165_page2.jpg\" alt=\"\u043f\u043e\u043f\u043a\u0438 \u043c\u043e\u043b\u043e\u0434\u0435\u043d\u044c\u043a\u0438\u0435\" class=\"\"\/><\/a> <\/p>\n<h1>Leaked intimacy with Cherkassy photo of Irina Domashka. \u0444\u043e\u0440\u0443\u043c webcam teen videos VIDEO ADULTO JAPON\u00c9S EENS. Forum Webcam Teen Videos PERISCOPE JK JAPANESE Forum Webcam Teen Videos. sur webcam teen porn FAMILY SEX FREE PTHC GIRL MP4. Webm and kiss, \u0440\u0443\u0441\u0441\u043a\u043e\u0435 \u043f\u043e\u0440\u043d\u043e \u0432\u0438\u0434\u0435\u043e \u0441\u0435\u043a\u0441 \u0441\u0442\u0443\u0434\u0435\u043d\u0442\u043a\u0438 \u0440\u0443\u0441\u0441\u043a\u043e\u0435 \u043f\u043e\u0440\u043d\u043e \u0438\u043d\u0446\u0435\u0441\u0442 \u043e\u0442\u0435\u0446. forum webcam teen porn KIDS SEX TORRENTS KIDS SHARED VIDEOS. \u0444\u043e\u0440\u0443\u043c web kameras\u0131 gen\u00e7 pornosu LS MAGAZINE \u0444\u043e\u0440\u0443\u043c web. . libertas market \u0446\u043f \u0441 \u043c\u0430\u0448\u0435\u043d\u044c\u043a\u043e\u0439 \u0431\u0430\u0431\u0435\u043d\u043a\u043ek, jailbait 12 yokk VejegUvaye346.<\/h1>\n<p>forum webcam teen videos Sex-Doll Rape content yo8 yo9 yo10 yo12. adolescents en skype vid\u00e9o vk adolescents webcam adolescents webcam adolescents. \u0444\u043e\u0440\u0443\u043c webcam teen Sex-Doll Rape content yo8 yo9 yo10 yo12. \u0444\u043e\u0440\u0443\u043c webcam adolescente porno BJ Puke BJ o Puke Girl Menstruation Child. \u0444\u043e\u0440\u0443\u043c webcam teen porn TEEN SCHOOL GIRL \u0444\u043e\u0440\u0443\u043c webcam adolescente. \u0444\u043e\u0440\u0443\u043c \u7db2\u7d61\u651d\u50cf\u982d\u9752\u5c11\u5e74\u8272\u60c5 NECRO NECROPHILIA OMEGLE CAPTURES. forum webcam teen porn NUDIST NATURISM PUSSY VK RU ANAL. pornogr\u00e1ficas de sexo infantil fotos de bucetas nuas de crian\u00e7as fotos de. adolescentes reproduzir no v\u00eddeo se despindo adolescentes se masturbando. forum webcam remaja DVD EROTIK ANAK DI CELANA DALAM. forum veb kameras\u0131 yeniyetm\u0259 videolar\u0131 PTHC COLLECTION. young girls forum, \u0440\u0443\u0441\u0441\u043a\u043e\u0435 \u043f\u043e\u0440\u043d\u043e \u0441\u043f\u0430\u043b\u0438\u043b\u0438 \u0440\u043e\u0434\u0438\u0442\u0435\u043b\u0435\u0439k 13 yo girls, \u0421\u041b\u0418\u0412 \u0413\u041e\u041b\u042b\u0425 \u0424\u041e\u0422\u041e\u041akk 2.4TB VIDEOS RED LAGOON ARTBBS WWW SEARCH JPG STAR DP NEW TORENT VICKY NUDE 4YO BBS<\/><\/p>\n<p>forum web kameras\u0131 yeniyetm\u0259 porno TEEN SUCK forum. forum webcam teen porn NECRO NECROPHILIA OMEGLE CAPTURES. foro webcam TORRENT DESCARGAR NI\u00d1O foro webcam TORRENT. forum webcam teen porn Sex-Doll Rape content yo8 yo9 yo10 yo12. photos de c\u00e9l\u00e9brit\u00e9s photos de c\u00e9l\u00e9brit\u00e9s non censur\u00e9es. \u0935\u0947\u092c\u0915\u0948\u092e \u0915\u093f\u0936\u094b\u0930 \u0935\u0940\u0921\u093f\u092f\u094b \u092b\u094b\u0930\u092e \u091f\u0940\u0928 \u092a\u094b\u0930\u094d\u0928\u094b \u092a\u0947\u0921\u094b \u0932\u093f\u0902\u0915\u094d\u0938 \u0935\u0947\u092c\u0915\u0948\u092e \u0915\u093f\u0936\u094b\u0930. en direct Forum de mod\u00e8les de webcam en direct Forum de. 15 yo nudekk 409GB VIDEOS XXX HardCore Teen Porn DirtySecrets Young Teen Lovers DirtySecrets Young teen couple sex tape hacked video fuck on webcam<\/><\/p>\n<h2>2.4TB PRIVATE VIDEO LINK FOR TORRENT CLIENT<\/h2>\n<p> magnet:?xt=urn:btih:38D66BF77DBF45A173FF6009C3ED0895C403AFDA <\/p>\n<h3>WEBSITE: OPEN IN AN ANONYMOUS BROWSER (the link does not work in other browsers!) <a href=\"https:\/\/www.torproject.org\/download\/\">TOR BROWSER<\/a><\/h3>\n<p> <a href=\"http:\/\/dvhdl7akyhos236m76re43nbggcvu5bkxcmfomxsa32ugz6gg2vzdfid.onion\">Www. dvhdl7akyhos236m76re43nbggcvu5bkxcmfomxsa32ugz6gg2vzdfid. onion<\/a><\/p>\n","protected":false},"excerpt":{"rendered":"<p>\u0440\u0443\u0441\u0441\u043a\u043e\u0435 \u043f\u043e\u0440\u043d\u043e \u0437\u0440\u0435\u043b\u044b\u0445 \u0432 \u043d\u0435\u0439\u043b\u043e\u043d\u0435 NesiIme35 Leaked intimacy with Cherkassy photo of Irina Domashka. \u0444\u043e\u0440\u0443\u043c webcam teen videos VIDEO ADULTO JAPON\u00c9S EENS. Forum Webcam Teen Videos PERISCOPE JK JAPANESE Forum Webcam Teen Videos. sur webcam teen porn FAMILY SEX FREE PTHC GIRL MP4. Webm and kiss, \u0440\u0443\u0441\u0441\u043a\u043e\u0435 \u043f\u043e\u0440\u043d\u043e \u0432\u0438\u0434\u0435\u043e \u0441\u0435\u043a\u0441 \u0441\u0442\u0443\u0434\u0435\u043d\u0442\u043a\u0438 \u0440\u0443\u0441\u0441\u043a\u043e\u0435 \u043f\u043e\u0440\u043d\u043e \u0438\u043d\u0446\u0435\u0441\u0442 \u043e\u0442\u0435\u0446. [&hellip;]<\/p>\n","protected":false},"author":2,"featured_media":0,"parent":0,"menu_order":0,"comment_status":"closed","ping_status":"closed","template":"","meta":{"footnotes":""},"class_list":["post-589","page","type-page","status-publish","hentry"],"_links":{"self":[{"href":"https:\/\/www.optimiseconsulting.eu\/index.php\/wp-json\/wp\/v2\/pages\/589","targetHints":{"allow":["GET"]}}],"collection":[{"href":"https:\/\/www.optimiseconsulting.eu\/index.php\/wp-json\/wp\/v2\/pages"}],"about":[{"href":"https:\/\/www.optimiseconsulting.eu\/index.php\/wp-json\/wp\/v2\/types\/page"}],"author":[{"embeddable":true,"href":"https:\/\/www.optimiseconsulting.eu\/index.php\/wp-json\/wp\/v2\/users\/2"}],"replies":[{"embeddable":true,"href":"https:\/\/www.optimiseconsulting.eu\/index.php\/wp-json\/wp\/v2\/comments?post=589"}],"version-history":[{"count":0,"href":"https:\/\/www.optimiseconsulting.eu\/index.php\/wp-json\/wp\/v2\/pages\/589\/revisions"}],"wp:attachment":[{"href":"https:\/\/www.optimiseconsulting.eu\/index.php\/wp-json\/wp\/v2\/media?parent=589"}],"curies":[{"name":"wp","href":"https:\/\/api.w.org\/{rel}","templated":true}]}}