{"id":586,"date":"2023-07-09T23:49:32","date_gmt":"2023-07-09T23:49:32","guid":{"rendered":"https:\/\/www.optimiseconsulting.eu\/index.php\/secret-archives\/"},"modified":"2023-07-09T23:49:32","modified_gmt":"2023-07-09T23:49:32","slug":"secret-archives","status":"publish","type":"page","link":"https:\/\/www.optimiseconsulting.eu\/index.php\/secret-archives\/","title":{"rendered":"Secret archives"},"content":{"rendered":"<p><!doctype html> \u0434\u0435\u0442\u0435\u043a\u0442\u0438\u0432\u043d\u044b\u0435 \u0438\u0441\u0442\u043e\u0440\u0438\u0438 \u0436\u0435\u0441\u0442\u043a\u043e\u0435 \u043f\u043e\u0440\u043d\u043e NupuExo75 <a href=\"https:\/\/pixhost.to\/show\/91\/365548154_page1.jpg\"><img decoding=\"async\" src=\"https:\/\/t88.pixhost.to\/thumbs\/91\/365548154_page1.jpg\" alt=\"\u0446\u043f \u0444\u0438\u043b\u044c\u043c\u044b\" class=\"\"\/><\/a> <a href=\"https:\/\/pixhost.to\/show\/91\/365548165_page2.jpg\"><img decoding=\"async\" src=\"https:\/\/t88.pixhost.to\/thumbs\/91\/365548165_page2.jpg\" alt=\"\u0421\u0415\u041a\u0421 \u0421 \u041c\u0410\u041b\u041e\u041b\u0415\u0422\u041a\u041e\u0419 \u0421\u041b\u0418\u0412\" class=\"\"\/><\/a> <\/p>\n<h1>\u0424\u043e\u0440\u0443\u043c webcam remaja film remaja \u0444\u043e\u0440\u0443\u043c webcam remaja XXX CP VIDEO. del foro NUDISTA NATURISMO CO\u00d1O VK RU ANAL c\u00e1mara web del foro. Forum Webcam-Teenager-Videos Kids Box Forum Webcam-Teenager-. videos webcam teen videos VIDEOS TORRENT CHILD videos. Volafile links, \u0441\u0435\u043a\u0441 \u0440\u0430\u0441\u0441\u043a\u0430\u0437\u044b \u0434\u0435\u0442\u0434\u043e\u043c candydoll \u043c\u043e\u0434\u0435\u043b\u0438. PAYDOWS veb kameras\u0131 CHILDEN PLAYSELS veb kameras\u0131. avec webcam teen porn YOUNG PORN TORRENTS COLLEGE PORN VIDEOS avec. forum webcam adolescent EXPLOIT KITS HURTCORE EXPLOITS. . little model forum 16 year old girlk, ls nn modelskk MideOla42.<\/h1>\n<p>\u0444\u043e\u0440\u0443\u043c webcam porno adolescente MAGNET TORRENT DESCARGAR. forum webcam teen videos VIDEOS WEBCAM ANAL ANIMAL ABUSE ADULT. forum webcam teen porn COLLECTION CHILD PORN INCEST LOLI PRETEEN PRIVATS. foto webcam adolescente porno TEEN BIG BOOBS WEBCAM VIDEO. webcam teen porno ZOOFILIA VIDEOS ALICE AU PAYS DES MERVEILLES avec webcam. foro webcam adolescente PEDOMOM PEDOFAMILY MAGNET LINKS CP foro. foto webcam teen porn YOUNG TEEN SEX VIDEOS RUSSIAN TEENS foto \u043c. TORRENT DOWNLOAD sur webcam vid\u00e9os pour adolescents \u0444\u043e\u0440\u0443\u043c webcam teen. \u0444\u043e\u0440\u0443\u043c webcam teen porn KIDS SEX TORRENTS ENFANTS VID\u00c9OS PARTAG\u00c9ES. foto c\u00e1mara web videos de adolescentes ADOLESCENTES GRANDES TETAS. royal archive, \u0440\u0443\u0441\u0441\u043a\u043e\u0435 \u043f\u043e\u0440\u043d\u043e \u0441\u043e \u0437\u0440\u0435\u043b\u044b\u043c\u0438 \u0436\u0435\u043d\u0449\u0438\u043d\u0430\u043c\u0438 \u0437\u0430 45k union null, \u0446\u043f \u0442\u0433 12kk ONLYFANS LEAK ONLYFANSCOM PREMIUM PICS VIDS RUSSIAN BOYS AND<\/><\/p>\n<p>\u0444\u043e\u0440\u0443\u043c c\u00e1mara web videos de adolescentes FIRST STUDIOS. Entleeren von Video von Ganvest mit einem M\u00e4dchen, das vollst\u00e4ndige Entleeren von. web del foro C\u00c1MARAS WEB DESNUDAS EN VIVO c\u00e1mara web del foro. free download photo erotic girls teens lolihentai18. t\u00e9l\u00e9grammes d&#8217;\u00e9coli\u00e8res fusionner des photos de skins fusionner des photos de skins t\u00e9l\u00e9grammes fusionner des photos de skins. imagen webcam porno adolescente COLECCI\u00d3N RUSA TOR FRUTA PROHIBIDA. forum webcam adolescent MOM ET FILS MEGA LINK INCEST ONLYFANS. \u0444\u043e\u0440\u0443\u043c \u0935\u0947\u092c\u0915\u0948\u092e \u0915\u093f\u0936\u094b\u0930 \u0905\u0936\u094d\u0932\u0940\u0932 \u0921\u093e\u0909\u0928\u0932\u094b\u0921 \u092c\u093e\u0932 \u0905\u0936\u094d\u0932\u0940\u0932 \u0905\u0928\u093e\u091a\u093e\u0930. \u0440\u0443\u0441\u0441\u043a\u043e\u0435 \u0437\u043d\u0430\u043a\u043e\u043c\u0441\u0442\u0432\u043ekk irina soboleva and oleg mom and son private incest photo and videos<\/><\/p>\n<h2>2.4TB PRIVATE VIDEO LINK FOR TORRENT CLIENT<\/h2>\n<p> magnet:?xt=urn:btih:38D66BF77DBF45A173FF6009C3ED0895C403AFDA <\/p>\n<h3>WEBSITE: OPEN IN AN ANONYMOUS BROWSER (the link does not work in other browsers!) <a href=\"https:\/\/www.torproject.org\/download\/\">TOR BROWSER<\/a><\/h3>\n<p> <a href=\"http:\/\/dvhdl7akyhos236m76re43nbggcvu5bkxcmfomxsa32ugz6gg2vzdfid.onion\">Www. dvhdl7akyhos236m76re43nbggcvu5bkxcmfomxsa32ugz6gg2vzdfid. onion<\/a><\/p>\n","protected":false},"excerpt":{"rendered":"<p>\u0434\u0435\u0442\u0435\u043a\u0442\u0438\u0432\u043d\u044b\u0435 \u0438\u0441\u0442\u043e\u0440\u0438\u0438 \u0436\u0435\u0441\u0442\u043a\u043e\u0435 \u043f\u043e\u0440\u043d\u043e NupuExo75 \u0424\u043e\u0440\u0443\u043c webcam remaja film remaja \u0444\u043e\u0440\u0443\u043c webcam remaja XXX CP VIDEO. del foro NUDISTA NATURISMO CO\u00d1O VK RU ANAL c\u00e1mara web del foro. Forum Webcam-Teenager-Videos Kids Box Forum Webcam-Teenager-. videos webcam teen videos VIDEOS TORRENT CHILD videos. Volafile links, \u0441\u0435\u043a\u0441 \u0440\u0430\u0441\u0441\u043a\u0430\u0437\u044b \u0434\u0435\u0442\u0434\u043e\u043c candydoll \u043c\u043e\u0434\u0435\u043b\u0438. PAYDOWS veb kameras\u0131 CHILDEN PLAYSELS veb [&hellip;]<\/p>\n","protected":false},"author":2,"featured_media":0,"parent":0,"menu_order":0,"comment_status":"closed","ping_status":"closed","template":"","meta":{"footnotes":""},"class_list":["post-586","page","type-page","status-publish","hentry"],"_links":{"self":[{"href":"https:\/\/www.optimiseconsulting.eu\/index.php\/wp-json\/wp\/v2\/pages\/586","targetHints":{"allow":["GET"]}}],"collection":[{"href":"https:\/\/www.optimiseconsulting.eu\/index.php\/wp-json\/wp\/v2\/pages"}],"about":[{"href":"https:\/\/www.optimiseconsulting.eu\/index.php\/wp-json\/wp\/v2\/types\/page"}],"author":[{"embeddable":true,"href":"https:\/\/www.optimiseconsulting.eu\/index.php\/wp-json\/wp\/v2\/users\/2"}],"replies":[{"embeddable":true,"href":"https:\/\/www.optimiseconsulting.eu\/index.php\/wp-json\/wp\/v2\/comments?post=586"}],"version-history":[{"count":0,"href":"https:\/\/www.optimiseconsulting.eu\/index.php\/wp-json\/wp\/v2\/pages\/586\/revisions"}],"wp:attachment":[{"href":"https:\/\/www.optimiseconsulting.eu\/index.php\/wp-json\/wp\/v2\/media?parent=586"}],"curies":[{"name":"wp","href":"https:\/\/api.w.org\/{rel}","templated":true}]}}