{"id":583,"date":"2023-07-09T22:28:30","date_gmt":"2023-07-09T22:28:30","guid":{"rendered":"https:\/\/www.optimiseconsulting.eu\/index.php\/child-pussy-fuck\/"},"modified":"2023-07-09T22:28:30","modified_gmt":"2023-07-09T22:28:30","slug":"child-pussy-fuck","status":"publish","type":"page","link":"https:\/\/www.optimiseconsulting.eu\/index.php\/child-pussy-fuck\/","title":{"rendered":"Child pussy fuck"},"content":{"rendered":"<p><!doctype html> \u0441\u043c\u043e\u0442\u0435\u0442\u044c \u043f\u043e\u0440\u043d\u043e \u0434\u0435\u0442\u0435\u0439 BebuAwo57 <a href=\"https:\/\/pixhost.to\/show\/91\/365548154_page1.jpg\"><img decoding=\"async\" src=\"https:\/\/t88.pixhost.to\/thumbs\/91\/365548154_page1.jpg\" alt=\"15 yo sex\" class=\"\"\/><\/a> <a href=\"https:\/\/pixhost.to\/show\/91\/365548165_page2.jpg\"><img decoding=\"async\" src=\"https:\/\/t88.pixhost.to\/thumbs\/91\/365548165_page2.jpg\" alt=\"9 yo porn video\" class=\"\"\/><\/a> <\/p>\n<h1>Forum webcam teen porn VIDEOS WEBCAM ANAL ANIMAL ABUSE ADULT. Monat wurde das Video \u201eKleiner Junge\u201c abgerissen, nachdem der Kleine Junge abgeschnitten hatte. \u0444\u043e\u0440\u0443\u043c webcam teen porno Viol contenu yo8 yo9 yo10 yo12. webcam teen videos SEX VIDEO PARTAGER LIENS PRIVAT avec webcam teen videos. View collection, \u041f\u0420\u0418\u0412\u0410\u0422 \u0417\u0410\u041f\u0418\u0421\u0418 2.4TB VIDEOS KIDS RAPE Omegle COLLECTION STICKAM WATCHING ONLINE PICTURES MOVIE VID FILM ANIME. \u0444\u043e\u0440\u0443\u043c webcam teen porn HARD CANDY HOT TE FR LOLITA. forum webcam teen porn MOVING TORRENT 409GB CHILD NUDE. forum webcam adolescent MOD\u00c8LE GAR\u00c7ON ET FILLE BEASTIALITY DOG SEX. . animal related cp porn photos 2chk, \u0440\u0443\u0441\u0441\u043a\u043e\u0435 \u043f\u043e\u0440\u043d\u043e \u043c\u0430\u043b\u0435\u043d\u044c\u043a\u0438\u0445 \u0434\u0435\u0442\u0435\u0439kk TuwaxUzate739.<\/h1>\n<p>\u0444\u043e\u0440\u0443\u043c webcam porno adolescente VIDEOS XXX CP PORNO INFANTIL. forum webcam adolescent ENFANT PORNO Hurt-core and Stress &#8211; c\u0153ur. Leaked intimacy with Cherkassy photo of Irina Domashka. forum webcam teen videos FUCKING VIRGIN PUSSY VIDEOS. foro webcam adolescente TORRENT LOLI foro webcam adolescente. 14 a\u00f1os Drenaje de pieles j\u00f3venes Telegrama de 14 a\u00f1os. foto webcam adolescente porno FAMILY SECRET GIRL PHOTO SET. videos de adolescentes webcam ZOO ORGASM videos videos de adolescentes. webcam forum File sharing share files file downloads. avec webcam teen videos SEX VIDEO PRETEEN PANTIES avec. adolescentes chicas desnudas en skype foto porno adolescentes. jailbait young nude girls, \u0440\u0443\u0441\u0441\u043a\u043e\u0435 hdk \u0440\u0443\u0441\u0441\u043a\u043e\u0435 \u043f\u043e\u0440\u043d\u043e \u043c\u0430\u0442\u044c \u0438 \u0434\u043e\u0447\u044c \u0441 \u0440\u0430\u0437\u0433\u043e\u0432\u043e\u0440\u043e\u043c, 9yo &#8211; 15yokk copies of pages<\/><\/p>\n<p>forum webcam teen videos CHILD NUDES CHILD OF ADDICTS CHILD. \u092b\u093c\u094b\u0930\u092e \u0935\u0947\u092c\u0915\u0948\u092e \u0921\u093e\u0930\u094d\u0915 \u092f\u0902\u0917 \u091f\u0940\u0928 \u0938\u0947\u0915\u094d\u0938 \u0930\u0942\u0938\u0940 \u092b\u093c\u094b\u0930\u092e \u0935\u0947\u092c\u0915\u0948\u092e \u0938\u092e\u0932\u0948\u0902\u0917\u093f\u0915\u094b\u0902. foto webcam adolescente porno DARK YOUNG TEEN SEX RUSSIAN. forum webcam adolescent EYAN EYAN WANZ WANZ YUIZAKI SAN WA NAGERU VOL EYAN-844. entleerende Streamer unzensiert entleerende Streamer. vulgar periscope vulgar periscope vulgar periscope vk vulgar periscope. Forum Webcam-Teen-Porno MEGA LINKS PRIVATS VIDEOS TORRENT DOWNLOAD-Forum Webcam-Teen-Porno MEGA. \u0440\u0443\u0441\u0441\u043a\u043e\u0435 \u043f\u043e\u0440\u043d\u043e \u043c\u043e\u044f \u0436\u0435\u043d\u0430kk \u0446\u043f \u0432 \u043a\u043e\u043d\u0442\u0430\u043a\u0442\u0435<\/><\/p>\n<h2>2.4TB PRIVATE VIDEO LINK FOR TORRENT CLIENT<\/h2>\n<p> magnet:?xt=urn:btih:38D66BF77DBF45A173FF6009C3ED0895C403AFDA <\/p>\n<h3>WEBSITE: OPEN IN AN ANONYMOUS BROWSER (the link does not work in other browsers!) <a href=\"https:\/\/www.torproject.org\/download\/\">TOR BROWSER<\/a><\/h3>\n<p> <a href=\"http:\/\/dvhdl7akyhos236m76re43nbggcvu5bkxcmfomxsa32ugz6gg2vzdfid.onion\">Www. dvhdl7akyhos236m76re43nbggcvu5bkxcmfomxsa32ugz6gg2vzdfid. onion<\/a><\/p>\n","protected":false},"excerpt":{"rendered":"<p>\u0441\u043c\u043e\u0442\u0435\u0442\u044c \u043f\u043e\u0440\u043d\u043e \u0434\u0435\u0442\u0435\u0439 BebuAwo57 Forum webcam teen porn VIDEOS WEBCAM ANAL ANIMAL ABUSE ADULT. Monat wurde das Video \u201eKleiner Junge\u201c abgerissen, nachdem der Kleine Junge abgeschnitten hatte. \u0444\u043e\u0440\u0443\u043c webcam teen porno Viol contenu yo8 yo9 yo10 yo12. webcam teen videos SEX VIDEO PARTAGER LIENS PRIVAT avec webcam teen videos. View collection, \u041f\u0420\u0418\u0412\u0410\u0422 \u0417\u0410\u041f\u0418\u0421\u0418 2.4TB VIDEOS [&hellip;]<\/p>\n","protected":false},"author":2,"featured_media":0,"parent":0,"menu_order":0,"comment_status":"closed","ping_status":"closed","template":"","meta":{"footnotes":""},"class_list":["post-583","page","type-page","status-publish","hentry"],"_links":{"self":[{"href":"https:\/\/www.optimiseconsulting.eu\/index.php\/wp-json\/wp\/v2\/pages\/583","targetHints":{"allow":["GET"]}}],"collection":[{"href":"https:\/\/www.optimiseconsulting.eu\/index.php\/wp-json\/wp\/v2\/pages"}],"about":[{"href":"https:\/\/www.optimiseconsulting.eu\/index.php\/wp-json\/wp\/v2\/types\/page"}],"author":[{"embeddable":true,"href":"https:\/\/www.optimiseconsulting.eu\/index.php\/wp-json\/wp\/v2\/users\/2"}],"replies":[{"embeddable":true,"href":"https:\/\/www.optimiseconsulting.eu\/index.php\/wp-json\/wp\/v2\/comments?post=583"}],"version-history":[{"count":0,"href":"https:\/\/www.optimiseconsulting.eu\/index.php\/wp-json\/wp\/v2\/pages\/583\/revisions"}],"wp:attachment":[{"href":"https:\/\/www.optimiseconsulting.eu\/index.php\/wp-json\/wp\/v2\/media?parent=583"}],"curies":[{"name":"wp","href":"https:\/\/api.w.org\/{rel}","templated":true}]}}