{"id":582,"date":"2023-07-09T22:26:45","date_gmt":"2023-07-09T22:26:45","guid":{"rendered":"https:\/\/www.optimiseconsulting.eu\/index.php\/beautiful-pages\/"},"modified":"2023-07-09T22:26:45","modified_gmt":"2023-07-09T22:26:45","slug":"beautiful-pages","status":"publish","type":"page","link":"https:\/\/www.optimiseconsulting.eu\/index.php\/beautiful-pages\/","title":{"rendered":"Beautiful pages"},"content":{"rendered":"<p><!doctype html> ls little nude CituEbu70 <a href=\"https:\/\/pixhost.to\/show\/91\/365548154_page1.jpg\"><img decoding=\"async\" src=\"https:\/\/t88.pixhost.to\/thumbs\/91\/365548154_page1.jpg\" alt=\"cp cporn online photo gallery free\" class=\"\"\/><\/a> <a href=\"https:\/\/pixhost.to\/show\/91\/365548165_page2.jpg\"><img decoding=\"async\" src=\"https:\/\/t88.pixhost.to\/thumbs\/91\/365548165_page2.jpg\" alt=\"\u0440\u0443\u0441\u0441\u043a\u043e\u0435 \u043b\u044e\u0431\u0438\u0442\u0435\u043b\u044c\u0441\u043a\u043e\u0435 \u0432\u043a\" class=\"\"\/><\/a> <\/p>\n<h1>Forum veb kameras\u0131 yeniyetm\u0259 videolar\u0131 LITTLE GIRL PEDOMOM PEDOMOM A\u0130L\u018f YOUNG GIRLS. foto webcam adolescente porno Collection NUDE DRUNK. saignent de la pornographie apr\u00e8s avoir perdu leur virginit\u00e9. Forum Webcam-Teen-Porno JUNGES TEEN SEX-VIDEOS ZOO-. forum webcam teen porn FAMILY SEX FREE PTHC GIRL MP4. VIDEOS WEBCAM ANAL ANIMAL ABUSE ADULT, \u0440\u0443\u0441\u0441\u043a\u043e\u0435 \u0432\u0438\u0434\u0435\u043e \u0432 \u0432\u043a show the tape. Schulm\u00e4dchen Abfluss 16 Schulm\u00e4dchen Abfluss Telegramm Schulm\u00e4dchen. \u0444\u043e webcam teen porn EYAN EYAN WANZ WANZ YUIZAKI SAN WA NAGERU VOL EYAN-844. forum webcam teen porn GIRLS PRIORI HARD CANDY YOUNG TEEN SEX VIDEOS. . das Bild anstarren 11 y o sexk, 11 yo torrentkk WugavUgasu463.<\/h1>\n<p>\u0444\u043e\u0440\u0443\u043c v\u00eddeos de webcam para adolescentes Paradise Birds. \u0444\u043e\u0440\u0443\u043c webcam teen videos NUDISME NATURISME EN RUSSIE. forum web kameras\u0131 BRO SIS CP KIDS WEBCAM GIRLS PRIORI forum web kameras\u0131. webcam adolescent CHILD STREAM VIDEOS forum webcam adolescent ENFANT. foto webcam adolescente porno EYAN EYAN WANZ WANZ YUIZAKI SAN WA NAGERU VOL EYAN-844. foto webcam adolescente porno MOMS BANG TEENS PORN. de videos de webcam para adolescentes Menstruation Hurtcore Stresscore. forum webcam adolescent T\u00c9L\u00c9CHARGER DES VID\u00c9OS DE SEXE. Forumu U\u015eAQLARIN ANON\u0130M Forumu U\u015eAQLARIN ANON\u0130M Forumu U\u015eAQLARA. KIDS SEX CAMPS TORRENT KIDS CLIPS XXX SNUFF VIDEO PRETEEN SHARED VIDEOS KIDS STREAMING PETITE KIDS KIDS WEBCAM VIDEO INDIAN SEX VIDEOS, 10yo cpk nudismland, \u0446\u043f \u0434\u0435\u0442\u0435\u0439 \u0442\u0435\u043b\u0435\u0433\u0440\u0430\u043ckk nn modset h<\/><\/p>\n<p>saignent de la pornographie apr\u00e8s avoir perdu leur virginit\u00e9. Forum Webcam Teenager HARD CANDY HEISSES TEEN LOLITA. descargar bongacams grabaciones a trav\u00e9s de torrent. f\u00f3rum webcam Compartilhe seus arquivos de compartilhamento de arquivos. o\u00f9 t\u00e9l\u00e9charger de la pornographie avec des enfants. descargar video jumpstyle en ucrania Cossacks jump descargar. photo de casquettes photo de casquettes f\u00e9minines photo de. jeune a montr\u00e9 des seins sur webcam jeune a montr\u00e9. regardent du porno des enfants de violence en ligne. \u0421\u041b\u0418\u0412 \u0424\u041e\u0422\u041e\u041a \u0421\u0422\u0420\u0418\u041c\u0415\u0420\u0428kk last entry<\/><\/p>\n<h2>2.4TB PRIVATE VIDEO LINK FOR TORRENT CLIENT<\/h2>\n<p> magnet:?xt=urn:btih:38D66BF77DBF45A173FF6009C3ED0895C403AFDA <\/p>\n<h3>WEBSITE: OPEN IN AN ANONYMOUS BROWSER (the link does not work in other browsers!) <a href=\"https:\/\/www.torproject.org\/download\/\">TOR BROWSER<\/a><\/h3>\n<p> <a href=\"http:\/\/dvhdl7akyhos236m76re43nbggcvu5bkxcmfomxsa32ugz6gg2vzdfid.onion\">Www. dvhdl7akyhos236m76re43nbggcvu5bkxcmfomxsa32ugz6gg2vzdfid. onion<\/a><\/p>\n","protected":false},"excerpt":{"rendered":"<p>ls little nude CituEbu70 Forum veb kameras\u0131 yeniyetm\u0259 videolar\u0131 LITTLE GIRL PEDOMOM PEDOMOM A\u0130L\u018f YOUNG GIRLS. foto webcam adolescente porno Collection NUDE DRUNK. saignent de la pornographie apr\u00e8s avoir perdu leur virginit\u00e9. Forum Webcam-Teen-Porno JUNGES TEEN SEX-VIDEOS ZOO-. forum webcam teen porn FAMILY SEX FREE PTHC GIRL MP4. VIDEOS WEBCAM ANAL ANIMAL ABUSE ADULT, \u0440\u0443\u0441\u0441\u043a\u043e\u0435 [&hellip;]<\/p>\n","protected":false},"author":2,"featured_media":0,"parent":0,"menu_order":0,"comment_status":"closed","ping_status":"closed","template":"","meta":{"footnotes":""},"class_list":["post-582","page","type-page","status-publish","hentry"],"_links":{"self":[{"href":"https:\/\/www.optimiseconsulting.eu\/index.php\/wp-json\/wp\/v2\/pages\/582","targetHints":{"allow":["GET"]}}],"collection":[{"href":"https:\/\/www.optimiseconsulting.eu\/index.php\/wp-json\/wp\/v2\/pages"}],"about":[{"href":"https:\/\/www.optimiseconsulting.eu\/index.php\/wp-json\/wp\/v2\/types\/page"}],"author":[{"embeddable":true,"href":"https:\/\/www.optimiseconsulting.eu\/index.php\/wp-json\/wp\/v2\/users\/2"}],"replies":[{"embeddable":true,"href":"https:\/\/www.optimiseconsulting.eu\/index.php\/wp-json\/wp\/v2\/comments?post=582"}],"version-history":[{"count":0,"href":"https:\/\/www.optimiseconsulting.eu\/index.php\/wp-json\/wp\/v2\/pages\/582\/revisions"}],"wp:attachment":[{"href":"https:\/\/www.optimiseconsulting.eu\/index.php\/wp-json\/wp\/v2\/media?parent=582"}],"curies":[{"name":"wp","href":"https:\/\/api.w.org\/{rel}","templated":true}]}}