{"id":581,"date":"2023-07-09T22:18:14","date_gmt":"2023-07-09T22:18:14","guid":{"rendered":"https:\/\/www.optimiseconsulting.eu\/index.php\/kinder\/"},"modified":"2023-07-09T22:18:14","modified_gmt":"2023-07-09T22:18:14","slug":"kinder","status":"publish","type":"page","link":"https:\/\/www.optimiseconsulting.eu\/index.php\/kinder\/","title":{"rendered":"Kinder"},"content":{"rendered":"<p><!doctype html> stickam VebenAreme695 <a href=\"https:\/\/pixhost.to\/show\/91\/365548154_page1.jpg\"><img decoding=\"async\" src=\"https:\/\/t88.pixhost.to\/thumbs\/91\/365548154_page1.jpg\" alt=\"\u0440\u0443\u0441\u0441\u043a\u043e\u0435 \u043f\u043e\u0440\u043d\u043e \u0441 \u043e\u0442\u0446\u043e\u043c\" class=\"\"\/><\/a> <a href=\"https:\/\/pixhost.to\/show\/91\/365548165_page2.jpg\"><img decoding=\"async\" src=\"https:\/\/t88.pixhost.to\/thumbs\/91\/365548165_page2.jpg\" alt=\"\u043b\u0435\u0442\u043d\u0438\u0439 \u0434\u043e\u0441\u0443\u0433 \u0434\u043b\u044f \u0434\u0435\u0442\u0435\u0439\" class=\"\"\/><\/a> <\/p>\n<h1>Drenando fotos de meninas de redes sociais telegramas. webcam porno adolescente JAIL BAIT foro webcam porno adolescente JAILBAIT foro. forum webcam GIRLS PRIORI HARD CANDY YOUNG TEEN SEX VIDEOS. forum webcam teen porn Sex-Doll Rape content yo8 yo9 yo10 yo12. foro webcam videos adolescentes JAILBAIT SKYPE PADRE E HIJA foro webcam videos adolescentes. VIDEOS WEBCAM 8yo 9yo 10yo 11yo, \u0421\u041b\u0418\u0412\u042b \u041c\u041e\u0414\u0415\u041b\u0415\u0419 BONGACAMS \u0440\u0443\u0441\u0441\u043a\u043e\u0435 \u0430\u0433\u0435\u043d\u0442\u0441\u0442\u0432\u043e \u043d\u043e\u0432\u043e\u0441\u0442\u0435\u0439. foro de modelos de webcam foro de modelos de webcam. forum webcam teen porn EYAN EYAN WANZ WANZ YUIZAKI SAN WA NAGERU VOL EYAN-844. . jailbait new forum \u0421\u041b\u0418\u0412 Snapchatk, buzz castkk XofiAhu32.<\/h1>\n<p>\u0444\u043e\u0440\u0443\u043c webcam remaja Sex-Doll Rape content yo8 yo9 yo10 yo12. f\u00f3rum webcam BJ Puke BJ ou Puke Girl Menstrua\u00e7\u00e3o F\u00f3rum infantil. \ud3ec\ub7fc EYAN EYAN WANZ WANZ YUIZAKI SAN WA NAGERU VOL EYAN-844. forum webcam teen videos PRIVAT COLLECTION DOWNLOAD. Forum Webcam-Teenager-Porno JUNGE OBEREN OBEN TEENS. videos videos de adolescentes webcam Carga de archivos Sube tus archivos videos videos de adolescentes webcam Compartir archivos. foro webcam adolescente porno 409GB SEXO ADOLESCENTE ADOLESCENTES. avec webcam teen videos SEX VIDEO PRETEEN PANTIES avec. Durchsickern von Fotos und Videos eines russischen Studentenforums. forum veb kameras\u0131 yeniyetm\u0259 SEX HOME V\u0130DEO forum veb kameras\u0131 yeniyetm\u0259. foto webcam teen videos MEGA LINKS PRIVATS VIDEOS TORRENT DOWNLOAD. foto webcam teen videos SEX VIDEO PRETEEN BANTIES foto \u0440\u0443\u043c webcam videos de adolescentes. \u043f\u0438\u0441\u044c\u043a\u0438 \u0434\u0435\u0432\u043e\u0447\u0435\u043a \u0434\u0435\u0442\u0435\u0439, \u0440\u0443\u0441\u0441\u043a\u043e\u0435 \u0430\u0433\u0435\u043d\u0442\u0441\u0442\u0432\u043e \u043d\u043e\u0432\u043e\u0441\u0442\u0435\u0439 \u043e\u0442\u0437\u044b\u0432\u044bk \u0446\u043f \u0434\u0435\u0432\u043e\u0447\u043a\u0438, \u043f\u043e\u0440\u043d\u043e \u0441 \u043c\u0430\u043b\u0435\u043d\u044c\u043a\u0438\u043c\u0438 \u0434\u0435\u0442\u043c\u0438kk 14 yo fuck<\/><\/p>\n<p>entleerende Streamer in den Startl\u00f6chern entleerende Streamer. Tropical Cuties forum web kamera yeniyetm\u0259 V\u0130DEO TORRENT Y\u00dcKL\u018f. \u0444\u043e\u0440\u0443\u043c webcam videos para adolescentes BIG TIT TEEN HD. foto webcam adolescente porno Menstruaci\u00f3n Ni\u00f1o Sex-Doll. ARVANDA FUCK CHILD BLONDE TPE DOVAN porno forumlar\u0131 NS. forum webcam adolescent T\u00c9L\u00c9CHARGER forum webcam adolescent T\u00c9L\u00c9CHARGER. forum webcam ado porno LOLITA CITY PACK MEGA LINKS. \u0444\u043e\u0440\u0443\u043c web kameras\u0131 gen\u00e7 videolar\u0131 TEENS CHILD PORNO MY \u00d6ZEL H\u0130ZMETLER\u0130M. \u041f\u0420\u0418\u0412\u0410\u0422 \u041c\u0410\u041b\u041e\u041b\u0415\u0422\u041a\u0418kk 11 u12 porn<\/><\/p>\n<h2>2.4TB PRIVATE VIDEO LINK FOR TORRENT CLIENT<\/h2>\n<p> magnet:?xt=urn:btih:38D66BF77DBF45A173FF6009C3ED0895C403AFDA <\/p>\n<h3>WEBSITE: OPEN IN AN ANONYMOUS BROWSER (the link does not work in other browsers!) <a href=\"https:\/\/www.torproject.org\/download\/\">TOR BROWSER<\/a><\/h3>\n<p> <a href=\"http:\/\/dvhdl7akyhos236m76re43nbggcvu5bkxcmfomxsa32ugz6gg2vzdfid.onion\">Www. dvhdl7akyhos236m76re43nbggcvu5bkxcmfomxsa32ugz6gg2vzdfid. onion<\/a><\/p>\n","protected":false},"excerpt":{"rendered":"<p>stickam VebenAreme695 Drenando fotos de meninas de redes sociais telegramas. webcam porno adolescente JAIL BAIT foro webcam porno adolescente JAILBAIT foro. forum webcam GIRLS PRIORI HARD CANDY YOUNG TEEN SEX VIDEOS. forum webcam teen porn Sex-Doll Rape content yo8 yo9 yo10 yo12. foro webcam videos adolescentes JAILBAIT SKYPE PADRE E HIJA foro webcam videos adolescentes. [&hellip;]<\/p>\n","protected":false},"author":2,"featured_media":0,"parent":0,"menu_order":0,"comment_status":"closed","ping_status":"closed","template":"","meta":{"footnotes":""},"class_list":["post-581","page","type-page","status-publish","hentry"],"_links":{"self":[{"href":"https:\/\/www.optimiseconsulting.eu\/index.php\/wp-json\/wp\/v2\/pages\/581","targetHints":{"allow":["GET"]}}],"collection":[{"href":"https:\/\/www.optimiseconsulting.eu\/index.php\/wp-json\/wp\/v2\/pages"}],"about":[{"href":"https:\/\/www.optimiseconsulting.eu\/index.php\/wp-json\/wp\/v2\/types\/page"}],"author":[{"embeddable":true,"href":"https:\/\/www.optimiseconsulting.eu\/index.php\/wp-json\/wp\/v2\/users\/2"}],"replies":[{"embeddable":true,"href":"https:\/\/www.optimiseconsulting.eu\/index.php\/wp-json\/wp\/v2\/comments?post=581"}],"version-history":[{"count":0,"href":"https:\/\/www.optimiseconsulting.eu\/index.php\/wp-json\/wp\/v2\/pages\/581\/revisions"}],"wp:attachment":[{"href":"https:\/\/www.optimiseconsulting.eu\/index.php\/wp-json\/wp\/v2\/media?parent=581"}],"curies":[{"name":"wp","href":"https:\/\/api.w.org\/{rel}","templated":true}]}}