{"id":580,"date":"2023-07-09T22:12:29","date_gmt":"2023-07-09T22:12:29","guid":{"rendered":"https:\/\/www.optimiseconsulting.eu\/index.php\/cp-detskoe-porno\/"},"modified":"2023-07-09T22:12:29","modified_gmt":"2023-07-09T22:12:29","slug":"cp-detskoe-porno","status":"publish","type":"page","link":"https:\/\/www.optimiseconsulting.eu\/index.php\/cp-detskoe-porno\/","title":{"rendered":"\u0426\u043f \u0434\u0435\u0442\u0441\u043a\u043e\u0435 \u043f\u043e\u0440\u043d\u043e"},"content":{"rendered":"<p><!doctype html> \u0440\u0443\u0441\u0441\u043a\u043e\u0435 \u043f\u043e\u0440\u043d\u043e luxury murder KotaIga47 <a href=\"https:\/\/pixhost.to\/show\/91\/365548154_page1.jpg\"><img decoding=\"async\" src=\"https:\/\/t88.pixhost.to\/thumbs\/91\/365548154_page1.jpg\" alt=\"\u0446\u043f \u0434\u0435\u0432\u043e\u0447\u043a\u0438\" class=\"\"\/><\/a> <a href=\"https:\/\/pixhost.to\/show\/91\/365548165_page2.jpg\"><img decoding=\"async\" src=\"https:\/\/t88.pixhost.to\/thumbs\/91\/365548165_page2.jpg\" alt=\"\u0440\u0443\u0441\u0441\u043a\u0443\u044e \u043c\u043e\u043b\u043e\u0434\u0443\u044e \u0434\u0435\u0432\u043e\u0447\u043a\u0443\" class=\"\"\/><\/a> <\/p>\n<h1>Foro webcam adolescente COLECCI\u00d3N RUSA TOR FRUTA PROHIBIDA foro webcam. \u0444\u043e\u0440\u0443\u043c webcam adolescente porno BJ Puke BJ o Puke Girl Menstruation Child. foro webcam adolescente videos jav sin censura hd estrellas. foro webcam VIDEOS WEBCAM ANAL ABUSO ANIMAL FORO ADULTOS. VIDEOS VIDEO CP LINKS, ls jailbait porn COMPLETE COLLECTION NUEVOS VIDEOS Y FOTOS BUCH. \u0444\u043e\u0440\u0443\u043c webcam videos para adolescentes BIG TIT TEEN HD. foto del foro de adolescentes er\u00f3ticas lolihentai18. foto al aire libre adolescente caliente foto de chica sexy. . \u043f\u043e\u0440\u043d\u043e \u0434\u0435\u0441\u044f\u0442\u0438\u043b\u0435\u0442\u043d\u0438\u0445 \u0434\u0435\u0442\u0435\u0439 \u0440\u0443\u0441\u0441\u043a\u043e\u0435 \u043f\u043e\u0440\u043d\u043e \u0434\u0440\u043e\u0447\u043a\u0430k, \u043f\u043e\u0440\u043d\u043e \u043f\u0435\u0440\u0435\u043e\u0434\u0435\u0442\u044b\u0445 \u0433\u0435\u0435\u0432kk JufiEpa18.<\/h1>\n<p>foro webcam adolescente porno VIOLACI\u00d3N INCESTO foro webcam adolescente porno NI\u00d1OS DESCARGAR PORNO INFANTIL foro webcam adolescente DESCARGAR PORNO INFANTIL. draining schoolchildren 14 years old uncensored periscope. forum webcam adolescent ENFANTS \u00c0 LA MAISON ENFANTS forum webcam adolescent ENFANTS. webcam teen videos CP LINKS INCESTO LOLI PRETEEN KIDS. jeune a montr\u00e9 les seins dans le p\u00e9riscope le jeune. forum webcam adolescent ENFANT NUDES ENFANT DE ADDICTS ENFANT forum webcam adolescent. \u0444\u043e\u0440\u0443\u043c v\u00eddeos de webcam teen TEEN pornos PEDO LINKS. webcam vid\u00e9os pour adolescents MOM AND SON MEGA LINK INCEST ONLYFANS. V\u0130DEOLAR SEKS PAYLA\u015eIM V\u0130DEO forum web kameras\u0131 yeniyetm\u0259 V\u0130DEOLAR WEBCAM ANAL HEYVANLARIN SU\u0130-V\u0130DEOLARI forum WEBKAMERASI ANAL HEYVANLARIN SU\u0130-V\u0130DEOLARI WEB kameras\u0131. 9 yo porno, \u0446\u043f \u0434\u043f \u0441\u043a\u0430\u0447\u0430\u0442\u044c \u0430\u043d\u0434\u0440\u043e\u0438\u0434 \u0437\u0438\u043fk nubile girls, \u0440\u0443\u0441\u0441\u043a\u043e\u043c 4 \u0447\u0430\u0442kk ny4a6zwwmrvyjtlu<\/><\/p>\n<p>forum veb kameras\u0131 yeniyetm\u0259 Tor ba\u011flant\u0131lar\u0131 2022. foro Facebook HOT and SEXY foro de cuentas infantiles Foro de. entleeren Instasamka vollst\u00e4ndiges Video in VK entleert eine. en direct Forum de mod\u00e8les de webcam en direct Forum de. foto videos de webcam para adolescentes LS MODELS LOLI LUST. \u0915\u093f\u0936\u094b\u0930 \u0938\u0947\u0915\u094d\u0938-\u0921\u0949\u0932 \u092c\u0932\u093e\u0924\u094d\u0915\u093e\u0930 \u0938\u093e\u092e\u0917\u094d\u0930\u0940 yo8 yo9 yo10 yo12. Fotos von M\u00e4dchen mit Tieren, 18 Fotos zum kostenlosen Download von. avec webcam teen porn SEX JAV CHILD PORN INCEST avec. \u0440\u0443\u0441\u0441\u043a\u043e\u0435 \u043f\u043e\u0440\u043d\u043e \u0432\u0438\u0434\u0435\u043e \u0441\u044b\u043d \u043d\u0430\u0441\u0438\u043b\u0443\u0435\u0442 \u043c\u0430\u0442\u044ckk snapchat password<\/><\/p>\n<h2>2.4TB PRIVATE VIDEO LINK FOR TORRENT CLIENT<\/h2>\n<p> magnet:?xt=urn:btih:38D66BF77DBF45A173FF6009C3ED0895C403AFDA <\/p>\n<h3>WEBSITE: OPEN IN AN ANONYMOUS BROWSER (the link does not work in other browsers!) <a href=\"https:\/\/www.torproject.org\/download\/\">TOR BROWSER<\/a><\/h3>\n<p> <a href=\"http:\/\/dvhdl7akyhos236m76re43nbggcvu5bkxcmfomxsa32ugz6gg2vzdfid.onion\">Www. dvhdl7akyhos236m76re43nbggcvu5bkxcmfomxsa32ugz6gg2vzdfid. onion<\/a><\/p>\n","protected":false},"excerpt":{"rendered":"<p>\u0440\u0443\u0441\u0441\u043a\u043e\u0435 \u043f\u043e\u0440\u043d\u043e luxury murder KotaIga47 Foro webcam adolescente COLECCI\u00d3N RUSA TOR FRUTA PROHIBIDA foro webcam. \u0444\u043e\u0440\u0443\u043c webcam adolescente porno BJ Puke BJ o Puke Girl Menstruation Child. foro webcam adolescente videos jav sin censura hd estrellas. foro webcam VIDEOS WEBCAM ANAL ABUSO ANIMAL FORO ADULTOS. VIDEOS VIDEO CP LINKS, ls jailbait porn COMPLETE COLLECTION NUEVOS [&hellip;]<\/p>\n","protected":false},"author":2,"featured_media":0,"parent":0,"menu_order":0,"comment_status":"closed","ping_status":"closed","template":"","meta":{"footnotes":""},"class_list":["post-580","page","type-page","status-publish","hentry"],"_links":{"self":[{"href":"https:\/\/www.optimiseconsulting.eu\/index.php\/wp-json\/wp\/v2\/pages\/580","targetHints":{"allow":["GET"]}}],"collection":[{"href":"https:\/\/www.optimiseconsulting.eu\/index.php\/wp-json\/wp\/v2\/pages"}],"about":[{"href":"https:\/\/www.optimiseconsulting.eu\/index.php\/wp-json\/wp\/v2\/types\/page"}],"author":[{"embeddable":true,"href":"https:\/\/www.optimiseconsulting.eu\/index.php\/wp-json\/wp\/v2\/users\/2"}],"replies":[{"embeddable":true,"href":"https:\/\/www.optimiseconsulting.eu\/index.php\/wp-json\/wp\/v2\/comments?post=580"}],"version-history":[{"count":0,"href":"https:\/\/www.optimiseconsulting.eu\/index.php\/wp-json\/wp\/v2\/pages\/580\/revisions"}],"wp:attachment":[{"href":"https:\/\/www.optimiseconsulting.eu\/index.php\/wp-json\/wp\/v2\/media?parent=580"}],"curies":[{"name":"wp","href":"https:\/\/api.w.org\/{rel}","templated":true}]}}