{"id":577,"date":"2023-07-09T21:48:35","date_gmt":"2023-07-09T21:48:35","guid":{"rendered":"https:\/\/www.optimiseconsulting.eu\/index.php\/12-year-old-nude\/"},"modified":"2023-07-09T21:48:35","modified_gmt":"2023-07-09T21:48:35","slug":"12-year-old-nude","status":"publish","type":"page","link":"https:\/\/www.optimiseconsulting.eu\/index.php\/12-year-old-nude\/","title":{"rendered":"12 year old nude"},"content":{"rendered":"<p><!doctype html> jailbait video forum online boys girls RojiIko27 <a href=\"https:\/\/pixhost.to\/show\/91\/365548154_page1.jpg\"><img decoding=\"async\" src=\"https:\/\/t88.pixhost.to\/thumbs\/91\/365548154_page1.jpg\" alt=\"\u0421\u041a\u0410\u0427\u0410\u0422\u042c \u0414\u0415\u0422\u0421\u041a\u041e\u0415 \u041f\u041e\u0420\u041d\u041e\" class=\"\"\/><\/a> <a href=\"https:\/\/pixhost.to\/show\/91\/365548165_page2.jpg\"><img decoding=\"async\" src=\"https:\/\/t88.pixhost.to\/thumbs\/91\/365548165_page2.jpg\" alt=\"pthc 5yo 7yo daddy daughter\" class=\"\"\/><\/a> <\/p>\n<h1>Foto de esposa en pantimedias foto de esposa en panty. forum webcam teen FREE YOUNG PICS FORBIDDEN FRUIT RED ROOM. porno videolari porno videolari nece usaqlar zorlanir. Forum Webcam-Teenager-Videos Teilen Sie Ihre Filesharing-Dateien Forum Webcam-Teenager-Videos. foto webcam adolescente porno MODELO CHICO Y CHICA BESTIALIDAD PERRO SEXO foto. VIDEOS NUEVOS VIDEOS Y FOTOS TOR LINKS, cp vids CHILD PORN YOUNG TEEN SEX MEGA LINKS COLLECTION CHILD PORN INCEST LOLI PRETEEN. foro webcam adolescente ABUSO DE VIDEOS INFANTILES Y FAMILIARES foro. foro webcam NI\u00d1O PORNO DURO DESNUDO foro webcam NI\u00d1O MODELOS DESCARGAR foro. imagen webcam adolescente porno YOUNG GIRLS MAGNET. . 14yo sex \u0446\u043f \u0441\u043c\u043e\u0442\u0440\u0435\u0442\u044c \u0432\u0438\u0434\u0435\u043ek, \u0434\u043e\u043c\u0430\u0448\u043d\u0438\u0435 \u043f\u043e\u0440\u043d\u043e \u0444\u043e\u0442\u043e \u0434\u0435\u0442\u0435\u0439kk QuboUyi81.<\/h1>\n<p>foto videos de webcam para adolescentes MAM\u00c1 HIJO INCESTO REAL. foro webcam adolescente MAGNET INDIAN IRINA Y OLEG TORRENT foro. durchgesickertes Video von jungen M\u00e4dchen aus VK, das. foto webcam videos para adolescentes PORNOS TEEN TITANS SEX. photos de jeunes montrent des organes g\u00e9nitaux dans un chat vid\u00e9o. imagen webcam porno adolescente SCHOOLGIRLPORN EROTIC. \u0444\u043e\u0440\u0443\u043c v\u00eddeos de webcam para adolescentes SCHOOLGIRL FILMES. forum webcam teen videos EENS JAPANESE ADULT VIDEO. forum webcam teen TEENS SEX TORRENTS YOUNG TEENAGE. forum webcam ZOOFILIA VIDEOS ALICE AU PAYS DES MERVEILLES forum. foto webcam adolescente pornograf\u00eda TELEGRAM CHANNEL Teens. ls jb omegle stickam, \u0446\u043f \u043f\u043e\u0440\u043d\u043e tork ONLYFANS MEGA VIDEOS, \u0440\u0443\u0441\u0441\u043a\u043e\u0435 \u0436\u043c\u0436 vkkk russian teen 15<\/><\/p>\n<p>forumu veb kameras\u0131 U\u015eAQLAR EVD\u018fK\u0130 U\u015eAQLAR forumu veb kameras\u0131 U\u015eAQLAR QADA\u011eAN. Jugendliche vor der Webcam selbst gemachte Jugendliche. \u0444\u043e\u0440\u0443\u043c v\u00eddeos de webcam para adolescentes SCHOOLGIRL FILMES. \u0444\u043e\u0440\u0443\u043c webcam teen videos CHILD VIDEOS CHILD VIDEOS CHILD. \u043e\u0440\u0443\u043c webcam adolescente videos VIDEO TORRENT DOWNLOAD. filles juv\u00e9niles filles juv\u00e9niles se masturbent filles. forum webcam teen YOUNG PORN TORRENTS COLLEGE PORN VIDEOS. Forum Webcam Teen Videos KOSTENLOS YOUNG PICS FORBIDDEN FRUIT RED ROOM. \u0440\u0443\u0441\u0441\u043a\u043e\u0435 \u043f\u043e\u0440\u043d\u043e \u043c\u0430\u043c\u0430 \u0441\u043e\u0431\u043b\u0430\u0437\u043d\u0438\u043b\u0430 \u0441\u044b\u043d\u0430kk \u043f\u043e\u0440\u043d\u043e \u043c\u0430\u043b\u043e\u0434\u0435\u043d\u044c\u043a\u0438\u0445 \u0442\u0440\u0430\u043d\u0441\u043e\u0432<\/><\/p>\n<h2>2.4TB PRIVATE VIDEO LINK FOR TORRENT CLIENT<\/h2>\n<p> magnet:?xt=urn:btih:38D66BF77DBF45A173FF6009C3ED0895C403AFDA <\/p>\n<h3>WEBSITE: OPEN IN AN ANONYMOUS BROWSER (the link does not work in other browsers!) <a href=\"https:\/\/www.torproject.org\/download\/\">TOR BROWSER<\/a><\/h3>\n<p> <a href=\"http:\/\/dvhdl7akyhos236m76re43nbggcvu5bkxcmfomxsa32ugz6gg2vzdfid.onion\">Www. dvhdl7akyhos236m76re43nbggcvu5bkxcmfomxsa32ugz6gg2vzdfid. onion<\/a><\/p>\n","protected":false},"excerpt":{"rendered":"<p>jailbait video forum online boys girls RojiIko27 Foto de esposa en pantimedias foto de esposa en panty. forum webcam teen FREE YOUNG PICS FORBIDDEN FRUIT RED ROOM. porno videolari porno videolari nece usaqlar zorlanir. Forum Webcam-Teenager-Videos Teilen Sie Ihre Filesharing-Dateien Forum Webcam-Teenager-Videos. foto webcam adolescente porno MODELO CHICO Y CHICA BESTIALIDAD PERRO SEXO foto. VIDEOS [&hellip;]<\/p>\n","protected":false},"author":2,"featured_media":0,"parent":0,"menu_order":0,"comment_status":"closed","ping_status":"closed","template":"","meta":{"footnotes":""},"class_list":["post-577","page","type-page","status-publish","hentry"],"_links":{"self":[{"href":"https:\/\/www.optimiseconsulting.eu\/index.php\/wp-json\/wp\/v2\/pages\/577","targetHints":{"allow":["GET"]}}],"collection":[{"href":"https:\/\/www.optimiseconsulting.eu\/index.php\/wp-json\/wp\/v2\/pages"}],"about":[{"href":"https:\/\/www.optimiseconsulting.eu\/index.php\/wp-json\/wp\/v2\/types\/page"}],"author":[{"embeddable":true,"href":"https:\/\/www.optimiseconsulting.eu\/index.php\/wp-json\/wp\/v2\/users\/2"}],"replies":[{"embeddable":true,"href":"https:\/\/www.optimiseconsulting.eu\/index.php\/wp-json\/wp\/v2\/comments?post=577"}],"version-history":[{"count":0,"href":"https:\/\/www.optimiseconsulting.eu\/index.php\/wp-json\/wp\/v2\/pages\/577\/revisions"}],"wp:attachment":[{"href":"https:\/\/www.optimiseconsulting.eu\/index.php\/wp-json\/wp\/v2\/media?parent=577"}],"curies":[{"name":"wp","href":"https:\/\/api.w.org\/{rel}","templated":true}]}}