{"id":576,"date":"2023-07-09T21:39:20","date_gmt":"2023-07-09T21:39:20","guid":{"rendered":"https:\/\/www.optimiseconsulting.eu\/index.php\/cp-v-ls\/"},"modified":"2023-07-09T21:39:20","modified_gmt":"2023-07-09T21:39:20","slug":"cp-v-ls","status":"publish","type":"page","link":"https:\/\/www.optimiseconsulting.eu\/index.php\/cp-v-ls\/","title":{"rendered":"Cp \u0432 \u043b\u0441"},"content":{"rendered":"<p><!doctype html> \u0434\u043e\u043c\u0430\u0448\u043d\u0438\u0435 \u043f\u043e\u0440\u043d\u043e \u0444\u043e\u0442\u043e \u0434\u0435\u0442\u0435\u0439 FiyoUwe74 <a href=\"https:\/\/pixhost.to\/show\/91\/365548154_page1.jpg\"><img decoding=\"async\" src=\"https:\/\/t88.pixhost.to\/thumbs\/91\/365548154_page1.jpg\" alt=\"\u0446\u043f \u0438 \u0434\u043f \u0434\u0435\u0442\u0438 \u0442\u0435\u043b\u0435\u0433\u0440\u0430\u043c\u043c\" class=\"\"\/><\/a> <a href=\"https:\/\/pixhost.to\/show\/91\/365548165_page2.jpg\"><img decoding=\"async\" src=\"https:\/\/t88.pixhost.to\/thumbs\/91\/365548165_page2.jpg\" alt=\"\u0432\u043d\u0443\u0447\u043a\u0430 \u0438 \u0434\u0435\u0442 \u043f\u043e\u0440\u043d\u043e\" class=\"\"\/><\/a> <\/p>\n<h1>Forum Webcam Teenager SHOCK CONTENT Forum Webcam Teenager SCHOCK VIDEO VERgewaltigung Forum Webcam. forum veb kameras\u0131 yeniyetm\u0259 videolar\u0131 U\u015eAQ V\u0130DEOLARI. forum vebkamera yeniyetm\u0259 STUDIO KOLLEKS\u0130YASI TORRENT Y\u00dcKL\u018f. \u092a\u0930 \u0935\u0947\u092c\u0915\u0948\u092e \u092a\u0930 \u0915\u093f\u0936\u094b\u0930 \u0905\u0936\u094d\u0932\u0940\u0932 \u0932\u0942\u091f\u094b \u092c\u094d\u0932\u0942 \u0911\u0930\u094d\u0915\u093f\u0921 \u092a\u0930 \u0935\u0947\u092c\u0915\u0948\u092e \u092a\u0930 \u0915\u093f\u0936\u094b\u0930. \u0444\u043e\u0440\u0443\u043c v\u00eddeos de webcam para adolescentes Paradise Birds. VIDEOS LIBRO DARKNET VIDEOS, \u0431\u0435\u0441\u043f\u043b\u0430\u0442\u043d\u043e\u0435 \u043f\u043e\u0440\u043d\u043e \u043c\u0430\u043b\u043e\u0434\u0435\u043d\u044c\u043a\u0438\u0445 \u0434\u0435\u0432\u043e\u0447\u0435\u043a Horror Action RPG Childbirth Orgy Sex 1080p HD. Forum Webcam Teenager ANIMAL MISSBRAUCH JUNGE VIDS BRO-SIS. Sex-Cam &#8211; Forum Webcam-Teenager-Videos Videos TEEN-Sexvideos. . political reference \u0440\u0443\u0441\u0441\u043a\u043e\u0435 \u043f\u043e\u0440\u043d\u043e \u043c\u0430\u043c\u0430 \u0437\u0430\u0441\u0442\u0430\u0432\u043b\u044f\u0435\u0442k, \u043f\u043e\u043f\u043a\u0438 \u0448\u043a\u043e\u043b\u044c\u043d\u0438\u0446 \u0433\u0438\u0444kk XegoOpo15.<\/h1>\n<p>foro de webcam PORNOS ADOLESCENTES TITANES SEXO foro de webcam. forum veb kameras\u0131 yeniyetm\u0259 \u00d6Z\u018fL KOLLEKS\u0130YON Y\u00dcKL\u018f. t\u00e9l\u00e9charger torrent filles chaudes japonaises maillot de bain en latex. \u0444\u043e\u0440\u0443\u043c webcam adolescente DOWNLOAD DE V\u00cdDEO TORRENT. KINDERPORNO-MAGNET &#8211; Forum KINDERPORNO-MAGNET-Forum. forum veb kameras\u0131 BABY HEART SOHBET Otaqlar\u0131 QARANDI WEB SAYTLARI. forum webcam teen CHILD NUDES CHILD OF ADDICTS CHILD. forum webcam teen videos PEDOMOM PEDOFAMILY MAGNET LINKS CP. herunterladen Archivbezogenes Foto Youngsters Spak1. forum webcam teen videos LOLITA CITY PACK MEGA LINKS. webcam adolescente porno MAM\u00c1 Y HIJO MEGA ENLACE INCESTO ONLYFANS. de videos de webcam para adolescentes Menstruation Hurtcore Stresscore. russian collection, opvak \u0440\u0443\u0441\u0441\u043a\u043e\u0435 \u043f\u043e\u0440\u043d\u043e \u0432\u0438\u0434\u0435\u043e \u0438\u043d\u0446\u0435\u0441\u0442 \u0441 \u043c\u0430\u043c\u043e\u0439, \u043f\u043e\u0440\u043d\u043e \u043c\u0430\u043b\u043e \u0432\u0435\u0441\u0438\u0442kk art modeling studio<\/><\/p>\n<p>foro c\u00e1mara web adolescente ZOO ORGASM foro c\u00e1mara web adolescente. foto webcam adolescente porno FAMILY SECRET GIRL PHOTO SET. Forum EYAN EYAN WANZ WANZ YUIZAKI SAN WA NAGERU VOL EYAN-844. foto webcam teen videos GIRLS LEAK GIRL CHAT HIDDEN. forum web kamera yeniyetm\u0259 porno TEENS HOME ASIAN TEEN. imagen webcam adolescente TEEN WIFE FUCK CHILD BLONDE. fotos de jovencitos mostrando genitales en video chat. \u0444\u043e\u0440\u0443\u043c webcam videos de adolescentes FOTOS DE FAMILIA NUDISTA BONITA V\u00cdDEOS. forum webcam teen porn COLLECTION CHILD PORN INCEST LOLI PRETEEN PRIVATS. cp \u043f\u0435\u0447\u0435\u043d\u044c\u043a\u0438 \u0446\u043f \u0442\u0435\u043b\u0435\u0433\u0440\u0430\u043c\u043ckk 8yo 9yo<\/><\/p>\n<h2>2.4TB PRIVATE VIDEO LINK FOR TORRENT CLIENT<\/h2>\n<p> magnet:?xt=urn:btih:38D66BF77DBF45A173FF6009C3ED0895C403AFDA <\/p>\n<h3>WEBSITE: OPEN IN AN ANONYMOUS BROWSER (the link does not work in other browsers!) <a href=\"https:\/\/www.torproject.org\/download\/\">TOR BROWSER<\/a><\/h3>\n<p> <a href=\"http:\/\/dvhdl7akyhos236m76re43nbggcvu5bkxcmfomxsa32ugz6gg2vzdfid.onion\">Www. dvhdl7akyhos236m76re43nbggcvu5bkxcmfomxsa32ugz6gg2vzdfid. onion<\/a><\/p>\n","protected":false},"excerpt":{"rendered":"<p>\u0434\u043e\u043c\u0430\u0448\u043d\u0438\u0435 \u043f\u043e\u0440\u043d\u043e \u0444\u043e\u0442\u043e \u0434\u0435\u0442\u0435\u0439 FiyoUwe74 Forum Webcam Teenager SHOCK CONTENT Forum Webcam Teenager SCHOCK VIDEO VERgewaltigung Forum Webcam. forum veb kameras\u0131 yeniyetm\u0259 videolar\u0131 U\u015eAQ V\u0130DEOLARI. forum vebkamera yeniyetm\u0259 STUDIO KOLLEKS\u0130YASI TORRENT Y\u00dcKL\u018f. \u092a\u0930 \u0935\u0947\u092c\u0915\u0948\u092e \u092a\u0930 \u0915\u093f\u0936\u094b\u0930 \u0905\u0936\u094d\u0932\u0940\u0932 \u0932\u0942\u091f\u094b \u092c\u094d\u0932\u0942 \u0911\u0930\u094d\u0915\u093f\u0921 \u092a\u0930 \u0935\u0947\u092c\u0915\u0948\u092e \u092a\u0930 \u0915\u093f\u0936\u094b\u0930. \u0444\u043e\u0440\u0443\u043c v\u00eddeos de webcam para adolescentes Paradise Birds. VIDEOS LIBRO DARKNET [&hellip;]<\/p>\n","protected":false},"author":2,"featured_media":0,"parent":0,"menu_order":0,"comment_status":"closed","ping_status":"closed","template":"","meta":{"footnotes":""},"class_list":["post-576","page","type-page","status-publish","hentry"],"_links":{"self":[{"href":"https:\/\/www.optimiseconsulting.eu\/index.php\/wp-json\/wp\/v2\/pages\/576","targetHints":{"allow":["GET"]}}],"collection":[{"href":"https:\/\/www.optimiseconsulting.eu\/index.php\/wp-json\/wp\/v2\/pages"}],"about":[{"href":"https:\/\/www.optimiseconsulting.eu\/index.php\/wp-json\/wp\/v2\/types\/page"}],"author":[{"embeddable":true,"href":"https:\/\/www.optimiseconsulting.eu\/index.php\/wp-json\/wp\/v2\/users\/2"}],"replies":[{"embeddable":true,"href":"https:\/\/www.optimiseconsulting.eu\/index.php\/wp-json\/wp\/v2\/comments?post=576"}],"version-history":[{"count":0,"href":"https:\/\/www.optimiseconsulting.eu\/index.php\/wp-json\/wp\/v2\/pages\/576\/revisions"}],"wp:attachment":[{"href":"https:\/\/www.optimiseconsulting.eu\/index.php\/wp-json\/wp\/v2\/media?parent=576"}],"curies":[{"name":"wp","href":"https:\/\/api.w.org\/{rel}","templated":true}]}}