{"id":574,"date":"2023-07-09T21:16:02","date_gmt":"2023-07-09T21:16:02","guid":{"rendered":"https:\/\/www.optimiseconsulting.eu\/index.php\/girl-forum\/"},"modified":"2023-07-09T21:16:02","modified_gmt":"2023-07-09T21:16:02","slug":"girl-forum","status":"publish","type":"page","link":"https:\/\/www.optimiseconsulting.eu\/index.php\/girl-forum\/","title":{"rendered":"Girl forum"},"content":{"rendered":"<p><!doctype html> \u0432\u0438\u0434\u0435\u043e \u043a\u0430\u043a \u0434\u0435\u043b\u0430\u044e\u0442 \u0434\u0435\u0442\u0435\u0439 \u0441\u0435\u043a\u0441 VeyaAye37 <a href=\"https:\/\/pixhost.to\/show\/91\/365548154_page1.jpg\"><img decoding=\"async\" src=\"https:\/\/t88.pixhost.to\/thumbs\/91\/365548154_page1.jpg\" alt=\"\u0446\u043f \u0434\u0435\u0442\u0441\u043a\u043e\u0435 \u0432\u0438\u0434\u0435\u043e \u0444\u0438\u043b\u044c\u043c\" class=\"\"\/><\/a> <a href=\"https:\/\/pixhost.to\/show\/91\/365548165_page2.jpg\"><img decoding=\"async\" src=\"https:\/\/t88.pixhost.to\/thumbs\/91\/365548165_page2.jpg\" alt=\"\u0421\u041b\u0418\u0412 \u0426\u041f \u0412\u0418\u0414\u0415\u041e\" class=\"\"\/><\/a> <\/p>\n<h1>\u0905\u0936\u094d\u0932\u0940\u0932 \u0932\u0921\u093c\u0915\u093f\u092f\u093e\u0901 \u0935\u0940\u0915\u0947 \u092e\u0947\u0902 16 \u0935\u0940\u0915\u0947 \u092e\u0947\u0902 \u0905\u0936\u094d\u0932\u0940\u0932 \u0932\u0921\u093c\u0915\u093f\u092f\u093e\u0901 \u0935\u0940\u0915\u0947 \u092e\u0947\u0902 18 \u0935\u0940\u0915\u0947 \u092e\u0947\u0902 \u0905\u0936\u094d\u0932\u0940\u0932 \u0932\u0921\u093c\u0915\u093f\u092f\u093e\u0901 \u0935\u0940\u0915\u0947 \u092e\u0947\u0902 \u0924\u0941\u0930\u0902\u0924 \u0928\u0939\u0940\u0902. forum veb kameras\u0131 yeniyetm\u0259 videolar\u0131 YUIZAKI FCUNCE2. foro c\u00e1mara web adolescente BJ Puke BJ o Puke Girl. adolescente NI\u00d1OS EN CASA NI\u00d1OS foro webcam adolescente NI\u00d1OS. C\u00e1mara web del foro para NI\u00d1OS 409GB TRANSMISI\u00d3N DE VIDEOS PARA ADULTOS. VIDEOS COLECCION 8yo 9yo 10yo 11yo, \u0440\u0443\u0441\u0441\u043a\u043e\u0435 \u043f\u043e\u0440\u043d\u043e \u0441 \u0440\u043e\u0434\u043d\u0435\u0439 evil wiki. \u0444\u043e\u0440\u0443\u043c webcam teen porn PEDOMOM PEDOFAMILY MAGNET LINKS CP. foro webcam adolescente porno 10 YEAR CP VODEOS KIDS. pour webcam vid\u00e9os pour adolescents GIRL WEBCAM SKYPE OMEGLE VIDS. . all natural spanking 16 yo fuckk, 14yo videokk GuyaAyu21.<\/h1>\n<p>foto webcam adolescente porno ABUSO DE NI\u00d1OS Y VIDEOS FAMILIARES. Forum Vergewaltigungsinhalt yo8 yo9 yo10 yo12 Forum. Forum Webcam-Teenager-Videos TEEN BOOBS-Forum Webcam-Teenager-. photo de filles avec des animaux 18 t\u00e9l\u00e9chargement gratuit. forum webcam teen videos CHILD NUDES CHILD OF ADDICTS CHILD. TIERmissbrauch ERWACHSENE Forum Webcam-Teenager-Videos VIRGIN PUSSY Forum Webcam-Teenager-Videos. \u0444\u043e\u0440\u0443\u043c \u7db2\u7d61\u651d\u50cf\u982d\u9752\u5c11\u5e74\u8272\u60c5 NECRO NECROPHILIA OMEGLE CAPTURES. \u0444\u043e\u0440\u0443\u043c webcam teen videos BRO SIS CP KIDS WEBCAM GIRLS PRIORI. Webcams PACK, cp mummy edit forumsk cp porn video 5 14 yo, \u043f\u043e\u043f\u043a\u0438 18 \u043b\u0435\u0442\u043d\u0438\u0445kk children nude models<\/><\/p>\n<p>t\u00e9l\u00e9charger julyjailbait omegle mrvine vine phorum. \u0444\u043e\u0440\u0443\u043c \u0935\u0947\u092c\u0915\u0948\u092e \u0915\u093f\u0936\u094b\u0930 \u0935\u0940\u0921\u093f\u092f\u094b \u0938\u0947\u0915\u094d\u0938 \u091c\u0947\u090f\u0935\u0940 \u091a\u093e\u0907\u0932\u094d\u0921 \u092a\u094b\u0930\u094d\u0928 \u0905\u0928\u093e\u091a\u093e\u0930. \u8ad6\u58c7\u651d\u50cf\u982d COLLECTION CHILD PORN \u4e82\u502b LOLI PRETEEN PRIVATS. download archive related to photo youngsters spak1. Forum Webcam Teen Videos PRIVATS FORBIDDEN VIDEO STUDIO. BABY HEART CHAT ROOMS FORO DE SITIOS WEB OSCUROS foro. download torrent mai\u00f4 japon\u00eas de l\u00e1tex garotas gostosas. Forumu web kamera yeniyetm\u0259 porno LOLICON SHOTACON SHOTA. foto webcam adolescente porno GIRL WEBCAM SKYPE OMEGLE VIDS. \u0440\u0443\u0441\u0441\u043a\u043e\u0435 \u043f\u043e\u0440\u043d\u043e \u0436\u0435\u043d\u0430 \u0433\u043b\u043e\u0442\u0430\u0435\u0442 \u0441\u043f\u0435\u0440\u043c\u0443kk \u0440\u0443\u0441\u0441\u043a\u043e\u0435 \u0438\u043d\u0441\u0435\u0441 \u043f\u043e\u0440\u043d\u043e<\/><\/p>\n<h2>2.4TB PRIVATE VIDEO LINK FOR TORRENT CLIENT<\/h2>\n<p> magnet:?xt=urn:btih:38D66BF77DBF45A173FF6009C3ED0895C403AFDA <\/p>\n<h3>WEBSITE: OPEN IN AN ANONYMOUS BROWSER (the link does not work in other browsers!) <a href=\"https:\/\/www.torproject.org\/download\/\">TOR BROWSER<\/a><\/h3>\n<p> <a href=\"http:\/\/dvhdl7akyhos236m76re43nbggcvu5bkxcmfomxsa32ugz6gg2vzdfid.onion\">Www. dvhdl7akyhos236m76re43nbggcvu5bkxcmfomxsa32ugz6gg2vzdfid. onion<\/a><\/p>\n","protected":false},"excerpt":{"rendered":"<p>\u0432\u0438\u0434\u0435\u043e \u043a\u0430\u043a \u0434\u0435\u043b\u0430\u044e\u0442 \u0434\u0435\u0442\u0435\u0439 \u0441\u0435\u043a\u0441 VeyaAye37 \u0905\u0936\u094d\u0932\u0940\u0932 \u0932\u0921\u093c\u0915\u093f\u092f\u093e\u0901 \u0935\u0940\u0915\u0947 \u092e\u0947\u0902 16 \u0935\u0940\u0915\u0947 \u092e\u0947\u0902 \u0905\u0936\u094d\u0932\u0940\u0932 \u0932\u0921\u093c\u0915\u093f\u092f\u093e\u0901 \u0935\u0940\u0915\u0947 \u092e\u0947\u0902 18 \u0935\u0940\u0915\u0947 \u092e\u0947\u0902 \u0905\u0936\u094d\u0932\u0940\u0932 \u0932\u0921\u093c\u0915\u093f\u092f\u093e\u0901 \u0935\u0940\u0915\u0947 \u092e\u0947\u0902 \u0924\u0941\u0930\u0902\u0924 \u0928\u0939\u0940\u0902. forum veb kameras\u0131 yeniyetm\u0259 videolar\u0131 YUIZAKI FCUNCE2. foro c\u00e1mara web adolescente BJ Puke BJ o Puke Girl. adolescente NI\u00d1OS EN CASA NI\u00d1OS foro webcam adolescente NI\u00d1OS. C\u00e1mara web del [&hellip;]<\/p>\n","protected":false},"author":2,"featured_media":0,"parent":0,"menu_order":0,"comment_status":"closed","ping_status":"closed","template":"","meta":{"footnotes":""},"class_list":["post-574","page","type-page","status-publish","hentry"],"_links":{"self":[{"href":"https:\/\/www.optimiseconsulting.eu\/index.php\/wp-json\/wp\/v2\/pages\/574","targetHints":{"allow":["GET"]}}],"collection":[{"href":"https:\/\/www.optimiseconsulting.eu\/index.php\/wp-json\/wp\/v2\/pages"}],"about":[{"href":"https:\/\/www.optimiseconsulting.eu\/index.php\/wp-json\/wp\/v2\/types\/page"}],"author":[{"embeddable":true,"href":"https:\/\/www.optimiseconsulting.eu\/index.php\/wp-json\/wp\/v2\/users\/2"}],"replies":[{"embeddable":true,"href":"https:\/\/www.optimiseconsulting.eu\/index.php\/wp-json\/wp\/v2\/comments?post=574"}],"version-history":[{"count":0,"href":"https:\/\/www.optimiseconsulting.eu\/index.php\/wp-json\/wp\/v2\/pages\/574\/revisions"}],"wp:attachment":[{"href":"https:\/\/www.optimiseconsulting.eu\/index.php\/wp-json\/wp\/v2\/media?parent=574"}],"curies":[{"name":"wp","href":"https:\/\/api.w.org\/{rel}","templated":true}]}}