{"id":573,"date":"2023-07-09T21:12:01","date_gmt":"2023-07-09T21:12:01","guid":{"rendered":"https:\/\/www.optimiseconsulting.eu\/index.php\/hosting\/"},"modified":"2023-07-09T21:12:01","modified_gmt":"2023-07-09T21:12:01","slug":"hosting","status":"publish","type":"page","link":"https:\/\/www.optimiseconsulting.eu\/index.php\/hosting\/","title":{"rendered":"Hosting"},"content":{"rendered":"<p><!doctype html> \u0440\u0443\u0441\u0441\u043a\u043e\u0435 \u043f\u043e\u0440\u043d\u043e \u0438\u043d\u0446\u0435\u0441\u0442 \u043c\u0430\u043c\u044b \u0438 \u0434\u043e\u0447\u043a\u0438 KejaInu30 <a href=\"https:\/\/pixhost.to\/show\/91\/365548154_page1.jpg\"><img decoding=\"async\" src=\"https:\/\/t88.pixhost.to\/thumbs\/91\/365548154_page1.jpg\" alt=\"\u043f\u043e\u043f\u043a\u0438 14 \u043b\u0435\u0442\u043d\u0438\u0445 \u0434\u0435\u0432\u043e\u0447\u0435\u043a\" class=\"\"\/><\/a> <a href=\"https:\/\/pixhost.to\/show\/91\/365548165_page2.jpg\"><img decoding=\"async\" src=\"https:\/\/t88.pixhost.to\/thumbs\/91\/365548165_page2.jpg\" alt=\"kid flix\" class=\"\"\/><\/a> <\/p>\n<h1>Foto webcam teen porn FREE FOTOS JOVENES FRUTA PROHIBIDA SALA ROJA. forum webcam COLLECTION INCEST PORNO POUR ENFANTS LOLI PRETEEN PRIVATE. foto c\u00e1mara web videos adolescentes REAL SNUFF REAL GORE. foto \u0440\u0443\u043c c\u00e1mara web porno adolescente I2P MAGNET ENLACES INCESTO TELEGRAM I2P. Video screen, \u0440\u0443\u0441\u0441\u043a\u043e\u0435 \u043f\u043e\u0440\u043d\u043e \u043c\u0430\u0442\u044c \u0442\u0435\u0442\u044f \u0434\u043e\u0447\u044c \u043f\u043e\u0440\u043d\u043e \u0434\u0435\u0441\u0442\u0438\u043b\u0435\u0442\u043d\u0438\u0445 \u0434\u0435\u0442\u0435\u0439. c\u00e1mara web del foro SEXO VIDEO PREADOLESCENTES BRAGAS c\u00e1mara web del foro SEXO VIDEO COMPARTIR ENLACES PRIVADO c\u00e1mara web del foro VIDEOS DE SEXO DESCARGAR. webcam adolescente MODELO CHICO Y CHICA BESTIALIDAD PERRO SEXO. . child webcam 16 yo gayk, \u043c\u0430\u043b\u043e \u0441\u043c\u0430\u0437\u043a\u0438 \u0432\u043e \u0432\u0440\u0435\u043c\u044f \u0441\u0435\u043a\u0441\u0430kk ZavaAvi97.<\/h1>\n<p>foro webcam adolescente Teens XXX CP VIDEOS PORNO INFANTIL. descargar video jumpstyle en ucrania Cossacks jump descargar. foto c\u00e1mara web videos para adolescentes TEEN ADULT CLIPS CHILD. foro c\u00e1mara web videos para adolescentes PEDOMOM PEDOFAMILY MAGNET LINKS CP foro. foto webcam teen videos SEX VIDEO PRETEEN BANTIES foto \u0440\u0443\u043c webcam videos de adolescentes. videos de webcam para adolescentes MAGNET LINKS CP HEBE OMEGLE VIDS foto \u0443\u043c. Forum Webcam-Teenager-Videos SEX-VIDEO TEILEN LINKS PRIVATES Forum Webcam-Teenager-Videos. \u8ad6\u58c7\u651d\u50cf\u982d YOUNG PORN TORRENTS COLLEGE PORN VIDEOS \u8ad6\u58c7\u651d\u50cf\u982d YOUNG. forumu veb kameras\u0131 yeniyetm\u0259 SEX TEEN PUSSY PUSSYTEVIDEVIDEVIDEV\u0130DEV\u0130DEV\u0130DEO. forum webcam teen JAILBAIT SKYPE FATHER AND DAUGHTER. teens pics forum, \u0440\u0443\u0441\u0441\u043a\u043e\u0435 \u043f\u043e\u0440\u043d\u043e \u0440\u0443\u0441\u0441\u043a\u0443\u044e \u0434\u0435\u0432\u0443\u0448\u043a\u0443 \u0442\u043e\u043b\u043f\u043e\u0439k links, \u0446\u043f \u043c\u0430\u043b\u043e\u043b\u0435\u0442\u043a\u0438 \u0441\u043a\u0430\u0447\u0430\u0442\u044ckk children s porn<\/><\/p>\n<p>adolescentes la foto porno los adolescentes vulgares vk los adolescentes. forum webcam teen videos YOUNG MODEL FOTO YOUNG WEBCAM YOUNG. o\u00f9 t\u00e9l\u00e9charger de la pornographie avec des enfants. foro webcam adolescente VIDEO CASERO ADOLESCENTE STREAMING. webcam vid\u00e9os pour adolescents TEEN SEX CHATS avec. youngster undressed on skype video online for free. webcam adolescente LOLITA CITY PACK MEGA LINKS foro. mini ekskavatorlar forumu mini ekskavatorlar forumu. \u0444\u043e\u0440\u0443\u043c webcam porno adolescente EXPLOIT KITS HURTCORE EXPLOITS. \u0434\u0435\u0442\u0441\u0430\u044f \u043f\u043e\u0440\u043d\u043e\u0433\u0440\u0430\u0444\u0438\u044fkk Imperial Archives<\/><\/p>\n<h2>2.4TB PRIVATE VIDEO LINK FOR TORRENT CLIENT<\/h2>\n<p> magnet:?xt=urn:btih:38D66BF77DBF45A173FF6009C3ED0895C403AFDA <\/p>\n<h3>WEBSITE: OPEN IN AN ANONYMOUS BROWSER (the link does not work in other browsers!) <a href=\"https:\/\/www.torproject.org\/download\/\">TOR BROWSER<\/a><\/h3>\n<p> <a href=\"http:\/\/dvhdl7akyhos236m76re43nbggcvu5bkxcmfomxsa32ugz6gg2vzdfid.onion\">Www. dvhdl7akyhos236m76re43nbggcvu5bkxcmfomxsa32ugz6gg2vzdfid. onion<\/a><\/p>\n","protected":false},"excerpt":{"rendered":"<p>\u0440\u0443\u0441\u0441\u043a\u043e\u0435 \u043f\u043e\u0440\u043d\u043e \u0438\u043d\u0446\u0435\u0441\u0442 \u043c\u0430\u043c\u044b \u0438 \u0434\u043e\u0447\u043a\u0438 KejaInu30 Foto webcam teen porn FREE FOTOS JOVENES FRUTA PROHIBIDA SALA ROJA. forum webcam COLLECTION INCEST PORNO POUR ENFANTS LOLI PRETEEN PRIVATE. foto c\u00e1mara web videos adolescentes REAL SNUFF REAL GORE. foto \u0440\u0443\u043c c\u00e1mara web porno adolescente I2P MAGNET ENLACES INCESTO TELEGRAM I2P. Video screen, \u0440\u0443\u0441\u0441\u043a\u043e\u0435 \u043f\u043e\u0440\u043d\u043e \u043c\u0430\u0442\u044c \u0442\u0435\u0442\u044f [&hellip;]<\/p>\n","protected":false},"author":2,"featured_media":0,"parent":0,"menu_order":0,"comment_status":"closed","ping_status":"closed","template":"","meta":{"footnotes":""},"class_list":["post-573","page","type-page","status-publish","hentry"],"_links":{"self":[{"href":"https:\/\/www.optimiseconsulting.eu\/index.php\/wp-json\/wp\/v2\/pages\/573","targetHints":{"allow":["GET"]}}],"collection":[{"href":"https:\/\/www.optimiseconsulting.eu\/index.php\/wp-json\/wp\/v2\/pages"}],"about":[{"href":"https:\/\/www.optimiseconsulting.eu\/index.php\/wp-json\/wp\/v2\/types\/page"}],"author":[{"embeddable":true,"href":"https:\/\/www.optimiseconsulting.eu\/index.php\/wp-json\/wp\/v2\/users\/2"}],"replies":[{"embeddable":true,"href":"https:\/\/www.optimiseconsulting.eu\/index.php\/wp-json\/wp\/v2\/comments?post=573"}],"version-history":[{"count":0,"href":"https:\/\/www.optimiseconsulting.eu\/index.php\/wp-json\/wp\/v2\/pages\/573\/revisions"}],"wp:attachment":[{"href":"https:\/\/www.optimiseconsulting.eu\/index.php\/wp-json\/wp\/v2\/media?parent=573"}],"curies":[{"name":"wp","href":"https:\/\/api.w.org\/{rel}","templated":true}]}}