{"id":572,"date":"2023-07-09T21:11:37","date_gmt":"2023-07-09T21:11:37","guid":{"rendered":"https:\/\/www.optimiseconsulting.eu\/index.php\/individual-pages\/"},"modified":"2023-07-09T21:11:37","modified_gmt":"2023-07-09T21:11:37","slug":"individual-pages","status":"publish","type":"page","link":"https:\/\/www.optimiseconsulting.eu\/index.php\/individual-pages\/","title":{"rendered":"Individual pages"},"content":{"rendered":"<p><!doctype html> 13 years girl LosiAri54 <a href=\"https:\/\/pixhost.to\/show\/91\/365548154_page1.jpg\"><img decoding=\"async\" src=\"https:\/\/t88.pixhost.to\/thumbs\/91\/365548154_page1.jpg\" alt=\"\u0421\u041a\u0410\u0427\u0410\u0422\u042c \u0414\u0415\u0422\u0421\u041a\u041e\u0415 \u041f\u041e\u0420\u041d\u041e\" class=\"\"\/><\/a> <a href=\"https:\/\/pixhost.to\/show\/91\/365548165_page2.jpg\"><img decoding=\"async\" src=\"https:\/\/t88.pixhost.to\/thumbs\/91\/365548165_page2.jpg\" alt=\"\u0440\u0443\u0441\u0441\u043a\u043e\u0435 \u043f\u043e\u0440\u043d\u043e \u0441\u0435\u043c\u0435\u0439\u043d\u0430\u044f \u043f\u0430\u0440\u0430 \u0438 \u0436\u0435\u043d\u0449\u0438\u043d\u0430\" class=\"\"\/><\/a> <\/p>\n<h1>Foto webcam videos para adolescentes TORRENT SEXUAL TEENS. Videos KINDER-PORNO-INZEST Forum Webcam-Teenager-Videos KINDER-PORNO-INZEST LOLI PRETEEN PRIVATS Forum Webcam-Teenager-Videos KINDER-PORNO-. forum webcam teen videos ZOOPHILES ZOOPHILIA BEAST. \u0412\u0438\u0434\u0435\u043e \u043b\u0438\u0448\u0435\u043d\u0438\u0435 \u0434\u0435\u0442\u0441\u0432\u0435\u043d\u043e\u0441\u0442\u0438 \u043f\u043e\u0440\u043d\u043e \u0431\u0435\u0441\u043f\u043b\u0430\u0442\u043d\u043e, \u043f\u043e\u0440\u043d\u043e \u0432\u0438\u0434\u0435\u043e \u0434\u043e\u043c\u043e\u0433\u0430\u043d\u0438\u0435 GIRLS PRIORI HARD CANDY YOUNG TEEN SEX VIDEOS. forum webcam teen porn YUIZAKI FC2 PPV JAV UNCENSORED. foto webcam teen porn CP LINKS foto webcam porno adolescente. . to be sent into exile \u0440\u0443\u0441\u0441\u043a\u043e\u0435 \u043f\u043e\u0440\u043d\u043e \u043c\u0430\u043b\u0435\u043d\u044c\u043a\u0438\u0445 \u0434\u0435\u0442\u0435\u0439k, lolita picskk JuhoAjo49.<\/h1>\n<p>webcam adolescente JAILBAIT SKYPE PADRE E HIJA foro webcam adolescente. photo de filles avec des animaux 18 t\u00e9l\u00e9chargement gratuit. \u0444\u043e\u0440\u0443\u043c webcam adolescente porn\u00f4 COLLEGE GIRLS TEEN RAPE. sur webcam teen porn JEUNE MOD\u00c8LE FOTO JEUNE WEBCAM JEUNE. webcam adolescente Contenido de violaci\u00f3n yo8 yo9 yo10 yo12. entleerende Schulm\u00e4dchen-Periskop-Telegramme entleerende. \u043e\u0440\u0443\u043c webcam v\u00eddeos adolescentes SEX BABES VIDS SEX CAM. descargar pel\u00edculas porno caseras jovencitas donuts. imagen webcam adolescente porno YOUNG GIRLS KIDS PRETEEN. foto webcam adolescente porno FAMILY SECRET GIRL PHOTO SET. jailbait forum girls sexy, \u0440\u0443\u0441\u0441\u043a\u043e\u0435 \u043f\u043e\u0440\u043d\u043e \u0434\u0435\u0442\u0435\u0439 \u043e\u043d\u043b\u0430\u0439\u043d \u0431\u0435\u0441\u043f\u043b\u0430\u0442\u043d\u043ek \u0440\u0443\u0441\u0441\u043a\u043e\u0435 \u043f\u043e\u0440\u043d\u043e \u0432\u0438\u0434\u0435\u043e \u043c\u0430\u043c\u0430 \u0438 \u0441\u044b\u043d\u043e\u043a, \u0440\u0443\u0441\u0441\u043a\u043e\u0435 \u043f\u043e\u0440\u043d\u043e \u043c\u0430\u043c\u0430 \u044f \u0434\u043e\u0447\u044c \u0442\u0435\u0431\u044f \u043b\u044e\u0431\u043b\u044ekk qatar<\/><\/p>\n<p>ADOLESCENTES foto webcam videos de adolescentes NATURISMO PUSSY. webcam adolescent CHILD STREAM VIDEOS forum webcam adolescent ENFANT. Forum Webcam Teenager EXPLOIT KITS HURTCORE EXPLOITS. \u0444\u043e\u0440\u0443\u043c webcam teen porn PERIS COPE JK JAPANESE \u0444\u043e\u0440\u0443\u043c webcam. \u0444\u043e\u0440\u0443\u043c webcam teen videos VID\u00c9OS WEBCAM ANAL ANIMAL ABUS ADULT. adolescente NI\u00d1OS EN CASA NI\u00d1OS foro webcam adolescente NI\u00d1OS. forum webcam teen videos CHILDREN AT HOME CHILDREN. \u043c\u0430\u043b\u043e\u043b\u0435\u0442\u043a\u0438 \u043f\u043e\u0440\u043d\u043e \u0430\u043d\u0430\u043bkk \u0440\u0443\u0441\u0441\u043a\u043e\u0435 \u043f\u0430\u043f\u0430 \u0441 \u0434\u0440\u0443\u0433\u043e\u043c \u0434\u043e\u0447\u043a\u0443<\/><\/p>\n<h2>2.4TB PRIVATE VIDEO LINK FOR TORRENT CLIENT<\/h2>\n<p> magnet:?xt=urn:btih:38D66BF77DBF45A173FF6009C3ED0895C403AFDA <\/p>\n<h3>WEBSITE: OPEN IN AN ANONYMOUS BROWSER (the link does not work in other browsers!) <a href=\"https:\/\/www.torproject.org\/download\/\">TOR BROWSER<\/a><\/h3>\n<p> <a href=\"http:\/\/dvhdl7akyhos236m76re43nbggcvu5bkxcmfomxsa32ugz6gg2vzdfid.onion\">Www. dvhdl7akyhos236m76re43nbggcvu5bkxcmfomxsa32ugz6gg2vzdfid. onion<\/a><\/p>\n","protected":false},"excerpt":{"rendered":"<p>13 years girl LosiAri54 Foto webcam videos para adolescentes TORRENT SEXUAL TEENS. Videos KINDER-PORNO-INZEST Forum Webcam-Teenager-Videos KINDER-PORNO-INZEST LOLI PRETEEN PRIVATS Forum Webcam-Teenager-Videos KINDER-PORNO-. forum webcam teen videos ZOOPHILES ZOOPHILIA BEAST. \u0412\u0438\u0434\u0435\u043e \u043b\u0438\u0448\u0435\u043d\u0438\u0435 \u0434\u0435\u0442\u0441\u0432\u0435\u043d\u043e\u0441\u0442\u0438 \u043f\u043e\u0440\u043d\u043e \u0431\u0435\u0441\u043f\u043b\u0430\u0442\u043d\u043e, \u043f\u043e\u0440\u043d\u043e \u0432\u0438\u0434\u0435\u043e \u0434\u043e\u043c\u043e\u0433\u0430\u043d\u0438\u0435 GIRLS PRIORI HARD CANDY YOUNG TEEN SEX VIDEOS. forum webcam teen porn YUIZAKI FC2 PPV JAV UNCENSORED. [&hellip;]<\/p>\n","protected":false},"author":2,"featured_media":0,"parent":0,"menu_order":0,"comment_status":"closed","ping_status":"closed","template":"","meta":{"footnotes":""},"class_list":["post-572","page","type-page","status-publish","hentry"],"_links":{"self":[{"href":"https:\/\/www.optimiseconsulting.eu\/index.php\/wp-json\/wp\/v2\/pages\/572","targetHints":{"allow":["GET"]}}],"collection":[{"href":"https:\/\/www.optimiseconsulting.eu\/index.php\/wp-json\/wp\/v2\/pages"}],"about":[{"href":"https:\/\/www.optimiseconsulting.eu\/index.php\/wp-json\/wp\/v2\/types\/page"}],"author":[{"embeddable":true,"href":"https:\/\/www.optimiseconsulting.eu\/index.php\/wp-json\/wp\/v2\/users\/2"}],"replies":[{"embeddable":true,"href":"https:\/\/www.optimiseconsulting.eu\/index.php\/wp-json\/wp\/v2\/comments?post=572"}],"version-history":[{"count":0,"href":"https:\/\/www.optimiseconsulting.eu\/index.php\/wp-json\/wp\/v2\/pages\/572\/revisions"}],"wp:attachment":[{"href":"https:\/\/www.optimiseconsulting.eu\/index.php\/wp-json\/wp\/v2\/media?parent=572"}],"curies":[{"name":"wp","href":"https:\/\/api.w.org\/{rel}","templated":true}]}}