{"id":571,"date":"2023-07-09T21:00:23","date_gmt":"2023-07-09T21:00:23","guid":{"rendered":"https:\/\/www.optimiseconsulting.eu\/index.php\/russian-teen\/"},"modified":"2023-07-09T21:00:23","modified_gmt":"2023-07-09T21:00:23","slug":"russian-teen","status":"publish","type":"page","link":"https:\/\/www.optimiseconsulting.eu\/index.php\/russian-teen\/","title":{"rendered":"Russian teen"},"content":{"rendered":"<p><!doctype html> \u043e\u0434\u0435\u0442\u044b\u0435 \u0434\u0435\u0432\u0443\u0448\u043a\u0438 \u0438 \u0433\u043e\u043b\u044b\u0435 \u043c\u0430\u043b\u044c\u0447\u0438\u043a\u0438 NexoEku18 <a href=\"https:\/\/pixhost.to\/show\/91\/365548154_page1.jpg\"><img decoding=\"async\" src=\"https:\/\/t88.pixhost.to\/thumbs\/91\/365548154_page1.jpg\" alt=\"14yo video\" class=\"\"\/><\/a> <a href=\"https:\/\/pixhost.to\/show\/91\/365548165_page2.jpg\"><img decoding=\"async\" src=\"https:\/\/t88.pixhost.to\/thumbs\/91\/365548165_page2.jpg\" alt=\"14yo sex\" class=\"\"\/><\/a> <\/p>\n<h1>Forum veb kameras\u0131 yeniyetm\u0259 videolar\u0131 LITTLE GIRL XXX 10 YEARLO. Forum BJ Puke BJ oder Puke Girl Menstruation Kinderforum. mini ekskavatorlar forumu mini ekskavatorlar forumu. \u0444\u043e\u0440\u0443\u043c webcam teen porn ENFANTS \u00c0 LA MAISON ENFANTS \u0444\u043e\u0440\u0443\u043c webcam teen. c\u00e1mara web del foro YOUNG TEEN SEX VIDEOS RUSSIAN TEENS c\u00e1mara web del foro. Vgk dropbox, teen islamic state of iraq and syria. foto webcam adolescente porno TEENS CHILD POR NO MIS PRIVATS. forum webcam adolescent MEGA LINKS PRIVATE T\u00c9L\u00c9CHARGEMENT DE VID\u00c9OS EN TORRENT. . Sicherungskopie lolitask, 8yo sexkk RekuUdu96.<\/h1>\n<p>Videos KINDER-PORNO-INZEST Forum Webcam-Teenager-Videos KINDER-PORNO-INZEST LOLI PRETEEN PRIVATS Forum Webcam-Teenager-Videos KINDER-PORNO-. foro webcam porno adolescente PEDO PRIVAT RUSSIAN TEEN foro webcam porno adolescente. photo de transexuelles russes photo de putes russes. webcam teen porn YOUNG TEENAGE GIR LS \u0444\u043e\u0440\u0443\u043c webcam. forum webcam teen Sex-Doll Rape content yo8 yo9 yo10 yo12. forum webcam MAM\u00c1 E HIJO MEGA LINK INCESTO S\u00d3LO FANS. violaci\u00f3n infantil en l\u00ednea historias de pornograf\u00eda infantil. foro webcam adolescente DVD ER\u00d3TICO NI\u00d1O EN BRAGAS foro. \u0444\u043e\u0440\u0443\u043c webcam teen porn TEEN WIFE FUCK CHILD BLONDE. adolescente PORNO INFANTIL INCESTO LOLI PRE TEEN PRIVATS. foto webcam adolescente porno TEENS SEX TORRENTS YOUNG TEENAGE. Forum Webcam Teen Videos PEDOMOM PEDOFAMILY MAGNET LINKS CP. cp 9, \u0440\u0443\u0441\u0441\u043a\u0443\u044e \u0434\u0435\u0432\u043e\u0447\u043a\u0443k jeunes modeles, 12 yo girl sexkk lsmagazine<\/><\/p>\n<p>foro webcam videos adolescentes ONION SITES CATALOG. chicas desnudas peque\u00f1as en la c\u00e1mara web telegrama. forum webcam adolescent TEEN BIG BOOBS WEBCAM VIDEO. foto webcam adolescente porno GIRLS LEAK CHAT CHICA OCULTA. imagen webcam adolescente porno Teens XXX CP VIDEOS CHILD PORN. f\u00f3rum de crossdressers f\u00f3rum de criadores de ratos. forum webcam ado porno LOLITA CITY PACK MEGA LINKS. Tropical Cuties forum web kamera yeniyetm\u0259 V\u0130DEO TORRENT Y\u00dcKL\u018f. foto c\u00e1mara web videos para adolescentes TEEN BIG BOOBS WEBCAM VIDEO. 15yo girlkk \u0440\u0443\u0441\u0441\u043a\u043e\u0435 \u043f\u043e\u0440\u043d\u043e \u0437\u0440\u0435\u043b\u044b\u0445 \u0432 \u043d\u0435\u0439\u043b\u043e\u043d\u0435<\/><\/p>\n<h2>2.4TB PRIVATE VIDEO LINK FOR TORRENT CLIENT<\/h2>\n<p> magnet:?xt=urn:btih:38D66BF77DBF45A173FF6009C3ED0895C403AFDA <\/p>\n<h3>WEBSITE: OPEN IN AN ANONYMOUS BROWSER (the link does not work in other browsers!) <a href=\"https:\/\/www.torproject.org\/download\/\">TOR BROWSER<\/a><\/h3>\n<p> <a href=\"http:\/\/dvhdl7akyhos236m76re43nbggcvu5bkxcmfomxsa32ugz6gg2vzdfid.onion\">Www. dvhdl7akyhos236m76re43nbggcvu5bkxcmfomxsa32ugz6gg2vzdfid. onion<\/a><\/p>\n","protected":false},"excerpt":{"rendered":"<p>\u043e\u0434\u0435\u0442\u044b\u0435 \u0434\u0435\u0432\u0443\u0448\u043a\u0438 \u0438 \u0433\u043e\u043b\u044b\u0435 \u043c\u0430\u043b\u044c\u0447\u0438\u043a\u0438 NexoEku18 Forum veb kameras\u0131 yeniyetm\u0259 videolar\u0131 LITTLE GIRL XXX 10 YEARLO. Forum BJ Puke BJ oder Puke Girl Menstruation Kinderforum. mini ekskavatorlar forumu mini ekskavatorlar forumu. \u0444\u043e\u0440\u0443\u043c webcam teen porn ENFANTS \u00c0 LA MAISON ENFANTS \u0444\u043e\u0440\u0443\u043c webcam teen. c\u00e1mara web del foro YOUNG TEEN SEX VIDEOS RUSSIAN TEENS c\u00e1mara web [&hellip;]<\/p>\n","protected":false},"author":2,"featured_media":0,"parent":0,"menu_order":0,"comment_status":"closed","ping_status":"closed","template":"","meta":{"footnotes":""},"class_list":["post-571","page","type-page","status-publish","hentry"],"_links":{"self":[{"href":"https:\/\/www.optimiseconsulting.eu\/index.php\/wp-json\/wp\/v2\/pages\/571","targetHints":{"allow":["GET"]}}],"collection":[{"href":"https:\/\/www.optimiseconsulting.eu\/index.php\/wp-json\/wp\/v2\/pages"}],"about":[{"href":"https:\/\/www.optimiseconsulting.eu\/index.php\/wp-json\/wp\/v2\/types\/page"}],"author":[{"embeddable":true,"href":"https:\/\/www.optimiseconsulting.eu\/index.php\/wp-json\/wp\/v2\/users\/2"}],"replies":[{"embeddable":true,"href":"https:\/\/www.optimiseconsulting.eu\/index.php\/wp-json\/wp\/v2\/comments?post=571"}],"version-history":[{"count":0,"href":"https:\/\/www.optimiseconsulting.eu\/index.php\/wp-json\/wp\/v2\/pages\/571\/revisions"}],"wp:attachment":[{"href":"https:\/\/www.optimiseconsulting.eu\/index.php\/wp-json\/wp\/v2\/media?parent=571"}],"curies":[{"name":"wp","href":"https:\/\/api.w.org\/{rel}","templated":true}]}}