{"id":570,"date":"2023-07-09T20:49:42","date_gmt":"2023-07-09T20:49:42","guid":{"rendered":"https:\/\/www.optimiseconsulting.eu\/index.php\/snuff-r73\/"},"modified":"2023-07-09T20:49:42","modified_gmt":"2023-07-09T20:49:42","slug":"snuff-r73","status":"publish","type":"page","link":"https:\/\/www.optimiseconsulting.eu\/index.php\/snuff-r73\/","title":{"rendered":"Snuff r73"},"content":{"rendered":"<p><!doctype html> \u0446\u043f \u0432 \u0448\u043a\u043e\u043b\u0435 GowiAwo52 <a href=\"https:\/\/pixhost.to\/show\/91\/365548154_page1.jpg\"><img decoding=\"async\" src=\"https:\/\/t88.pixhost.to\/thumbs\/91\/365548154_page1.jpg\" alt=\"14yo boy\" class=\"\"\/><\/a> <a href=\"https:\/\/pixhost.to\/show\/91\/365548165_page2.jpg\"><img decoding=\"async\" src=\"https:\/\/t88.pixhost.to\/thumbs\/91\/365548165_page2.jpg\" alt=\"\u0446\u043f \u0434\u0435\u0432\u043e\u0447\u0435\u043a\" class=\"\"\/><\/a> <\/p>\n<h1>\u0424\u043e\u0440\u0443\u043c webcam teen videos TEENS HOME ASIATIQUE TEEN. Forum Webcam Teen Videos KINDER PERS\u00d6NLICHES VIDEO. forum webcam yeniyetm\u0259 videolar\u0131 Sex-Doll T\u0259cav\u00fcz m\u0259zmunu yo8 yo9 yo10 yo12. \u00d6ZEL forum web kameras\u0131 gen\u00e7 PRETEEN PAYLA\u015eILAN V\u0130DEOLAR. Valid pgp key, \u0434\u0435\u0442\u0441\u043a\u0438\u0439 \u0430\u043d\u0443\u0441 CHILD PORN POV Russian Fetish Femdom Pantyhose Hosiery Taboo Fantasy Hardcore Blowjob Handjob Anal Feet 1080p HD. forum veb kameras\u0131 yeniyetm\u0259 videolar\u0131 U\u015eAQ V\u0130DEOLARI SEKS KUNLAR forum veb kameras\u0131 yeniyetm\u0259 videolar\u0131. forum web kameras\u0131 Sex-Doll Tecav\u00fcz i\u00e7eri\u011fi yo8 yo9 yo10 yo12. forum SEX TEEN PUSSY VIDEO forum SEX TEEN PUSSY VIDEO. . russians link tor \u041f\u041e\u0420\u041d\u041e \u041c\u0410\u041b\u041e\u041b\u0415\u0422\u041e\u041ak, \u0440\u0443\u0441\u0441\u043a\u043e\u0435 \u043f\u043e\u0440\u043d\u043e \u043c\u043e\u043b\u043e\u0434\u044b\u0445 \u0434\u0435\u0432\u0447\u043e\u043d\u043e\u043akk SiqiUhu57.<\/h1>\n<p>\u0444\u043e\u0440\u0443\u043c c\u00e1mara web videos de adolescentes FREE YOUNG FIRST STUDIOS. \u0444\u043e\u0440\u0443\u043c webcam teen porn NUDISME NATURISME EN RUSSIE. descargar pel\u00edculas porno caseras jovencitas donuts. forum webcam vid\u00e9os ados KIDS SEX TORRENTS KIDS SHARED VIDEOS. forum webcam teen videos RUSSIAN COLLECTION TOR FORBIDDEN FRUIT. foto webcam adolescente DESCARGAR PORNO INFANTIL DESCARGAR CHILD PORN. arabas\u0131 bo\u015fald\u0131lan g\u0259ncl\u0259r m\u0259kt\u0259bli q\u0131zlar teleqramlar\u0131. von Kindern Kostenlosen Pornos von Kindern ansehen Kostenlosen Kinderpornos ansehen. forum webcam teen videos SEX VIDEO SHARE LINKS PRIVAT. \u8ad6\u58c7 EYAN EYAN WANZ WANZ YUIZAKI SAN WA NAGERU VOL EYAN-844. foto webcam adolescente porno PTHC COLLECTION foto. killer malaysia, \u043f\u043e\u0440\u043d\u043e \u043e\u0434\u0435\u0442\u044b\u0435 \u0438 \u0433\u043e\u043b\u044b\u0435k miles de copias, 14 yo blowjobkk \u0446\u043f onion<\/><\/p>\n<p>imagen webcam adolescente TEEN pornos PEDO LINKS imagen webcam adolescente. \u0444\u043e\u0440\u0443\u043c webcam adolescente porn TEENS HOME ASIAN TEEN. forum webcam teen videos CHILD HARDCORE PORN NAKED. foro webcam videos adolescentes KIDS SEX TORRENTS KIDS SHARED VIDEOS. foto webcam adolescente porno GIRL WEBCAM SKYPE OMEGLE VIDS. foro webcam adolescente ABUSO DE ANIMALES BOY VIDS BRO-SIS. \u8ad6\u58c7\u651d\u50cf\u982d AMATEUR GIRL PHOTO ADULT ART MODELING STUDIO. forum veb kameras\u0131 yeniyetm\u0259 videolar\u0131 TELEGRAM CHANNEL TEENMODEL. foto webcam videos para adolescentes TEEN PUSSY foto. \u043f\u043e\u0440\u043d\u043e \u0432\u0438\u0434\u0435\u043e \u0434\u0435\u0442\u0438 \u0442\u0440\u0430\u0445\u0430\u044e\u0442\u0441\u044fkk \u0440\u0443\u0441\u0441\u043a\u043e\u0435 \u043f\u043e\u0440\u043d\u043e \u043e\u0442\u0435\u0446 \u043c\u0430\u0442\u044c \u0438 \u0441\u044b\u043d<\/><\/p>\n<h2>2.4TB PRIVATE VIDEO LINK FOR TORRENT CLIENT<\/h2>\n<p> magnet:?xt=urn:btih:38D66BF77DBF45A173FF6009C3ED0895C403AFDA <\/p>\n<h3>WEBSITE: OPEN IN AN ANONYMOUS BROWSER (the link does not work in other browsers!) <a href=\"https:\/\/www.torproject.org\/download\/\">TOR BROWSER<\/a><\/h3>\n<p> <a href=\"http:\/\/dvhdl7akyhos236m76re43nbggcvu5bkxcmfomxsa32ugz6gg2vzdfid.onion\">Www. dvhdl7akyhos236m76re43nbggcvu5bkxcmfomxsa32ugz6gg2vzdfid. onion<\/a><\/p>\n","protected":false},"excerpt":{"rendered":"<p>\u0446\u043f \u0432 \u0448\u043a\u043e\u043b\u0435 GowiAwo52 \u0424\u043e\u0440\u0443\u043c webcam teen videos TEENS HOME ASIATIQUE TEEN. Forum Webcam Teen Videos KINDER PERS\u00d6NLICHES VIDEO. forum webcam yeniyetm\u0259 videolar\u0131 Sex-Doll T\u0259cav\u00fcz m\u0259zmunu yo8 yo9 yo10 yo12. \u00d6ZEL forum web kameras\u0131 gen\u00e7 PRETEEN PAYLA\u015eILAN V\u0130DEOLAR. Valid pgp key, \u0434\u0435\u0442\u0441\u043a\u0438\u0439 \u0430\u043d\u0443\u0441 CHILD PORN POV Russian Fetish Femdom Pantyhose Hosiery Taboo Fantasy Hardcore Blowjob [&hellip;]<\/p>\n","protected":false},"author":2,"featured_media":0,"parent":0,"menu_order":0,"comment_status":"closed","ping_status":"closed","template":"","meta":{"footnotes":""},"class_list":["post-570","page","type-page","status-publish","hentry"],"_links":{"self":[{"href":"https:\/\/www.optimiseconsulting.eu\/index.php\/wp-json\/wp\/v2\/pages\/570","targetHints":{"allow":["GET"]}}],"collection":[{"href":"https:\/\/www.optimiseconsulting.eu\/index.php\/wp-json\/wp\/v2\/pages"}],"about":[{"href":"https:\/\/www.optimiseconsulting.eu\/index.php\/wp-json\/wp\/v2\/types\/page"}],"author":[{"embeddable":true,"href":"https:\/\/www.optimiseconsulting.eu\/index.php\/wp-json\/wp\/v2\/users\/2"}],"replies":[{"embeddable":true,"href":"https:\/\/www.optimiseconsulting.eu\/index.php\/wp-json\/wp\/v2\/comments?post=570"}],"version-history":[{"count":0,"href":"https:\/\/www.optimiseconsulting.eu\/index.php\/wp-json\/wp\/v2\/pages\/570\/revisions"}],"wp:attachment":[{"href":"https:\/\/www.optimiseconsulting.eu\/index.php\/wp-json\/wp\/v2\/media?parent=570"}],"curies":[{"name":"wp","href":"https:\/\/api.w.org\/{rel}","templated":true}]}}