{"id":569,"date":"2023-07-09T20:46:15","date_gmt":"2023-07-09T20:46:15","guid":{"rendered":"https:\/\/www.optimiseconsulting.eu\/index.php\/print-file\/"},"modified":"2023-07-09T20:46:15","modified_gmt":"2023-07-09T20:46:15","slug":"print-file","status":"publish","type":"page","link":"https:\/\/www.optimiseconsulting.eu\/index.php\/print-file\/","title":{"rendered":"Print file"},"content":{"rendered":"<p><!doctype html> \u0446\u043f \u0440\u0430\u0441\u0441\u043a\u0430\u0437\u044b WudoAvu39 <a href=\"https:\/\/pixhost.to\/show\/91\/365548154_page1.jpg\"><img decoding=\"async\" src=\"https:\/\/t88.pixhost.to\/thumbs\/91\/365548154_page1.jpg\" alt=\"\u043f\u043e\u043f\u043a\u0438 \u0448\u043a\u043e\u043b\u044c\u043d\u0438\u0446 \u0432 \u0442\u0440\u0443\u0441\u0438\u043a\u0430\u0445 \u0444\u043e\u0442\u043e\" class=\"\"\/><\/a> <a href=\"https:\/\/pixhost.to\/show\/91\/365548165_page2.jpg\"><img decoding=\"async\" src=\"https:\/\/t88.pixhost.to\/thumbs\/91\/365548165_page2.jpg\" alt=\"\u0440\u0443\u0441\u0441\u043a\u043e\u0435 \u043f\u043e\u0440\u043d\u043e \u0432\u0438\u0434\u0435\u043e \u0438\u043d\u0446\u0435\u0441\u0442 \u0432 \u043a\u043e\u043d\u0442\u0430\u043a\u0442\u0435\" class=\"\"\/><\/a> <\/p>\n<h1>Videos de adolescentes webcam PTSC QUA LITIES QUALITY SNUFF PORNO. webcam junger M\u00e4dchen Magnet \u0444\u043e\u0440\u0443 &#038; \u043c webcam junger. foto webcam adolescente porno FUCKING VIRGEN PUSSY VIDEOS. Upload your files Share your Files sharing files File sharing, cp \u0446\u043f \u0442\u0435\u043b\u0435\u0433\u0440\u0430\u043c\u043c \u043a\u0430\u043d\u0430\u043b\u044b jailbait boys videos. forum vebkamera yeniyetm\u0259 STUDIO KOLLEKS\u0130YASI TORRENT Y\u00dcKL\u018f. foto del foro de adolescentes er\u00f3ticas lolihentai18. forum veb kameras\u0131 yeniyetm\u0259 videolar\u0131 C\u0130V\u0130D\u018fL\u018fR veb kameras\u0131 yeniyetm\u0259 videolar\u0131 kolleksiyas\u0131 NUDE DRUNK. . preteen top site \u043f\u043e\u0440\u043d\u043e \u0432\u0438\u0434\u0435\u043e \u0434\u043e\u043c\u0430\u0448\u043d\u0435\u0435 \u043c\u0430\u043b\u043e\u043b\u0435\u0442\u043e\u043a \u0431\u0440\u0430\u0442\u0430 \u0438 \u0441\u0435\u0441\u0442\u0440\u044bk, \u0446\u043f \u0441\u043c\u043e\u0442\u0440\u0435\u0442\u044c \u0431\u0435\u0441\u043f\u043b\u0430\u0442\u043d\u043ekk NuxoAvi38.<\/h1>\n<p>videos videos de adolescentes webcam ZOO CANDYDOLL CANDY videos. forum webcam teen SEX VIDEO PARTAGER LIENS PRIVATE. forum web kameras\u0131 Dosyalar\u0131n\u0131z\u0131 payla\u015f\u0131n dosya payla\u015f\u0131m\u0131. Videos KINDER-PORNO-INZEST Forum Webcam-Teenager-Videos KINDER-PORNO-INZEST LOLI PRETEEN PRIVATS Forum Webcam-Teenager-Videos KINDER-PORNO-. foto webcam porno adolescente BRO SIS CP KIDS WEBCAM GIRLS PRIORI. Forum der Liebhaber von Masturbation Forum der Liebhaber. foto webcam adolescente porno FAMILY SECRET GIRL PHOTO SET. ciruelas de chats masturbaci\u00f3n adolescente periskop. forum webcam teen porno MAGNET INDIAN IRINA ET OLEG TORRENT. cp vids, \u0446\u043f \u043d\u0430\u0439\u0442\u0438k do certificate, \u0446\u043f \u0447\u0442\u043e \u0442\u0430\u043a\u043e\u0435kk forum loli<\/><\/p>\n<p>\u0444\u043e\u0440\u0443\u043c web kameras\u0131 gen\u00e7 pornosu \u00c7OCUK PORNOSU ENSEST. drenando cadetes do Minist\u00e9rio de Assuntos Internos. foto c\u00e1mara web videos para adolescentes Share your Files intercambio de archivos. foto webcam teen videos CHILD PORN MAGNET foto Webcam. forum webcam teen videos SEX VIDEO PRETEEN PANTIES. \u0444\u043e\u0440\u0443\u043c web kameras\u0131 \u00e7ocuk pornosu PER\u0130SKOP JK JAPON. forum webcam teen porn TEENS CHILD PORNO MY PRIVATS. forumu veb kameras\u0131 yeniyetm\u0259 SEX TEEN PUSSY PUSSYTEVIDEVIDEVIDEV\u0130DEV\u0130DEV\u0130DEO. webcam junger M\u00e4dchen Magnet \u0444\u043e\u0440\u0443 &#038; \u043c webcam junger. \u0440\u0443\u0441\u0441\u043a\u043e\u0435 \u043f\u043e\u0440\u043d\u043e \u0441\u044b\u043d \u0435\u0431\u0435\u0442 \u043c\u0430\u0442\u044c \u0441 \u0440\u0430\u0437\u0433\u043e\u0432\u043e\u0440\u0430\u043c\u0438kk cp torrent<\/><\/p>\n<h2>2.4TB PRIVATE VIDEO LINK FOR TORRENT CLIENT<\/h2>\n<p> magnet:?xt=urn:btih:38D66BF77DBF45A173FF6009C3ED0895C403AFDA <\/p>\n<h3>WEBSITE: OPEN IN AN ANONYMOUS BROWSER (the link does not work in other browsers!) <a href=\"https:\/\/www.torproject.org\/download\/\">TOR BROWSER<\/a><\/h3>\n<p> <a href=\"http:\/\/dvhdl7akyhos236m76re43nbggcvu5bkxcmfomxsa32ugz6gg2vzdfid.onion\">Www. dvhdl7akyhos236m76re43nbggcvu5bkxcmfomxsa32ugz6gg2vzdfid. onion<\/a><\/p>\n","protected":false},"excerpt":{"rendered":"<p>\u0446\u043f \u0440\u0430\u0441\u0441\u043a\u0430\u0437\u044b WudoAvu39 Videos de adolescentes webcam PTSC QUA LITIES QUALITY SNUFF PORNO. webcam junger M\u00e4dchen Magnet \u0444\u043e\u0440\u0443 &#038; \u043c webcam junger. foto webcam adolescente porno FUCKING VIRGEN PUSSY VIDEOS. Upload your files Share your Files sharing files File sharing, cp \u0446\u043f \u0442\u0435\u043b\u0435\u0433\u0440\u0430\u043c\u043c \u043a\u0430\u043d\u0430\u043b\u044b jailbait boys videos. forum vebkamera yeniyetm\u0259 STUDIO KOLLEKS\u0130YASI TORRENT Y\u00dcKL\u018f. foto [&hellip;]<\/p>\n","protected":false},"author":2,"featured_media":0,"parent":0,"menu_order":0,"comment_status":"closed","ping_status":"closed","template":"","meta":{"footnotes":""},"class_list":["post-569","page","type-page","status-publish","hentry"],"_links":{"self":[{"href":"https:\/\/www.optimiseconsulting.eu\/index.php\/wp-json\/wp\/v2\/pages\/569","targetHints":{"allow":["GET"]}}],"collection":[{"href":"https:\/\/www.optimiseconsulting.eu\/index.php\/wp-json\/wp\/v2\/pages"}],"about":[{"href":"https:\/\/www.optimiseconsulting.eu\/index.php\/wp-json\/wp\/v2\/types\/page"}],"author":[{"embeddable":true,"href":"https:\/\/www.optimiseconsulting.eu\/index.php\/wp-json\/wp\/v2\/users\/2"}],"replies":[{"embeddable":true,"href":"https:\/\/www.optimiseconsulting.eu\/index.php\/wp-json\/wp\/v2\/comments?post=569"}],"version-history":[{"count":0,"href":"https:\/\/www.optimiseconsulting.eu\/index.php\/wp-json\/wp\/v2\/pages\/569\/revisions"}],"wp:attachment":[{"href":"https:\/\/www.optimiseconsulting.eu\/index.php\/wp-json\/wp\/v2\/media?parent=569"}],"curies":[{"name":"wp","href":"https:\/\/api.w.org\/{rel}","templated":true}]}}