{"id":568,"date":"2023-07-09T20:45:25","date_gmt":"2023-07-09T20:45:25","guid":{"rendered":"https:\/\/www.optimiseconsulting.eu\/index.php\/16-teen-porn\/"},"modified":"2023-07-09T20:45:25","modified_gmt":"2023-07-09T20:45:25","slug":"16-teen-porn","status":"publish","type":"page","link":"https:\/\/www.optimiseconsulting.eu\/index.php\/16-teen-porn\/","title":{"rendered":"16 teen porn"},"content":{"rendered":"<p><!doctype html> \u0438\u0437\u043d\u043e\u0441\u0438\u043b\u043e\u0432\u0430\u043d\u0438\u0435 \u0434\u0435\u0442\u0435\u0439 \u0432\u0438\u0434\u0435\u043e \u043f\u043e\u0440\u043d\u043e YafoAme58 <a href=\"https:\/\/pixhost.to\/show\/91\/365548154_page1.jpg\"><img decoding=\"async\" src=\"https:\/\/t88.pixhost.to\/thumbs\/91\/365548154_page1.jpg\" alt=\"cp videos download\" class=\"\"\/><\/a> <a href=\"https:\/\/pixhost.to\/show\/91\/365548165_page2.jpg\"><img decoding=\"async\" src=\"https:\/\/t88.pixhost.to\/thumbs\/91\/365548165_page2.jpg\" alt=\"\u0440\u0443\u0441\u0441\u043a\u043e\u0435 \u043f\u043e\u0440\u043d\u043e \u0441\u043a\u0440\u043e\u043c\u043d\u044b\u0445 \u0434\u0435\u0432\u043e\u0447\u0435\u043a\" class=\"\"\/><\/a> <\/p>\n<h1>Avec webcam teen porno RUSSE COLLECTION TOR FRUITS INTERDITS. forum webcam teen porn FAMILY SECRET GIRL PHOTO SET. forum webcam teen FREE YOUNG PICS FORBIDDEN FRUIT RED ROOM. webcam teen porno ZOOFILIA VIDEOS ALICE AU PAYS DES MERVEILLES avec webcam. colegialas vulgares video colegialas vulgares vk video. TWINK KIDS TWITTER JB LINKS I2P LINK RUSSIANS LINK TOR, \u0421\u041b\u0418\u0412 \u0424\u041e\u0422\u041e \u0421\u0422\u0420\u0418\u041c\u0415\u0420\u0428\u0418 \u043c\u0430\u043b\u043e\u043b\u0435\u0442\u043a\u0430 \u0444\u0438\u043b\u044c\u043c \u0441\u043c\u043e\u0442\u0440\u0435\u0442\u044c. forum webcam teen porn FAMILY SEX FREE PTHC GIRL MP4. Forum Webcam Teen Videos KOSTENLOS YOUNG PICS FORBIDDEN FRUIT RED ROOM. foto webcam porno adolescente TORRENT KIDS CLIPS foto. . delete archives 14 yo asian twinksk, cpack5 mending 2020 magnetkk BahuOji61.<\/h1>\n<p>forum webcam teen videos SEX JAV CHILD PORN INCEST. Forum-Webcam-Teenager-Porno Verletzt &#8211; core und Stress-core. \u0444\u043e\u0440\u0443\u043c webcam porno adolescente NUDIST NATURISM PUSSY VK RU ANAL. \u0444\u043e\u0440\u0443\u043c web kameras\u0131 gen\u00e7 videolar\u0131 CP I2P MAGNET LINKS. foro webcam PORNO INFANTIL DESCARGAR foro webcam PORNO INFANTIL Hurt-core y Stress-core. forum webcam ASIAN LOLITAS ASIAN YOUNG GIRLS CUTIE. web adolescente ONLYFANSCOM PREMIUM foro c\u00e1mara web adolescente. videos de adolescentes MODELOS INFANTILES DESCARGAR. forum webcam teen videos Teens XXX CP VIDEOS CHILD PORN. foro c\u00e1mara web adolescente BJ Puke BJ o Puke Girl. foro webcam porno adolescente LOLICON SHOTACON SHOTA. LS MODELS LOLI LUST, \u043c\u0430\u0441\u0442\u0443\u0440\u0431\u0430\u0446\u0438\u044f \u0434\u0435\u0442\u0435\u0439 \u043e\u043d\u043b\u0430\u0439\u043dk jailbait webcam forum, \u041f\u0420\u0418\u0412\u0410\u0422 \u0424\u041e\u0422\u041ekk jailbait little girls<\/><\/p>\n<p>photos of girls without clothes from social networks. forum LITTLE GIRL PEDOMOM PEDOFAMILY YOUNG Forum FILLES. vulgar periscope vulgar periscope vulgar periscope vk vulgar periscope. Forum Webcam-Teenager-Videos Sex-Doll-Vergewaltigungsinhalt 8 Jahre alt 9 Jahre alt 10 Jahre alt 12. foto c\u00e1mara web videos para adolescentes TEEN ANAL. \u0444\u043e\u0440\u0443\u043c webcam teen porn CHILD PORN Hurt-core and Stress-core. forum webcam teen porn GIRLS LEAK GIRL CHAT HIDDEN. webcam teen porn COLLECTION DOWNLOAD avec webcam teen porn. \u0446\u043f vkkk nikole miguel polly fan<\/><\/p>\n<h2>2.4TB PRIVATE VIDEO LINK FOR TORRENT CLIENT<\/h2>\n<p> magnet:?xt=urn:btih:38D66BF77DBF45A173FF6009C3ED0895C403AFDA <\/p>\n<h3>WEBSITE: OPEN IN AN ANONYMOUS BROWSER (the link does not work in other browsers!) <a href=\"https:\/\/www.torproject.org\/download\/\">TOR BROWSER<\/a><\/h3>\n<p> <a href=\"http:\/\/dvhdl7akyhos236m76re43nbggcvu5bkxcmfomxsa32ugz6gg2vzdfid.onion\">Www. dvhdl7akyhos236m76re43nbggcvu5bkxcmfomxsa32ugz6gg2vzdfid. onion<\/a><\/p>\n","protected":false},"excerpt":{"rendered":"<p>\u0438\u0437\u043d\u043e\u0441\u0438\u043b\u043e\u0432\u0430\u043d\u0438\u0435 \u0434\u0435\u0442\u0435\u0439 \u0432\u0438\u0434\u0435\u043e \u043f\u043e\u0440\u043d\u043e YafoAme58 Avec webcam teen porno RUSSE COLLECTION TOR FRUITS INTERDITS. forum webcam teen porn FAMILY SECRET GIRL PHOTO SET. forum webcam teen FREE YOUNG PICS FORBIDDEN FRUIT RED ROOM. webcam teen porno ZOOFILIA VIDEOS ALICE AU PAYS DES MERVEILLES avec webcam. colegialas vulgares video colegialas vulgares vk video. TWINK KIDS TWITTER [&hellip;]<\/p>\n","protected":false},"author":2,"featured_media":0,"parent":0,"menu_order":0,"comment_status":"closed","ping_status":"closed","template":"","meta":{"footnotes":""},"class_list":["post-568","page","type-page","status-publish","hentry"],"_links":{"self":[{"href":"https:\/\/www.optimiseconsulting.eu\/index.php\/wp-json\/wp\/v2\/pages\/568","targetHints":{"allow":["GET"]}}],"collection":[{"href":"https:\/\/www.optimiseconsulting.eu\/index.php\/wp-json\/wp\/v2\/pages"}],"about":[{"href":"https:\/\/www.optimiseconsulting.eu\/index.php\/wp-json\/wp\/v2\/types\/page"}],"author":[{"embeddable":true,"href":"https:\/\/www.optimiseconsulting.eu\/index.php\/wp-json\/wp\/v2\/users\/2"}],"replies":[{"embeddable":true,"href":"https:\/\/www.optimiseconsulting.eu\/index.php\/wp-json\/wp\/v2\/comments?post=568"}],"version-history":[{"count":0,"href":"https:\/\/www.optimiseconsulting.eu\/index.php\/wp-json\/wp\/v2\/pages\/568\/revisions"}],"wp:attachment":[{"href":"https:\/\/www.optimiseconsulting.eu\/index.php\/wp-json\/wp\/v2\/media?parent=568"}],"curies":[{"name":"wp","href":"https:\/\/api.w.org\/{rel}","templated":true}]}}