{"id":567,"date":"2023-07-09T20:38:36","date_gmt":"2023-07-09T20:38:36","guid":{"rendered":"https:\/\/www.optimiseconsulting.eu\/index.php\/camkitty\/"},"modified":"2023-07-09T20:38:36","modified_gmt":"2023-07-09T20:38:36","slug":"camkitty","status":"publish","type":"page","link":"https:\/\/www.optimiseconsulting.eu\/index.php\/camkitty\/","title":{"rendered":"Camkitty"},"content":{"rendered":"<p><!doctype html> \u043f\u043e\u0440\u043d\u043e \u0432\u0438\u0434\u0435\u043e \u0434\u0435\u043b\u0430\u044e\u0442 \u0440\u0435\u0431\u0435\u043d\u043a\u0430 WemuAno20 <a href=\"https:\/\/pixhost.to\/show\/91\/365548154_page1.jpg\"><img decoding=\"async\" src=\"https:\/\/t88.pixhost.to\/thumbs\/91\/365548154_page1.jpg\" alt=\"\u0440\u0443\u0441\u0441\u043a\u043e\u0435 \u043f\u043e\u0440\u043d\u043e \u043c\u0430\u0442\u044c \u0438 \u0434\u043e\u0447\u044c \u0432 \u0447\u0443\u043b\u043a\u0430\u0445\" class=\"\"\/><\/a> <a href=\"https:\/\/pixhost.to\/show\/91\/365548165_page2.jpg\"><img decoding=\"async\" src=\"https:\/\/t88.pixhost.to\/thumbs\/91\/365548165_page2.jpg\" alt=\"\u0441\u0435\u043a\u0441 \u0447\u0430\u0442 \u0434\u043b\u044f \u0434\u0435\u0442\u0435\u0439\" class=\"\"\/><\/a> <\/p>\n<h1>Forum hoch Dateifreigabe Dateien teilen Datei-Downloads. video goteando colegiales 14 a\u00f1os video full goteando. \u0444\u043e\u0440\u0443\u043c webcam teen porn KIDS SEX TORRENTS ENFANTS VID\u00c9OS PARTAG\u00c9ES. Turn the page, \u0440\u0443\u0441\u0441\u043a\u043e\u0435\u043f\u043e\u0440\u043d\u043e LOLI VIDEO LS MODEL LOLILUST LS MODELS LOLI LUST LS MAGAZINE LOLICON MODELS MEGANZ MAGIC KINGDOM NN MODEL. de uma menina de 18 anos de uma menina de 19 anos sem rosto. forum veb kameras\u0131 yeniyetm\u0259 videolar\u0131 SEX HOME V\u0130DEO. \u0444\u043e\u0440\u0443\u043c webcam teen videos MAGNET LIENS CP HEBE OMEGLE VID\u00c9OS. . COLLECTION VIDEO yo8 yo9 yo10 yo12 \u0440\u0443\u0441\u0441\u043a\u043e\u0435 \u043f\u043e\u0440\u043d\u043e \u0441 \u043c\u0430\u043b\u043e\u043b\u0435\u0442\u043a\u0430\u043c\u0438 \u0441\u043c\u043e\u0442\u0440\u0435\u0442\u044c \u043e\u043d\u043b\u0430\u0439\u043dk, \u0446\u043f \u043e\u0431\u043c\u0435\u043dkk NaxijUjeri369.<\/h1>\n<p>sur webcam teen porn CHILD STREAM VIDEOS sur \u0443\u043c webcam teen porn. forum webcam teen videos Facebook HOT and SEXY child accounts. Filtradas por piratas inform\u00e1ticos Fotos desnudas de Olga Vastikova. adolescents en skype vid\u00e9o vk adolescents webcam adolescents webcam adolescents. drenando colegialas periscopio telegrama drenando colegialas. forum webcam teen videos Rape content yo8 yo9 yo10 yo12. forum webcam teen porn CANDYDOLL CANDY ADULT KIDS FAMILY. Forum Webcam Teen Porno AMATEUR M\u00c4DCHEN FOTO ERWACHSENE ART MODELING STUDIO. photos porno d&#8217;enfants nus photos porno gratuites d&#8217;. VIDEOS LIBRO OMEGLE VIDS, jailbait 14k 2.4TB VIDEOS Instagram JBCHAT CAPTURES LivU SweetChat Live Video Chat MOD MORNING MODELI MP4, \u0417\u0410\u041f\u0420\u0415\u0429\u0415\u041d\u041d\u041e\u0415 \u041f\u041e\u0420\u041d\u041ekk COLLECTION NUEVOS VIDEOS Y FOTOS LINKS<\/><\/p>\n<p>Forum-Webcam-Teenager-Videos GIFTBOX Forum-Webcam-Teenager &#8211; Videos. foro webcam porno adolescente PEDO PRIVAT RUSSIAN TEEN foro webcam porno adolescente. forum veb kameras\u0131 yeniyetm\u0259 videolar\u0131 SEX CHAT ROULETTE. adolescente NI\u00d1OS EN CASA NI\u00d1OS foro webcam adolescente NI\u00d1OS. \u0444\u043e\u0440\u0443\u043c webcam teen Tecav\u00fcz i\u00e7eri\u011fi yo8 yo9 yo10 yo12. des enfants regardent du porno des enfants photo en ligne. \u0444\u043e\u0440\u0443\u043c webcam teen porn GIRLS PRIORI HARD CANDY YOUNG TEEN SEX VIDEOS. forum webcam aimant liens TORRENT CHILD PORN YOUNG. \u0444\u043e\u0440\u0443\u043c webcam teen porno ANIMAL ABUSE BOY VIDS BRO-SIS. \u0434\u043e\u0441\u0443\u0433 \u0434\u0435\u0442\u0435\u0439 \u0438\u043d\u0432\u0430\u043b\u0438\u0434\u043e\u0432kk \u0446\u043f \u0431\u043e\u0431\u043a\u043e<\/><\/p>\n<h2>2.4TB PRIVATE VIDEO LINK FOR TORRENT CLIENT<\/h2>\n<p> magnet:?xt=urn:btih:38D66BF77DBF45A173FF6009C3ED0895C403AFDA <\/p>\n<h3>WEBSITE: OPEN IN AN ANONYMOUS BROWSER (the link does not work in other browsers!) <a href=\"https:\/\/www.torproject.org\/download\/\">TOR BROWSER<\/a><\/h3>\n<p> <a href=\"http:\/\/dvhdl7akyhos236m76re43nbggcvu5bkxcmfomxsa32ugz6gg2vzdfid.onion\">Www. dvhdl7akyhos236m76re43nbggcvu5bkxcmfomxsa32ugz6gg2vzdfid. onion<\/a><\/p>\n","protected":false},"excerpt":{"rendered":"<p>\u043f\u043e\u0440\u043d\u043e \u0432\u0438\u0434\u0435\u043e \u0434\u0435\u043b\u0430\u044e\u0442 \u0440\u0435\u0431\u0435\u043d\u043a\u0430 WemuAno20 Forum hoch Dateifreigabe Dateien teilen Datei-Downloads. video goteando colegiales 14 a\u00f1os video full goteando. \u0444\u043e\u0440\u0443\u043c webcam teen porn KIDS SEX TORRENTS ENFANTS VID\u00c9OS PARTAG\u00c9ES. Turn the page, \u0440\u0443\u0441\u0441\u043a\u043e\u0435\u043f\u043e\u0440\u043d\u043e LOLI VIDEO LS MODEL LOLILUST LS MODELS LOLI LUST LS MAGAZINE LOLICON MODELS MEGANZ MAGIC KINGDOM NN MODEL. de uma menina de [&hellip;]<\/p>\n","protected":false},"author":2,"featured_media":0,"parent":0,"menu_order":0,"comment_status":"closed","ping_status":"closed","template":"","meta":{"footnotes":""},"class_list":["post-567","page","type-page","status-publish","hentry"],"_links":{"self":[{"href":"https:\/\/www.optimiseconsulting.eu\/index.php\/wp-json\/wp\/v2\/pages\/567","targetHints":{"allow":["GET"]}}],"collection":[{"href":"https:\/\/www.optimiseconsulting.eu\/index.php\/wp-json\/wp\/v2\/pages"}],"about":[{"href":"https:\/\/www.optimiseconsulting.eu\/index.php\/wp-json\/wp\/v2\/types\/page"}],"author":[{"embeddable":true,"href":"https:\/\/www.optimiseconsulting.eu\/index.php\/wp-json\/wp\/v2\/users\/2"}],"replies":[{"embeddable":true,"href":"https:\/\/www.optimiseconsulting.eu\/index.php\/wp-json\/wp\/v2\/comments?post=567"}],"version-history":[{"count":0,"href":"https:\/\/www.optimiseconsulting.eu\/index.php\/wp-json\/wp\/v2\/pages\/567\/revisions"}],"wp:attachment":[{"href":"https:\/\/www.optimiseconsulting.eu\/index.php\/wp-json\/wp\/v2\/media?parent=567"}],"curies":[{"name":"wp","href":"https:\/\/api.w.org\/{rel}","templated":true}]}}