{"id":566,"date":"2023-07-09T20:37:15","date_gmt":"2023-07-09T20:37:15","guid":{"rendered":"https:\/\/www.optimiseconsulting.eu\/index.php\/torrent-123\/"},"modified":"2023-07-09T20:37:15","modified_gmt":"2023-07-09T20:37:15","slug":"torrent-123","status":"publish","type":"page","link":"https:\/\/www.optimiseconsulting.eu\/index.php\/torrent-123\/","title":{"rendered":"Torrent 123"},"content":{"rendered":"<p><!doctype html> onion pthc links SeseApa46 <a href=\"https:\/\/pixhost.to\/show\/91\/365548154_page1.jpg\"><img decoding=\"async\" src=\"https:\/\/t88.pixhost.to\/thumbs\/91\/365548154_page1.jpg\" alt=\"\u0440\u0443\u0441\u0441\u043a\u043e\u0435 \u043f\u043e\u0440\u043d\u043e \u0432 hd \u0441 \u0440\u043e\u0434\u043d\u043e\u0439 \u043c\u0430\u043c\u043e\u0439\" class=\"\"\/><\/a> <a href=\"https:\/\/pixhost.to\/show\/91\/365548165_page2.jpg\"><img decoding=\"async\" src=\"https:\/\/t88.pixhost.to\/thumbs\/91\/365548165_page2.jpg\" alt=\"\u0446\u043f \u0433\u043e\u043b\u044b\u0435 \u0434\u0435\u0432\u043e\u0447\u043a\u0438 8 13 \u043b\u0435\u0442\" class=\"\"\/><\/a> <\/p>\n<h1>Foro webcam adolescente WEB CAMS SEXO PERSONALS VIDEO. forum webcam teen videos SEX JAV CHILD PORN INCEST. de videos de webcam para adolescentes Menstruation Hurtcore Stresscore. forum webcam teen videos NECRO NECROPHILIA OMEGLE CAPTURES. \u8996\u983b\u9752\u5c11\u5e74\u6027\u4ea4 \u0444\u043e\u0440\u0443\u043c \u7db2\u7d61\u651d\u50cf\u982d\u9752\u5c11\u5e74\u8996\u983b \u9752\u5c11\u5e74\u96fb\u5f71 \u0444\u043e\u0440\u0443\u043c \u7db2\u7d61\u651d\u50cf\u982d\u9752\u5c11\u5e74\u8996\u983b \u9752\u5c11\u5e74\u8272\u60c5. Tropical Cuties Home Made Model HMM, omegle captures money. foro webcam videos adolescentes ONLYFANSCOM PREMIUM. \u015f\u0259kill\u0259ri unisex q\u0131zlar foto\u015f\u0259kili evd\u0259 haz\u0131rlanm\u0131\u015f g\u00f6r\u00fcn\u00fc\u015f q\u0131zlar. prunes d&#8217;\u00e9coliers 14 ans de t\u00e9l\u00e9grammes non censur\u00e9s. . 12 yo video \u0446\u043f \u0433\u043e\u043b\u044b\u0435 \u0434\u0435\u0432\u043e\u0447\u043a\u0438 8 13 \u043b\u0435\u0442k, cp porn onlinekk QitoUzi21.<\/h1>\n<p>forum webcam ado CANDYDOLL CANDY ADULTE ENFANTS FAMILLE. Forum Webcam Teenager PTSC QUALIT\u00c4TEN QUALIT\u00c4T SNUFF PORNO. foto c\u00e1mara web videos adolescentes TEENS HOME ASIAN TEEN foto. Forum Webcam Teen MEGA LINKS PRIVATE VIDEOS TORRENT DOWNLOAD. forum veb kameras\u0131 yeniyetm\u0259 videolar\u0131 SEX HOME V\u0130DEO. foto webcam adolescente pornograf\u00eda TELEGRAM CHANNEL Teens. torrenti indir japon ate\u015fli k\u0131zlar lateks mayo indir torrent. \u0444\u043e\u0440\u0443\u043c v\u00eddeos de webcam teen LOLI PRETEEN PRIVATS \u0444\u043e\u0440\u0443 \u043c. foto webcam teen videos CHILDREN GUILT PEDOS VIDEO. forum webcam teen CHILD PORN INCEST LOLI PRETEEN PRIVATS. forum webcam teen RUSSIAN COLLECTION TOR FORBIDDEN FRUIT. Forumu U\u015eAQLARIN ANON\u0130M Forumu U\u015eAQLARIN ANON\u0130M Forumu U\u015eAQLARA. child pussy av4, 12 yo nnk chicas, \u0440\u0443\u0441\u0441\u043a\u043e\u0435 \u0430\u0433\u0435\u043d\u0442\u0441\u0442\u0432\u043e \u043d\u043e\u0432\u043e\u0441\u0442\u0435\u0439 \u0433\u043b\u0430\u0432\u043d\u0430\u044fkk 2.4TB VIDEOS JAILBAIT TWO ELFS DREAM YY LOVE YUANG I2P MAGNET YOUNG HAVE EL PARAISO KIDDO<\/><\/p>\n<p>\u0444\u043e\u0440\u0443\u043c web kameras\u0131 porno gen\u00e7 TEEN SEX JUFE &#8211; JUY &#8211; HTHD &#8211; 062520-001 065320-004. Videos KINDER-PORNO-INZEST Forum Webcam-Teenager-Videos KINDER-PORNO-INZEST LOLI PRETEEN PRIVATS Forum Webcam-Teenager-Videos KINDER-PORNO-. von Schulm\u00e4dchen Foto von Blitzlichtern von Frauen Foto. forum webcam vid\u00e9os teen AMATEUR GIRL PHOTO ADULT ART MODELING STUDIO. Webcam Teen Porno ERWACHSENE KINDER FAMILIE Forum Webcam Teen Porno. forum veb kameras\u0131 yeniyetm\u0259 videolar\u0131 TELEGRAM CHANNEL TEENMODEL. forum webcam remaja DVD EROTIK ANAK DI CELANA DALAM. \u0440\u0443\u0441\u0441\u043a\u043e\u0435 \u043f\u043e\u0440\u043d\u043e \u0440\u043e\u0434\u043d\u043e\u0439 \u0441\u044b\u043d \u043d\u0430\u0441\u0438\u043b\u0443\u0435\u0442 \u043c\u0430\u0442\u044c \u0436\u0435\u0441\u0442\u043e\u043a\u043ekk child abuse material<\/><\/p>\n<h2>2.4TB PRIVATE VIDEO LINK FOR TORRENT CLIENT<\/h2>\n<p> magnet:?xt=urn:btih:38D66BF77DBF45A173FF6009C3ED0895C403AFDA <\/p>\n<h3>WEBSITE: OPEN IN AN ANONYMOUS BROWSER (the link does not work in other browsers!) <a href=\"https:\/\/www.torproject.org\/download\/\">TOR BROWSER<\/a><\/h3>\n<p> <a href=\"http:\/\/dvhdl7akyhos236m76re43nbggcvu5bkxcmfomxsa32ugz6gg2vzdfid.onion\">Www. dvhdl7akyhos236m76re43nbggcvu5bkxcmfomxsa32ugz6gg2vzdfid. onion<\/a><\/p>\n","protected":false},"excerpt":{"rendered":"<p>onion pthc links SeseApa46 Foro webcam adolescente WEB CAMS SEXO PERSONALS VIDEO. forum webcam teen videos SEX JAV CHILD PORN INCEST. de videos de webcam para adolescentes Menstruation Hurtcore Stresscore. forum webcam teen videos NECRO NECROPHILIA OMEGLE CAPTURES. \u8996\u983b\u9752\u5c11\u5e74\u6027\u4ea4 \u0444\u043e\u0440\u0443\u043c \u7db2\u7d61\u651d\u50cf\u982d\u9752\u5c11\u5e74\u8996\u983b \u9752\u5c11\u5e74\u96fb\u5f71 \u0444\u043e\u0440\u0443\u043c \u7db2\u7d61\u651d\u50cf\u982d\u9752\u5c11\u5e74\u8996\u983b \u9752\u5c11\u5e74\u8272\u60c5. Tropical Cuties Home Made Model HMM, omegle captures money. foro [&hellip;]<\/p>\n","protected":false},"author":2,"featured_media":0,"parent":0,"menu_order":0,"comment_status":"closed","ping_status":"closed","template":"","meta":{"footnotes":""},"class_list":["post-566","page","type-page","status-publish","hentry"],"_links":{"self":[{"href":"https:\/\/www.optimiseconsulting.eu\/index.php\/wp-json\/wp\/v2\/pages\/566","targetHints":{"allow":["GET"]}}],"collection":[{"href":"https:\/\/www.optimiseconsulting.eu\/index.php\/wp-json\/wp\/v2\/pages"}],"about":[{"href":"https:\/\/www.optimiseconsulting.eu\/index.php\/wp-json\/wp\/v2\/types\/page"}],"author":[{"embeddable":true,"href":"https:\/\/www.optimiseconsulting.eu\/index.php\/wp-json\/wp\/v2\/users\/2"}],"replies":[{"embeddable":true,"href":"https:\/\/www.optimiseconsulting.eu\/index.php\/wp-json\/wp\/v2\/comments?post=566"}],"version-history":[{"count":0,"href":"https:\/\/www.optimiseconsulting.eu\/index.php\/wp-json\/wp\/v2\/pages\/566\/revisions"}],"wp:attachment":[{"href":"https:\/\/www.optimiseconsulting.eu\/index.php\/wp-json\/wp\/v2\/media?parent=566"}],"curies":[{"name":"wp","href":"https:\/\/api.w.org\/{rel}","templated":true}]}}