{"id":564,"date":"2023-07-09T20:08:34","date_gmt":"2023-07-09T20:08:34","guid":{"rendered":"https:\/\/www.optimiseconsulting.eu\/index.php\/shock-video-rape\/"},"modified":"2023-07-09T20:08:34","modified_gmt":"2023-07-09T20:08:34","slug":"shock-video-rape","status":"publish","type":"page","link":"https:\/\/www.optimiseconsulting.eu\/index.php\/shock-video-rape\/","title":{"rendered":"Shock video rape"},"content":{"rendered":"<p><!doctype html> \u0440\u0443\u0441\u0441\u043a\u043e\u0435 \u0438\u043d\u0446\u0435\u0441\u0442 \u0432\u0438\u0434\u0435\u043e \u0441\u043c\u043e\u0442\u0440\u0435\u0442\u044c \u043e\u043d\u043b\u0430\u0439\u043d DumihAhasu746 <a href=\"https:\/\/pixhost.to\/show\/91\/365548154_page1.jpg\"><img decoding=\"async\" src=\"https:\/\/t88.pixhost.to\/thumbs\/91\/365548154_page1.jpg\" alt=\"14 y o sex\" class=\"\"\/><\/a> <a href=\"https:\/\/pixhost.to\/show\/91\/365548165_page2.jpg\"><img decoding=\"async\" src=\"https:\/\/t88.pixhost.to\/thumbs\/91\/365548165_page2.jpg\" alt=\"cp videos \u0444\u043e\u0440\u0443\u043c \u043e\u0431\u043c\u0435\u043d \u0430\u0440\u0445\u0438\u0432\u0430\u043c\u0438\" class=\"\"\/><\/a> <\/p>\n<h1>Forum FETISH WEBCAM FETISH WEBCAM HARD CANDY HOT TEEN LOLITA. colegialas vulgares video colegialas vulgares vk video. forumu veb-kamera yeniyetm\u0259 HEYVANLARA YAX\u015eI O\u011eLAN V\u0130DEOLARI BRO-SIS forumu veb kameras\u0131 yeniyetm\u0259. TORRENT CHILD PORN YOUNG TEEN SEX MEGA LINKS COLLECTION, youngmodels 409 GIGABYT WEBCAM LINKS. foto webcam adolescente J\u00d3VENES NI\u00d1OS PREADOLESCENTES foto \u043c webcam teen YOUNG. foro webcam videos adolescentes KIDS WEBCAM foro webcam videos adolescentes. \u0444\u043e\u0440\u0443\u043c web kameras\u0131 gen\u00e7 videolar\u0131 TEEN pornosu PEDO LINKS. . perish in exile \u043c\u0430\u0442\u044c \u0443\u0447\u0438\u0442 \u0434\u0435\u0442\u0435\u0439 \u0441\u0435\u043a\u0441\u0443k, \u0440\u0443\u0441\u0441\u043a\u043e\u0435 \u0440\u0443\u043b\u0435\u0442\u043a\u0430kk VelaEyo89.<\/h1>\n<p>concursos de fotograf\u00eda de nudismo infantil en la urss de antes de la guerra. t\u00e9l\u00e9chargement gratuit photo \u00e9rotique adolescentes lolihentai18. forum webcam adolescent EENS JAPANESE VID\u00c9O ADULTE. forum webcam teen videos TEEN BIG BOOBS WEBCAM VIDEO. forum webcam teen porn WEB CAMS SEX PERSONALS VIDEO. forumu GIRLS PRIORI RUSSIAN TEENS forumu HENTAI GIRLS. forum webcam teen porn SEX YOUNG MODELS Menstruation. Forum Webcam-Teenager-Porno JUNGE TEENAGER-M\u00c4DCHEN-. foto webcam teen videos FAMILY SEX FREE PTHC GIRL MP4. Entleerung von Bibern von Tik Tok unzensiert Entleerung von. forum webcam teen porn CHILD NUDES CHILD OF ADDICTS CHILD. CHINESE SEX, \u0446\u043f \u0434\u043e\u043c\u0430k jailbait \u0444\u043e\u0442\u043e, 16 years girlkk HYPERCAM2 TEEN ABUSED GIRLS GIRLS PRIORI HARD CANDY<\/><\/p>\n<p>usaqlar porno videolari 15 yas altinda olan usaqlar porno videolari. web del foro menstruaci\u00f3n c\u00e1mara web del foro SEXUAL KIDS STREAMING c\u00e1mara web del foro. Durchsickern von Fotos von Wichsern, Durchsickern von. \u092b\u094b\u0930\u092e \u0907\u092f\u093e\u0928 \u0907\u092f\u093e\u0928 \u0935\u093e\u0928\u091c \u0935\u093e\u0928\u091c \u092f\u0941\u0907\u091c\u093e\u0915\u0940 \u0938\u0948\u0928 \u0935\u093e \u0928\u093e\u0917\u093e\u0930\u0942 \u0935\u0949\u0932\u094d\u092f\u0942\u092e \u0907\u092f\u093e\u0928-844 \u092b\u094b\u0930\u092e. forum webcam teen videos PEDOMOM PEDOFAMILY MAGNET LINKS CP. foro c\u00e1mara web TEEN SEX JUFE &#8211; JUY &#8211; HTHD &#8211; 062520-001 065320-004 foro c\u00e1mara web. webcam adolescent BJ Puke BJ ou Puke Girl Menstruation Child. Monat wurde das Video \u201eKleiner Junge\u201c abgerissen, nachdem der Kleine Junge abgeschnitten hatte. 11 y o sexkk exchange<\/><\/p>\n<h2>2.4TB PRIVATE VIDEO LINK FOR TORRENT CLIENT<\/h2>\n<p> magnet:?xt=urn:btih:38D66BF77DBF45A173FF6009C3ED0895C403AFDA <\/p>\n<h3>WEBSITE: OPEN IN AN ANONYMOUS BROWSER (the link does not work in other browsers!) <a href=\"https:\/\/www.torproject.org\/download\/\">TOR BROWSER<\/a><\/h3>\n<p> <a href=\"http:\/\/dvhdl7akyhos236m76re43nbggcvu5bkxcmfomxsa32ugz6gg2vzdfid.onion\">Www. dvhdl7akyhos236m76re43nbggcvu5bkxcmfomxsa32ugz6gg2vzdfid. onion<\/a><\/p>\n","protected":false},"excerpt":{"rendered":"<p>\u0440\u0443\u0441\u0441\u043a\u043e\u0435 \u0438\u043d\u0446\u0435\u0441\u0442 \u0432\u0438\u0434\u0435\u043e \u0441\u043c\u043e\u0442\u0440\u0435\u0442\u044c \u043e\u043d\u043b\u0430\u0439\u043d DumihAhasu746 Forum FETISH WEBCAM FETISH WEBCAM HARD CANDY HOT TEEN LOLITA. colegialas vulgares video colegialas vulgares vk video. forumu veb-kamera yeniyetm\u0259 HEYVANLARA YAX\u015eI O\u011eLAN V\u0130DEOLARI BRO-SIS forumu veb kameras\u0131 yeniyetm\u0259. TORRENT CHILD PORN YOUNG TEEN SEX MEGA LINKS COLLECTION, youngmodels 409 GIGABYT WEBCAM LINKS. foto webcam adolescente J\u00d3VENES NI\u00d1OS PREADOLESCENTES [&hellip;]<\/p>\n","protected":false},"author":2,"featured_media":0,"parent":0,"menu_order":0,"comment_status":"closed","ping_status":"closed","template":"","meta":{"footnotes":""},"class_list":["post-564","page","type-page","status-publish","hentry"],"_links":{"self":[{"href":"https:\/\/www.optimiseconsulting.eu\/index.php\/wp-json\/wp\/v2\/pages\/564","targetHints":{"allow":["GET"]}}],"collection":[{"href":"https:\/\/www.optimiseconsulting.eu\/index.php\/wp-json\/wp\/v2\/pages"}],"about":[{"href":"https:\/\/www.optimiseconsulting.eu\/index.php\/wp-json\/wp\/v2\/types\/page"}],"author":[{"embeddable":true,"href":"https:\/\/www.optimiseconsulting.eu\/index.php\/wp-json\/wp\/v2\/users\/2"}],"replies":[{"embeddable":true,"href":"https:\/\/www.optimiseconsulting.eu\/index.php\/wp-json\/wp\/v2\/comments?post=564"}],"version-history":[{"count":0,"href":"https:\/\/www.optimiseconsulting.eu\/index.php\/wp-json\/wp\/v2\/pages\/564\/revisions"}],"wp:attachment":[{"href":"https:\/\/www.optimiseconsulting.eu\/index.php\/wp-json\/wp\/v2\/media?parent=564"}],"curies":[{"name":"wp","href":"https:\/\/api.w.org\/{rel}","templated":true}]}}