{"id":563,"date":"2023-07-09T20:04:58","date_gmt":"2023-07-09T20:04:58","guid":{"rendered":"https:\/\/www.optimiseconsulting.eu\/index.php\/lolita-gif\/"},"modified":"2023-07-09T20:04:58","modified_gmt":"2023-07-09T20:04:58","slug":"lolita-gif","status":"publish","type":"page","link":"https:\/\/www.optimiseconsulting.eu\/index.php\/lolita-gif\/","title":{"rendered":"Lolita gif"},"content":{"rendered":"<p><!doctype html> \u0421\u041b\u0418\u0412 \u041c\u0410\u041b\u041e\u041b\u0415\u0422\u041e\u041a 12 JuhoAjo49 <a href=\"https:\/\/pixhost.to\/show\/91\/365548154_page1.jpg\"><img decoding=\"async\" src=\"https:\/\/t88.pixhost.to\/thumbs\/91\/365548154_page1.jpg\" alt=\"\u043f\u043e\u0440\u043d\u043e \u0444\u0438\u043b\u044c\u043c\u044b \u0441 \u0443\u0447\u0430\u0441\u0442\u0438\u0435\u043c \u0434\u0435\u0442\u0435\u0439\" class=\"\"\/><\/a> <a href=\"https:\/\/pixhost.to\/show\/91\/365548165_page2.jpg\"><img decoding=\"async\" src=\"https:\/\/t88.pixhost.to\/thumbs\/91\/365548165_page2.jpg\" alt=\"cp loli jailbait girl dad ill\" class=\"\"\/><\/a> <\/p>\n<h1>Forum webcam magnet links TORRENT CHILD PORN YOUNG. foto webcam adolescente porno TEEN SEX JUFE &#8211; JUY &#8211; HTHD &#8211; 062520-001 065320-004. foto c\u00e1mara web videos para adolescentes TEEN ADULT CLIPS CHILD. Tor onion link, \u0446\u043f \u043f\u043e\u0440\u043d\u043e tor NEW VIDEO AND PHOTO NEW VIDEO AND PHOTO ARCHIVEN. webcam foro de porno adolescente ZOOPHILIA BESTIA BESTIA. \u8996\u983b\u9752\u5c11\u5e74\u6027\u4ea4 \u0444\u043e\u0440\u0443\u043c \u7db2\u7d61\u651d\u50cf\u982d\u9752\u5c11\u5e74\u8996\u983b \u9752\u5c11\u5e74\u96fb\u5f71 \u0444\u043e\u0440\u0443\u043c \u7db2\u7d61\u651d\u50cf\u982d\u9752\u5c11\u5e74\u8996\u983b \u9752\u5c11\u5e74\u8272\u60c5. f\u00f3rum webcam teen Conte\u00fado de estupro yo8 yo9 yo10 yo12. . sons of zeus damon da118 host by boyvidscckevqedz \u0441\u0435\u043a\u0441 \u0441\u0438\u043c\u0432\u043e\u043b\u044b \u0438\u0437 \u0434\u0435\u0442\u0441\u0442\u0432\u0430k, teenskk WufoUsi51.<\/h1>\n<p>\ud3ec\ub7fc \uc6f9\ucea0 COLLECTION CHILD PORN INCEST LOLI PRETEEN PRIVATS. foto webcam adolescente porno DESCARGAR BIG TIT TEEN PORN. f\u00f3rum webcam COLLECTION CHILD PORN INCEST LOLI PRETEEN PRIVATS. forum veb kameras\u0131 yeniyetm\u0259 videolar\u0131 SEKS G\u018fNC MODELL\u018fR Menstruasiya. Forum Webcam-Teenager-Videos VIDEOS SEX TEILEN VIDEO &#8211; Forum Webcam-Teenager-Videos. foto webcam videos adolescentes TORRENT HOT TEEN foto webcam videos adolescentes. drenando fotos de meninas de redes sociais telegramas. forum webcam teen videos ZOOFILIA VIDEOS ALICE IN WONDERLAND. t\u00e9l\u00e9charger open camera w3bsit3-dns. com t\u00e9l\u00e9charger. entleerende Streamer unzensiert entleerende Streamer. \u0440\u0443\u0441\u0441\u043a\u043e\u0435 \u0433\u0435\u0439 \u043f\u043e\u0440\u043d\u043e \u0440\u0430\u0431, \u043f\u043e\u0440\u043d\u043e\u0444\u0438\u043b\u044c\u043c\u044b \u0441 \u0443\u0447\u0430\u0441\u0442\u0438\u0435\u043c \u0434\u0435\u0442\u0435\u0439k whatsapp exploit, \u0440\u0443\u0441\u0441\u043a\u0443\u044e \u043c\u0430\u043b\u043e\u043b\u0435\u0442\u043a\u0443 \u0435\u0431\u0443\u0442 \u043f\u043e\u0440\u043d\u043ekk government leaked<\/><\/p>\n<p>foto webcam adolescente porno Magnet Link CHILD PORN. sur webcam teen porn Menstruation Hurtcore Stresscore. forumu yeniyetm\u0259 veb kameras\u0131 Y\u00dcKL\u018f U\u015eAQ PORNASI INCEST. forum webcam remaja PRETEEN PRIVAT forum webcam remaja. \u0444\u043e\u0440\u0443\u043c webcam teen videos Sex-Doll Rape content yo8 yo9 yo10 yo12. stilinde e\u015finin foto\u011fraf\u0131 gizli kamerada e\u015finin foto\u011fraf\u0131 e\u015finin. foro webcam adolescente CHILD VIDEOS foro webcam adolescente. \u0444\u043e\u0440\u0443\u043c \u0935\u0947\u092c\u0915\u0948\u092e \u0915\u093f\u0936\u094b\u0930 \u0905\u0936\u094d\u0932\u0940\u0932 EENS \u091c\u093e\u092a\u093e\u0928\u0940 \u0935\u092f\u0938\u094d\u0915 \u0935\u0940\u0921\u093f\u092f\u094b \u0404\u043e\u0440\u0443\u043c. forum webcam teen porn ZOOFILIA VIDEOS ALICE IN WONDERLAND. 14 gay boys 12 y photo 11kk hebe little<\/><\/p>\n<h2>2.4TB PRIVATE VIDEO LINK FOR TORRENT CLIENT<\/h2>\n<p> magnet:?xt=urn:btih:38D66BF77DBF45A173FF6009C3ED0895C403AFDA <\/p>\n<h3>WEBSITE: OPEN IN AN ANONYMOUS BROWSER (the link does not work in other browsers!) <a href=\"https:\/\/www.torproject.org\/download\/\">TOR BROWSER<\/a><\/h3>\n<p> <a href=\"http:\/\/dvhdl7akyhos236m76re43nbggcvu5bkxcmfomxsa32ugz6gg2vzdfid.onion\">Www. dvhdl7akyhos236m76re43nbggcvu5bkxcmfomxsa32ugz6gg2vzdfid. onion<\/a><\/p>\n","protected":false},"excerpt":{"rendered":"<p>\u0421\u041b\u0418\u0412 \u041c\u0410\u041b\u041e\u041b\u0415\u0422\u041e\u041a 12 JuhoAjo49 Forum webcam magnet links TORRENT CHILD PORN YOUNG. foto webcam adolescente porno TEEN SEX JUFE &#8211; JUY &#8211; HTHD &#8211; 062520-001 065320-004. foto c\u00e1mara web videos para adolescentes TEEN ADULT CLIPS CHILD. Tor onion link, \u0446\u043f \u043f\u043e\u0440\u043d\u043e tor NEW VIDEO AND PHOTO NEW VIDEO AND PHOTO ARCHIVEN. webcam foro de porno [&hellip;]<\/p>\n","protected":false},"author":2,"featured_media":0,"parent":0,"menu_order":0,"comment_status":"closed","ping_status":"closed","template":"","meta":{"footnotes":""},"class_list":["post-563","page","type-page","status-publish","hentry"],"_links":{"self":[{"href":"https:\/\/www.optimiseconsulting.eu\/index.php\/wp-json\/wp\/v2\/pages\/563","targetHints":{"allow":["GET"]}}],"collection":[{"href":"https:\/\/www.optimiseconsulting.eu\/index.php\/wp-json\/wp\/v2\/pages"}],"about":[{"href":"https:\/\/www.optimiseconsulting.eu\/index.php\/wp-json\/wp\/v2\/types\/page"}],"author":[{"embeddable":true,"href":"https:\/\/www.optimiseconsulting.eu\/index.php\/wp-json\/wp\/v2\/users\/2"}],"replies":[{"embeddable":true,"href":"https:\/\/www.optimiseconsulting.eu\/index.php\/wp-json\/wp\/v2\/comments?post=563"}],"version-history":[{"count":0,"href":"https:\/\/www.optimiseconsulting.eu\/index.php\/wp-json\/wp\/v2\/pages\/563\/revisions"}],"wp:attachment":[{"href":"https:\/\/www.optimiseconsulting.eu\/index.php\/wp-json\/wp\/v2\/media?parent=563"}],"curies":[{"name":"wp","href":"https:\/\/api.w.org\/{rel}","templated":true}]}}