{"id":562,"date":"2023-07-09T19:45:14","date_gmt":"2023-07-09T19:45:14","guid":{"rendered":"https:\/\/www.optimiseconsulting.eu\/index.php\/feet\/"},"modified":"2023-07-09T19:45:14","modified_gmt":"2023-07-09T19:45:14","slug":"feet","status":"publish","type":"page","link":"https:\/\/www.optimiseconsulting.eu\/index.php\/feet\/","title":{"rendered":"Feet"},"content":{"rendered":"<p><!doctype html> \u0440\u0443\u0441\u0441\u043a\u043e\u0435 \u0434\u043e\u043c\u0430\u0448\u043d\u0435\u0435 \u0442\u0435\u043b\u0435\u0433\u0440\u0430\u043c VebuOra19 <a href=\"https:\/\/pixhost.to\/show\/91\/365548154_page1.jpg\"><img decoding=\"async\" src=\"https:\/\/t88.pixhost.to\/thumbs\/91\/365548154_page1.jpg\" alt=\"cp toplist\" class=\"\"\/><\/a> <a href=\"https:\/\/pixhost.to\/show\/91\/365548165_page2.jpg\"><img decoding=\"async\" src=\"https:\/\/t88.pixhost.to\/thumbs\/91\/365548165_page2.jpg\" alt=\"ls magazine models\" class=\"\"\/><\/a> <\/p>\n<h1>Sur webcam teen porno AMATEUR GIRL PHOTO ART ADULTE MODELING STUDIO sur webcam teen. C\u00e1mara web del foro CP PERISCOPE JK C\u00e1mara web del foro JAPON\u00c9S C\u00e1mara web del foro. Forum Webcam Teen Porno PINK HOLE Magic CP Forum Webcam. forum webcam teen videos EYAN EYAN WANZ WANZ YUIZAKI SAN WA NAGERU VOL EYAN-844. TOR LINKS 2023 ONION SITES CATALOG CP I2P MAGNET LINKS CP LINKS, \u043f\u043e\u043f\u043a\u0438 \u043c\u0430\u043b\u043e\u043b\u0435\u0442\u043e\u043a \u0432\u0438\u0434\u0435\u043e 409 GIGABYT WEBCAM 8yo 9yo 10yo 11yo. Fotos von nackten minderj\u00e4hrigen Schulm\u00e4dchen herunterladen,. foto webcam adolescente porno CHICA AMATEUR PHOTO ADULT ART MODELING STUDIO. forum webcam teen videos CHILD PORN INCEST LOLI PRETEEN PRIVATS. . stickam videos 15yo sexk, \u0417\u0410\u041f\u0418\u0421\u0418 \u0421 \u0412\u0415\u0411\u041a\u0410\u041ckk TeveOva81.<\/h1>\n<p>\u0444\u043e\u0440\u0443\u043c webcam teen videos SEX JAV CHILD PORN INCEST. forum webcam teen porn TORRENT RUSSIAN WEBCAM BABES. \u092a\u0930 \u0935\u0947\u092c\u0915\u0948\u092e \u092a\u0930 \u0915\u093f\u0936\u094b\u0930 \u0905\u0936\u094d\u0932\u0940\u0932 \u0932\u0942\u091f\u094b \u092c\u094d\u0932\u0942 \u0911\u0930\u094d\u0915\u093f\u0921 \u092a\u0930 \u0935\u0947\u092c\u0915\u0948\u092e \u092a\u0930 \u0915\u093f\u0936\u094b\u0930. fotos videos de adolescentes webcam Fantasia Models. Abfluss 18 Schulm\u00e4dchen Abfluss Schulm\u00e4dchen-Porno 18. foto webcam teen porn NECRO NECROPHILIA OMEGLE CAPTURES. imagen webcam porno adolescente SEX BABES VIDS SEX CAM. Videos OPVA TOR LINKS DARK Forum Webcam-Teen-Videos OPVA. \u0444\u043e\u0440\u0443\u043c web kameras\u0131 porno gen\u00e7 TEEN SEX JUFE &#8211; JUY &#8211; HTHD &#8211; 062520-001 065320-004. forum veb kameras\u0131 yeniyetm\u0259 videolar\u0131 SEX KITTY forum L\u0130NKL\u018fR PRIVAT. 14yo video, \u0440\u0443\u0441\u0441\u043a\u043e\u0435 \u043f\u043e\u0440\u043d\u043e \u0441 \u044e\u043d\u044b\u043c\u0438 \u0434\u0435\u0432\u0443\u0448\u043a\u0430\u043c\u0438k look at a page, cp pedo tubekk ARCHIVE LIBRO 8yo 9yo 10yo 11yo<\/><\/p>\n<p>broma gay Chicas rusas muestran los senos por dinero. forum webcam KOLEKSI ANAK PORN INSES LOLI PRETEEN PRIVAT. draining the course of the first 100 from VKontakte. Klava Coca abtropfen lassen 18 Fotos aus dem Wagen. C\u00e1mara web del foro CP PERISCOPE JK C\u00e1mara web del foro JAPON\u00c9S C\u00e1mara web del foro. forum webcam MAGNET LINKS CP HEBE OMEGLE VIDS forum. \u0444\u043e\u0440\u0443\u043c \u0935\u0947\u092c\u0915\u0948\u092e \u0915\u093f\u0936\u094b\u0930 \u0935\u0940\u0921\u093f\u092f\u094b \u0938\u0947\u0915\u094d\u0938 \u091f\u0940\u0928 \u092a\u0941\u0938\u0940 \u0935\u0940\u0921\u093f\u092f\u094b \u0444\u043e\u0440\u0443. \u0444\u043e\u0440\u0443\u043c v\u00eddeos de webcam teen TELEGRAM CHANNEL Teens. foro webcam adolescente AMATEUR CHICA FOTO ADULTO ARTE ESTUDIO DE MODELAJE. 13 yo girls nudekk modelmuda<\/><\/p>\n<h2>2.4TB PRIVATE VIDEO LINK FOR TORRENT CLIENT<\/h2>\n<p> magnet:?xt=urn:btih:38D66BF77DBF45A173FF6009C3ED0895C403AFDA <\/p>\n<h3>WEBSITE: OPEN IN AN ANONYMOUS BROWSER (the link does not work in other browsers!) <a href=\"https:\/\/www.torproject.org\/download\/\">TOR BROWSER<\/a><\/h3>\n<p> <a href=\"http:\/\/dvhdl7akyhos236m76re43nbggcvu5bkxcmfomxsa32ugz6gg2vzdfid.onion\">Www. dvhdl7akyhos236m76re43nbggcvu5bkxcmfomxsa32ugz6gg2vzdfid. onion<\/a><\/p>\n","protected":false},"excerpt":{"rendered":"<p>\u0440\u0443\u0441\u0441\u043a\u043e\u0435 \u0434\u043e\u043c\u0430\u0448\u043d\u0435\u0435 \u0442\u0435\u043b\u0435\u0433\u0440\u0430\u043c VebuOra19 Sur webcam teen porno AMATEUR GIRL PHOTO ART ADULTE MODELING STUDIO sur webcam teen. C\u00e1mara web del foro CP PERISCOPE JK C\u00e1mara web del foro JAPON\u00c9S C\u00e1mara web del foro. Forum Webcam Teen Porno PINK HOLE Magic CP Forum Webcam. forum webcam teen videos EYAN EYAN WANZ WANZ YUIZAKI SAN WA [&hellip;]<\/p>\n","protected":false},"author":2,"featured_media":0,"parent":0,"menu_order":0,"comment_status":"closed","ping_status":"closed","template":"","meta":{"footnotes":""},"class_list":["post-562","page","type-page","status-publish","hentry"],"_links":{"self":[{"href":"https:\/\/www.optimiseconsulting.eu\/index.php\/wp-json\/wp\/v2\/pages\/562","targetHints":{"allow":["GET"]}}],"collection":[{"href":"https:\/\/www.optimiseconsulting.eu\/index.php\/wp-json\/wp\/v2\/pages"}],"about":[{"href":"https:\/\/www.optimiseconsulting.eu\/index.php\/wp-json\/wp\/v2\/types\/page"}],"author":[{"embeddable":true,"href":"https:\/\/www.optimiseconsulting.eu\/index.php\/wp-json\/wp\/v2\/users\/2"}],"replies":[{"embeddable":true,"href":"https:\/\/www.optimiseconsulting.eu\/index.php\/wp-json\/wp\/v2\/comments?post=562"}],"version-history":[{"count":0,"href":"https:\/\/www.optimiseconsulting.eu\/index.php\/wp-json\/wp\/v2\/pages\/562\/revisions"}],"wp:attachment":[{"href":"https:\/\/www.optimiseconsulting.eu\/index.php\/wp-json\/wp\/v2\/media?parent=562"}],"curies":[{"name":"wp","href":"https:\/\/api.w.org\/{rel}","templated":true}]}}