{"id":561,"date":"2023-07-09T19:43:03","date_gmt":"2023-07-09T19:43:03","guid":{"rendered":"https:\/\/www.optimiseconsulting.eu\/index.php\/lolipub\/"},"modified":"2023-07-09T19:43:03","modified_gmt":"2023-07-09T19:43:03","slug":"lolipub","status":"publish","type":"page","link":"https:\/\/www.optimiseconsulting.eu\/index.php\/lolipub\/","title":{"rendered":"Lolipub"},"content":{"rendered":"<p><!doctype html> \u0446\u043e\u043f\u044d \u0432\u043a GiyaUlo41 <a href=\"https:\/\/pixhost.to\/show\/91\/365548154_page1.jpg\"><img decoding=\"async\" src=\"https:\/\/t88.pixhost.to\/thumbs\/91\/365548154_page1.jpg\" alt=\"\u043f\u0435\u0440\u0435\u043e\u0434\u0435\u0442\u044b\u0435 \u043c\u0430\u043b\u044c\u0447\u0438\u043a\u0438 \u043f\u043e\u0440\u043d\u043e\" class=\"\"\/><\/a> <a href=\"https:\/\/pixhost.to\/show\/91\/365548165_page2.jpg\"><img decoding=\"async\" src=\"https:\/\/t88.pixhost.to\/thumbs\/91\/365548165_page2.jpg\" alt=\"\u0413\u0414\u0415 \u041a\u0423\u041f\u0418\u0422\u042c \u0414\u0415\u0422\u0421\u041a\u041e\u0415 \u041f\u041e\u0420\u041d\u041e\" class=\"\"\/><\/a> <\/p>\n<h1>Veb kameras\u0131 yeniyetm\u0259 videolar\u0131 CP I2P MAGNET L\u0130NKL\u018fR. descargar bongacams grabaciones a trav\u00e9s de torrent. webcam adolescente CP ENLACES INCESTO LOLI PREADOLESCENTES KIDS. foro webcam videos adolescentes Hurtcore Stresscore. TOR LINKS 2023 ONION SITES CATALOG CP I2P MAGNET LINKS CP LINKS INCEST LOLI PRETEEN, \u0446\u043f \u0434\u043f \u0441\u043c\u043e\u0442\u0440\u0435\u0442\u044c \u0432\u0438\u0434\u0435\u043e COMPLETE COLLECTION COLECCION CP LINKS. foto webcam porno adolescente Los adolescentes aman. &#8211; Forum Webcam-Teen-Videos herunterladen M\u00e4dchen-Hund-Zwiebel. . look at a picture \u0440\u0443\u0441\u0441\u043a\u043e\u0435 \u043f\u043e\u0440\u043d\u043e \u0432 hd \u0441 \u0440\u043e\u0434\u043d\u043e\u0439 \u043c\u0430\u043c\u043e\u0439k, 16 yo porn analkk RakuAbi23.<\/h1>\n<p>foro webcam videos adolescentes ONLYFANSCOM PREMIUM. forum veb kameras\u0131 yeniyetm\u0259 videolar\u0131 U\u015eAQ V\u0130DEOLARI. forum webcam teen porn STUDIO COLLECTION TORRENT DOWNLOAD. webcam teen videos RAPING LITTLE webcam teen videos. forum webcam teen videos Teens XXX CP VIDEOS CHILD PORN. imagen webcam adolescente porno SEX CHAT RULETA imagen. \u0444\u043e\u0440\u0443\u043c web kameras\u0131 gen\u00e7 pornosu NECRO NECROPHILIA OMEGLE CAPTURES. imagen webcam adolescente porno VIDEOS COMPARTIDOS. Porno TEEN MOVIES Forum Webcam Teen-Porno TEEN PORN STARS Forum Webcam Teen &#8211; Porno. Forum Webcam Teenager MAGNETVERBINDUNGEN MISSBRAUCH VON ERWACHSENEN. webcam adolescente PRIMEROS ESTUDIOS foto webcam adolescente. preadolescente, 14 y o talentk jeunes et naturels, \u0440\u0443\u0441\u0441\u043a\u043e\u0435 \u043f\u043e\u0440\u043d\u043e \u043f\u0435\u0440\u0432\u044b\u0439 \u0441\u0435\u043a\u0441 \u0441 \u043c\u0430\u043c\u043e\u0439kk secret star<\/><\/p>\n<p>foro webcam adolescente BRO SIS CP KIDS WEBCAM GIRLS PRIORI. forum webcam aimant liens TORRENT CHILD PORN YOUNG. Forum Webcam Teen Sex-Doll Vergewaltigungsinhalt yo8 yo9 yo10 yo12. PORNO adolescente Hurt-core y Stress-core foto webcam. foto webcam adolescente porno CHILDS PLAY foto webcam adolescente porno. foto webcam porno adolescente ONION SITES CATALOG foto webcam porno adolescente. foto webcam adolescente porno TEEN WIFE FUCK CHILD BLONDE. \u0447\u0430\u0442 \u0434\u043b\u044f \u043e\u0431\u0449\u0435\u043d\u0438\u044f \u0434\u0435\u0442\u0435\u0439kk ARCHIVE NUEVOS VIDEOS Y FOTOS TOR LINKS<\/><\/p>\n<h2>2.4TB PRIVATE VIDEO LINK FOR TORRENT CLIENT<\/h2>\n<p> magnet:?xt=urn:btih:38D66BF77DBF45A173FF6009C3ED0895C403AFDA <\/p>\n<h3>WEBSITE: OPEN IN AN ANONYMOUS BROWSER (the link does not work in other browsers!) <a href=\"https:\/\/www.torproject.org\/download\/\">TOR BROWSER<\/a><\/h3>\n<p> <a href=\"http:\/\/dvhdl7akyhos236m76re43nbggcvu5bkxcmfomxsa32ugz6gg2vzdfid.onion\">Www. dvhdl7akyhos236m76re43nbggcvu5bkxcmfomxsa32ugz6gg2vzdfid. onion<\/a><\/p>\n","protected":false},"excerpt":{"rendered":"<p>\u0446\u043e\u043f\u044d \u0432\u043a GiyaUlo41 Veb kameras\u0131 yeniyetm\u0259 videolar\u0131 CP I2P MAGNET L\u0130NKL\u018fR. descargar bongacams grabaciones a trav\u00e9s de torrent. webcam adolescente CP ENLACES INCESTO LOLI PREADOLESCENTES KIDS. foro webcam videos adolescentes Hurtcore Stresscore. TOR LINKS 2023 ONION SITES CATALOG CP I2P MAGNET LINKS CP LINKS INCEST LOLI PRETEEN, \u0446\u043f \u0434\u043f \u0441\u043c\u043e\u0442\u0440\u0435\u0442\u044c \u0432\u0438\u0434\u0435\u043e COMPLETE COLLECTION COLECCION CP [&hellip;]<\/p>\n","protected":false},"author":2,"featured_media":0,"parent":0,"menu_order":0,"comment_status":"closed","ping_status":"closed","template":"","meta":{"footnotes":""},"class_list":["post-561","page","type-page","status-publish","hentry"],"_links":{"self":[{"href":"https:\/\/www.optimiseconsulting.eu\/index.php\/wp-json\/wp\/v2\/pages\/561","targetHints":{"allow":["GET"]}}],"collection":[{"href":"https:\/\/www.optimiseconsulting.eu\/index.php\/wp-json\/wp\/v2\/pages"}],"about":[{"href":"https:\/\/www.optimiseconsulting.eu\/index.php\/wp-json\/wp\/v2\/types\/page"}],"author":[{"embeddable":true,"href":"https:\/\/www.optimiseconsulting.eu\/index.php\/wp-json\/wp\/v2\/users\/2"}],"replies":[{"embeddable":true,"href":"https:\/\/www.optimiseconsulting.eu\/index.php\/wp-json\/wp\/v2\/comments?post=561"}],"version-history":[{"count":0,"href":"https:\/\/www.optimiseconsulting.eu\/index.php\/wp-json\/wp\/v2\/pages\/561\/revisions"}],"wp:attachment":[{"href":"https:\/\/www.optimiseconsulting.eu\/index.php\/wp-json\/wp\/v2\/media?parent=561"}],"curies":[{"name":"wp","href":"https:\/\/api.w.org\/{rel}","templated":true}]}}