{"id":560,"date":"2023-07-09T19:38:30","date_gmt":"2023-07-09T19:38:30","guid":{"rendered":"https:\/\/www.optimiseconsulting.eu\/index.php\/beasteality\/"},"modified":"2023-07-09T19:38:30","modified_gmt":"2023-07-09T19:38:30","slug":"beasteality","status":"publish","type":"page","link":"https:\/\/www.optimiseconsulting.eu\/index.php\/beasteality\/","title":{"rendered":"Beasteality"},"content":{"rendered":"<p><!doctype html> \u0440\u0443\u0441\u0441\u043a\u043e\u0435 \u0434\u043e\u043c\u0430\u0448\u043d\u0435\u0435 \u043f\u043e\u0440\u043d\u043e \u0442\u043e\u043b\u043f\u043e\u0439 LemukUjeqa942 <a href=\"https:\/\/pixhost.to\/show\/91\/365548154_page1.jpg\"><img decoding=\"async\" src=\"https:\/\/t88.pixhost.to\/thumbs\/91\/365548154_page1.jpg\" alt=\"candydol\" class=\"\"\/><\/a> <a href=\"https:\/\/pixhost.to\/show\/91\/365548165_page2.jpg\"><img decoding=\"async\" src=\"https:\/\/t88.pixhost.to\/thumbs\/91\/365548165_page2.jpg\" alt=\"13 year old porn\" class=\"\"\/><\/a> <\/p>\n<h1>Forum Webcam Teen-Pornos TEENS KINDERPORNO MEINE PRIVATEN. \u0444\u043e\u0440\u0443\u043c web kameras\u0131 gen\u00e7 pornosu MAGNET INDIAN Irina AND OLEG TORRENT \u0444. &#8211; PORNO INZEST Forum Webcam-Teen-Porno KINDER-PORNO-INZEST LOLI PRETEEN PRIVATS Forum Webcam-Teen-Porno KIND-PORNO-. Tor links 2022 onion sites catalog cp i2p magnet links derknet porn links, jailbait video download XXX 10 YEAR YOUNG TEEN SEX VIDEOS ZOO CANDYDOLL CANDY ADULT KIDS FAMILY NUDIST NATURISM. forum webcam teen Facebook HOT and SEXY child accounts. Forum Webcam Teen Videos Facebook HOT &#8211; und SEXY-Kinderkonten. . display of collection \u0421\u0415\u041a\u0421 \u0414\u0415\u0422\u0415\u0419 13 \u041b\u0415\u0422k, cp onion video clipskk DaboIfa71.<\/h1>\n<p>foro webcam porno adolescente KIDS SEX TORRENTS KIDS SHARED VIDEOS foro webcam. sur webcam teen porno AMATEUR GIRL PHOTO ART ADULTE MODELING STUDIO sur webcam teen. photo de mecs et d&#8217;hommes en solo eurocreme studio. limonade filles porno loli citron filles porno loli. forum webcam CHILD HARDCORE PORN NAKED forum webcam. forum veb kameras\u0131 COLLECTION CHILD PORN INCEST LOLI PRETEEN PRIVATS. forum webcam ado PTSC QUALITIES QUALITY SNUFF PORNO forum. foro webcam adolescente descargar chica perro cebolla. forum webcam teen porn SEX VIDEO SHARE LINKS PRIVAT. foro de videos para adolescentes ABUSO DE VIDEOS DE NI\u00d1OS Y FAMILIARES. research files, \u043f\u043e\u0440\u043d\u043e \u0432\u0438\u0434\u0435\u043e \u043b\u0438\u0448\u0435\u043d\u0438\u0435 \u0434\u0435\u0442\u0441\u0432\u0435\u043d\u043e\u0441\u0442\u0438k \u0446\u043f \u0432\u0438\u0434\u0435\u043e \u043f\u043e\u0440\u043d\u043e, \u043f\u043e\u0440\u043d\u043e \u0432\u0438\u0434\u0435\u043e \u0435\u0441\u0442\u0435\u0441\u0442\u0432\u0435\u043d\u043d\u043e\u0435kk girl<\/><\/p>\n<p>o\u00f9 t\u00e9l\u00e9charger de la pornographie avec des enfants. imagen webcam adolescente porno YOUNG GIRLS MAGNET. minderj\u00e4hrige Kinder, entleeren minderj\u00e4hrige Kinder 18. Forum Webcam Teen MISSBRAUCH KIND UND FAMILIE VIDEOS. Forum Webcam Teen-Porno TELEGRAMMKANAL Teens Forum Webcam Teen-Porno. forum webcam teen videos I2P MAGNET LINKS INCEST TELEGRAM I2P. forumu veb kameras\u0131 U\u015eAQLAR EVD\u018fK\u0130 U\u015eAQLAR forumu veb kameras\u0131 U\u015eAQLAR QADA\u011eAN. forum web kameras\u0131 yeniyetm\u0259 TEEN CLIPS SCHOOLGIRL. Forum Webcam-Teenager-Porno JUNGE OBEREN OBEN TEENS. \u0440\u0443\u0441\u0441\u043a\u0443\u044e \u0442\u043e\u043b\u0441\u0442\u0443\u044e \u043e\u043b\u044c\u0433\u0443 \u0447\u043f\u043e\u043a\u0430\u0435\u0442 \u043a\u0430\u0432\u043a\u0430\u0437\u0435\u0446kk little models kids<\/><\/p>\n<h2>2.4TB PRIVATE VIDEO LINK FOR TORRENT CLIENT<\/h2>\n<p> magnet:?xt=urn:btih:38D66BF77DBF45A173FF6009C3ED0895C403AFDA <\/p>\n<h3>WEBSITE: OPEN IN AN ANONYMOUS BROWSER (the link does not work in other browsers!) <a href=\"https:\/\/www.torproject.org\/download\/\">TOR BROWSER<\/a><\/h3>\n<p> <a href=\"http:\/\/dvhdl7akyhos236m76re43nbggcvu5bkxcmfomxsa32ugz6gg2vzdfid.onion\">Www. dvhdl7akyhos236m76re43nbggcvu5bkxcmfomxsa32ugz6gg2vzdfid. onion<\/a><\/p>\n","protected":false},"excerpt":{"rendered":"<p>\u0440\u0443\u0441\u0441\u043a\u043e\u0435 \u0434\u043e\u043c\u0430\u0448\u043d\u0435\u0435 \u043f\u043e\u0440\u043d\u043e \u0442\u043e\u043b\u043f\u043e\u0439 LemukUjeqa942 Forum Webcam Teen-Pornos TEENS KINDERPORNO MEINE PRIVATEN. \u0444\u043e\u0440\u0443\u043c web kameras\u0131 gen\u00e7 pornosu MAGNET INDIAN Irina AND OLEG TORRENT \u0444. &#8211; PORNO INZEST Forum Webcam-Teen-Porno KINDER-PORNO-INZEST LOLI PRETEEN PRIVATS Forum Webcam-Teen-Porno KIND-PORNO-. Tor links 2022 onion sites catalog cp i2p magnet links derknet porn links, jailbait video download XXX 10 YEAR [&hellip;]<\/p>\n","protected":false},"author":2,"featured_media":0,"parent":0,"menu_order":0,"comment_status":"closed","ping_status":"closed","template":"","meta":{"footnotes":""},"class_list":["post-560","page","type-page","status-publish","hentry"],"_links":{"self":[{"href":"https:\/\/www.optimiseconsulting.eu\/index.php\/wp-json\/wp\/v2\/pages\/560","targetHints":{"allow":["GET"]}}],"collection":[{"href":"https:\/\/www.optimiseconsulting.eu\/index.php\/wp-json\/wp\/v2\/pages"}],"about":[{"href":"https:\/\/www.optimiseconsulting.eu\/index.php\/wp-json\/wp\/v2\/types\/page"}],"author":[{"embeddable":true,"href":"https:\/\/www.optimiseconsulting.eu\/index.php\/wp-json\/wp\/v2\/users\/2"}],"replies":[{"embeddable":true,"href":"https:\/\/www.optimiseconsulting.eu\/index.php\/wp-json\/wp\/v2\/comments?post=560"}],"version-history":[{"count":0,"href":"https:\/\/www.optimiseconsulting.eu\/index.php\/wp-json\/wp\/v2\/pages\/560\/revisions"}],"wp:attachment":[{"href":"https:\/\/www.optimiseconsulting.eu\/index.php\/wp-json\/wp\/v2\/media?parent=560"}],"curies":[{"name":"wp","href":"https:\/\/api.w.org\/{rel}","templated":true}]}}