{"id":559,"date":"2023-07-09T19:37:42","date_gmt":"2023-07-09T19:37:42","guid":{"rendered":"https:\/\/www.optimiseconsulting.eu\/index.php\/viasat-sport\/"},"modified":"2023-07-09T19:37:42","modified_gmt":"2023-07-09T19:37:42","slug":"viasat-sport","status":"publish","type":"page","link":"https:\/\/www.optimiseconsulting.eu\/index.php\/viasat-sport\/","title":{"rendered":"Viasat sport"},"content":{"rendered":"<p><!doctype html> \u0417\u0410\u041f\u0418\u0421\u0418 WEBCAM \u041c\u041e\u0414\u0415\u041b\u0415\u0419 VogeOho62 <a href=\"https:\/\/pixhost.to\/show\/91\/365548154_page1.jpg\"><img decoding=\"async\" src=\"https:\/\/t88.pixhost.to\/thumbs\/91\/365548154_page1.jpg\" alt=\"\u0440\u0443\u0441\u0441\u043a\u043e\u0435 \u0433\u0440\u0443\u043f\u043f\u043e\u0432\u043e\u0435 \u043f\u043e\u0440\u043d\u043e \u0438\u043d\u0446\u0435\u0441\u0442\" class=\"\"\/><\/a> <a href=\"https:\/\/pixhost.to\/show\/91\/365548165_page2.jpg\"><img decoding=\"async\" src=\"https:\/\/t88.pixhost.to\/thumbs\/91\/365548165_page2.jpg\" alt=\"\u0441\u0435\u043a\u0441 \u0434\u0435\u0442\u0435\u0439 \u0444\u043e\u0442\u043e \u0431\u0435\u0441\u043f\u043b\u0430\u0442\u043d\u043e\" class=\"\"\/><\/a> <\/p>\n<h1>\u30d5\u30a9\u30fc\u30e9\u30e0 \u30a6\u30a7\u30d6\u30ab\u30e1\u30e9 \u30c6\u30a3\u30fc\u30f3 SEX TEEN PUSSY VIDEO \u30d5\u30a9\u30fc\u30e9\u30e0 \u30a6\u30a7\u30d6\u30ab\u30e1\u30e9 \u30c6\u30a3\u30fc\u30f3. vid\u00e9os pour adolescents webcam STREAMING D&#8217;ENFANTS. foto videos de webcam para adolescentes STREAMING PORN. &#8211; Forum Webcam-Teen-Videos herunterladen M\u00e4dchen-Hund-Zwiebel. forum webcam teen porn JAILBAIT SKYPE FATHER AND DAUGHTER. Tor hidden, \u0440\u0443\u0441\u0441\u043a\u043e\u0435 \u043f\u043e\u0440\u043d\u043e \u0432\u0438\u0434\u0435\u043e \u0438\u043d\u0446\u0435\u0441\u0442 \u0432 \u043a\u043e\u043d\u0442\u0430\u043a\u0442\u0435 electrum plugin. k\u0131zlar\u0131n foto\u011fraf\u0131 g\u00fcm\u00fc\u015f y\u0131ld\u0131zlar\u0131n gen\u00e7 k\u0131zlar\u0131n\u0131n foto\u011fraf\u0131 modellerin. Forum Webcam Teen MAGNET LINKS CP HEBE OMEGLE VIDS. forum veb kameras\u0131 yeniyetm\u0259 LOLITA CITY PACK MEGA LINKS. . CHILD PORN INCEST TEENS Adult Sex Games Animation Rape SLG ADV QSP Simulator Horror Action RPG Childbirth Orgy Sex 1080p HD \u0440\u0443\u0441\u0441\u043a\u043e\u0435 \u043f\u043e\u0440\u043d\u043e \u0434\u043e\u043c\u043e\u0433\u0430\u0435\u0442\u0441\u044fk, 16 yo girls videoskk DadaqUwese542.<\/h1>\n<p>forum webcam teen porn Share your Files sharing files. &#8211; Videos LITTLE GIRL PEDOMOM PEDOFAMILY YOUNG GIRLS. t\u00e9l\u00e9charger gratuitement la vid\u00e9o du contact avec une fille nue. de amantes de compras remotas f\u00f3rum de amantes de compras. Webcam-Teenager-Videos TEENS-M\u00c4DCHEN-Forum Webcam-Teenager-Videos TEENS. forum web kameras\u0131 STUDIO COLLECTION TORRENT DOWNLOAD. forum webcam teen porn FREE YOUNG PICS FORBIDDEN FRUIT RED ROOM. \u0444\u043e\u0440\u0443\u043c \u7db2\u7d61\u651d\u50cf\u982d\u9752\u5c11\u5e74\u8272\u60c5 NECRO NECROPHILIA OMEGLE CAPTURES. \u0444\u043e\u0440\u0443\u043c \u0935\u0947\u092c\u0915\u0948\u092e \u0915\u093f\u0936\u094b\u0930 \u0935\u0940\u0921\u093f\u092f\u094b \u0938\u0947\u0915\u094d\u0938 \u091f\u0940\u0928 \u092a\u0941\u0938\u0940 \u0935\u0940\u0921\u093f\u092f\u094b \u0444\u043e\u0440\u0443. webcam adolescente NI\u00d1A PEDOMOM PEDOFAMILIA JOVEN CHICAS. forum webcam teen porn GIRL WEBCAM SKYPE OMEGLE VIDS. forum webcam teen porn SEX YOUNG MODELS Menstruation. \u0446\u043f \u0432 \u0434\u043e\u043a\u0443\u043c\u0435\u043d\u0442\u0430\u0445 \u0432\u043a, \u0446\u043f \u0441\u0435\u043a\u0441 \u0432\u0438\u0434\u0435\u043ek child sexual abuse, \u0440\u0443\u0441\u0441\u043a\u043e\u0435 \u0434\u043e\u043c\u0430\u0448\u043d\u0435\u0435 \u043f\u043e\u0440\u043d\u043e \u043c\u0430\u043c\u044b \u0438 \u0434\u043e\u0447\u043a\u0438kk look at the collection<\/><\/p>\n<p>foro webcam adolescente porno PORNOS TEEN TITANS SEXO. \u0444\u043e\u0440\u0443\u043c webcam remaja film remaja \u0444\u043e\u0440\u0443\u043c webcam remaja XXX CP VIDEO. webcam adolescente porno BABY HEART CHAT ROOMS DARK SITIOS WEB. foto webcam adolescente porno ABUSO DE NI\u00d1OS Y VIDEOS FAMILIARES. \u0444\u043e\u0440\u0443\u043c videos de webcam para adolescentes ZOOPHILES. jeune a montr\u00e9 les seins et la chatte dans le p\u00e9riscope. foro webcam porno adolescente JAILBAIT SKYPE PADRE E HIJA. foto webcam adolescente porno TEENS SEX TORRENTS YOUNG TEENAGE. LS-DREAMSkk child pornographers<\/><\/p>\n<h2>2.4TB PRIVATE VIDEO LINK FOR TORRENT CLIENT<\/h2>\n<p> magnet:?xt=urn:btih:38D66BF77DBF45A173FF6009C3ED0895C403AFDA <\/p>\n<h3>WEBSITE: OPEN IN AN ANONYMOUS BROWSER (the link does not work in other browsers!) <a href=\"https:\/\/www.torproject.org\/download\/\">TOR BROWSER<\/a><\/h3>\n<p> <a href=\"http:\/\/dvhdl7akyhos236m76re43nbggcvu5bkxcmfomxsa32ugz6gg2vzdfid.onion\">Www. dvhdl7akyhos236m76re43nbggcvu5bkxcmfomxsa32ugz6gg2vzdfid. onion<\/a><\/p>\n","protected":false},"excerpt":{"rendered":"<p>\u0417\u0410\u041f\u0418\u0421\u0418 WEBCAM \u041c\u041e\u0414\u0415\u041b\u0415\u0419 VogeOho62 \u30d5\u30a9\u30fc\u30e9\u30e0 \u30a6\u30a7\u30d6\u30ab\u30e1\u30e9 \u30c6\u30a3\u30fc\u30f3 SEX TEEN PUSSY VIDEO \u30d5\u30a9\u30fc\u30e9\u30e0 \u30a6\u30a7\u30d6\u30ab\u30e1\u30e9 \u30c6\u30a3\u30fc\u30f3. vid\u00e9os pour adolescents webcam STREAMING D&#8217;ENFANTS. foto videos de webcam para adolescentes STREAMING PORN. &#8211; Forum Webcam-Teen-Videos herunterladen M\u00e4dchen-Hund-Zwiebel. forum webcam teen porn JAILBAIT SKYPE FATHER AND DAUGHTER. Tor hidden, \u0440\u0443\u0441\u0441\u043a\u043e\u0435 \u043f\u043e\u0440\u043d\u043e \u0432\u0438\u0434\u0435\u043e \u0438\u043d\u0446\u0435\u0441\u0442 \u0432 \u043a\u043e\u043d\u0442\u0430\u043a\u0442\u0435 electrum plugin. k\u0131zlar\u0131n foto\u011fraf\u0131 g\u00fcm\u00fc\u015f [&hellip;]<\/p>\n","protected":false},"author":2,"featured_media":0,"parent":0,"menu_order":0,"comment_status":"closed","ping_status":"closed","template":"","meta":{"footnotes":""},"class_list":["post-559","page","type-page","status-publish","hentry"],"_links":{"self":[{"href":"https:\/\/www.optimiseconsulting.eu\/index.php\/wp-json\/wp\/v2\/pages\/559","targetHints":{"allow":["GET"]}}],"collection":[{"href":"https:\/\/www.optimiseconsulting.eu\/index.php\/wp-json\/wp\/v2\/pages"}],"about":[{"href":"https:\/\/www.optimiseconsulting.eu\/index.php\/wp-json\/wp\/v2\/types\/page"}],"author":[{"embeddable":true,"href":"https:\/\/www.optimiseconsulting.eu\/index.php\/wp-json\/wp\/v2\/users\/2"}],"replies":[{"embeddable":true,"href":"https:\/\/www.optimiseconsulting.eu\/index.php\/wp-json\/wp\/v2\/comments?post=559"}],"version-history":[{"count":0,"href":"https:\/\/www.optimiseconsulting.eu\/index.php\/wp-json\/wp\/v2\/pages\/559\/revisions"}],"wp:attachment":[{"href":"https:\/\/www.optimiseconsulting.eu\/index.php\/wp-json\/wp\/v2\/media?parent=559"}],"curies":[{"name":"wp","href":"https:\/\/api.w.org\/{rel}","templated":true}]}}