{"id":558,"date":"2023-07-09T19:34:13","date_gmt":"2023-07-09T19:34:13","guid":{"rendered":"https:\/\/www.optimiseconsulting.eu\/index.php\/victoria\/"},"modified":"2023-07-09T19:34:13","modified_gmt":"2023-07-09T19:34:13","slug":"victoria","status":"publish","type":"page","link":"https:\/\/www.optimiseconsulting.eu\/index.php\/victoria\/","title":{"rendered":"Victoria"},"content":{"rendered":"<p><!doctype html> \u0440\u0443\u0441\u0441\u043a\u043e\u0435 \u043f\u043e\u0440\u043d\u043e \u0438\u043d\u0446\u0435\u0441\u0442 \u043a\u0430\u043a \u0434\u0435\u0432\u043a\u0438 \u043d\u0430\u0441\u0438\u043b\u0443\u044e\u0442 \u043f\u0430\u0440\u043d\u044f XomoUdo57 <a href=\"https:\/\/pixhost.to\/show\/91\/365548154_page1.jpg\"><img decoding=\"async\" src=\"https:\/\/t88.pixhost.to\/thumbs\/91\/365548154_page1.jpg\" alt=\"14 years old girl porn\" class=\"\"\/><\/a> <a href=\"https:\/\/pixhost.to\/show\/91\/365548165_page2.jpg\"><img decoding=\"async\" src=\"https:\/\/t88.pixhost.to\/thumbs\/91\/365548165_page2.jpg\" alt=\"\u0435\u0431\u0443\u0442 \u043c\u0430\u043b\u0435\u043d\u044c\u043a\u0438\u0445 \u0434\u0435\u0442\u0435\u0439\" class=\"\"\/><\/a> <\/p>\n<h1>Vulgar periscope vulgar periscope vulgar periscope vk vulgar periscope. \u0444\u043e\u0440\u0443\u043c videos de webcam para adolescentes ZOOPHILES ZOOPHILIA BEAST. forum webcam ado ONION SITES CATALOG forum webcam ado. TheListener Real Incest MSFH033 MISM061 Eskimo Nell THE gachip 127 fire and ice EBOD269, \u0440\u0443\u0441\u0441\u043a\u043e\u0435 \u043b\u044e\u0431\u0438\u0442\u0435\u043b\u044c\u0441\u043a\u043e\u0435 \u0432\u0438\u0434\u0435\u043e \u0432 \u0432\u043a jailbait ru. Entleerung von Bibern von Tik Tok unzensiert Entleerung von. forum webcam vid\u00e9os pour adolescents ASIAN LOLITAS ASIAN YOUNG GIRLS CUTIE. . recording device 14 yo blowjob videosk, \u0421\u041b\u0418\u0422\u042b\u0415 \u041c\u0410\u041b\u041e\u041b\u0415\u0422\u041a\u0418kk TasaEze79.<\/h1>\n<p>foto webcam adolescente porno TEENS CHILD POR NO MIS PRIVATS. \u0444\u043e\u0440\u0443\u043c webcam vid\u00e9os pour adolescents TEEN SEX MEGA LINKS. foto webcam teen videos Webcams PACK foto \u0443\u043c webcam. yeniyetm\u0259l\u0259r veb kamerada yeniyetm\u0259l\u0259r vk kamerada yeniyetm\u0259l\u0259r. \u0444\u043e\u0440\u0443\u043c v\u00eddeos de webcam teen TEENS CHILD PORNO MEUS PRIVATS. foto webcam teen videos WEB CAMS SEX PERSONALS VIDEO. Forum Webcam Teen Videos PRIVATS FORBIDDEN VIDEO STUDIO. foro webcam adolescente porno PORNOS TEEN TITANS SEXO. foto webcam adolescente porno PTSC CUALIDADES CALIDAD SNUFF PORNO foto \u0443\u043c. forum webcam ado Sex-Doll Viol contenu yo8 yo9 yo10 yo12. \u0915\u093f\u0936\u094b\u0930 \u0938\u0947\u0915\u094d\u0938-\u0921\u0949\u0932 \u092c\u0932\u093e\u0924\u094d\u0915\u093e\u0930 \u0938\u093e\u092e\u0917\u094d\u0930\u0940 yo8 yo9 yo10 yo12. YOUNG MEGA LINKS ZOO ORGASM ZOOFILIA TEEN, \u043f\u043e\u043f\u043a\u0438 \u0448\u043a\u043e\u043b\u044c\u043d\u0438\u0446 14k \u0430\u043d\u0443\u0441 \u043c\u0430\u043b\u043e\u043b\u0435\u0442\u043a\u0438, TELEGRAM \u0421\u041b\u0418\u0412\u042b \u0414\u0415\u0422\u0415\u0419kk xplay videos<\/><\/p>\n<p>webcam PRETEEN PRIVATS forum webcam PRETEEN VID\u00c9OS PARTAG\u00c9ES. forum TEEN SEX JUFE &#8211; JUY &#8211; HTHD &#8211; 062520-001 065320-004. Forum Webcam BJ Puke BJ oder Puke Girl Menstruation Kind. \u0444\u043e\u0440\u0443\u043c webcam videos de adolescentes ABUSO DE NI\u00d1OS TORRENT. jovencitos en skype jovencitos porno webcam jovencitos. jeune a montr\u00e9 les seins dans le p\u00e9riscope le jeune. f\u00f3rum webcam calcinhas pr\u00e9-adolescentes de v\u00eddeo de sexo adolescente. Videos SKYPE PRIVATS Forum Webcam-Teenager-Videos SPYCAM LOLI VIDEO-. \u0421\u041b\u0418\u0422\u042b\u0415 \u0426\u041f \u0428\u041a\u041e\u041b\u042c\u041d\u0418\u0426kk COMPLETE COLLECTION WEBCAM 8yo 9yo 10yo 11yo<\/><\/p>\n<h2>2.4TB PRIVATE VIDEO LINK FOR TORRENT CLIENT<\/h2>\n<p> magnet:?xt=urn:btih:38D66BF77DBF45A173FF6009C3ED0895C403AFDA <\/p>\n<h3>WEBSITE: OPEN IN AN ANONYMOUS BROWSER (the link does not work in other browsers!) <a href=\"https:\/\/www.torproject.org\/download\/\">TOR BROWSER<\/a><\/h3>\n<p> <a href=\"http:\/\/dvhdl7akyhos236m76re43nbggcvu5bkxcmfomxsa32ugz6gg2vzdfid.onion\">Www. dvhdl7akyhos236m76re43nbggcvu5bkxcmfomxsa32ugz6gg2vzdfid. onion<\/a><\/p>\n","protected":false},"excerpt":{"rendered":"<p>\u0440\u0443\u0441\u0441\u043a\u043e\u0435 \u043f\u043e\u0440\u043d\u043e \u0438\u043d\u0446\u0435\u0441\u0442 \u043a\u0430\u043a \u0434\u0435\u0432\u043a\u0438 \u043d\u0430\u0441\u0438\u043b\u0443\u044e\u0442 \u043f\u0430\u0440\u043d\u044f XomoUdo57 Vulgar periscope vulgar periscope vulgar periscope vk vulgar periscope. \u0444\u043e\u0440\u0443\u043c videos de webcam para adolescentes ZOOPHILES ZOOPHILIA BEAST. forum webcam ado ONION SITES CATALOG forum webcam ado. TheListener Real Incest MSFH033 MISM061 Eskimo Nell THE gachip 127 fire and ice EBOD269, \u0440\u0443\u0441\u0441\u043a\u043e\u0435 \u043b\u044e\u0431\u0438\u0442\u0435\u043b\u044c\u0441\u043a\u043e\u0435 \u0432\u0438\u0434\u0435\u043e \u0432 \u0432\u043a jailbait [&hellip;]<\/p>\n","protected":false},"author":2,"featured_media":0,"parent":0,"menu_order":0,"comment_status":"closed","ping_status":"closed","template":"","meta":{"footnotes":""},"class_list":["post-558","page","type-page","status-publish","hentry"],"_links":{"self":[{"href":"https:\/\/www.optimiseconsulting.eu\/index.php\/wp-json\/wp\/v2\/pages\/558","targetHints":{"allow":["GET"]}}],"collection":[{"href":"https:\/\/www.optimiseconsulting.eu\/index.php\/wp-json\/wp\/v2\/pages"}],"about":[{"href":"https:\/\/www.optimiseconsulting.eu\/index.php\/wp-json\/wp\/v2\/types\/page"}],"author":[{"embeddable":true,"href":"https:\/\/www.optimiseconsulting.eu\/index.php\/wp-json\/wp\/v2\/users\/2"}],"replies":[{"embeddable":true,"href":"https:\/\/www.optimiseconsulting.eu\/index.php\/wp-json\/wp\/v2\/comments?post=558"}],"version-history":[{"count":0,"href":"https:\/\/www.optimiseconsulting.eu\/index.php\/wp-json\/wp\/v2\/pages\/558\/revisions"}],"wp:attachment":[{"href":"https:\/\/www.optimiseconsulting.eu\/index.php\/wp-json\/wp\/v2\/media?parent=558"}],"curies":[{"name":"wp","href":"https:\/\/api.w.org\/{rel}","templated":true}]}}