{"id":557,"date":"2023-07-09T19:32:45","date_gmt":"2023-07-09T19:32:45","guid":{"rendered":"https:\/\/www.optimiseconsulting.eu\/index.php\/14-teen\/"},"modified":"2023-07-09T19:32:45","modified_gmt":"2023-07-09T19:32:45","slug":"14-teen","status":"publish","type":"page","link":"https:\/\/www.optimiseconsulting.eu\/index.php\/14-teen\/","title":{"rendered":"14 teen"},"content":{"rendered":"<p><!doctype html> 14 years old girls sex videos JegoUra47 <a href=\"https:\/\/pixhost.to\/show\/91\/365548154_page1.jpg\"><img decoding=\"async\" src=\"https:\/\/t88.pixhost.to\/thumbs\/91\/365548154_page1.jpg\" alt=\"\u0446\u043f \u043f\u043e\u0434\u0440\u043e\u0441\u0442\u043a\u0438\" class=\"\"\/><\/a> <a href=\"https:\/\/pixhost.to\/show\/91\/365548165_page2.jpg\"><img decoding=\"async\" src=\"https:\/\/t88.pixhost.to\/thumbs\/91\/365548165_page2.jpg\" alt=\"\u0446\u043f \u0444\u043e\u0442\u043e \u0442\u0435\u043b\u0435\u0433\u0440\u0430\u043c\u043c\" class=\"\"\/><\/a> <\/p>\n<h1>\u0424\u043e\u0440\u0443\u043c c\u00e1mara web videos de adolescentes BEB\u00c9 HEART. foro webcam adolescente LOLITAS ASI\u00c1TICAS J\u00d3VENES ASI\u00c1TICAS CHICAS CUTIE. forum webcam teen videos PRETTY NUDIST FAMILY PICS VIDS. foto webcam adolescente porno Magnet Link CHILD PORN. The tape read, \u0440\u0443\u0441\u0441\u043a\u043e\u0435 \u0432\u0438\u0434\u0435\u043e \u0433\u043e\u043b\u0430\u044f \u0434\u0435\u0432\u043e\u0447\u043a\u0430 \u043f\u0430\u043f \u0434\u0430\u0439 \u043e\u0442\u0441\u043e\u0441\u0443 gfe 15 days slave bbbj. forum webcam adolescent VIDEO TORRENT T\u00c9L\u00c9CHARGER forum. Forum Webcam Teenager VLADMODELS JUNGE VIDEOMODELLE. k\u0131zlar\u0131n foto\u011fraf\u0131 g\u00fcm\u00fc\u015f y\u0131ld\u0131zlar\u0131n gen\u00e7 k\u0131zlar\u0131n\u0131n foto\u011fraf\u0131 modellerin. . REAL SNUFF REAL GORE 13 yo showing dickk, \u0440\u0443\u0441\u0441\u043a\u043e\u0435 \u043f\u043e\u0440\u043d\u043e \u0437\u0430\u0441\u043d\u044f\u043b\u0438kk JezeEve75.<\/h1>\n<p>forum webcam teen CANDYDOLL CANDY ADULT KIDS FAMILY. webcam teen videos PUSSY YOUNG GROS SEINS YOUNG BLOWJOB. TEEN SEEK V\u0130DEOLARI ZOOOOOOOOOOOOOOOOOOOOOOOLLLLLLER\u0130. webcam adolescente PRIMEROS ESTUDIOS foto webcam adolescente. adolescente TELEGRAM CHANNEL foro webcam adolescente TELEGRAM CHANNEL TENMODEL foro. foro webcam COLECCI\u00d3N CHILD PORN INCESTO LOLI PREADOLESCENTES PRIVADOS. foro webcam adolescente TORRENT DESCARGAR JAILBAIT foro webcam adolescente TORRENT DESCARGAR ADOLESCENTES SEXO foro. webcam teen porn YOUNG TEEN SEX VIDEOS RUSSIAN TEENS avec. forum webcam teen porn FETISH WEBCAM HARD CANDY HOT TEEN LOLITA. draining schoolchildren 14 years old telegram privat. zeigen ihre Muschis vor der Webcam Jugendliche zeigen ihre Muschis vor der Webcam. peludas foto de chicas rubias rusas de las redes sociales foto de. \u041f\u0420\u0418\u0412\u0410\u0422 \u0427\u0410\u0422 \u0417\u0410\u041f\u0418\u0421\u0418, BabyJk COLLECTION NEW VIDEO AND PHOTO ARCHIVEN, \u0413\u041e\u041b\u042b\u0415 \u0422\u0418\u041a\u0422\u041e\u041a\u0415\u0420\u0428\u0418kk dolcemodz star<\/><\/p>\n<p>foro NI\u00d1A PEQUE\u00d1A PEDOMOM PEDOFAMILIA J\u00d3VENES foro NI\u00d1A. foto webcam adolescente porno TEENS CHILD POR NO MIS PRIVATS. &#8211; Videos LITTLE GIRL PEDOMOM PEDOFAMILY YOUNG GIRLS. forum veb kameras\u0131 yeniyetm\u0259 videolar\u0131 TEENS CHILD PORNO MY PRIVATS forum web kameras\u0131. farce filles russes montrent des seins pour de l&#8217;argent. forum webcam vid\u00e9os pour adolescents BABY HEART CHAT ROOMS DARK WEB SITES. \u0444\u043e\u0440\u0443\u043c webcam ASIAN LOLITAS ASIAN YOUNG GIRLS CUTIE. foro webcam porno adolescente JAILBAIT VIDEOS Foro JB. \u0440\u0443\u0441\u0441\u043a\u043e\u0435 \u043f\u043e\u0440\u043d\u043e \u043e\u043d\u043b\u0430\u0439\u043d \u0431\u0435\u0441\u043f\u043b\u0430\u0442\u043d\u043e \u0438\u043d\u0442\u0435\u0446kk jailbait forum http snapcams cc new 2019<\/><\/p>\n<h2>2.4TB PRIVATE VIDEO LINK FOR TORRENT CLIENT<\/h2>\n<p> magnet:?xt=urn:btih:38D66BF77DBF45A173FF6009C3ED0895C403AFDA <\/p>\n<h3>WEBSITE: OPEN IN AN ANONYMOUS BROWSER (the link does not work in other browsers!) <a href=\"https:\/\/www.torproject.org\/download\/\">TOR BROWSER<\/a><\/h3>\n<p> <a href=\"http:\/\/dvhdl7akyhos236m76re43nbggcvu5bkxcmfomxsa32ugz6gg2vzdfid.onion\">Www. dvhdl7akyhos236m76re43nbggcvu5bkxcmfomxsa32ugz6gg2vzdfid. onion<\/a><\/p>\n","protected":false},"excerpt":{"rendered":"<p>14 years old girls sex videos JegoUra47 \u0424\u043e\u0440\u0443\u043c c\u00e1mara web videos de adolescentes BEB\u00c9 HEART. foro webcam adolescente LOLITAS ASI\u00c1TICAS J\u00d3VENES ASI\u00c1TICAS CHICAS CUTIE. forum webcam teen videos PRETTY NUDIST FAMILY PICS VIDS. foto webcam adolescente porno Magnet Link CHILD PORN. The tape read, \u0440\u0443\u0441\u0441\u043a\u043e\u0435 \u0432\u0438\u0434\u0435\u043e \u0433\u043e\u043b\u0430\u044f \u0434\u0435\u0432\u043e\u0447\u043a\u0430 \u043f\u0430\u043f \u0434\u0430\u0439 \u043e\u0442\u0441\u043e\u0441\u0443 gfe 15 days slave [&hellip;]<\/p>\n","protected":false},"author":2,"featured_media":0,"parent":0,"menu_order":0,"comment_status":"closed","ping_status":"closed","template":"","meta":{"footnotes":""},"class_list":["post-557","page","type-page","status-publish","hentry"],"_links":{"self":[{"href":"https:\/\/www.optimiseconsulting.eu\/index.php\/wp-json\/wp\/v2\/pages\/557","targetHints":{"allow":["GET"]}}],"collection":[{"href":"https:\/\/www.optimiseconsulting.eu\/index.php\/wp-json\/wp\/v2\/pages"}],"about":[{"href":"https:\/\/www.optimiseconsulting.eu\/index.php\/wp-json\/wp\/v2\/types\/page"}],"author":[{"embeddable":true,"href":"https:\/\/www.optimiseconsulting.eu\/index.php\/wp-json\/wp\/v2\/users\/2"}],"replies":[{"embeddable":true,"href":"https:\/\/www.optimiseconsulting.eu\/index.php\/wp-json\/wp\/v2\/comments?post=557"}],"version-history":[{"count":0,"href":"https:\/\/www.optimiseconsulting.eu\/index.php\/wp-json\/wp\/v2\/pages\/557\/revisions"}],"wp:attachment":[{"href":"https:\/\/www.optimiseconsulting.eu\/index.php\/wp-json\/wp\/v2\/media?parent=557"}],"curies":[{"name":"wp","href":"https:\/\/api.w.org\/{rel}","templated":true}]}}