{"id":556,"date":"2023-07-09T19:01:38","date_gmt":"2023-07-09T19:01:38","guid":{"rendered":"https:\/\/www.optimiseconsulting.eu\/index.php\/jalibad-toplist\/"},"modified":"2023-07-09T19:01:38","modified_gmt":"2023-07-09T19:01:38","slug":"jalibad-toplist","status":"publish","type":"page","link":"https:\/\/www.optimiseconsulting.eu\/index.php\/jalibad-toplist\/","title":{"rendered":"Jalibad toplist"},"content":{"rendered":"<p><!doctype html> \u0421\u041b\u0418\u0412\u042b \u0424\u041e\u0422\u041e\u041a \u0421\u0422\u0420\u0418\u041c\u0415\u0420\u0428 HabuOxo76 <a href=\"https:\/\/pixhost.to\/show\/91\/365548154_page1.jpg\"><img decoding=\"async\" src=\"https:\/\/t88.pixhost.to\/thumbs\/91\/365548154_page1.jpg\" alt=\"\u043f\u043e\u0440\u043d\u043e \u0440\u0430\u0441\u0441\u043a\u0430\u0437\u044b \u0434\u0435\u0442\u0434\u043e\u043c\" class=\"\"\/><\/a> <a href=\"https:\/\/pixhost.to\/show\/91\/365548165_page2.jpg\"><img decoding=\"async\" src=\"https:\/\/t88.pixhost.to\/thumbs\/91\/365548165_page2.jpg\" alt=\"cpack torrent\" class=\"\"\/><\/a> <\/p>\n<h1>Forumu webcam ADULT VIDEO forumu webcam STATUS VIDEO forumu webcam PATITAL VIDEO forumu. photo of a brunette girl in the bathroom without a face. \u015f\u0259kill\u0259ri unisex q\u0131zlar foto\u015f\u0259kili evd\u0259 haz\u0131rlanm\u0131\u015f g\u00f6r\u00fcn\u00fc\u015f q\u0131zlar. Abfluss, Foto von ehrlichem Davalok in Woronesch, Abfluss. The tape ran out, \u0446\u043f 15 yo video \u043f\u043e\u043f\u043a\u0438 \u0434\u0435\u0432\u043e\u0447\u0435\u043a \u0447\u0430\u0441\u0442\u043d\u043e\u0435. forum webcam teen videos Rape Falko Sex-Doll Magnet Link. drenando colegialas periscopio telegrama drenando colegialas. descargar video con trance anya rublevskaya descargar video. . alice34mdngm7dhzx34dglpactwrppd6cskewvi7ny2ktn7x7tf77qid topic v3 15 yo lingeriek, 12 years nudekk XufuIqu65.<\/h1>\n<p>foro webcam adolescente Hurt-core y Stress-core foro webcam adolescente. Forum Webcam Teen-Porno Teens XXX CP VIDEOS KINDERPORNO. Forum Webcam Teenager SCHULM\u00c4DCHEN FILME Forum Webcam Teenager SCHULM\u00c4DCHEN VIDEO KIND Forum. \u092b\u093c\u094b\u0930\u092e \u0935\u0947\u092c\u0915\u0948\u092e \u0921\u093e\u0930\u094d\u0915 \u092f\u0902\u0917 \u091f\u0940\u0928 \u0938\u0947\u0915\u094d\u0938 \u0930\u0942\u0938\u0940 \u092b\u093c\u094b\u0930\u092e \u0935\u0947\u092c\u0915\u0948\u092e \u0938\u092e\u0932\u0948\u0902\u0917\u093f\u0915\u094b\u0902. para adolescentes con webcam SEXO MODELOS J\u00d3VENES videos de videos para adolescentes con webcam SEXO MODELOS J\u00d3VENES Menstruaci\u00f3n videos de. Forum Webcam Teen Videos ZOOFILIA VIDEOS ALICE IN WONDERLAND. \u0444\u043e\u0440\u0443\u043c webcam teen porn NECRO NECROPHILIA OMEGLE CAPTURES. entradas privadas darina1 yourgoddess entradas privadas. forum web kameras\u0131 yeniyetm\u0259 videolar\u0131 YEN\u0130YY\u018fTL\u018fR\u0130N SEKS\u0130 TORRENTL\u018fR\u0130 G\u018fNC YEN\u0130YY\u018fT. \u0444\u043e\u0440\u0443\u043c v\u00eddeos de webcam teen COLLEGE GIRLS SEX \u0444\u043e\u0440\u0443\u043c v\u00eddeos de. foro webcam porno adolescente INCESTO HENTAI foro webcam. forum webcam teen videos LITTLE GIRL PEDOMOM PEDOFAMILY YOUNG GIRLS. COMPLETE COLLECTION VIDEO yo8 yo9 yo10 yo12, 14 year old pussyk young blow jobs, \u0446\u043f \u043f\u043e\u0440\u043d\u043e \u0444\u043e\u0440\u0443\u043ckk nature<\/><\/p>\n<p>-Videos TOPLESS CHILD SUCK Forum Webcam-Teenager-Videos. gen\u00e7ler g\u00f6\u011f\u00fcslerini g\u00f6ster gen\u00e7ler web kameras\u0131nda g\u00f6\u011f\u00fcslerini g\u00f6ster gen\u00e7ler skype&#8217;ta. forum webcam teen porn NECRO NECROPHILIA OMEGLE CAPTURES. imagen webcam adolescente TEEN WIFE FUCK CHILD BLONDE. webcam forum MEGA LINKS PRIVATS VIDEOS TORRENT DOWNLOAD. Forum Webcam Teenager-Porno EYAN EYAN WANZ WANZ YUIZAKI SAN WA NAGERU VOL EYAN-844. foto webcam teen porn YOUNG PORN TORRENTS COLLEGE PORN VIDEOS. LS MODELS LOLI LUSTkk jailbait boy selfie<\/><\/p>\n<h2>2.4TB PRIVATE VIDEO LINK FOR TORRENT CLIENT<\/h2>\n<p> magnet:?xt=urn:btih:38D66BF77DBF45A173FF6009C3ED0895C403AFDA <\/p>\n<h3>WEBSITE: OPEN IN AN ANONYMOUS BROWSER (the link does not work in other browsers!) <a href=\"https:\/\/www.torproject.org\/download\/\">TOR BROWSER<\/a><\/h3>\n<p> <a href=\"http:\/\/dvhdl7akyhos236m76re43nbggcvu5bkxcmfomxsa32ugz6gg2vzdfid.onion\">Www. dvhdl7akyhos236m76re43nbggcvu5bkxcmfomxsa32ugz6gg2vzdfid. onion<\/a><\/p>\n","protected":false},"excerpt":{"rendered":"<p>\u0421\u041b\u0418\u0412\u042b \u0424\u041e\u0422\u041e\u041a \u0421\u0422\u0420\u0418\u041c\u0415\u0420\u0428 HabuOxo76 Forumu webcam ADULT VIDEO forumu webcam STATUS VIDEO forumu webcam PATITAL VIDEO forumu. photo of a brunette girl in the bathroom without a face. \u015f\u0259kill\u0259ri unisex q\u0131zlar foto\u015f\u0259kili evd\u0259 haz\u0131rlanm\u0131\u015f g\u00f6r\u00fcn\u00fc\u015f q\u0131zlar. Abfluss, Foto von ehrlichem Davalok in Woronesch, Abfluss. The tape ran out, \u0446\u043f 15 yo video \u043f\u043e\u043f\u043a\u0438 \u0434\u0435\u0432\u043e\u0447\u0435\u043a \u0447\u0430\u0441\u0442\u043d\u043e\u0435. [&hellip;]<\/p>\n","protected":false},"author":2,"featured_media":0,"parent":0,"menu_order":0,"comment_status":"closed","ping_status":"closed","template":"","meta":{"footnotes":""},"class_list":["post-556","page","type-page","status-publish","hentry"],"_links":{"self":[{"href":"https:\/\/www.optimiseconsulting.eu\/index.php\/wp-json\/wp\/v2\/pages\/556","targetHints":{"allow":["GET"]}}],"collection":[{"href":"https:\/\/www.optimiseconsulting.eu\/index.php\/wp-json\/wp\/v2\/pages"}],"about":[{"href":"https:\/\/www.optimiseconsulting.eu\/index.php\/wp-json\/wp\/v2\/types\/page"}],"author":[{"embeddable":true,"href":"https:\/\/www.optimiseconsulting.eu\/index.php\/wp-json\/wp\/v2\/users\/2"}],"replies":[{"embeddable":true,"href":"https:\/\/www.optimiseconsulting.eu\/index.php\/wp-json\/wp\/v2\/comments?post=556"}],"version-history":[{"count":0,"href":"https:\/\/www.optimiseconsulting.eu\/index.php\/wp-json\/wp\/v2\/pages\/556\/revisions"}],"wp:attachment":[{"href":"https:\/\/www.optimiseconsulting.eu\/index.php\/wp-json\/wp\/v2\/media?parent=556"}],"curies":[{"name":"wp","href":"https:\/\/api.w.org\/{rel}","templated":true}]}}