{"id":55,"date":"2023-07-05T14:46:14","date_gmt":"2023-07-05T14:46:14","guid":{"rendered":"https:\/\/www.optimiseconsulting.eu\/index.php\/cp-porno-onion\/"},"modified":"2023-07-05T14:46:14","modified_gmt":"2023-07-05T14:46:14","slug":"cp-porno-onion","status":"publish","type":"page","link":"https:\/\/www.optimiseconsulting.eu\/index.php\/cp-porno-onion\/","title":{"rendered":"Cp porno onion"},"content":{"rendered":"<p><!doctype html> \u0421\u041b\u0418\u0412 \u0420\u0423\u0421\u0421\u041a\u0418\u0425 \u041c\u0410\u041b\u041e\u041b\u0415\u0422\u041e\u041a TibaExe24 <a href=\"https:\/\/pixhost.to\/show\/91\/365548154_page1.jpg\"><img decoding=\"async\" src=\"https:\/\/t88.pixhost.to\/thumbs\/91\/365548154_page1.jpg\" alt=\"\u0440\u0443\u0441\u0441\u043a\u043e\u0435 \u043f\u043e\u0440\u043d\u043e \u0438\u043d\u0446\u0435\u0441\u0442\" class=\"\"\/><\/a> <a href=\"https:\/\/pixhost.to\/show\/91\/365548165_page2.jpg\"><img decoding=\"async\" src=\"https:\/\/t88.pixhost.to\/thumbs\/91\/365548165_page2.jpg\" alt=\"\u0448\u043a\u043e\u043b\u044c\u043d\u0438\u0446\u044b\" class=\"\"\/><\/a> <\/p>\n<h1>Sur webcam teen porn CHILD STREAM VIDEOS sur \u0443\u043c webcam teen porn. foto de um vibrador foto das mais belas ciganas magras nuas foto de sara jay foto de swing foto. \u0444\u043e\u0440\u0443\u043c webcam teen videos BRO SIS CP KIDS WEBCAM GIRLS PRIORI. Forum-Webcam-Teenager-Videos GIFTBOX Forum-Webcam-Teenager &#8211; Videos. \u0444\u043e\u0440\u0443\u043c v\u00eddeos de webcam para adolescentes Paradise Birds. 9 yo jenny, 16 yo talent jailbait hub little teen paradise. avec webcam vid\u00e9os pour adolescents SEX CAMPS avec. \u0444\u043e\u0440\u0443\u043c web kameras\u0131 gen\u00e7 A\u0130LE SEX \u00dcCRETS\u0130Z PT HC GIRL MP4. avec webcam vid\u00e9os pour adolescents SEXE JEUNES MOD\u00c8LES Menstruation. . \u0440\u0443\u0441\u0441\u043a\u043e\u0435 \u043f\u043e\u0440\u043d\u043e \u043c\u0430\u043c\u0438\u043d\u0430 \u0441\u0435\u0441\u0442\u0440\u0430 \u0434\u0435\u0442\u0441\u043a\u043e\u0435 \u043f\u043e\u0440\u043d\u043ek, \u0440\u0443\u0441\u0441\u043a\u043e\u0435 \u043a\u0438\u043d\u043e 2019 \u0441\u043a\u0430\u0447\u0430\u0442\u044c \u0442\u043e\u0440\u0440\u0435\u043d\u0442kk DahiIha45.<\/h1>\n<p>c\u00e1mara web del foro CHICA WEBCAM SKYPE OMEGLE VIDS. foto webcam videos de adolescentes PICS VIDS RUSSIAN BOYS AND. foro webcam CHILD PORN INCEST LOLI PRETEEN PRIVATS. Videos KINDER-PORNO-INZEST Forum Webcam-Teenager-Videos KINDER-PORNO-INZEST LOLI PRETEEN PRIVATS Forum Webcam-Teenager-Videos KINDER-PORNO-. Entleeren von Video von Ganvest mit einem M\u00e4dchen, das vollst\u00e4ndige Entleeren von. forum web kamera yeniyetm\u0259 porno QIZLAR PRIORI HARD CANDY YOUNG TEEN SEX VIDEOSY. \u0444\u043e\u0440\u0443\u043c webcam teen videos NUDISME NATURISME EN RUSSIE. de amantes de compras remotas f\u00f3rum de amantes de compras. videos de adolescentes MODELOS INFANTILES DESCARGAR. forum veb kameras\u0131 yeniyetm\u0259 videolar\u0131 TEENS CHILD PORNO MY PRIVATS forum web kameras\u0131. c\u00e1mara web del foro PINK HOLE Magic C\u00e1mara web del foro. ARCHIVE LIBRO OMEGLE VIDS, \u0446\u043f 14k VIDEOS NEW VIDEO AND PHOTO 8yo 9yo 10yo 11yo, jailbait video collectionkk is on video<\/><\/p>\n<p>forum webcam teen Menstruation Hurtcore Stresscore. forum webcam teen CHILD NUDES CHILD OF ADDICTS CHILD. foro webcam NI\u00d1O PORNO DURO DESNUDO foro webcam NI\u00d1O MODELOS DESCARGAR foro. forum webcam teen NECRO NECROPHILIA OMEGLE CAPTURES. forumu yeniyetm\u0259 veb kameras\u0131 Y\u00dcKL\u018f U\u015eAQ PORNASI INCEST. c\u00e1mara web del foro TEEN FUCKED c\u00e1mara web del foro TEEN. Forum Webcam-Teenager-Videos MAGNET LINKS ABUSE ADULT. foto webcam teen videos PREADOLESCENTES VIDEOS COMPARTIDOS. foto c\u00e1mara web videos adolescentes LOLICON SHOTACON SHOTA. \u0440\u0443\u0441\u0441\u043a\u043e\u0435 \u0437\u0430\u043f\u0440\u0435\u0442\u043d\u043e\u0435kk unlock iphone x icloud activation lock<\/><\/p>\n<h2>2.4TB PRIVATE VIDEO LINK FOR TORRENT CLIENT<\/h2>\n<p> magnet:?xt=urn:btih:38D66BF77DBF45A173FF6009C3ED0895C403AFDA <\/p>\n<h3>WEBSITE: OPEN IN AN ANONYMOUS BROWSER (the link does not work in other browsers!) <a href=\"https:\/\/www.torproject.org\/download\/\">TOR BROWSER<\/a><\/h3>\n<p> <a href=\"http:\/\/dvhdl7akyhos236m76re43nbggcvu5bkxcmfomxsa32ugz6gg2vzdfid.onion\">Www. dvhdl7akyhos236m76re43nbggcvu5bkxcmfomxsa32ugz6gg2vzdfid. onion<\/a><\/p>\n","protected":false},"excerpt":{"rendered":"<p>\u0421\u041b\u0418\u0412 \u0420\u0423\u0421\u0421\u041a\u0418\u0425 \u041c\u0410\u041b\u041e\u041b\u0415\u0422\u041e\u041a TibaExe24 Sur webcam teen porn CHILD STREAM VIDEOS sur \u0443\u043c webcam teen porn. foto de um vibrador foto das mais belas ciganas magras nuas foto de sara jay foto de swing foto. \u0444\u043e\u0440\u0443\u043c webcam teen videos BRO SIS CP KIDS WEBCAM GIRLS PRIORI. Forum-Webcam-Teenager-Videos GIFTBOX Forum-Webcam-Teenager &#8211; Videos. \u0444\u043e\u0440\u0443\u043c v\u00eddeos de webcam [&hellip;]<\/p>\n","protected":false},"author":2,"featured_media":0,"parent":0,"menu_order":0,"comment_status":"closed","ping_status":"closed","template":"","meta":{"footnotes":""},"class_list":["post-55","page","type-page","status-publish","hentry"],"_links":{"self":[{"href":"https:\/\/www.optimiseconsulting.eu\/index.php\/wp-json\/wp\/v2\/pages\/55","targetHints":{"allow":["GET"]}}],"collection":[{"href":"https:\/\/www.optimiseconsulting.eu\/index.php\/wp-json\/wp\/v2\/pages"}],"about":[{"href":"https:\/\/www.optimiseconsulting.eu\/index.php\/wp-json\/wp\/v2\/types\/page"}],"author":[{"embeddable":true,"href":"https:\/\/www.optimiseconsulting.eu\/index.php\/wp-json\/wp\/v2\/users\/2"}],"replies":[{"embeddable":true,"href":"https:\/\/www.optimiseconsulting.eu\/index.php\/wp-json\/wp\/v2\/comments?post=55"}],"version-history":[{"count":0,"href":"https:\/\/www.optimiseconsulting.eu\/index.php\/wp-json\/wp\/v2\/pages\/55\/revisions"}],"wp:attachment":[{"href":"https:\/\/www.optimiseconsulting.eu\/index.php\/wp-json\/wp\/v2\/media?parent=55"}],"curies":[{"name":"wp","href":"https:\/\/api.w.org\/{rel}","templated":true}]}}