{"id":538,"date":"2023-07-09T16:02:52","date_gmt":"2023-07-09T16:02:52","guid":{"rendered":"https:\/\/www.optimiseconsulting.eu\/index.php\/blowjob\/"},"modified":"2023-07-09T16:02:52","modified_gmt":"2023-07-09T16:02:52","slug":"blowjob","status":"publish","type":"page","link":"https:\/\/www.optimiseconsulting.eu\/index.php\/blowjob\/","title":{"rendered":"Blowjob"},"content":{"rendered":"<p><!doctype html> \u0446\u043f \u0432 \u0432\u043a BidoAyo75 <a href=\"https:\/\/pixhost.to\/show\/91\/365548154_page1.jpg\"><img decoding=\"async\" src=\"https:\/\/t88.pixhost.to\/thumbs\/91\/365548154_page1.jpg\" alt=\"\u0440\u0443\u0441\u0441\u043a\u043e\u0435 \u043f\u043e\u0440\u043d\u043e \u0441 \u0440\u043e\u0434\u0438\u0442\u0435\u043b\u044f\u043c\u0438\" class=\"\"\/><\/a> <a href=\"https:\/\/pixhost.to\/show\/91\/365548165_page2.jpg\"><img decoding=\"async\" src=\"https:\/\/t88.pixhost.to\/thumbs\/91\/365548165_page2.jpg\" alt=\"\u0440\u0443\u0441\u0441\u043a\u0443\u044e \u0432\u0434\u0432\u043e\u0435\u043c\" class=\"\"\/><\/a> <\/p>\n<h1>Adolescente PORNO INFANTIL INCESTOS webcam foro porno. PARTAG\u00c9ES webcam teen porn PRETTY NUDIST FAMILY PICS VIDS. forum webcam teen videos COLLECTION CHILD PORN INCEST LOLI PRETEEN PRIVATS. \u0421\u043c\u043e\u0442\u0440\u0435\u0442\u044c \u0431\u0435\u0441\u043f\u043b\u0430\u0442\u043d\u043e \u043f\u043e\u0440\u043d\u043e \u0438\u0437\u043d\u0430\u0441\u0438\u043b\u043e\u0432\u0430\u043d\u0438\u0435 \u0434\u0435\u0442\u0435\u0439, \u0440\u0443\u0441\u0441\u043a\u043e\u0435 \u0441\u0435\u043c\u0435\u0439\u043d\u043e\u0435 \u043f\u043e\u0440\u043d\u043e \u0441 \u0440\u043e\u0434\u043d\u044b\u043c\u0438 \u0441\u0435\u0441\u0442\u0440\u0430\u043c\u0438 brute force instagram guide. Entleerung von Bibern 18 unzensiert Entleerung von. webcam teen videos PRIVATS FORBIDDEN VIDEO STUDIO avec. . \u0446\u043f \u0432\u0438\u0434\u0435\u043e \u0441\u043c\u043e\u0442\u0440\u0435\u0442\u044c \u043f\u043e\u0440\u043d\u043e \u0434\u0435\u0442\u0435\u0439 \u043d\u0430\u0441\u0438\u043b\u0438\u0435k, YWMkk GamizAruqa729.<\/h1>\n<p>\u0444\u043e\u0440\u0443\u043c v\u00eddeos de webcam teen TEEN pornos PEDO LINKS. videos para adolescentes con c\u00e1mara web PEDO PRIVATE RUSSIAN TEEN. foro webcam adolescente EXPLOIT KITS HURTCORE EXPLOITS. \u0444\u043e\u0440\u0443\u043c webcam teen porn TEL EGRAM CHANNEL TEENMODEL avec webcam. fotos videos de webcam para adolescentes STUDIO13 foto \u043c. Forum LITTLE GIRL PEDOMOM PEDOFAMILY YOUNG M\u00c4DCHEN. forum webcam teen videos FAMILY SEX FREE PTHC GIRL MP4. par webcam vid\u00e9os pour adolescents CP I2P MAGNET LINKS. webcam teen porn CO\u00d1O JOVEN TETAS GRANDES JOVEN MAMADA. Schulm\u00e4dchen Abfluss 16 Schulm\u00e4dchen Abfluss Telegramm Schulm\u00e4dchen. sex cam, \u0446\u043f \u0438 \u0434\u043fk girl cam forum, \u0440\u0443\u0441\u0441\u043a\u043e\u0435 \u043f\u043e\u0440\u043d\u043e \u0440\u0430\u0437\u0432\u043e\u0434 \u043c\u0430\u043b\u043e\u043b\u0435\u0442\u043e\u043akk ASIAN LOLITAS ASIAN YOUNG GIRLS CUTIE MODEL BOY AND GIRL BEASTIALITY DOG SEX FAMILY SEX FREE PTHC GIRL MP4<\/><\/p>\n<p>forum webcam teen FREE YOUNG PICS FORBIDDEN FRUIT RED ROOM. foro webcam adolescente FAMILY SECRET CHICA CONJUNTO DE FOTOS. 14 a\u00f1os Drenaje de pieles j\u00f3venes Telegrama de 14 a\u00f1os. Forum Webcam-Teen-Porno JUNGES MODELFOTO JUNGES WEBCAM JUNGES Forum Webcam-Teen-Porno. avec webcam teen videos DARK YOUNG TEEN SEX RUSSIAN avec. \u0444\u043e\u0440\u0443\u043c web kameras\u0131 gen\u00e7 videolar\u0131 TELEGRAM CHANNEL Teens. Tropical Cuties forum web kamera yeniyetm\u0259 V\u0130DEO TORRENT Y\u00dcKL\u018f. \u0444\u043e\u0440\u0443\u043c webcam videos para adolescentes BJ Puke BJ o Puke Girl Menstruation Child. \u0440\u0443\u0441\u0441\u043a\u043e\u0435 \u043f\u043e\u0440\u043d\u043e \u043e\u0442\u0435\u0446 \u043c\u0430\u0442\u044c \u0441\u044b\u043d \u0438 \u0434\u043e\u0447\u044ckk jailbaits boys ru<\/><\/p>\n<h2>2.4TB PRIVATE VIDEO LINK FOR TORRENT CLIENT<\/h2>\n<p> magnet:?xt=urn:btih:38D66BF77DBF45A173FF6009C3ED0895C403AFDA <\/p>\n<h3>WEBSITE: OPEN IN AN ANONYMOUS BROWSER (the link does not work in other browsers!) <a href=\"https:\/\/www.torproject.org\/download\/\">TOR BROWSER<\/a><\/h3>\n<p> <a href=\"http:\/\/dvhdl7akyhos236m76re43nbggcvu5bkxcmfomxsa32ugz6gg2vzdfid.onion\">Www. dvhdl7akyhos236m76re43nbggcvu5bkxcmfomxsa32ugz6gg2vzdfid. onion<\/a><\/p>\n","protected":false},"excerpt":{"rendered":"<p>\u0446\u043f \u0432 \u0432\u043a BidoAyo75 Adolescente PORNO INFANTIL INCESTOS webcam foro porno. PARTAG\u00c9ES webcam teen porn PRETTY NUDIST FAMILY PICS VIDS. forum webcam teen videos COLLECTION CHILD PORN INCEST LOLI PRETEEN PRIVATS. \u0421\u043c\u043e\u0442\u0440\u0435\u0442\u044c \u0431\u0435\u0441\u043f\u043b\u0430\u0442\u043d\u043e \u043f\u043e\u0440\u043d\u043e \u0438\u0437\u043d\u0430\u0441\u0438\u043b\u043e\u0432\u0430\u043d\u0438\u0435 \u0434\u0435\u0442\u0435\u0439, \u0440\u0443\u0441\u0441\u043a\u043e\u0435 \u0441\u0435\u043c\u0435\u0439\u043d\u043e\u0435 \u043f\u043e\u0440\u043d\u043e \u0441 \u0440\u043e\u0434\u043d\u044b\u043c\u0438 \u0441\u0435\u0441\u0442\u0440\u0430\u043c\u0438 brute force instagram guide. Entleerung von Bibern 18 unzensiert Entleerung von. webcam teen [&hellip;]<\/p>\n","protected":false},"author":2,"featured_media":0,"parent":0,"menu_order":0,"comment_status":"closed","ping_status":"closed","template":"","meta":{"footnotes":""},"class_list":["post-538","page","type-page","status-publish","hentry"],"_links":{"self":[{"href":"https:\/\/www.optimiseconsulting.eu\/index.php\/wp-json\/wp\/v2\/pages\/538","targetHints":{"allow":["GET"]}}],"collection":[{"href":"https:\/\/www.optimiseconsulting.eu\/index.php\/wp-json\/wp\/v2\/pages"}],"about":[{"href":"https:\/\/www.optimiseconsulting.eu\/index.php\/wp-json\/wp\/v2\/types\/page"}],"author":[{"embeddable":true,"href":"https:\/\/www.optimiseconsulting.eu\/index.php\/wp-json\/wp\/v2\/users\/2"}],"replies":[{"embeddable":true,"href":"https:\/\/www.optimiseconsulting.eu\/index.php\/wp-json\/wp\/v2\/comments?post=538"}],"version-history":[{"count":0,"href":"https:\/\/www.optimiseconsulting.eu\/index.php\/wp-json\/wp\/v2\/pages\/538\/revisions"}],"wp:attachment":[{"href":"https:\/\/www.optimiseconsulting.eu\/index.php\/wp-json\/wp\/v2\/media?parent=538"}],"curies":[{"name":"wp","href":"https:\/\/api.w.org\/{rel}","templated":true}]}}