{"id":534,"date":"2023-07-09T15:30:23","date_gmt":"2023-07-09T15:30:23","guid":{"rendered":"https:\/\/www.optimiseconsulting.eu\/index.php\/letzte-kopie\/"},"modified":"2023-07-09T15:30:23","modified_gmt":"2023-07-09T15:30:23","slug":"letzte-kopie","status":"publish","type":"page","link":"https:\/\/www.optimiseconsulting.eu\/index.php\/letzte-kopie\/","title":{"rendered":"Letzte kopie"},"content":{"rendered":"<p><!doctype html> \u043f\u043e\u043f\u043a\u0438 \u0434\u0435\u0442\u0435\u0439 BufaOja37 <a href=\"https:\/\/pixhost.to\/show\/91\/365548154_page1.jpg\"><img decoding=\"async\" src=\"https:\/\/t88.pixhost.to\/thumbs\/91\/365548154_page1.jpg\" alt=\"cp \u0441\u043a\u0430\u0447\u0430\u0442\u044c\" class=\"\"\/><\/a> <a href=\"https:\/\/pixhost.to\/show\/91\/365548165_page2.jpg\"><img decoding=\"async\" src=\"https:\/\/t88.pixhost.to\/thumbs\/91\/365548165_page2.jpg\" alt=\"\u0444\u043e\u0442\u043a\u0438 \u0434\u0435\u0442\u0435\u0439 \u043f\u043e\u0440\u043d\u043e\" class=\"\"\/><\/a> <\/p>\n<h1>Forum webcam ado CANDYDOLL CANDY ADULTE ENFANTS FAMILLE. foro webcam adolescente MAM\u00c1 E HIJO MEGA LINK INCESTO ONLYFANS. stilinde e\u015finin foto\u011fraf\u0131 gizli kamerada e\u015finin foto\u011fraf\u0131 e\u015finin. forum webcam RUSSIAN COLLECTION TOR FORBIDDEN FRUIT. \u0421\u041b\u0418\u0412 \u0421\u0422\u0420\u0418\u041c\u0415\u0420\u0428, \u0440\u0443\u0441\u0441\u043a\u043e\u0435 \u043f\u043e\u0440\u043d\u043e \u043c\u043e\u043b\u043e\u0434\u044b\u0445 \u043c\u0438\u043b\u0430\u0448\u0435\u043a FULL COLLECTION COLECCION OMEGLE VIDS. \u0444\u043e\u0440\u0443\u043c webcam teen porn ENFANTS \u00c0 LA MAISON ENFANTS \u0444\u043e\u0440\u0443\u043c webcam teen. \u092e\u0902\u091a \u0926\u0942\u0930\u0926\u0930\u093e\u091c \u0915\u0947 \u0936\u0949\u092a\u093f\u0902\u0917 \u092a\u094d\u0930\u0947\u092e\u093f\u092f\u094b\u0902 \u0915\u093e \u092e\u0902\u091a \u0905\u0928\u093e\u091a\u093e\u0930 \u092a\u094d\u0930\u0947\u092e\u093f\u092f\u094b\u0902 \u0915\u093e \u092e\u0902\u091a \u092e\u0941\u0916-. . downloadable \u0446\u043f \u0444\u043e\u0442\u043a\u0438k, 12 years old pornkk VehiOqi59.<\/h1>\n<p>forum webcam teen ASIAN LOLITAS ASIAN YOUNG GIRLS CUTIE. \u0444\u043e\u0440\u0443\u043c webcam teen porn GIRLS PRIORI HARD CANDY YOUNG TEEN SEX VIDEOS. par webcam vid\u00e9os pour adolescents CP I2P MAGNET LINKS. \u0444\u043e\u0440\u0443\u043c web kameras\u0131 gen\u00e7 Sex-Doll Tecav\u00fcz i\u00e7eri\u011fi yo8 yo9 yo10 yo12. foro webcam HIJA AMOR NI\u00d1OS ENLACE EXPUESTO PUTA foro. adamlar\u0131n ve erkeklerin foto\u011fraf\u0131 solo st\u00fcdyolar eurocreme. forum webcam teen Sex-Doll Rape content yo8 yo9 yo10 yo12. Durchgesickerte Fotos von Jugendlichen, Telegramme,. photo de filles avec des animaux 18 t\u00e9l\u00e9chargement gratuit. Forum-Webcam DOWNLOAD BIG TIT TEEN PORN Forum-Webcam. forum veb kameras\u0131 Sex-Doll T\u0259cav\u00fcz m\u0259zmunu yo8 yo9 yo10 yo12. search engines, \u0440\u0443\u0441\u0441\u043a\u043e\u0435 \u043f\u043e\u0440\u043d\u043e \u0441 \u043c\u0443\u043b\u0430\u0442\u043e\u043ck CHILD PORN Titjob Big Tits Pussyjob Rubbing High Heels Pussyjob Creampie Filthy SEX IRANIAN TEEN 1080p 4K 8K, cp \u0446\u043f \u0434\u0435\u0442\u0438 \u043f\u043e\u0440\u043d\u043ekk FAMILY NUDISTS<\/><\/p>\n<p>\u015f\u0259kli it stili qad\u0131nlar\u0131n foto\u015f\u0259kili doggystyle qad\u0131nlar\u0131n. forum webcam adolescent AMATEUR GIRL PHOTO ADULTE ART MODELING STUDIO. videos de sexo infantil privacion de infancia porno gratis. fotos de videos de webcam para adolescentes Menstruation Child Sex-Doll fotos. forum webcam adolescent HARD CANDY HOT TEEN LOLITA. \u0444\u043e\u0440\u0443\u043c webcam vid\u00e9os pour adolescents VID\u00c9OS DE FLUX D&#8217;ENFANTS. forum veb kameras\u0131 yeniyetm\u0259 videolar\u0131 DARKNET V\u0130DEOLARI. webcam forum PARENT TORRENT CHILD TOILET SNUFF PORN. \u0440\u0443\u0441\u0441\u043a\u043e\u0435 \u043b\u043e\u043b\u0438\u0442\u0430 \u0444\u0438\u043b\u044c\u043ckk child darkweb young boy porn ru<\/><\/p>\n<h2>2.4TB PRIVATE VIDEO LINK FOR TORRENT CLIENT<\/h2>\n<p> magnet:?xt=urn:btih:38D66BF77DBF45A173FF6009C3ED0895C403AFDA <\/p>\n<h3>WEBSITE: OPEN IN AN ANONYMOUS BROWSER (the link does not work in other browsers!) <a href=\"https:\/\/www.torproject.org\/download\/\">TOR BROWSER<\/a><\/h3>\n<p> <a href=\"http:\/\/dvhdl7akyhos236m76re43nbggcvu5bkxcmfomxsa32ugz6gg2vzdfid.onion\">Www. dvhdl7akyhos236m76re43nbggcvu5bkxcmfomxsa32ugz6gg2vzdfid. onion<\/a><\/p>\n","protected":false},"excerpt":{"rendered":"<p>\u043f\u043e\u043f\u043a\u0438 \u0434\u0435\u0442\u0435\u0439 BufaOja37 Forum webcam ado CANDYDOLL CANDY ADULTE ENFANTS FAMILLE. foro webcam adolescente MAM\u00c1 E HIJO MEGA LINK INCESTO ONLYFANS. stilinde e\u015finin foto\u011fraf\u0131 gizli kamerada e\u015finin foto\u011fraf\u0131 e\u015finin. forum webcam RUSSIAN COLLECTION TOR FORBIDDEN FRUIT. \u0421\u041b\u0418\u0412 \u0421\u0422\u0420\u0418\u041c\u0415\u0420\u0428, \u0440\u0443\u0441\u0441\u043a\u043e\u0435 \u043f\u043e\u0440\u043d\u043e \u043c\u043e\u043b\u043e\u0434\u044b\u0445 \u043c\u0438\u043b\u0430\u0448\u0435\u043a FULL COLLECTION COLECCION OMEGLE VIDS. \u0444\u043e\u0440\u0443\u043c webcam teen porn ENFANTS \u00c0 LA MAISON [&hellip;]<\/p>\n","protected":false},"author":2,"featured_media":0,"parent":0,"menu_order":0,"comment_status":"closed","ping_status":"closed","template":"","meta":{"footnotes":""},"class_list":["post-534","page","type-page","status-publish","hentry"],"_links":{"self":[{"href":"https:\/\/www.optimiseconsulting.eu\/index.php\/wp-json\/wp\/v2\/pages\/534","targetHints":{"allow":["GET"]}}],"collection":[{"href":"https:\/\/www.optimiseconsulting.eu\/index.php\/wp-json\/wp\/v2\/pages"}],"about":[{"href":"https:\/\/www.optimiseconsulting.eu\/index.php\/wp-json\/wp\/v2\/types\/page"}],"author":[{"embeddable":true,"href":"https:\/\/www.optimiseconsulting.eu\/index.php\/wp-json\/wp\/v2\/users\/2"}],"replies":[{"embeddable":true,"href":"https:\/\/www.optimiseconsulting.eu\/index.php\/wp-json\/wp\/v2\/comments?post=534"}],"version-history":[{"count":0,"href":"https:\/\/www.optimiseconsulting.eu\/index.php\/wp-json\/wp\/v2\/pages\/534\/revisions"}],"wp:attachment":[{"href":"https:\/\/www.optimiseconsulting.eu\/index.php\/wp-json\/wp\/v2\/media?parent=534"}],"curies":[{"name":"wp","href":"https:\/\/api.w.org\/{rel}","templated":true}]}}