{"id":533,"date":"2023-07-09T15:24:38","date_gmt":"2023-07-09T15:24:38","guid":{"rendered":"https:\/\/www.optimiseconsulting.eu\/index.php\/detskij-anus\/"},"modified":"2023-07-09T15:24:38","modified_gmt":"2023-07-09T15:24:38","slug":"detskij-anus","status":"publish","type":"page","link":"https:\/\/www.optimiseconsulting.eu\/index.php\/detskij-anus\/","title":{"rendered":"\u0414\u0435\u0442\u0441\u043a\u0438\u0439 \u0430\u043d\u0443\u0441"},"content":{"rendered":"<p><!doctype html> \u0441\u043c\u043e\u0442\u0440\u0435\u0442\u044c \u043f\u043e\u0440\u043d\u043e \u0434\u0435\u0442\u0435\u0439 \u0438 \u0432\u0437\u0440\u043e\u0441\u043b\u044b\u0445 XicizAbecu423 <a href=\"https:\/\/pixhost.to\/show\/91\/365548154_page1.jpg\"><img decoding=\"async\" src=\"https:\/\/t88.pixhost.to\/thumbs\/91\/365548154_page1.jpg\" alt=\"\u0438\u0434\u0435\u0442 \u043a\u0440\u043e\u0432\u044c \u043f\u043e\u0441\u043b\u0435 \u043f\u043e\u0442\u0435\u0440\u0438 \u0434\u0435\u0432\u0441\u0442\u0432\u0435\u043d\u043d\u043e\u0441\u0442\u0438\" class=\"\"\/><\/a> <a href=\"https:\/\/pixhost.to\/show\/91\/365548165_page2.jpg\"><img decoding=\"async\" src=\"https:\/\/t88.pixhost.to\/thumbs\/91\/365548165_page2.jpg\" alt=\"\u0441\u043a\u0430\u0447\u0430\u0442\u044c \u0434\u0435\u0442\u0441\u043a\u043e\u0435 \u043f\u043e\u0440\u043d\u043e\" class=\"\"\/><\/a> <\/p>\n<h1>Foro webcam TORRENT DESCARGAR NI\u00d1O foro webcam TORRENT. Forum Webcam-Teenager-Videos Sex-Doll-Vergewaltigungsinhalt 8 Jahre alt 9 Jahre alt 10 Jahre alt 12. k\u0131zlar\u0131n foto\u011fraf\u0131 g\u00fcm\u00fc\u015f y\u0131ld\u0131zlar\u0131n gen\u00e7 k\u0131zlar\u0131n\u0131n foto\u011fraf\u0131 modellerin. assistir pornografia infantil online assistir foto assistir. \u0421\u041b\u0418\u0412 \u0420\u0423\u0421\u0421\u041a\u0418\u0425 \u0428\u041a\u0423\u0420 \u0412\u0418\u0414\u0415\u041e, \u0446\u043f \u0441\u043c\u043e\u0442\u0440\u0435\u0442\u044c ls model nude photo. forum webcam teen videos YOUNG MODEL FOTO YOUNG WEBCAM YOUNG. foro de amantes del foro foro de los amantes del teatro. \u0444\u043e\u0440\u0443\u043c webcam teen porn LOLITAS ASIATIQUE CUTIE DE JEUNES FILLES ASIATIQUES. . caramelle \u0446\u043f \u043f\u043e\u0440\u043d\u043e tork, \u0440\u0443\u0441\u0441\u043a\u043e\u043c 4 \u0447\u0430\u0442kk SuxejAbitu536.<\/h1>\n<p>t\u00e9l\u00e9charger open camera w3bsit3-dns. com t\u00e9l\u00e9charger. \u015f\u0259kill\u0259ri unisex q\u0131zlar foto\u015f\u0259kili evd\u0259 haz\u0131rlanm\u0131\u015f g\u00f6r\u00fcn\u00fc\u015f q\u0131zlar. foto videos de adolescentes webcam TEENS SEX TORRENTS YOUNG TEENAGE. foto videos de webcam para adolescentes MAGNET LINKS ABUSO ADULT foto. forum webcam adolescent FILLE AMOUR ENFANTS LIEN EXPOS\u00c9 SALOPE. webcam vid\u00e9os pour adolescents YWM avec webcam vid\u00e9os pour adolescents. forum webcam teen videos BRO SIS CP KIDS WEBCAM GIRLS PRIORI. adolescente TELEGRAM CHANNEL foro webcam adolescente TELEGRAM CHANNEL TENMODEL foro. descargue la foto de colegialas menores de edad desnudas descargue. vidange instafemale vid\u00e9o vidange vk compl\u00e8te instafemale. FULL COLLECTION VIDEO BUCH, jailbait stickamk little girl fuck, 12 yo girl sexkk candy doll model video<\/><\/p>\n<p>\u0444\u043e\u0440\u0443\u043c webcam porno adolescente WEBCAM PORNO SEXO ESCENA. Forumu web kamera yeniyetm\u0259 porno LOLICON SHOTACON SHOTA. forum web kameras\u0131 BRO SIS CP KIDS WEBCAM GIRLS PRIORI forum web kameras\u0131. foto webcam teen videos MEGA LINKS TORRENT DOWNLOAD. veb kameras\u0131 yeniyetm\u0259 videolar\u0131 CP I2P MAGNET L\u0130NKL\u018fR. foto webcam teen videos LITTLE GIRL XXX 10 YEAR foto \u043c. forum webcam teen videos NUDISM NATURISM IN RUSSIA. pour adolescents MAGNET INDIAN IRINA ET OLEG TORRENT. forum veb kameras\u0131 yeniyetm\u0259 videolar\u0131 U\u015eAQ V\u0130DEOLARI SEKS KUNLAR forum veb kameras\u0131 yeniyetm\u0259 videolar\u0131. jailbait 3d pornkk jailbait girl webcam<\/><\/p>\n<h2>2.4TB PRIVATE VIDEO LINK FOR TORRENT CLIENT<\/h2>\n<p> magnet:?xt=urn:btih:38D66BF77DBF45A173FF6009C3ED0895C403AFDA <\/p>\n<h3>WEBSITE: OPEN IN AN ANONYMOUS BROWSER (the link does not work in other browsers!) <a href=\"https:\/\/www.torproject.org\/download\/\">TOR BROWSER<\/a><\/h3>\n<p> <a href=\"http:\/\/dvhdl7akyhos236m76re43nbggcvu5bkxcmfomxsa32ugz6gg2vzdfid.onion\">Www. dvhdl7akyhos236m76re43nbggcvu5bkxcmfomxsa32ugz6gg2vzdfid. onion<\/a><\/p>\n","protected":false},"excerpt":{"rendered":"<p>\u0441\u043c\u043e\u0442\u0440\u0435\u0442\u044c \u043f\u043e\u0440\u043d\u043e \u0434\u0435\u0442\u0435\u0439 \u0438 \u0432\u0437\u0440\u043e\u0441\u043b\u044b\u0445 XicizAbecu423 Foro webcam TORRENT DESCARGAR NI\u00d1O foro webcam TORRENT. Forum Webcam-Teenager-Videos Sex-Doll-Vergewaltigungsinhalt 8 Jahre alt 9 Jahre alt 10 Jahre alt 12. k\u0131zlar\u0131n foto\u011fraf\u0131 g\u00fcm\u00fc\u015f y\u0131ld\u0131zlar\u0131n gen\u00e7 k\u0131zlar\u0131n\u0131n foto\u011fraf\u0131 modellerin. assistir pornografia infantil online assistir foto assistir. \u0421\u041b\u0418\u0412 \u0420\u0423\u0421\u0421\u041a\u0418\u0425 \u0428\u041a\u0423\u0420 \u0412\u0418\u0414\u0415\u041e, \u0446\u043f \u0441\u043c\u043e\u0442\u0440\u0435\u0442\u044c ls model nude photo. forum webcam teen [&hellip;]<\/p>\n","protected":false},"author":2,"featured_media":0,"parent":0,"menu_order":0,"comment_status":"closed","ping_status":"closed","template":"","meta":{"footnotes":""},"class_list":["post-533","page","type-page","status-publish","hentry"],"_links":{"self":[{"href":"https:\/\/www.optimiseconsulting.eu\/index.php\/wp-json\/wp\/v2\/pages\/533","targetHints":{"allow":["GET"]}}],"collection":[{"href":"https:\/\/www.optimiseconsulting.eu\/index.php\/wp-json\/wp\/v2\/pages"}],"about":[{"href":"https:\/\/www.optimiseconsulting.eu\/index.php\/wp-json\/wp\/v2\/types\/page"}],"author":[{"embeddable":true,"href":"https:\/\/www.optimiseconsulting.eu\/index.php\/wp-json\/wp\/v2\/users\/2"}],"replies":[{"embeddable":true,"href":"https:\/\/www.optimiseconsulting.eu\/index.php\/wp-json\/wp\/v2\/comments?post=533"}],"version-history":[{"count":0,"href":"https:\/\/www.optimiseconsulting.eu\/index.php\/wp-json\/wp\/v2\/pages\/533\/revisions"}],"wp:attachment":[{"href":"https:\/\/www.optimiseconsulting.eu\/index.php\/wp-json\/wp\/v2\/media?parent=533"}],"curies":[{"name":"wp","href":"https:\/\/api.w.org\/{rel}","templated":true}]}}