{"id":53,"date":"2023-07-05T14:39:58","date_gmt":"2023-07-05T14:39:58","guid":{"rendered":"https:\/\/www.optimiseconsulting.eu\/index.php\/tween-girl-forum\/"},"modified":"2023-07-05T14:39:58","modified_gmt":"2023-07-05T14:39:58","slug":"tween-girl-forum","status":"publish","type":"page","link":"https:\/\/www.optimiseconsulting.eu\/index.php\/tween-girl-forum\/","title":{"rendered":"Tween girl forum"},"content":{"rendered":"<p><!doctype html> \u043f\u043e\u0440\u043d\u043e \u0440\u043e\u043b\u0438\u043a\u0438 \u043c\u0430\u043b\u043e \u0432\u0435\u0441\u044f\u0442 SotiOyi24 <a href=\"https:\/\/pixhost.to\/show\/91\/365548154_page1.jpg\"><img decoding=\"async\" src=\"https:\/\/t88.pixhost.to\/thumbs\/91\/365548154_page1.jpg\" alt=\"\u0440\u0443\u0441\u0441\u043a\u043e\u0435 \u043f\u043e\u0440\u043d\u043e \u043c\u0430\u043b\u043e\u043b\u0435\u0442\u043a\u0443 \u0432\u043e \u0432\u0441\u0435 \u0449\u0435\u043b\u0438\" class=\"\"\/><\/a> <a href=\"https:\/\/pixhost.to\/show\/91\/365548165_page2.jpg\"><img decoding=\"async\" src=\"https:\/\/t88.pixhost.to\/thumbs\/91\/365548165_page2.jpg\" alt=\"\u0446\u043f \u043f\u043e\u0440\u043d\u043e \u0441\u043c\u043e\u0442\u0440\u0435\u0442\u044c \u0431\u0435\u0441\u043f\u043b\u0430\u0442\u043d\u043e\" class=\"\"\/><\/a> <\/p>\n<h1>\u0424\u043e\u0440\u0443\u043c webcam teen videos EENS JAPANESE ADULT VIDEO. foto webcam adolescente porno TEEN WIFE FUCK CHILD BLONDE. foto webcam teen videos AMATEUR GIRL PHOTO ADULT ART MODELING STUDIO. forum webcam teen videos ZOOFILIA VIDEOS ALICE IN WONDERLAND. Filtradas por piratas inform\u00e1ticos Fotos desnudas de Olga Vastikova. 409GB VIDEOS Female Masturbation Hidden Cam Beautiful Teenagers JAPAN VIRGIN DOLLS Little Teens Show Pussy After School HD, cpack5 mending 2020 magnet COMPLETE COLLECTION WEBCAM DOWNLOAD. pornografia com crian\u00e7as pornografia gr\u00e1tis com crian\u00e7as. Webcam GRATUITE du forum YOUNG PICS FORBIDDEN FRUIT RED ROOM. Forum-Webcam NUDISMUS NATURISMUS IN RUSSLAND Forum &#8211; Webcam. . 9yo torrent magnet \u0446\u043f \u0440\u0430\u0441\u0448\u0438\u0444\u0440\u043e\u0432\u043a\u0430 \u0430\u0431\u0431\u0440\u0435\u0432\u0438\u0430\u0442\u0443\u0440\u044bk, \u0427\u0410\u0421\u041d\u041e\u0415 \u0412\u0418\u0414\u0415\u041e \u0412\u041akk HisuIdo18.<\/h1>\n<p>forum LITTLE GIRL PEDOMOM PEDOFAMILY YOUNG Forum FILLES. forum webcam teen videos ZOOFILIA VIDEOS ALICE IN WONDERLAND. drenando vk privado drenando privados privados drenando fotos. Forum Webcam Teenager M\u00c4DCHEN LEAK M\u00c4DCHEN CHAT VERSTECKT Forum Webcam. imagen webcam porno adolescente COLECCI\u00d3N RUSA TOR FRUTA PROHIBIDA. avec webcam teen videos DAUGHTER LOVE KIDS LINK EXPOSED SLUT avec webcam teen videos. \u0444\u043e\u0440\u0443\u043c webcam teen videos Share your Files sharing files. Forum Webcam-Teen-Porno PTSC QUALIT\u00c4TEN QUALIT\u00c4T SNUFF PORNO. \u0446\u043f \u0442\u0435\u043b\u0435\u0433\u0440\u0430\u043c \u043f\u043e\u0440\u043d\u043e, 11yo sexk xmpp, \u0440\u0443\u0441\u0441\u043a\u043e\u0435 \u0447\u0430\u0441\u0442\u043d\u043e\u0435 \u0433\u0435\u0439 \u0432\u0438\u0434\u0435\u043ekk omegle jailbait<\/><\/p>\n<p>desnudas foto de fuga de j\u00f3venes desnudos foto de fuga. foro webcam HIJA AMOR NI\u00d1OS ENLACE EXPUESTO PUTA foro. adolescente NI\u00d1OS EN CASA NI\u00d1OS foro webcam adolescente NI\u00d1OS. Forum Webcam Teen VIDEOS WEBCAM ANAL TIERMISSBRAUCH ERWACHSENE. durchgesickertes Video von Schulm\u00e4dchen, Telegramm,. , Foto von nackten S\u00fc\u00dfigkeiten, Teencam JB Mini Children,. sur webcam teen porn CHILD STREAM VIDEOS sur \u0443\u043c webcam teen porn. \u0440\u0443\u0441\u0441\u043a\u043e\u0435 \u043f\u043e\u0440\u043d\u043e \u0441\u044b\u043d \u0434\u043e\u043c\u043e\u0433\u0430\u0435\u0442\u0441\u044f \u0434\u043e \u043c\u0430\u043c\u044bkk exakte Kopie<\/><\/p>\n<h2>2.4TB PRIVATE VIDEO LINK FOR TORRENT CLIENT<\/h2>\n<p> magnet:?xt=urn:btih:38D66BF77DBF45A173FF6009C3ED0895C403AFDA <\/p>\n<h3>WEBSITE: OPEN IN AN ANONYMOUS BROWSER (the link does not work in other browsers!) <a href=\"https:\/\/www.torproject.org\/download\/\">TOR BROWSER<\/a><\/h3>\n<p> <a href=\"http:\/\/dvhdl7akyhos236m76re43nbggcvu5bkxcmfomxsa32ugz6gg2vzdfid.onion\">Www. dvhdl7akyhos236m76re43nbggcvu5bkxcmfomxsa32ugz6gg2vzdfid. onion<\/a><\/p>\n","protected":false},"excerpt":{"rendered":"<p>\u043f\u043e\u0440\u043d\u043e \u0440\u043e\u043b\u0438\u043a\u0438 \u043c\u0430\u043b\u043e \u0432\u0435\u0441\u044f\u0442 SotiOyi24 \u0424\u043e\u0440\u0443\u043c webcam teen videos EENS JAPANESE ADULT VIDEO. foto webcam adolescente porno TEEN WIFE FUCK CHILD BLONDE. foto webcam teen videos AMATEUR GIRL PHOTO ADULT ART MODELING STUDIO. forum webcam teen videos ZOOFILIA VIDEOS ALICE IN WONDERLAND. Filtradas por piratas inform\u00e1ticos Fotos desnudas de Olga Vastikova. 409GB VIDEOS Female Masturbation [&hellip;]<\/p>\n","protected":false},"author":2,"featured_media":0,"parent":0,"menu_order":0,"comment_status":"closed","ping_status":"closed","template":"","meta":{"footnotes":""},"class_list":["post-53","page","type-page","status-publish","hentry"],"_links":{"self":[{"href":"https:\/\/www.optimiseconsulting.eu\/index.php\/wp-json\/wp\/v2\/pages\/53","targetHints":{"allow":["GET"]}}],"collection":[{"href":"https:\/\/www.optimiseconsulting.eu\/index.php\/wp-json\/wp\/v2\/pages"}],"about":[{"href":"https:\/\/www.optimiseconsulting.eu\/index.php\/wp-json\/wp\/v2\/types\/page"}],"author":[{"embeddable":true,"href":"https:\/\/www.optimiseconsulting.eu\/index.php\/wp-json\/wp\/v2\/users\/2"}],"replies":[{"embeddable":true,"href":"https:\/\/www.optimiseconsulting.eu\/index.php\/wp-json\/wp\/v2\/comments?post=53"}],"version-history":[{"count":0,"href":"https:\/\/www.optimiseconsulting.eu\/index.php\/wp-json\/wp\/v2\/pages\/53\/revisions"}],"wp:attachment":[{"href":"https:\/\/www.optimiseconsulting.eu\/index.php\/wp-json\/wp\/v2\/media?parent=53"}],"curies":[{"name":"wp","href":"https:\/\/api.w.org\/{rel}","templated":true}]}}