{"id":513,"date":"2023-07-09T12:09:54","date_gmt":"2023-07-09T12:09:54","guid":{"rendered":"https:\/\/www.optimiseconsulting.eu\/index.php\/preteen-webcam\/"},"modified":"2023-07-09T12:09:54","modified_gmt":"2023-07-09T12:09:54","slug":"preteen-webcam","status":"publish","type":"page","link":"https:\/\/www.optimiseconsulting.eu\/index.php\/preteen-webcam\/","title":{"rendered":"Preteen webcam"},"content":{"rendered":"<p><!doctype html> \u0440\u0438\u0441\u043e\u0432\u0430\u043d\u043d\u043e\u0435 \u043f\u043e\u0440\u043d\u043e \u0434\u0435\u0442\u0435\u0439 CuluIti68 <a href=\"https:\/\/pixhost.to\/show\/91\/365548154_page1.jpg\"><img decoding=\"async\" src=\"https:\/\/t88.pixhost.to\/thumbs\/91\/365548154_page1.jpg\" alt=\"\u0421\u041b\u0418\u0422\u042b\u0415 \u0424\u041e\u0422\u041e \u0428\u041a\u041e\u041b\u042c\u041d\u0418\u0426 \u0422\u0415\u041b\u0415\u0413\u0410\" class=\"\"\/><\/a> <a href=\"https:\/\/pixhost.to\/show\/91\/365548165_page2.jpg\"><img decoding=\"async\" src=\"https:\/\/t88.pixhost.to\/thumbs\/91\/365548165_page2.jpg\" alt=\"\u0446\u043f \u0432\u0438\u0434\u0435\u043e \u043e\u043d\u043b\u0430\u0439\u043d\" class=\"\"\/><\/a> <\/p>\n<h1>YOUNG TEEN SEX VIDEOS ZOO c\u00e1mara web del foro J\u00d3VENES. video webcam videos para adolescentes TORRENT RUSSIAN WEBCAM BABES. VKontakte fotos de mujeres desnudas en VK fotos de. foro webcam adolescente MAM\u00c1 E HIJO MEGA LINK INCESTO ONLYFANS. Sell a collection, \u043f\u043e\u0440\u043d\u043e \u0444\u043e\u0442\u043e \u0434\u0435\u0442\u0435\u0439 \u0434\u0435\u0432\u043e\u0447\u0435\u043a go back to your notes. \u0444\u043e\u0440\u0443\u043c webcam teen porn LOLITAS ASIATIQUE CUTIE DE JEUNES FILLES ASIATIQUES. forum webcam adolescent PRETTY NUDIST FAMILY PICS VIDS. . jailbait jb girls blowjob \u043f\u043e\u0440\u043d\u043e \u0432\u0438\u0434\u0435\u043e \u0434\u0435\u0432\u0443\u0448\u043a\u0438 \u0441 \u0431\u043e\u043b\u044c\u0448\u0438\u043c\u0438 \u0447\u043b\u0435\u043d\u0430\u043c\u0438k, 11yo pthckk HokoEde43.<\/h1>\n<p>imagen webcam adolescente porno REAL SNUFF REAL GORE imagen. forum webcam teen porn STUDIO COLLECTION TORRENT DOWNLOAD. Fotos von M\u00e4dchen ohne Kleidung aus sozialen Netzwerken. \u0444\u043e\u0440\u0443\u043c webcam teen porn CHILD VID\u00c9OS POUP\u00c9ES SEXUELLES. web adolescente ZOOFILIA VIDEOS ALICE IN WONDERLAND foro c\u00e1mara web adolescente. underage 18 years old bitches in periscope download. Forum Webcam-Teenager-Videos DAUGHTER LOVE KIDS LINK EXPOSED SLUT. \u0444\u043e\u0440\u0443\u043c webcam teen videos Rape Falko Sex-Doll Magnet Link. foto webcam teen videos GIRLS PRIORI HARD CANDY YOUNG TEEN SEX VIDEOS. webcam teen porno ENFANTS WEBCAM VID\u00c9O webcam teen. dream market, 15 yo fuckk 2.4TB VIDEOS Hurtcore LS MODEL LOLILUST MODELS LOLI LUST MAGAZINE, \u0440\u0443\u0441\u0441\u043a\u043e\u0435 \u043f\u043e\u0440\u043d\u043e \u043c\u0430\u043c\u043a\u0438 \u0438\u043d\u0446\u0435\u0441\u0442 hdkk 11 y o porn<\/><\/p>\n<p>forum webcam teen porn Menstruation Child Sex-Doll. \u0444\u043e\u0440\u0443\u043c v\u00eddeos de webcam teen LITTLE GIRL XXX 10 YEAR. webcam teen videos TEEN BOOBS webcam teen videos TEEN BOOBS. foto webcam adolescente porno NI\u00d1O REN ABUSE TORRENT. foto webcam teen videos WEB CAMS SEX PERSONALS VIDEO. forum webcam teen porn MAGNET INDIAN IRINA AND OLEG TORRENT. foto webcam teen videos GIRLS LEAK GIRL CHAT HIDDEN. \u092a\u0947\u0930\u093f\u0938\u094d\u0915\u094b\u092a \u092e\u0947\u0902 \u0938\u094d\u0924\u0928 \u0914\u0930 \u092f\u094b\u0928\u0940 \u0926\u093f\u0916\u093e\u0924\u0940 \u0939\u0948, \u092a\u0947\u0930\u093f\u0938\u094d\u0915\u094b\u092a \u092e\u0947\u0902 \u092f\u0941\u0935\u093e,. \u0421\u041b\u0418\u0412 \u041f\u0420\u0418\u0412\u0410\u0422 \u041c\u041e\u0414\u0415\u041b\u0415\u0419kk \u0440\u0443\u0441\u0441\u043a\u043e\u0435 \u043f\u043e\u0440\u043d\u043e \u043c\u0430\u043b\u043e\u043b\u0435\u0442\u043a\u0443 \u0432\u043e \u0432\u0441\u0435 \u0449\u0435\u043b\u0438<\/><\/p>\n<h2>2.4TB PRIVATE VIDEO LINK FOR TORRENT CLIENT<\/h2>\n<p> magnet:?xt=urn:btih:38D66BF77DBF45A173FF6009C3ED0895C403AFDA <\/p>\n<h3>WEBSITE: OPEN IN AN ANONYMOUS BROWSER (the link does not work in other browsers!) <a href=\"https:\/\/www.torproject.org\/download\/\">TOR BROWSER<\/a><\/h3>\n<p> <a href=\"http:\/\/dvhdl7akyhos236m76re43nbggcvu5bkxcmfomxsa32ugz6gg2vzdfid.onion\">Www. dvhdl7akyhos236m76re43nbggcvu5bkxcmfomxsa32ugz6gg2vzdfid. onion<\/a><\/p>\n","protected":false},"excerpt":{"rendered":"<p>\u0440\u0438\u0441\u043e\u0432\u0430\u043d\u043d\u043e\u0435 \u043f\u043e\u0440\u043d\u043e \u0434\u0435\u0442\u0435\u0439 CuluIti68 YOUNG TEEN SEX VIDEOS ZOO c\u00e1mara web del foro J\u00d3VENES. video webcam videos para adolescentes TORRENT RUSSIAN WEBCAM BABES. VKontakte fotos de mujeres desnudas en VK fotos de. foro webcam adolescente MAM\u00c1 E HIJO MEGA LINK INCESTO ONLYFANS. Sell a collection, \u043f\u043e\u0440\u043d\u043e \u0444\u043e\u0442\u043e \u0434\u0435\u0442\u0435\u0439 \u0434\u0435\u0432\u043e\u0447\u0435\u043a go back to your notes. \u0444\u043e\u0440\u0443\u043c [&hellip;]<\/p>\n","protected":false},"author":2,"featured_media":0,"parent":0,"menu_order":0,"comment_status":"closed","ping_status":"closed","template":"","meta":{"footnotes":""},"class_list":["post-513","page","type-page","status-publish","hentry"],"_links":{"self":[{"href":"https:\/\/www.optimiseconsulting.eu\/index.php\/wp-json\/wp\/v2\/pages\/513","targetHints":{"allow":["GET"]}}],"collection":[{"href":"https:\/\/www.optimiseconsulting.eu\/index.php\/wp-json\/wp\/v2\/pages"}],"about":[{"href":"https:\/\/www.optimiseconsulting.eu\/index.php\/wp-json\/wp\/v2\/types\/page"}],"author":[{"embeddable":true,"href":"https:\/\/www.optimiseconsulting.eu\/index.php\/wp-json\/wp\/v2\/users\/2"}],"replies":[{"embeddable":true,"href":"https:\/\/www.optimiseconsulting.eu\/index.php\/wp-json\/wp\/v2\/comments?post=513"}],"version-history":[{"count":0,"href":"https:\/\/www.optimiseconsulting.eu\/index.php\/wp-json\/wp\/v2\/pages\/513\/revisions"}],"wp:attachment":[{"href":"https:\/\/www.optimiseconsulting.eu\/index.php\/wp-json\/wp\/v2\/media?parent=513"}],"curies":[{"name":"wp","href":"https:\/\/api.w.org\/{rel}","templated":true}]}}