{"id":503,"date":"2023-07-09T10:16:12","date_gmt":"2023-07-09T10:16:12","guid":{"rendered":"https:\/\/www.optimiseconsulting.eu\/index.php\/rindexxx-30\/"},"modified":"2023-07-09T10:16:12","modified_gmt":"2023-07-09T10:16:12","slug":"rindexxx-30","status":"publish","type":"page","link":"https:\/\/www.optimiseconsulting.eu\/index.php\/rindexxx-30\/","title":{"rendered":"Rindexxx 30"},"content":{"rendered":"<p><!doctype html> \u0440\u0443\u0441\u0441\u043a\u043e\u0435 \u043f\u043e\u0440\u043d\u043e \u0434\u043e\u043c\u043e\u0433\u0430\u043d\u0438\u0435 LeroIre13 <a href=\"https:\/\/pixhost.to\/show\/91\/365548154_page1.jpg\"><img decoding=\"async\" src=\"https:\/\/t88.pixhost.to\/thumbs\/91\/365548154_page1.jpg\" alt=\"\u0434\u0435\u0442\u0441\u043a\u0438\u0439 \u0430\u043d\u0430\u043b\" class=\"\"\/><\/a> <a href=\"https:\/\/pixhost.to\/show\/91\/365548165_page2.jpg\"><img decoding=\"async\" src=\"https:\/\/t88.pixhost.to\/thumbs\/91\/365548165_page2.jpg\" alt=\"\u0440\u0443\u0441\u0441\u043a\u043e\u0435 \u043f\u043e\u0440\u043d\u043e \u0438\u043d\u0446\u0435\u0441\u0442 \u0438\u0430\u0438\u0430 \u0438\u0441\u044b\u043d\" class=\"\"\/><\/a> <\/p>\n<h1>Foto webcam adolescente porno HMM TORRENT DOWNLOAD. descargar torrent japon\u00e9s chicas calientes traje de ba\u00f1o de l\u00e1tex. foro c\u00e1mara web adolescente HD COLLEGE GIRLS FUCKING. forum webcam yeniyetm\u0259 porno FETISH WEBCAM HARD CANDY HOT TEEN LOLITA. forum yeniyetm\u0259 videolar\u0131 ZOO CANDYDOLL CANDY forum veb kameras\u0131 yeniyetm\u0259 videolar\u0131. \u0420\u0443\u0441\u0441\u043a\u043e\u044f\u0437\u044b\u0447\u043d\u044b\u0435 \u0440\u043e\u0434\u0438\u0442\u0435\u043b\u0438 \u0432\u043a, BONGA \u0421\u041b\u0418\u0412 TEENS SEX PORN VIDEOS PRETEEN HARDCORE JAILBAIT PRIVATS WEBCAM YOUNG MODEL. GIRL WEBCAM SKYPE OMEGLE VIDS Forum-Webcam-Teenager-. forum webcam teen Sex-Doll Rape content yo8 yo9 yo10 yo12. . VIDEOS NUEVOS VIDEOS Y FOTOS DARKNET VIDEOS \u0417\u0410\u041f\u0420\u0415\u0429\u0415\u041d\u041d\u041e\u0415 \u041f\u041e\u0420\u041d\u041e \u0412\u0418\u0414\u0415\u041ek, \u0440\u0443\u0441\u0441\u043a\u043e\u0435 \u043f\u043e\u0440\u043d\u043e \u0440\u0430\u0437\u0432\u043e\u0434 \u043c\u0430\u043b\u043e\u043b\u0435\u0442\u043e\u043akk XutecApime354.<\/h1>\n<p>forum webcam teen videos NUDIST NATURISM PUSSY VK RU ANAL. porno VIDEOS PETITE TEEN \u0444 VIDEOS porno adolescente. foto webcam adolescente porno NI\u00d1O REN ABUSE TORRENT. c\u00e1mara web del foro YOUNG TEEN SEX VIDEOS RUSSIAN TEENS c\u00e1mara web del foro. fotos de videos de webcam para adolescentes Menstruation Child Sex-Doll fotos. forum webcam adolescent Teens XXX CP VID\u00c9OS PORNO ENFANT. photo d&#8217;une fille brune dans une salle de bain sans visage. \u0444\u043e\u0440\u0443\u043c webcam teen porn TEEN SEX JUFE &#8211; JUY &#8211; HTHD &#8211; 062520-001 065320-004. \u0444\u043e\u0440\u0443\u043c web kameras\u0131 gen\u00e7 videolar\u0131 V\u0130DEO Torrent \u0130ND\u0130R \u0444\u043e\u0440 \u0443\u043c. 14 yo girl bikini, \u0440\u0443\u0441\u0441\u043a\u043e\u0435 \u0433\u0435\u0439 \u043f\u043e\u0440\u043d\u043ek \u0446\u043f \u043a\u043e\u043c\u0438\u043a\u0441\u044b, \u0440\u0443\u0441\u0441\u043a\u043e\u0435 \u0447\u0430\u0442 \u0440\u0443\u043b\u0435\u0442\u043a\u0430kk child pussy porno video<\/><\/p>\n<p>assistir pornografia infantil online assistir foto assistir. forum veb kameras\u0131 CHILDREN GUILT PEDOS VIDEO forum veb kameras\u0131 CHILDREN GUILT PEDOS VIDEO forumu veb kameras\u0131 CHILDREN. c\u00e1mara web videos para adolescentes PERISCOPE JK JAPON\u00c9S. arabas\u0131 bo\u015fald\u0131lan g\u0259ncl\u0259r m\u0259kt\u0259bli q\u0131zlar teleqramlar\u0131. forum webcam adolescent NECRO NECROPHILIA OMEGLE CAPTURES. f\u00f3rum webcam teen Conte\u00fado de estupro yo8 yo9 yo10 yo12. \u0444\u043e\u0440\u0443\u043c web kameras\u0131 gen\u00e7 pornosu \u00c7OCUK PORNOSU ENSEST. foto c\u00e1mara web videos de adolescentes ADOLESCENTES GRANDES TETAS. \u0440\u0443\u0441\u0441\u043a\u043e\u0435 \u043f\u043e\u0440\u043d\u043e \u043f\u0440\u0438\u0441\u0442\u0430\u043bkk \u0446\u043e\u043f\u0435 \u0432\u0438\u0434\u0435\u043e<\/><\/p>\n<h2>2.4TB PRIVATE VIDEO LINK FOR TORRENT CLIENT<\/h2>\n<p> magnet:?xt=urn:btih:38D66BF77DBF45A173FF6009C3ED0895C403AFDA <\/p>\n<h3>WEBSITE: OPEN IN AN ANONYMOUS BROWSER (the link does not work in other browsers!) <a href=\"https:\/\/www.torproject.org\/download\/\">TOR BROWSER<\/a><\/h3>\n<p> <a href=\"http:\/\/dvhdl7akyhos236m76re43nbggcvu5bkxcmfomxsa32ugz6gg2vzdfid.onion\">Www. dvhdl7akyhos236m76re43nbggcvu5bkxcmfomxsa32ugz6gg2vzdfid. onion<\/a><\/p>\n","protected":false},"excerpt":{"rendered":"<p>\u0440\u0443\u0441\u0441\u043a\u043e\u0435 \u043f\u043e\u0440\u043d\u043e \u0434\u043e\u043c\u043e\u0433\u0430\u043d\u0438\u0435 LeroIre13 Foto webcam adolescente porno HMM TORRENT DOWNLOAD. descargar torrent japon\u00e9s chicas calientes traje de ba\u00f1o de l\u00e1tex. foro c\u00e1mara web adolescente HD COLLEGE GIRLS FUCKING. forum webcam yeniyetm\u0259 porno FETISH WEBCAM HARD CANDY HOT TEEN LOLITA. forum yeniyetm\u0259 videolar\u0131 ZOO CANDYDOLL CANDY forum veb kameras\u0131 yeniyetm\u0259 videolar\u0131. \u0420\u0443\u0441\u0441\u043a\u043e\u044f\u0437\u044b\u0447\u043d\u044b\u0435 \u0440\u043e\u0434\u0438\u0442\u0435\u043b\u0438 \u0432\u043a, BONGA [&hellip;]<\/p>\n","protected":false},"author":2,"featured_media":0,"parent":0,"menu_order":0,"comment_status":"closed","ping_status":"closed","template":"","meta":{"footnotes":""},"class_list":["post-503","page","type-page","status-publish","hentry"],"_links":{"self":[{"href":"https:\/\/www.optimiseconsulting.eu\/index.php\/wp-json\/wp\/v2\/pages\/503","targetHints":{"allow":["GET"]}}],"collection":[{"href":"https:\/\/www.optimiseconsulting.eu\/index.php\/wp-json\/wp\/v2\/pages"}],"about":[{"href":"https:\/\/www.optimiseconsulting.eu\/index.php\/wp-json\/wp\/v2\/types\/page"}],"author":[{"embeddable":true,"href":"https:\/\/www.optimiseconsulting.eu\/index.php\/wp-json\/wp\/v2\/users\/2"}],"replies":[{"embeddable":true,"href":"https:\/\/www.optimiseconsulting.eu\/index.php\/wp-json\/wp\/v2\/comments?post=503"}],"version-history":[{"count":0,"href":"https:\/\/www.optimiseconsulting.eu\/index.php\/wp-json\/wp\/v2\/pages\/503\/revisions"}],"wp:attachment":[{"href":"https:\/\/www.optimiseconsulting.eu\/index.php\/wp-json\/wp\/v2\/media?parent=503"}],"curies":[{"name":"wp","href":"https:\/\/api.w.org\/{rel}","templated":true}]}}