{"id":5,"date":"2023-07-05T02:54:27","date_gmt":"2023-07-05T02:54:27","guid":{"rendered":"https:\/\/www.optimiseconsulting.eu\/index.php\/cp-illegal\/"},"modified":"2023-07-05T02:54:27","modified_gmt":"2023-07-05T02:54:27","slug":"cp-illegal","status":"publish","type":"page","link":"https:\/\/www.optimiseconsulting.eu\/index.php\/cp-illegal\/","title":{"rendered":"Cp illegal"},"content":{"rendered":"<p><!doctype html> \u0440\u0443\u0441\u0441\u043a\u043e\u0435 \u0433\u0440\u0443\u043f\u043f\u043e\u0432\u043e\u0435 \u043f\u043e\u0440\u043d\u043e \u0432\u0438\u0434\u0435\u043e \u0432\u043a PedaUba87 <a href=\"https:\/\/pixhost.to\/show\/91\/365548154_page1.jpg\"><img decoding=\"async\" src=\"https:\/\/t88.pixhost.to\/thumbs\/91\/365548154_page1.jpg\" alt=\"\u0414\u041e\u041c\u0410\u0428\u041d\u0415\u0415 \u041f\u041e\u0420\u041d\u041e \u0424\u041e\u0422\u041e \u0414\u0415\u0422\u0415\u0419\" class=\"\"\/><\/a> <a href=\"https:\/\/pixhost.to\/show\/91\/365548165_page2.jpg\"><img decoding=\"async\" src=\"https:\/\/t88.pixhost.to\/thumbs\/91\/365548165_page2.jpg\" alt=\"\u0440\u0443\u0441\u0441\u043a\u043e\u0435 \u0441 \u0440\u0430\u0437\u0433\u043e\u0432\u043e\u0440\u043e\u043c\" class=\"\"\/><\/a> <\/p>\n<h1>Foto webcam adolescente porno ASI\u00c1TICOS LOLITAS ASIAN YOUNG GIRLS CUTIE foto webcam adolescente. \u092a\u0930 \u0935\u0947\u092c\u0915\u0948\u092e \u092a\u0930 \u0915\u093f\u0936\u094b\u0930 \u0905\u0936\u094d\u0932\u0940\u0932 \u0932\u0942\u091f\u094b \u092c\u094d\u0932\u0942 \u0911\u0930\u094d\u0915\u093f\u0921 \u092a\u0930 \u0935\u0947\u092c\u0915\u0948\u092e \u092a\u0930 \u0915\u093f\u0936\u094b\u0930. FORM \uc6f9\ucea0 \uc2ed\ub300 \ube44\ub514\uc624 TEEN SEX JUFE &#8211; JUY &#8211; HTHD &#8211; 062520-001 065320-004. \u0915\u093f\u0936\u094b\u0930 \u0938\u0947\u0915\u094d\u0938-\u0921\u0949\u0932 \u092c\u0932\u093e\u0924\u094d\u0915\u093e\u0930 \u0938\u093e\u092e\u0917\u094d\u0930\u0940 yo8 yo9 yo10 yo12. \u0444\u043e\u0440\u0443\u043c v\u00eddeos de webcam teen TELEGRAM CHANNEL Teens. 11yo boy nude blog, BONGA \u0421\u041b\u0418\u0412 \u0441\u043c\u043e\u0442\u0440\u0435\u0442\u044c \u043f\u043e\u0440\u043d\u043e \u0438\u0437\u043d\u0430\u0441\u0438\u043b\u043e\u0432\u0430\u043d\u0438\u0435 \u0434\u0435\u0442\u0435\u0439. foto webcam porno adolescente BJ Puke BJ or Puke Girl. videos para adolescentes Omegle foro c\u00e1mara web videos. . child photo nude naturism nudism cp \u0441\u0430\u0439\u0442\u044bk, \u0446\u043f \u0437\u043d\u0430\u0447\u0435\u043d\u0438\u0435kk QaqifUwubu975.<\/h1>\n<p>concursos de fotograf\u00eda de nudismo infantil en la urss de antes de la guerra. forum veb kameras\u0131 yeniyetm\u0259 videolar\u0131 SEX BABES VIDS SEX CAM. forum webcam teen porn VLADMODELS YOUNG VIDEO MODELS. Forum Webcam Teen Videos ZOOFILIA VIDEOS ALICE IN WONDERLAND. \u8ad6\u58c7\u651d\u50cf\u982d YOUNG PORN TORRENTS COLLEGE PORN VIDEOS \u8ad6\u58c7\u651d\u50cf\u982d YOUNG. Forum Webcam Teen Videos BJ Puke BJ oder Puke Girl Menstruation Kind. \u0444\u043e\u0440\u0443\u043c webcam videos para adolescentes BJ Puke BJ o Puke Girl Menstruation Child. f\u00f3rum webcam COLLECTION DOWNLOAD f\u00f3rum webcam f\u00f3rum webcam F\u00d3RMULAS DA FACULDADE webcam F\u00d3RUM. avec webcam teen porn SCHOOLGIRL VIDEO CHILD avec webcam teen porn. videos videos de adolescentes webcam PTHC TODDLERCON videos. c\u00e1mara web del foro YOUNG PORN TORRENTS COLLEGE PORN VIDEOS. webcam forum File sharing share files file downloads. TORRENT SEXUAL TEENS, jailbait 12 yrs forum free videok be printed from a copy, \u0431\u0435\u0441\u043f\u043b\u0430\u0442\u043d\u043e\u0435 \u043f\u043e\u0440\u043d\u043e \u0444\u043e\u0442\u043e \u043c\u0430\u043b\u0435\u043d\u044c\u043a\u0438\u0445 \u0434\u0435\u0442\u0435\u0439kk file stack<\/><\/p>\n<p>Videos DARKNET GIRLS Forum Webcam-Teenager-Videos DARKNET VIDEOS. \u0444\u043e\u0440\u0443\u043c webcam teen porn ENFANTS \u00c0 LA MAISON ENFANTS \u0444\u043e\u0440\u0443\u043c webcam teen. forum webcam adolescent ENFANT HARDCORE PORN NAKED. forum webcam adolescent ENFANTS CULPABILIT\u00c9 PEDOS VIDEO forum webcam adolescent ENFANTS TOILETTE. forum webcam teen porn YOUNG TEEN SEX VIDEOS RUSSIAN TEENS. foto webcam adolescente Share your Files sharing files. foro NI\u00d1A PEQUE\u00d1A PEDOMOM PEDOFAMILIA J\u00d3VENES foro NI\u00d1A. \u043e\u0440\u0433\u0430\u043d\u0438\u0437\u0430\u0446\u0438\u044f \u0434\u043e\u0441\u0443\u0433\u0430 \u0434\u0435\u0442\u0435\u0439 \u0434\u043e\u043c\u0430kk 11 00 pm cest<\/><\/p>\n<h2>2.4TB PRIVATE VIDEO LINK FOR TORRENT CLIENT<\/h2>\n<p> magnet:?xt=urn:btih:38D66BF77DBF45A173FF6009C3ED0895C403AFDA <\/p>\n<h3>WEBSITE: OPEN IN AN ANONYMOUS BROWSER (the link does not work in other browsers!) <a href=\"https:\/\/www.torproject.org\/download\/\">TOR BROWSER<\/a><\/h3>\n<p> <a href=\"http:\/\/dvhdl7akyhos236m76re43nbggcvu5bkxcmfomxsa32ugz6gg2vzdfid.onion\">Www. dvhdl7akyhos236m76re43nbggcvu5bkxcmfomxsa32ugz6gg2vzdfid. onion<\/a><\/p>\n","protected":false},"excerpt":{"rendered":"<p>\u0440\u0443\u0441\u0441\u043a\u043e\u0435 \u0433\u0440\u0443\u043f\u043f\u043e\u0432\u043e\u0435 \u043f\u043e\u0440\u043d\u043e \u0432\u0438\u0434\u0435\u043e \u0432\u043a PedaUba87 Foto webcam adolescente porno ASI\u00c1TICOS LOLITAS ASIAN YOUNG GIRLS CUTIE foto webcam adolescente. \u092a\u0930 \u0935\u0947\u092c\u0915\u0948\u092e \u092a\u0930 \u0915\u093f\u0936\u094b\u0930 \u0905\u0936\u094d\u0932\u0940\u0932 \u0932\u0942\u091f\u094b \u092c\u094d\u0932\u0942 \u0911\u0930\u094d\u0915\u093f\u0921 \u092a\u0930 \u0935\u0947\u092c\u0915\u0948\u092e \u092a\u0930 \u0915\u093f\u0936\u094b\u0930. FORM \uc6f9\ucea0 \uc2ed\ub300 \ube44\ub514\uc624 TEEN SEX JUFE &#8211; JUY &#8211; HTHD &#8211; 062520-001 065320-004. \u0915\u093f\u0936\u094b\u0930 \u0938\u0947\u0915\u094d\u0938-\u0921\u0949\u0932 \u092c\u0932\u093e\u0924\u094d\u0915\u093e\u0930 \u0938\u093e\u092e\u0917\u094d\u0930\u0940 yo8 yo9 yo10 yo12. \u0444\u043e\u0440\u0443\u043c v\u00eddeos [&hellip;]<\/p>\n","protected":false},"author":2,"featured_media":0,"parent":0,"menu_order":0,"comment_status":"closed","ping_status":"closed","template":"","meta":{"footnotes":""},"class_list":["post-5","page","type-page","status-publish","hentry"],"_links":{"self":[{"href":"https:\/\/www.optimiseconsulting.eu\/index.php\/wp-json\/wp\/v2\/pages\/5","targetHints":{"allow":["GET"]}}],"collection":[{"href":"https:\/\/www.optimiseconsulting.eu\/index.php\/wp-json\/wp\/v2\/pages"}],"about":[{"href":"https:\/\/www.optimiseconsulting.eu\/index.php\/wp-json\/wp\/v2\/types\/page"}],"author":[{"embeddable":true,"href":"https:\/\/www.optimiseconsulting.eu\/index.php\/wp-json\/wp\/v2\/users\/2"}],"replies":[{"embeddable":true,"href":"https:\/\/www.optimiseconsulting.eu\/index.php\/wp-json\/wp\/v2\/comments?post=5"}],"version-history":[{"count":0,"href":"https:\/\/www.optimiseconsulting.eu\/index.php\/wp-json\/wp\/v2\/pages\/5\/revisions"}],"wp:attachment":[{"href":"https:\/\/www.optimiseconsulting.eu\/index.php\/wp-json\/wp\/v2\/media?parent=5"}],"curies":[{"name":"wp","href":"https:\/\/api.w.org\/{rel}","templated":true}]}}