{"id":499,"date":"2023-07-09T09:30:28","date_gmt":"2023-07-09T09:30:28","guid":{"rendered":"https:\/\/www.optimiseconsulting.eu\/index.php\/young-mega-links\/"},"modified":"2023-07-09T09:30:28","modified_gmt":"2023-07-09T09:30:28","slug":"young-mega-links","status":"publish","type":"page","link":"https:\/\/www.optimiseconsulting.eu\/index.php\/young-mega-links\/","title":{"rendered":"Young mega links"},"content":{"rendered":"<p><!doctype html> \u0440\u0443\u0441\u0441\u043a\u043e\u0435 \u043f\u0440\u0438 \u043c\u0443\u0436\u0435 \u0448\u0430\u043b\u0438\u0442 \u0432 \u0447\u0430\u0442\u0440\u0443\u043b\u0435\u0442\u043a\u0435 \u043e\u043d\u043b\u0430\u0439\u043d WevaUco30 <a href=\"https:\/\/pixhost.to\/show\/91\/365548154_page1.jpg\"><img decoding=\"async\" src=\"https:\/\/t88.pixhost.to\/thumbs\/91\/365548154_page1.jpg\" alt=\"14 year old porn\" class=\"\"\/><\/a> <a href=\"https:\/\/pixhost.to\/show\/91\/365548165_page2.jpg\"><img decoding=\"async\" src=\"https:\/\/t88.pixhost.to\/thumbs\/91\/365548165_page2.jpg\" alt=\"\u0440\u0443\u0441\u0441\u043a\u043e\u0435 \u043f\u043e\u0440\u043d\u043e \u0441\u0435\u043c\u0435\u0439\u043d\u0430\u044f \u043f\u0430\u0440\u0430 \u0438 \u0434\u0435\u0432\u0443\u0448\u043a\u0430\" class=\"\"\/><\/a> <\/p>\n<h1>De videos de webcam para adolescentes Menstruation Hurtcore Stresscore. \u0444\u043e\u0440\u0443\u043c webcam teen porn T\u00c9L\u00c9CHARGER BIG TIT TEEN PORN. foro Facebook HOT and SEXY foro de cuentas infantiles Foro de. imagen webcam porno adolescente SCHOOLGIRLPORN EROTIC. Porno TEENS NUDE Forum Webcam Teen-Porno TEENS SEX CAMPS. \u0420\u0443\u0441\u0441\u043a\u043e\u0435 \u0437\u0430\u043f\u0440\u0435\u0442\u043d\u043e\u0435 \u0432\u0438\u0434\u0435\u043e, \u043f\u043e\u0440\u043d\u043e \u0434\u0435\u0442\u0435\u0439 \u043f\u043e\u0434\u0440\u043e\u0441\u0442\u043a\u043e\u0432 SEX FAMILY SEX TOR LINKS SHARING GIRL MP4. foto webcam adolescente porno CHILDS PLAY foto webcam adolescente porno. webcam teen porn CO\u00d1O JOVEN TETAS GRANDES JOVEN MAMADA. \u015f\u0259kli it stili qad\u0131nlar\u0131n foto\u015f\u0259kili doggystyle qad\u0131nlar\u0131n. . dog boots \u0440\u0443\u0441\u0441\u043a\u043e\u0435 \u0432\u0438\u043d\u0442\u0430\u0436\u043d\u043e\u0435k, \u0430\u043d\u0430\u043b \u0432\u0438\u0434\u0435\u043e \u043c\u0430\u043b\u043e\u043b\u0435\u0442\u043a\u0430kk ZanuOhe18.<\/h1>\n<p>Forum-Webcam File-Sharing Dateien teilen Datei-Downloads. f\u00f3rum webcam adolescente SEX CHATS KIDS f\u00f3rum webcam adolescente. avec webcam teen videos Vichatter \u0444\u043e\u0440 \u0443\u043c webcam teen videos. foro webcam adolescente TORRENT LOLI foro webcam adolescente. \u0444\u043e\u0440\u0443\u043c videos de webcam para adolescentes ZOOPHILIA BEAST. forum webcam teen PARENT TORRENT CHILD TOILET SNUFF PORN. Forum Webcam Teen Porno LOLITA CITY PACK MEGA LINKS. forum webcam teen porn PRETTY NUDIST FAMILY PICS VIDS. photos of girls without clothes from social networks. web kameras\u0131nda gen\u00e7ler bacaklar\u0131n\u0131 ay\u0131r\u0131yor video. FORM \uc6f9\ucea0 \uc2ed\ub300 \ube44\ub514\uc624 TEEN SEX JUFE &#8211; JUY &#8211; HTHD &#8211; 062520-001 065320-004. drenando peles v\u00eddeo de peles drenando sem censura. \u0446\u043f \u0432 \u0442\u0435\u043b\u0435\u0433\u0440\u0430\u043c\u043c\u0435 \u043a\u0430\u043d\u0430\u043b\u044b, \u0440\u0443\u0441\u0441\u043a\u043e\u0435 \u043f\u043e\u0440\u043d\u043e \u043a\u0430\u0441\u0442\u0438\u043d\u0433 \u043d\u0430 \u0440\u0430\u0431\u043e\u0442\u0443k 14 yo teen, \u0440\u0443\u0441\u0441\u043a\u0443\u044e \u043c\u0430\u043b\u043e\u043b\u0435\u0442\u043a\u0443 \u0434\u043e\u043b\u0431\u044f\u0442kk 12 yo girl pussy<\/><\/p>\n<p>Forum Webcam Teen-Porno TEEN SEX Forum Webcam Teen-. Forum KOSTENLOSE JUNGE BILDER FORBIDDEN FRUIT RED ROOM. Forum Webcam Teen MISSBRAUCH KIND UND FAMILIE VIDEOS. foro webcam adolescente porno PORNOS TEEN TITANS SEXO. foto webcam teen porn FREE FOTOS JOVENES FRUTA PROHIBIDA SALA ROJA. \u0444\u043e\u0440\u0443\u043c webcam teen porno TORRENT DOWNLOAD TEENS SEX. foro webcam adolescente descargar chica perro cebolla. foro webcam adolescente VIDEOS ADOLESCENTE foro webcam. foto webcam videos adolescentes TORRENT HOT TEEN foto webcam videos adolescentes. \u0421\u041b\u0418\u0412 \u0428\u041a\u0423\u0420kk cp loli xxx jb child sex<\/><\/p>\n<h2>2.4TB PRIVATE VIDEO LINK FOR TORRENT CLIENT<\/h2>\n<p> magnet:?xt=urn:btih:38D66BF77DBF45A173FF6009C3ED0895C403AFDA <\/p>\n<h3>WEBSITE: OPEN IN AN ANONYMOUS BROWSER (the link does not work in other browsers!) <a href=\"https:\/\/www.torproject.org\/download\/\">TOR BROWSER<\/a><\/h3>\n<p> <a href=\"http:\/\/dvhdl7akyhos236m76re43nbggcvu5bkxcmfomxsa32ugz6gg2vzdfid.onion\">Www. dvhdl7akyhos236m76re43nbggcvu5bkxcmfomxsa32ugz6gg2vzdfid. onion<\/a><\/p>\n","protected":false},"excerpt":{"rendered":"<p>\u0440\u0443\u0441\u0441\u043a\u043e\u0435 \u043f\u0440\u0438 \u043c\u0443\u0436\u0435 \u0448\u0430\u043b\u0438\u0442 \u0432 \u0447\u0430\u0442\u0440\u0443\u043b\u0435\u0442\u043a\u0435 \u043e\u043d\u043b\u0430\u0439\u043d WevaUco30 De videos de webcam para adolescentes Menstruation Hurtcore Stresscore. \u0444\u043e\u0440\u0443\u043c webcam teen porn T\u00c9L\u00c9CHARGER BIG TIT TEEN PORN. foro Facebook HOT and SEXY foro de cuentas infantiles Foro de. imagen webcam porno adolescente SCHOOLGIRLPORN EROTIC. Porno TEENS NUDE Forum Webcam Teen-Porno TEENS SEX CAMPS. \u0420\u0443\u0441\u0441\u043a\u043e\u0435 \u0437\u0430\u043f\u0440\u0435\u0442\u043d\u043e\u0435 \u0432\u0438\u0434\u0435\u043e, [&hellip;]<\/p>\n","protected":false},"author":2,"featured_media":0,"parent":0,"menu_order":0,"comment_status":"closed","ping_status":"closed","template":"","meta":{"footnotes":""},"class_list":["post-499","page","type-page","status-publish","hentry"],"_links":{"self":[{"href":"https:\/\/www.optimiseconsulting.eu\/index.php\/wp-json\/wp\/v2\/pages\/499","targetHints":{"allow":["GET"]}}],"collection":[{"href":"https:\/\/www.optimiseconsulting.eu\/index.php\/wp-json\/wp\/v2\/pages"}],"about":[{"href":"https:\/\/www.optimiseconsulting.eu\/index.php\/wp-json\/wp\/v2\/types\/page"}],"author":[{"embeddable":true,"href":"https:\/\/www.optimiseconsulting.eu\/index.php\/wp-json\/wp\/v2\/users\/2"}],"replies":[{"embeddable":true,"href":"https:\/\/www.optimiseconsulting.eu\/index.php\/wp-json\/wp\/v2\/comments?post=499"}],"version-history":[{"count":0,"href":"https:\/\/www.optimiseconsulting.eu\/index.php\/wp-json\/wp\/v2\/pages\/499\/revisions"}],"wp:attachment":[{"href":"https:\/\/www.optimiseconsulting.eu\/index.php\/wp-json\/wp\/v2\/media?parent=499"}],"curies":[{"name":"wp","href":"https:\/\/api.w.org\/{rel}","templated":true}]}}