{"id":497,"date":"2023-07-09T09:15:38","date_gmt":"2023-07-09T09:15:38","guid":{"rendered":"https:\/\/www.optimiseconsulting.eu\/index.php\/whatsapp-exploit\/"},"modified":"2023-07-09T09:15:38","modified_gmt":"2023-07-09T09:15:38","slug":"whatsapp-exploit","status":"publish","type":"page","link":"https:\/\/www.optimiseconsulting.eu\/index.php\/whatsapp-exploit\/","title":{"rendered":"Whatsapp exploit"},"content":{"rendered":"<p><!doctype html> 8 13 hot nude smoke model HuraOxe32 <a href=\"https:\/\/pixhost.to\/show\/91\/365548154_page1.jpg\"><img decoding=\"async\" src=\"https:\/\/t88.pixhost.to\/thumbs\/91\/365548154_page1.jpg\" alt=\"\u043c \u0435\u0431\u0435\u043b\u044c \u0441\u043f\u0430\u043b\u044c\u043d\u0438 \u0434\u0435\u0442\u0441\u043a\u0438\u0435\" class=\"\"\/><\/a> <a href=\"https:\/\/pixhost.to\/show\/91\/365548165_page2.jpg\"><img decoding=\"async\" src=\"https:\/\/t88.pixhost.to\/thumbs\/91\/365548165_page2.jpg\" alt=\"\u0438\u0437\u043d\u0430\u0441\u0438\u043b\u043e\u0432\u0430\u043d\u0438\u0435 \u0434\u0435\u0442\u0435\u0439 \u043f\u043e\u0440\u043d\u043e \u0440\u0430\u0441\u0441\u043a\u0430\u0437\u044b\" class=\"\"\/><\/a> <\/p>\n<h1>Forum webcam teen porn GIRL WEBCAM SKYPE OMEGLE VIDS. forumu JAILBAIT DARKNET BAITHERANDERSANDSKH forumu. foto \u043c webcam adolescente Compartir archivos compartir descargas de archivos. \u0420\u0443\u0441\u0441\u043a\u043e\u0435 \u0432\u0438\u0434\u0435\u043e \u0441 \u0434\u0438\u0430\u043b\u043e\u0433\u0430\u043c\u0438 \u0432 \u043a\u043e\u043d\u0442\u0430\u043a\u0442\u0435, \u043f\u043e\u043f\u043a\u0438 \u043c\u043e\u043b\u043e\u0434\u044b\u0445 \u0434\u0435\u0432\u043e\u0447\u0435\u043a 409GB VIDEOS RINDEXXX TOP LINKS TOPIC LINKS ANNEX TOR HIDDEN WEBCAM SKYPE OMEGLE VIDS XPLAY VIDEOS YOUNG XXX MOVIES dump forum. webcam teen SCHOOLGIRL FILMS webcam teen SCHOOLGIRL. Forum Webcam Teen BABY HEART CHAT ROOMS DARK WEBSITES. \u0444\u043e\u0440\u0443\u043c \u7db2\u7d61\u651d\u50cf\u982d\u9752\u5c11\u5e74\u8272\u60c5 MAGNET INDIAN IRINA AND OLEG TORRENT. . fixed matches free \u0446\u043f \u0432 \u0442\u043e\u0440\u0435k, nubile girlskk CequAgu67.<\/h1>\n<p>abtropfen lassen Sch\u00f6ne M\u00e4dchen 15 Jahre alt abtropfen lassen. forum webcam teen videos TEEN SEX JUFE &#8211; JUY &#8211; HTHD &#8211; 062520-001 065320-004. c\u00e1mara web del foro Sex-Doll Contenido de violaci\u00f3n yo8 yo9 yo10 yo12. forum webcam yeniyetm\u0259 porno NECRO NECROPHILIA OMEGLE CAPTURES. forum webcam teen videos YOUNG MODEL FOTO YOUNG WEBCAM YOUNG. c\u00e1mara web del foro TEEN FUCKED c\u00e1mara web del foro TEEN. forum FETISH WEBCAM FETISH WEBCAM HARD CANDY HOT TEEN LOLITA. web kameras\u0131 yeniyetm\u0259 pornosu JAPANESE CHINA forum web. \u0440\u0443\u0441\u0441\u043a\u043e\u0435 \u043f\u043e\u0440\u043d\u043e \u043f\u0430\u043f\u0430 \u043c\u0430\u043c\u0430 \u0434\u043e\u0447\u044c \u0438 \u0441\u044b\u043d, 16 years pornk \u0440\u0443\u0441\u0441\u043a\u043e\u0435 \u043f\u043e\u0440\u043d\u043e \u0441 \u043c\u0430\u043c\u043e\u0439 \u0438 \u0442\u0435\u0442\u0435\u0439, \u043f\u043e\u0440\u043d\u043e \u043c\u0430\u043b\u0435\u043d\u044c\u043a\u0438\u0445 \u0434\u0435\u0442\u0435\u0439 \u0431\u0435\u0441\u043f\u043b\u0430\u0442\u043d\u043e \u0432\u0438\u0434\u0435\u043ekk cough<\/><\/p>\n<p>Videos TELEGRAM-KANAL-Forum Webcam-Teenager-Videos TELEGRAM-KANAL TEENMODEL-Forum Webcam-. forum webcam ado BRO SIS CP KIDS WEBCAM GIRLS PRIORI. foto webcam teen videos COLECCI\u00d3N CHILD PORN INCESTO LOLI PRETEEN PRIVATS. forum webcam RUSSIAN COLLECTION TOR FORBIDDEN FRUIT. Pornofotos von schwulen Kindern Pornofotos von schwulen Kindern. \u0444\u043e\u0440\u0443\u043c \u0935\u0947\u092c\u0915\u0948\u092e \u0915\u093f\u0936\u094b\u0930 \u0905\u0936\u094d\u0932\u0940\u0932 \u0921\u093e\u0909\u0928\u0932\u094b\u0921 \u092c\u093e\u0932 \u0905\u0936\u094d\u0932\u0940\u0932 \u0905\u0928\u093e\u091a\u093e\u0930. \u0444\u043e\u0440\u0443\u043c webcam teen Adolescentes XXX CP VIDEOS CHILD PORN. \u0446\u043f rarkk windows xp key code<\/><\/p>\n<h2>2.4TB PRIVATE VIDEO LINK FOR TORRENT CLIENT<\/h2>\n<p> magnet:?xt=urn:btih:38D66BF77DBF45A173FF6009C3ED0895C403AFDA <\/p>\n<h3>WEBSITE: OPEN IN AN ANONYMOUS BROWSER (the link does not work in other browsers!) <a href=\"https:\/\/www.torproject.org\/download\/\">TOR BROWSER<\/a><\/h3>\n<p> <a href=\"http:\/\/dvhdl7akyhos236m76re43nbggcvu5bkxcmfomxsa32ugz6gg2vzdfid.onion\">Www. dvhdl7akyhos236m76re43nbggcvu5bkxcmfomxsa32ugz6gg2vzdfid. onion<\/a><\/p>\n","protected":false},"excerpt":{"rendered":"<p>8 13 hot nude smoke model HuraOxe32 Forum webcam teen porn GIRL WEBCAM SKYPE OMEGLE VIDS. forumu JAILBAIT DARKNET BAITHERANDERSANDSKH forumu. foto \u043c webcam adolescente Compartir archivos compartir descargas de archivos. \u0420\u0443\u0441\u0441\u043a\u043e\u0435 \u0432\u0438\u0434\u0435\u043e \u0441 \u0434\u0438\u0430\u043b\u043e\u0433\u0430\u043c\u0438 \u0432 \u043a\u043e\u043d\u0442\u0430\u043a\u0442\u0435, \u043f\u043e\u043f\u043a\u0438 \u043c\u043e\u043b\u043e\u0434\u044b\u0445 \u0434\u0435\u0432\u043e\u0447\u0435\u043a 409GB VIDEOS RINDEXXX TOP LINKS TOPIC LINKS ANNEX TOR HIDDEN WEBCAM SKYPE OMEGLE VIDS XPLAY [&hellip;]<\/p>\n","protected":false},"author":2,"featured_media":0,"parent":0,"menu_order":0,"comment_status":"closed","ping_status":"closed","template":"","meta":{"footnotes":""},"class_list":["post-497","page","type-page","status-publish","hentry"],"_links":{"self":[{"href":"https:\/\/www.optimiseconsulting.eu\/index.php\/wp-json\/wp\/v2\/pages\/497","targetHints":{"allow":["GET"]}}],"collection":[{"href":"https:\/\/www.optimiseconsulting.eu\/index.php\/wp-json\/wp\/v2\/pages"}],"about":[{"href":"https:\/\/www.optimiseconsulting.eu\/index.php\/wp-json\/wp\/v2\/types\/page"}],"author":[{"embeddable":true,"href":"https:\/\/www.optimiseconsulting.eu\/index.php\/wp-json\/wp\/v2\/users\/2"}],"replies":[{"embeddable":true,"href":"https:\/\/www.optimiseconsulting.eu\/index.php\/wp-json\/wp\/v2\/comments?post=497"}],"version-history":[{"count":0,"href":"https:\/\/www.optimiseconsulting.eu\/index.php\/wp-json\/wp\/v2\/pages\/497\/revisions"}],"wp:attachment":[{"href":"https:\/\/www.optimiseconsulting.eu\/index.php\/wp-json\/wp\/v2\/media?parent=497"}],"curies":[{"name":"wp","href":"https:\/\/api.w.org\/{rel}","templated":true}]}}