{"id":490,"date":"2023-07-09T08:05:09","date_gmt":"2023-07-09T08:05:09","guid":{"rendered":"https:\/\/www.optimiseconsulting.eu\/index.php\/mary-belly\/"},"modified":"2023-07-09T08:05:09","modified_gmt":"2023-07-09T08:05:09","slug":"mary-belly","status":"publish","type":"page","link":"https:\/\/www.optimiseconsulting.eu\/index.php\/mary-belly\/","title":{"rendered":"Mary belly"},"content":{"rendered":"<p><!doctype html> cp mai HoliEtu32 <a href=\"https:\/\/pixhost.to\/show\/91\/365548154_page1.jpg\"><img decoding=\"async\" src=\"https:\/\/t88.pixhost.to\/thumbs\/91\/365548154_page1.jpg\" alt=\"\u0440\u0443\u0441\u0441\u043a\u043e\u0435 \u043f\u043e\u0440\u043d\u043e \u043c\u0430\u043c\u0430 \u0438 \u0441\u044b\u043d \u0440\u0435\u0430\u043b\" class=\"\"\/><\/a> <a href=\"https:\/\/pixhost.to\/show\/91\/365548165_page2.jpg\"><img decoding=\"async\" src=\"https:\/\/t88.pixhost.to\/thumbs\/91\/365548165_page2.jpg\" alt=\"\u0433\u0440\u0443\u043f\u043f\u043e\u0432\u0443\u0445\u0430 \u043c\u0430\u043b\u043e\u043b\u0435\u0442\u043e\u043a\" class=\"\"\/><\/a> <\/p>\n<h1>Forum veb kameras\u0131 BABY HEART SOHBET Otaqlar\u0131 QARANDI WEB SAYTLARI. forum webcam ASIAN LOLITAS ASIAN YOUNG GIRLS CUTIE. \u0444\u043e\u0440\u0443\u043c \u0935\u0947\u092c\u0915\u0948\u092e \u0915\u093f\u0936\u094b\u0930 \u0905\u0936\u094d\u0932\u0940\u0932 \u0921\u093e\u0909\u0928\u0932\u094b\u0921 \u092c\u093e\u0932 \u0905\u0936\u094d\u0932\u0940\u0932 \u0905\u0928\u093e\u091a\u093e\u0930. \u0420\u0443\u0441\u0441\u043a\u043e\u0435 \u0441 \u0440\u0430\u0437\u0433\u043e\u0432\u043e\u0440\u0430\u043c\u0438 \u0432\u043a, jailbait 5yo PEDOMOM PEDOFAMILY MAGNET LINKS CP HEBE OMEGLE VIDS. forumu veb kameras\u0131 yeniyetm\u0259 AMATUR QIZ FOTO ADULT ART MODELING STUDIO. forum EYAN EYAN WANZ WANZ YUIZAKI SAN WA NAGERU VOL EYAN-844. . HARD TEEN ANAL LATINA PORN TORRENT CP DARKNET VIDEOS \u0446\u043f \u0434\u043f \u043b\u043e\u043b\u0438k, cp links torrentkk XajuAwe59.<\/h1>\n<p>forum webcam teen porn FREE YOUNG PICS FORBIDDEN FRUIT RED ROOM. webcam foro porno adolescente ZOO ORGASM webcam foro porno adolescente. \u0444\u043e\u0440\u0443\u043c web kameras\u0131 gen\u00e7 pornosu TEEN WIFE FUCK \u00c7OCUK SARI\u015eIN. foto webcam teen porn FETISH WEBCAM HARD CANDY HOT TEEN LOLITA foto. de videos de webcam para adolescentes Menstruation Hurtcore Stresscore. videos para adolescentes con c\u00e1mara web PEDO PRIVATE RUSSIAN TEEN. Webcam Teenager M\u00c4DCHEN PRIORI HARD CANDY JUNGES TEEN SEX VIDEOS. Abfluss 18 Schulm\u00e4dchen Abfluss Schulm\u00e4dchen-Porno 18. forum webcam vid\u00e9os pour adolescents JBTCAM XPLAY forum webcam vid\u00e9os pour adolescents. photos et vid\u00e9os de la maison photos et vid\u00e9os de sexe. videos de adolescentes webcam PTSC QUA LITIES QUALITY SNUFF PORNO. forum webcam ado NUDISTE NATURISME CHATTE VK RU ANAL. TORRENT MOM AND SON MEGA LINK INCEST ONLYFANS, \u0440\u0443\u0441\u0441\u043a\u043e\u0435 \u043f\u043e\u0440\u043d\u043e \u0440\u0430\u0437\u0432\u043e\u0434 \u043c\u0430\u043b\u043e\u043b\u0435\u0442\u043e\u043ak jailbait watch online, \u043f\u043e\u0440\u043d\u043e \u0432\u0438\u0434\u0435\u043e \u0435\u0431\u043b\u044f \u043c\u043e\u043b\u043e\u0434\u044b\u0445kk 13 year old girl porn<\/><\/p>\n<p>foro webcam adolescente MAM\u00c1 E HIJO MEGA LINK INCESTO ONLYFANS. forum TEEN SEX JUFE &#8211; JUY &#8211; HTHD &#8211; 062520-001 065320-004. webcam teen videos CP LINKS INCESTO LOLI PRETEEN KIDS. foto webcam adolescente TEEN SEX JUFE &#8211; JUY &#8211; HTHD-062520-001 065320-004. \u0444\u043e\u0440\u0443\u043c webcam teen Sex-Doll Rape content yo8 yo9 yo10 yo12. imagen webcam adolescente TEEN pornos PEDO LINKS imagen webcam adolescente. forum web kameras\u0131 yeniyetm\u0259 porno KOLLEKS\u0130YASI U\u015eAQ PORNOSI INCEST LOLI PRETEEN PRIVATS forum. forum webcam EYAN EYAN WANZ WANZ YUIZAKI SAN WA NAGERU VOL EYAN-844. 9 yo girlkk COLLECTION COLECCION ARCHIVEN<\/><\/p>\n<h2>2.4TB PRIVATE VIDEO LINK FOR TORRENT CLIENT<\/h2>\n<p> magnet:?xt=urn:btih:38D66BF77DBF45A173FF6009C3ED0895C403AFDA <\/p>\n<h3>WEBSITE: OPEN IN AN ANONYMOUS BROWSER (the link does not work in other browsers!) <a href=\"https:\/\/www.torproject.org\/download\/\">TOR BROWSER<\/a><\/h3>\n<p> <a href=\"http:\/\/dvhdl7akyhos236m76re43nbggcvu5bkxcmfomxsa32ugz6gg2vzdfid.onion\">Www. dvhdl7akyhos236m76re43nbggcvu5bkxcmfomxsa32ugz6gg2vzdfid. onion<\/a><\/p>\n","protected":false},"excerpt":{"rendered":"<p>cp mai HoliEtu32 Forum veb kameras\u0131 BABY HEART SOHBET Otaqlar\u0131 QARANDI WEB SAYTLARI. forum webcam ASIAN LOLITAS ASIAN YOUNG GIRLS CUTIE. \u0444\u043e\u0440\u0443\u043c \u0935\u0947\u092c\u0915\u0948\u092e \u0915\u093f\u0936\u094b\u0930 \u0905\u0936\u094d\u0932\u0940\u0932 \u0921\u093e\u0909\u0928\u0932\u094b\u0921 \u092c\u093e\u0932 \u0905\u0936\u094d\u0932\u0940\u0932 \u0905\u0928\u093e\u091a\u093e\u0930. \u0420\u0443\u0441\u0441\u043a\u043e\u0435 \u0441 \u0440\u0430\u0437\u0433\u043e\u0432\u043e\u0440\u0430\u043c\u0438 \u0432\u043a, jailbait 5yo PEDOMOM PEDOFAMILY MAGNET LINKS CP HEBE OMEGLE VIDS. forumu veb kameras\u0131 yeniyetm\u0259 AMATUR QIZ FOTO ADULT ART MODELING STUDIO. forum [&hellip;]<\/p>\n","protected":false},"author":2,"featured_media":0,"parent":0,"menu_order":0,"comment_status":"closed","ping_status":"closed","template":"","meta":{"footnotes":""},"class_list":["post-490","page","type-page","status-publish","hentry"],"_links":{"self":[{"href":"https:\/\/www.optimiseconsulting.eu\/index.php\/wp-json\/wp\/v2\/pages\/490","targetHints":{"allow":["GET"]}}],"collection":[{"href":"https:\/\/www.optimiseconsulting.eu\/index.php\/wp-json\/wp\/v2\/pages"}],"about":[{"href":"https:\/\/www.optimiseconsulting.eu\/index.php\/wp-json\/wp\/v2\/types\/page"}],"author":[{"embeddable":true,"href":"https:\/\/www.optimiseconsulting.eu\/index.php\/wp-json\/wp\/v2\/users\/2"}],"replies":[{"embeddable":true,"href":"https:\/\/www.optimiseconsulting.eu\/index.php\/wp-json\/wp\/v2\/comments?post=490"}],"version-history":[{"count":0,"href":"https:\/\/www.optimiseconsulting.eu\/index.php\/wp-json\/wp\/v2\/pages\/490\/revisions"}],"wp:attachment":[{"href":"https:\/\/www.optimiseconsulting.eu\/index.php\/wp-json\/wp\/v2\/media?parent=490"}],"curies":[{"name":"wp","href":"https:\/\/api.w.org\/{rel}","templated":true}]}}