{"id":489,"date":"2023-07-09T07:57:01","date_gmt":"2023-07-09T07:57:01","guid":{"rendered":"https:\/\/www.optimiseconsulting.eu\/index.php\/xxx-10-year\/"},"modified":"2023-07-09T07:57:01","modified_gmt":"2023-07-09T07:57:01","slug":"xxx-10-year","status":"publish","type":"page","link":"https:\/\/www.optimiseconsulting.eu\/index.php\/xxx-10-year\/","title":{"rendered":"Xxx 10 year"},"content":{"rendered":"<p><!doctype html> \u0440\u0443\u0441\u0441\u043a\u043e\u0435 \u0434\u043e\u043c\u0430\u0448\u043d\u0435\u0435 \u043f\u043e\u0440\u043d\u043e \u0432\u0438\u0434\u0435\u043e \u0438\u043d\u0446\u0435\u0441\u0442 FocoEtu68 <a href=\"https:\/\/pixhost.to\/show\/91\/365548154_page1.jpg\"><img decoding=\"async\" src=\"https:\/\/t88.pixhost.to\/thumbs\/91\/365548154_page1.jpg\" alt=\"\u0440\u0443\u0441\u0441\u043a\u043e\u0435 \u0434\u043e\u043c\u0430\u0448\u043d\u0435\u0435 \u0432\u0438\u0434\u0435\u043e \u0434\u0435\u0432\u0443\u0448\u0435\u043a\" class=\"\"\/><\/a> <a href=\"https:\/\/pixhost.to\/show\/91\/365548165_page2.jpg\"><img decoding=\"async\" src=\"https:\/\/t88.pixhost.to\/thumbs\/91\/365548165_page2.jpg\" alt=\"\u0440\u0443\u0441\u0441\u043a\u043e\u0435 \u043f\u043e\u0440\u043d\u043e \u043c\u0430\u043c\u0430 \u043d\u0435 \u0445\u043e\u0442\u0435\u043b\u0430\" class=\"\"\/><\/a> <\/p>\n<h1>Video gay adolescente corriente desnuda adolescente vk. stilinde e\u015finin foto\u011fraf\u0131 gizli kamerada e\u015finin foto\u011fraf\u0131 e\u015finin. \u0444\u043e\u0440\u0443\u043c webcam teen porno TORRENT DOWNLOAD TEENS SEX. \u0420\u0443\u0441\u0441\u043a\u043e\u0435 \u0440\u043e\u0434\u0438\u0442\u0435\u043b\u044c\u0441\u043a\u043e\u0435 \u043f\u043e\u0440\u043d\u043e \u043c\u0430\u043c\u043a\u0438 \u0437\u0440\u0435\u043b\u044b\u0439 \u0438\u043d\u0446\u0435\u043d\u0442 \u0440\u043e\u0434\u0441\u0442\u0432\u0435\u043d\u043d\u043e\u0435, 9yo suck jailbait \u0447\u0442\u043e \u044d\u0442\u043e. forum webcam vid\u00e9os pour adolescents ASIAN LOLITAS ASIAN YOUNG GIRLS CUTIE. forum veb kameras\u0131 YUIZAKI FC2 PPV JAV UNCENSOODEGA. . \u0440\u0443\u0441\u0441\u043a\u043e\u0435 \u043f\u043e\u0440\u043d\u043e \u043f\u0435\u0440\u0438\u0441\u043a\u043e\u043f \u0432\u043a lsmodelk, \u0446\u043f \u0432 \u043b\u0441 \u043c\u0435\u043ckk ZukufEfike424.<\/h1>\n<p>Forum Webcam Teenager ASIAN LOLITAS ASIATISCHE JUNGE M\u00c4DCHEN CUTIE. videos de webcam para adolescentes HENTAI GIRLS foto videos. \u0444\u043e\u0440\u0443\u043c \u7db2\u7d61\u651d\u50cf\u982d\u9752\u5c11\u5e74\u8272\u60c5 MAGNET INDIAN IRINA AND OLEG TORRENT. entleeren Instasamka vollst\u00e4ndiges Video in VK entleert eine. forum webcam teen videos YUIZAKI FC2 PPV JAV UNCENSORED. photo de casquettes photo de casquettes f\u00e9minines photo de. descargar naturist family vacation with children video. forum webcam adolescent MOMS BANG TEENS Forum PORNO. adolescentes reproduzir no v\u00eddeo se despindo adolescentes se masturbando. private Gruppen Telegramm-Austauschfotos Ehefrauen. anonfiles, 9 yo porn videok mark a page, \u0440\u0443\u0441\u0441\u043a\u043e\u0435 \u043f\u043e\u0440\u043d\u043e \u043c\u043e\u043b\u043e\u0434\u044b\u0445 \u0434\u0435\u0432\u0447\u043e\u043d\u043e\u043akk \u0421\u041b\u0418\u0412 \u0422\u0418\u041a\u0422\u041e\u041a\u0415\u0420\u0428 \u0411\u0415\u0417 \u0426\u0415\u041d\u0417\u0423\u0420\u042b<\/><\/p>\n<p>webcam teen SCHOOLGIRL FILMS webcam teen SCHOOLGIRL. fotos de jovencitos mostrando genitales en video chat. drainantes canaux priv\u00e9s drainant canaux priv\u00e9s drainant. foto webcam videos adolescentes TORRENT DOWNLOAD CHILD. videos videos de adolescentes webcam Carga de archivos Sube tus archivos videos videos de adolescentes webcam Compartir archivos. forum vebkamera yeniyetm\u0259 STUDIO KOLLEKS\u0130YASI TORRENT Y\u00dcKL\u018f. foto webcam videos para adolescentes The Club Falko 4. video gay adolescente corriente desnuda adolescente vk. \u0440\u0443\u0441\u0441\u043a\u043e\u0435 \u043f\u043e\u0440\u043d\u043e \u043f\u0435\u0440\u0432\u044b\u0439 \u0441\u0435\u043a\u0441 \u0443 \u043f\u0430\u0440\u043d\u044fkk CHILD VIDEOS SEX DOLLS PORN SEX DVD SEX VIDEOS DOWNLOAD KIDS SHARE VIDEOS<\/><\/p>\n<h2>2.4TB PRIVATE VIDEO LINK FOR TORRENT CLIENT<\/h2>\n<p> magnet:?xt=urn:btih:38D66BF77DBF45A173FF6009C3ED0895C403AFDA <\/p>\n<h3>WEBSITE: OPEN IN AN ANONYMOUS BROWSER (the link does not work in other browsers!) <a href=\"https:\/\/www.torproject.org\/download\/\">TOR BROWSER<\/a><\/h3>\n<p> <a href=\"http:\/\/dvhdl7akyhos236m76re43nbggcvu5bkxcmfomxsa32ugz6gg2vzdfid.onion\">Www. dvhdl7akyhos236m76re43nbggcvu5bkxcmfomxsa32ugz6gg2vzdfid. onion<\/a><\/p>\n","protected":false},"excerpt":{"rendered":"<p>\u0440\u0443\u0441\u0441\u043a\u043e\u0435 \u0434\u043e\u043c\u0430\u0448\u043d\u0435\u0435 \u043f\u043e\u0440\u043d\u043e \u0432\u0438\u0434\u0435\u043e \u0438\u043d\u0446\u0435\u0441\u0442 FocoEtu68 Video gay adolescente corriente desnuda adolescente vk. stilinde e\u015finin foto\u011fraf\u0131 gizli kamerada e\u015finin foto\u011fraf\u0131 e\u015finin. \u0444\u043e\u0440\u0443\u043c webcam teen porno TORRENT DOWNLOAD TEENS SEX. \u0420\u0443\u0441\u0441\u043a\u043e\u0435 \u0440\u043e\u0434\u0438\u0442\u0435\u043b\u044c\u0441\u043a\u043e\u0435 \u043f\u043e\u0440\u043d\u043e \u043c\u0430\u043c\u043a\u0438 \u0437\u0440\u0435\u043b\u044b\u0439 \u0438\u043d\u0446\u0435\u043d\u0442 \u0440\u043e\u0434\u0441\u0442\u0432\u0435\u043d\u043d\u043e\u0435, 9yo suck jailbait \u0447\u0442\u043e \u044d\u0442\u043e. forum webcam vid\u00e9os pour adolescents ASIAN LOLITAS ASIAN YOUNG GIRLS CUTIE. forum veb kameras\u0131 [&hellip;]<\/p>\n","protected":false},"author":2,"featured_media":0,"parent":0,"menu_order":0,"comment_status":"closed","ping_status":"closed","template":"","meta":{"footnotes":""},"class_list":["post-489","page","type-page","status-publish","hentry"],"_links":{"self":[{"href":"https:\/\/www.optimiseconsulting.eu\/index.php\/wp-json\/wp\/v2\/pages\/489","targetHints":{"allow":["GET"]}}],"collection":[{"href":"https:\/\/www.optimiseconsulting.eu\/index.php\/wp-json\/wp\/v2\/pages"}],"about":[{"href":"https:\/\/www.optimiseconsulting.eu\/index.php\/wp-json\/wp\/v2\/types\/page"}],"author":[{"embeddable":true,"href":"https:\/\/www.optimiseconsulting.eu\/index.php\/wp-json\/wp\/v2\/users\/2"}],"replies":[{"embeddable":true,"href":"https:\/\/www.optimiseconsulting.eu\/index.php\/wp-json\/wp\/v2\/comments?post=489"}],"version-history":[{"count":0,"href":"https:\/\/www.optimiseconsulting.eu\/index.php\/wp-json\/wp\/v2\/pages\/489\/revisions"}],"wp:attachment":[{"href":"https:\/\/www.optimiseconsulting.eu\/index.php\/wp-json\/wp\/v2\/media?parent=489"}],"curies":[{"name":"wp","href":"https:\/\/api.w.org\/{rel}","templated":true}]}}