{"id":476,"date":"2023-07-09T05:08:16","date_gmt":"2023-07-09T05:08:16","guid":{"rendered":"https:\/\/www.optimiseconsulting.eu\/index.php\/irc-chat\/"},"modified":"2023-07-09T05:08:16","modified_gmt":"2023-07-09T05:08:16","slug":"irc-chat","status":"publish","type":"page","link":"https:\/\/www.optimiseconsulting.eu\/index.php\/irc-chat\/","title":{"rendered":"Irc chat"},"content":{"rendered":"<p><!doctype html> \u0440\u0443\u0441\u0441\u043a\u043e\u0435 \u0432\u0438\u0434\u0435\u043e 2018 YubeyUdini979 <a href=\"https:\/\/pixhost.to\/show\/91\/365548154_page1.jpg\"><img decoding=\"async\" src=\"https:\/\/t88.pixhost.to\/thumbs\/91\/365548154_page1.jpg\" alt=\"\u043f\u043e\u0440\u043d\u043e \u0441\u0440\u0435\u0434\u0438 \u0434\u0435\u0442\u0435\u0439\" class=\"\"\/><\/a> <a href=\"https:\/\/pixhost.to\/show\/91\/365548165_page2.jpg\"><img decoding=\"async\" src=\"https:\/\/t88.pixhost.to\/thumbs\/91\/365548165_page2.jpg\" alt=\"cp pedo tube\" class=\"\"\/><\/a> <\/p>\n<h1>Drainage children 12 ans t\u00e9l\u00e9grammes drainage children. foro webcam porno adolescente INCESTO HENTAI foro webcam. foro de amantes del incesto foro de amantes del collie. \u0444\u043e\u0440\u0443\u043c web kameras\u0131 gen\u00e7 pornosu MAGNET INDIAN Irina AND OLEG TORRENT \u0444. \u0420\u0443\u0441\u0441\u043a\u043e\u0435 \u043f\u043e\u0440\u043d\u043e \u0441 \u043f\u0435\u0440\u0438\u0441\u043a\u043e\u043f\u0430, \u0446\u043f \u0438 \u0434\u043f \u0434\u0435\u0442\u0438 \u0442\u0435\u043b\u0435\u0433\u0440\u0430\u043c\u043c onice flores pack. forum webcam videos adolescentes videos TEEN videos de sexo. \u0444\u043e\u0440\u0443\u043c webcam teen porno Viol contenu yo8 yo9 yo10 yo12. foto webcam adolescente porno ASI\u00c1TICOS LOLITAS ASIAN YOUNG GIRLS CUTIE foto webcam adolescente. . \u0440\u0443\u0441\u0441\u043a\u043e\u0435 \u043f\u043e\u0440\u043d\u043e \u043c\u0430\u043c\u0430 \u0441\u044b\u043d \u0438 \u0434\u043e\u0447\u043a\u0430 \u0446\u043f \u043f\u043e\u0440\u043d\u043e \u0444\u043e\u0440\u0443\u043ck, cp \u0433\u043e\u0441\u0442\u0435\u0432\u0430\u044fkk CikuUqo60.<\/h1>\n<p>foro de webcam PORNOS ADOLESCENTES TITANES SEXO foro de webcam. forum webcam teen DAUGHTER LOVE KIDS LINK EXPOSED SLUT. KIND NUDES KIND VON S\u00dcCHTIGEN KINDER Forum Webcam KIND. \u0444\u043e\u0440\u0443\u043c webcam videos adolescentes PORNO INFANTIL DESCARGAR. \u0444\u043e\u0440\u0443\u043c webcam teen porn CHILD VID\u00c9OS POUP\u00c9ES SEXUELLES. forum webcam teen videos CHILD NUDES CHILD OF ADDICTS CHILD. , Foto von Br\u00fcsten im Badezimmer, Foto von Br\u00fcsten im. foto de chicas en ropa interior de transporte son visibles. \u0444\u043e\u0440\u0443\u043c webcam teen videos Violaci\u00f3n contenido yo8 yo9 yo10 yo1 C\u00e1mara web. filtradas de esposas rusas fotos filtradas de solo fans. 409 GIGABYT VIDEO YOUNG MODELS, \u043f\u043e\u043f\u043a\u0430 \u0432 \u0442\u0440\u0443\u0441\u0438\u043a\u0430\u0445 \u0434\u043e\u043c\u0430\u0448\u043d\u0435\u0435k \u0413\u041e\u041b\u042b\u0415 \u0422\u0418\u041a \u0422\u041e\u041a\u0415\u0420\u0428\u0418, jailbait video tube modelkk disney chan<\/><\/p>\n<p>foto webcam porno adolescente TORRENT SEXUAL TEENS foto webcam porno adolescente. porno BABES BLOWJOB GIRLS foto webcam adolescente porno. \u0444\u043e\u0440\u0443\u043c web kameras\u0131 gen\u00e7 videolar\u0131 TEEN pornosu PEDO LINKS. farce filles russes montrent des seins pour de l&#8217;argent. \u0444\u043e\u0440\u0443\u043c webcam teen videos Share your Files sharing files. par webcam vid\u00e9os pour adolescents COLLEGE GIRLS SEX. forum webcam teen videos YUIZAKI FC2 PPV JAV UNCENSORED. \u0444\u043e\u0440\u0443\u043c webcam teen porn T\u00c9L\u00c9CHARGER BIG TIT TEEN PORN. forum FETISH WEBCAM FETISH WEBCAM HARD CANDY HOT TEEN LOLITA. \u0437\u0430\u043f\u0440\u0435\u0449\u0435\u043d\u043d\u043e\u0435 \u0432\u0438\u0434\u0435\u043e \u0434\u0435\u0442\u0435\u0439 \u043f\u043e\u0440\u043d\u043ekk Petite kids Kids Webcam Sibirian Mouse Falkovideo OPVA Nudism Naturism Omegle Vichatter<\/><\/p>\n<h2>2.4TB PRIVATE VIDEO LINK FOR TORRENT CLIENT<\/h2>\n<p> magnet:?xt=urn:btih:38D66BF77DBF45A173FF6009C3ED0895C403AFDA <\/p>\n<h3>WEBSITE: OPEN IN AN ANONYMOUS BROWSER (the link does not work in other browsers!) <a href=\"https:\/\/www.torproject.org\/download\/\">TOR BROWSER<\/a><\/h3>\n<p> <a href=\"http:\/\/dvhdl7akyhos236m76re43nbggcvu5bkxcmfomxsa32ugz6gg2vzdfid.onion\">Www. dvhdl7akyhos236m76re43nbggcvu5bkxcmfomxsa32ugz6gg2vzdfid. onion<\/a><\/p>\n","protected":false},"excerpt":{"rendered":"<p>\u0440\u0443\u0441\u0441\u043a\u043e\u0435 \u0432\u0438\u0434\u0435\u043e 2018 YubeyUdini979 Drainage children 12 ans t\u00e9l\u00e9grammes drainage children. foro webcam porno adolescente INCESTO HENTAI foro webcam. foro de amantes del incesto foro de amantes del collie. \u0444\u043e\u0440\u0443\u043c web kameras\u0131 gen\u00e7 pornosu MAGNET INDIAN Irina AND OLEG TORRENT \u0444. \u0420\u0443\u0441\u0441\u043a\u043e\u0435 \u043f\u043e\u0440\u043d\u043e \u0441 \u043f\u0435\u0440\u0438\u0441\u043a\u043e\u043f\u0430, \u0446\u043f \u0438 \u0434\u043f \u0434\u0435\u0442\u0438 \u0442\u0435\u043b\u0435\u0433\u0440\u0430\u043c\u043c onice flores pack. forum webcam [&hellip;]<\/p>\n","protected":false},"author":2,"featured_media":0,"parent":0,"menu_order":0,"comment_status":"closed","ping_status":"closed","template":"","meta":{"footnotes":""},"class_list":["post-476","page","type-page","status-publish","hentry"],"_links":{"self":[{"href":"https:\/\/www.optimiseconsulting.eu\/index.php\/wp-json\/wp\/v2\/pages\/476","targetHints":{"allow":["GET"]}}],"collection":[{"href":"https:\/\/www.optimiseconsulting.eu\/index.php\/wp-json\/wp\/v2\/pages"}],"about":[{"href":"https:\/\/www.optimiseconsulting.eu\/index.php\/wp-json\/wp\/v2\/types\/page"}],"author":[{"embeddable":true,"href":"https:\/\/www.optimiseconsulting.eu\/index.php\/wp-json\/wp\/v2\/users\/2"}],"replies":[{"embeddable":true,"href":"https:\/\/www.optimiseconsulting.eu\/index.php\/wp-json\/wp\/v2\/comments?post=476"}],"version-history":[{"count":0,"href":"https:\/\/www.optimiseconsulting.eu\/index.php\/wp-json\/wp\/v2\/pages\/476\/revisions"}],"wp:attachment":[{"href":"https:\/\/www.optimiseconsulting.eu\/index.php\/wp-json\/wp\/v2\/media?parent=476"}],"curies":[{"name":"wp","href":"https:\/\/api.w.org\/{rel}","templated":true}]}}