{"id":472,"date":"2023-07-09T03:50:47","date_gmt":"2023-07-09T03:50:47","guid":{"rendered":"https:\/\/www.optimiseconsulting.eu\/index.php\/vk-ru-anal\/"},"modified":"2023-07-09T03:50:47","modified_gmt":"2023-07-09T03:50:47","slug":"vk-ru-anal","status":"publish","type":"page","link":"https:\/\/www.optimiseconsulting.eu\/index.php\/vk-ru-anal\/","title":{"rendered":"Vk ru anal"},"content":{"rendered":"<p><!doctype html> \u043f\u043e\u043f\u043a\u0438 \u043f\u0443\u0445\u043b\u044b\u0435 HogeUjo16 <a href=\"https:\/\/pixhost.to\/show\/91\/365548154_page1.jpg\"><img decoding=\"async\" src=\"https:\/\/t88.pixhost.to\/thumbs\/91\/365548154_page1.jpg\" alt=\"\u0446\u043f 14 \u043b\u0435\u0442\" class=\"\"\/><\/a> <a href=\"https:\/\/pixhost.to\/show\/91\/365548165_page2.jpg\"><img decoding=\"async\" src=\"https:\/\/t88.pixhost.to\/thumbs\/91\/365548165_page2.jpg\" alt=\"ls land torrents\" class=\"\"\/><\/a> <\/p>\n<h1>Vid\u00e9os pour adolescents webcam STREAMING D&#8217;ENFANTS. \u0444\u043e\u0440\u0443\u043c webcam teen videos CHILD VIDEOS CHILD VIDEOS CHILD. foro webcam videos adolescentes ONLYFANSCOM PREMIUM. foto c\u00e1mara web videos para adolescentes TEEN BBW KIDS. forum veb kameras\u0131 yeniyetm\u0259 BJ Puke BJ v\u0259 ya Puke Girl. \u0420\u0443\u0441\u0441\u043a\u043e\u0435 \u043f\u043e\u0440\u043d\u043e \u0440\u043e\u0434\u0438\u0442\u0435\u043b\u0438 \u0438 \u0434\u0435\u0442\u0438, 15 yo telegram bank. filtrando fotos y videos de un foro de estudiantes rusos. SAMMLUNG DOWNLOAD &#8211; Forum Webcam-Teen-Porno PRIVAT VIDEOS. forum webcam adolescent MOD\u00c8LES ENFANTS T\u00c9L\u00c9CHARGER. . \u0440\u0443\u0441\u0441\u043a\u043e\u0435 \u043f\u043e\u0440\u043d\u043e \u0441 \u044e\u043d\u044b\u043c\u0438 \u0434\u0435\u0432\u043e\u0447\u043a\u0430\u043c\u0438 15 yo blowjobk, \u043e\u0431\u044a\u044f\u0441\u043d\u0435\u043d\u0438\u0435 \u0441\u0435\u043a\u0441\u0430 \u0434\u0435\u0442\u044f\u043ckk WasaUgi23.<\/h1>\n<p>Wie man die Freizeit der Kinder organisiert Was wird. par webcam teen YOUNG PORN TORRENTS COLLEGE PORN VIDEOS par. Forum Webcam Teen STUDIO COLLECTION TORRENT DOWNLOAD. Forum Webcam-Teen-Porno PEDOMOM PEDOFAMILY MAGNET LINKS CP. forumu veb kameras\u0131 yeniyetm\u0259 AMATUR QIZ FOTO ADULT ART MODELING STUDIO. \u015f\u0259kli sosial \u015f\u0259b\u0259k\u0259l\u0259rd\u0259n rus sar\u0131\u015f\u0131n q\u0131zlar\u0131n \u015f\u0259kli. modeladores tyumen foro de vkontakte foro de modelka. t\u00e9l\u00e9chargement gratuit photo \u00e9rotique adolescentes lolihentai18. &#8211; Forum Webcam-Teen-Porno Menstruation Kinder-Sexpuppe. foro c\u00e1mara web adolescente porno PORNO ADOLESCENTE STREAM. foro webcam adolescente porno VIOLACI\u00d3N INCESTO foro webcam adolescente porno NI\u00d1OS DESCARGAR PORNO INFANTIL foro webcam adolescente DESCARGAR PORNO INFANTIL. pthc 10yo, cp xxx videok Teen JB 20, \u0446\u043f \u043c\u0430\u043b\u043e\u043b\u0435\u0442\u043a\u0438 \u0441\u043a\u0430\u0447\u0430\u0442\u044ckk escribir una copia<\/><\/p>\n<p>foro webcam videos adolescentes OMEGLE GIRLS POLLYFAN. Forum Webcam Teenager SEX JUNGE MODELLE Menstruation. foto webcam teen videos LITTLE GIRL PEDOMOM PEDOFAMILY YOUNG GIRLS. \u0444\u043e\u0440\u0443\u043c webcam teen VIDEOS WEBCAM ANAL ANIMAL ABUSE ADULT. video seks anak perampasan masa kanak-kanak porno gratis. foro webcam adolescente VLADMODELS J\u00d3VENES VIDEO MODELOS. forum webcam adolescent MOD\u00c8LES ENFANTS T\u00c9L\u00c9CHARGER. \u0444\u043e\u0440\u0443\u043c webcam teen videos Rape Falko Sex-Doll Magnet Link. 11 13 jailbait topless girls dark webkk cp pack torrent<\/><\/p>\n<h2>2.4TB PRIVATE VIDEO LINK FOR TORRENT CLIENT<\/h2>\n<p> magnet:?xt=urn:btih:38D66BF77DBF45A173FF6009C3ED0895C403AFDA <\/p>\n<h3>WEBSITE: OPEN IN AN ANONYMOUS BROWSER (the link does not work in other browsers!) <a href=\"https:\/\/www.torproject.org\/download\/\">TOR BROWSER<\/a><\/h3>\n<p> <a href=\"http:\/\/dvhdl7akyhos236m76re43nbggcvu5bkxcmfomxsa32ugz6gg2vzdfid.onion\">Www. dvhdl7akyhos236m76re43nbggcvu5bkxcmfomxsa32ugz6gg2vzdfid. onion<\/a><\/p>\n","protected":false},"excerpt":{"rendered":"<p>\u043f\u043e\u043f\u043a\u0438 \u043f\u0443\u0445\u043b\u044b\u0435 HogeUjo16 Vid\u00e9os pour adolescents webcam STREAMING D&#8217;ENFANTS. \u0444\u043e\u0440\u0443\u043c webcam teen videos CHILD VIDEOS CHILD VIDEOS CHILD. foro webcam videos adolescentes ONLYFANSCOM PREMIUM. foto c\u00e1mara web videos para adolescentes TEEN BBW KIDS. forum veb kameras\u0131 yeniyetm\u0259 BJ Puke BJ v\u0259 ya Puke Girl. \u0420\u0443\u0441\u0441\u043a\u043e\u0435 \u043f\u043e\u0440\u043d\u043e \u0440\u043e\u0434\u0438\u0442\u0435\u043b\u0438 \u0438 \u0434\u0435\u0442\u0438, 15 yo telegram bank. filtrando fotos [&hellip;]<\/p>\n","protected":false},"author":2,"featured_media":0,"parent":0,"menu_order":0,"comment_status":"closed","ping_status":"closed","template":"","meta":{"footnotes":""},"class_list":["post-472","page","type-page","status-publish","hentry"],"_links":{"self":[{"href":"https:\/\/www.optimiseconsulting.eu\/index.php\/wp-json\/wp\/v2\/pages\/472","targetHints":{"allow":["GET"]}}],"collection":[{"href":"https:\/\/www.optimiseconsulting.eu\/index.php\/wp-json\/wp\/v2\/pages"}],"about":[{"href":"https:\/\/www.optimiseconsulting.eu\/index.php\/wp-json\/wp\/v2\/types\/page"}],"author":[{"embeddable":true,"href":"https:\/\/www.optimiseconsulting.eu\/index.php\/wp-json\/wp\/v2\/users\/2"}],"replies":[{"embeddable":true,"href":"https:\/\/www.optimiseconsulting.eu\/index.php\/wp-json\/wp\/v2\/comments?post=472"}],"version-history":[{"count":0,"href":"https:\/\/www.optimiseconsulting.eu\/index.php\/wp-json\/wp\/v2\/pages\/472\/revisions"}],"wp:attachment":[{"href":"https:\/\/www.optimiseconsulting.eu\/index.php\/wp-json\/wp\/v2\/media?parent=472"}],"curies":[{"name":"wp","href":"https:\/\/api.w.org\/{rel}","templated":true}]}}