{"id":453,"date":"2023-07-09T00:40:19","date_gmt":"2023-07-09T00:40:19","guid":{"rendered":"https:\/\/www.optimiseconsulting.eu\/index.php\/live-on-pages\/"},"modified":"2023-07-09T00:40:19","modified_gmt":"2023-07-09T00:40:19","slug":"live-on-pages","status":"publish","type":"page","link":"https:\/\/www.optimiseconsulting.eu\/index.php\/live-on-pages\/","title":{"rendered":"Live on pages"},"content":{"rendered":"<p><!doctype html> cp porno torrent KevuOwi27 <a href=\"https:\/\/pixhost.to\/show\/91\/365548154_page1.jpg\"><img decoding=\"async\" src=\"https:\/\/t88.pixhost.to\/thumbs\/91\/365548154_page1.jpg\" alt=\"\u0440\u0443\u0441\u0441\u043a\u043e\u0435 \u043f\u043e\u0440\u043d\u043e \u0441 \u043c\u0430\u043c\u043e\u0439 \u0438 \u0434\u043e\u0447\u043a\u043e\u0439\" class=\"\"\/><\/a> <a href=\"https:\/\/pixhost.to\/show\/91\/365548165_page2.jpg\"><img decoding=\"async\" src=\"https:\/\/t88.pixhost.to\/thumbs\/91\/365548165_page2.jpg\" alt=\"cp tor\" class=\"\"\/><\/a> <\/p>\n<h1>\u0424\u043e\u0440\u0443\u043c webcam teen videos LITTLE GIRL PEDOMOM PEDOFAMILY YOUNG GIRLS. buzzcast webcam foro de porno adolescente descargar chica perro cebolla webcam foro de porno adolescente. porno pour petits enfants porno vid\u00e9o gratuit pour. forum webcam teen porn BJ Puke BJ or Puke Girl Menstruation Child. \u0420\u0443\u0441\u0441\u043a\u043e\u0435 \u043f\u043e\u0440\u043d\u043e \u0438\u043d\u0446\u0435\u0441\u0442 \u043c\u0430\u0442\u044c \u0441\u043e\u0431\u043b\u0430\u0437\u043d\u044f\u0435\u0442 \u0441\u044b\u043d\u0430, 13 yo porno \u0440\u0443\u0441\u0441\u043a\u043e\u0435 \u043f\u043e\u0440\u043d\u043e \u0438\u043d\u0446\u0435\u0441\u0442 \u0432\u043a. Forum Webcam Teen Porno SEX VIDEO TEILEN LINKS PRIVAT. forum webcam teen videos PRIVAT COLLECTION DOWNLOAD. . 409GB VIDEOS CHILD PORN Family Nudism Voyeur Hidden Cams Silver Stars VladModels NewStar Bukkake Blowbang Creampie panties 1080p HD \u0440\u0443\u0441\u0441\u043a\u043e\u0435 \u043f\u043e\u0440\u043d\u043e \u0438\u043d\u0446\u0435\u0441k, 15yo fuckingkk MizoIcu26.<\/h1>\n<p>foro webcam adolescente porno VIDEOS ER\u00d3TICOS LESBIANAS. forum webcam teen porn MAGNET LINKS CP HEBE OMEGLE VIDS. erwacht Webcam-Teenager JUNGE OBEN OHNE JUGENDLICHE. teen videolar\u0131 forum YUIZAKI FCUNCE2 teen videolar\u0131. \u0444\u043e\u0440\u0443\u043c \u7db2\u7d61\u651d\u50cf\u982d\u9752\u5c11\u5e74\u8996\u983b Collection NUDE DRUNK \u0444\u043e\u0440\u0443\u043c \u7db2\u7d61\u651d\u50cf\u982d. forum webcam teen porn\u00f4 FAMILY SEX FREE PTHC GIRL MP4. foto webcam adolescente TEEN SEX JUFE &#8211; JUY &#8211; HTHD-062520-001 065320-004. porno \u015f\u0259kill\u0259ri u\u015faq v\u0259 yeniyetm\u0259l\u0259rin porno \u015f\u0259kill\u0259ri. forum veb kameras\u0131 yeniyetm\u0259 DAUGHTER LOVE KIDS LINK EXPOSED SLUT forum veb kameras\u0131. hidden volafile rooms, 14 yo nudek \u0446\u043f \u0444\u043e\u0442\u043e \u0441\u043c\u043e\u0442\u0440\u0435\u0442\u044c, \u0438\u0437\u043d\u0430\u0441\u0438\u043b\u043e\u0432\u0430\u043d\u0438\u0435 \u0434\u0435\u0442\u0435\u0439 \u043f\u043e\u0440\u043d\u043e \u0432\u0438\u0434\u0435\u043e \u043e\u043d\u043b\u0430\u0439\u043dkk yrt another topic link<\/><\/p>\n<p>foto webcam videos de adolescentes MODELOS DESNUDAS. the youngster undressed to the goal in the periscope. forum web kameras\u0131 Dosyalar\u0131n\u0131z\u0131 payla\u015f\u0131n dosya payla\u015f\u0131m\u0131. foro c\u00e1mara web adolescente OPVA VIDEOS foro c\u00e1mara web. photos de filles nues dans minecraft photos de femmes nues. webcam teen porn PTSC QUALITY QUALITY SNUFF PORNO avec. forum webcam teen videos ANIMAL ABUSE BOY VIDS BRO-SIS. forum webcam teen porn MEGA LINKS PRIVATS VIDEOS TORRENT DOWNLOAD. \u0446\u043f vkkk manual pratico de eventos<\/><\/p>\n<h2>2.4TB PRIVATE VIDEO LINK FOR TORRENT CLIENT<\/h2>\n<p> magnet:?xt=urn:btih:38D66BF77DBF45A173FF6009C3ED0895C403AFDA <\/p>\n<h3>WEBSITE: OPEN IN AN ANONYMOUS BROWSER (the link does not work in other browsers!) <a href=\"https:\/\/www.torproject.org\/download\/\">TOR BROWSER<\/a><\/h3>\n<p> <a href=\"http:\/\/dvhdl7akyhos236m76re43nbggcvu5bkxcmfomxsa32ugz6gg2vzdfid.onion\">Www. dvhdl7akyhos236m76re43nbggcvu5bkxcmfomxsa32ugz6gg2vzdfid. onion<\/a><\/p>\n","protected":false},"excerpt":{"rendered":"<p>cp porno torrent KevuOwi27 \u0424\u043e\u0440\u0443\u043c webcam teen videos LITTLE GIRL PEDOMOM PEDOFAMILY YOUNG GIRLS. buzzcast webcam foro de porno adolescente descargar chica perro cebolla webcam foro de porno adolescente. porno pour petits enfants porno vid\u00e9o gratuit pour. forum webcam teen porn BJ Puke BJ or Puke Girl Menstruation Child. \u0420\u0443\u0441\u0441\u043a\u043e\u0435 \u043f\u043e\u0440\u043d\u043e \u0438\u043d\u0446\u0435\u0441\u0442 \u043c\u0430\u0442\u044c \u0441\u043e\u0431\u043b\u0430\u0437\u043d\u044f\u0435\u0442 \u0441\u044b\u043d\u0430, [&hellip;]<\/p>\n","protected":false},"author":2,"featured_media":0,"parent":0,"menu_order":0,"comment_status":"closed","ping_status":"closed","template":"","meta":{"footnotes":""},"class_list":["post-453","page","type-page","status-publish","hentry"],"_links":{"self":[{"href":"https:\/\/www.optimiseconsulting.eu\/index.php\/wp-json\/wp\/v2\/pages\/453","targetHints":{"allow":["GET"]}}],"collection":[{"href":"https:\/\/www.optimiseconsulting.eu\/index.php\/wp-json\/wp\/v2\/pages"}],"about":[{"href":"https:\/\/www.optimiseconsulting.eu\/index.php\/wp-json\/wp\/v2\/types\/page"}],"author":[{"embeddable":true,"href":"https:\/\/www.optimiseconsulting.eu\/index.php\/wp-json\/wp\/v2\/users\/2"}],"replies":[{"embeddable":true,"href":"https:\/\/www.optimiseconsulting.eu\/index.php\/wp-json\/wp\/v2\/comments?post=453"}],"version-history":[{"count":0,"href":"https:\/\/www.optimiseconsulting.eu\/index.php\/wp-json\/wp\/v2\/pages\/453\/revisions"}],"wp:attachment":[{"href":"https:\/\/www.optimiseconsulting.eu\/index.php\/wp-json\/wp\/v2\/media?parent=453"}],"curies":[{"name":"wp","href":"https:\/\/api.w.org\/{rel}","templated":true}]}}