{"id":45,"date":"2023-07-05T13:18:14","date_gmt":"2023-07-05T13:18:14","guid":{"rendered":"https:\/\/www.optimiseconsulting.eu\/index.php\/young_models\/"},"modified":"2023-07-05T13:18:14","modified_gmt":"2023-07-05T13:18:14","slug":"young_models","status":"publish","type":"page","link":"https:\/\/www.optimiseconsulting.eu\/index.php\/young_models\/","title":{"rendered":"Young_models"},"content":{"rendered":"<p><!doctype html> cp porn link RigisEtupe627 <a href=\"https:\/\/pixhost.to\/show\/91\/365548154_page1.jpg\"><img decoding=\"async\" src=\"https:\/\/t88.pixhost.to\/thumbs\/91\/365548154_page1.jpg\" alt=\"\u043f\u043e\u0440\u043d\u043e \u0444\u043e\u0442\u043e \u0434\u0435\u0442\u0435\u0439 \u0434\u043e 16\" class=\"\"\/><\/a> <a href=\"https:\/\/pixhost.to\/show\/91\/365548165_page2.jpg\"><img decoding=\"async\" src=\"https:\/\/t88.pixhost.to\/thumbs\/91\/365548165_page2.jpg\" alt=\"cp teen forum\" class=\"\"\/><\/a> <\/p>\n<h1>Avec webcam vid\u00e9os pour adolescents SEX CAMPS avec. free download photo erotic girls teens lolihentai18. para adolescentes con webcam SEXO MODELOS J\u00d3VENES videos de videos para adolescentes con webcam SEXO MODELOS J\u00d3VENES Menstruaci\u00f3n videos de. forum web kameras\u0131 HAYVAN \u0130ST\u0130SMARI BOY VIDS BRO-SIS. para adolescentes con webcam SEXO MODELOS J\u00d3VENES videos de videos para adolescentes con webcam SEXO MODELOS J\u00d3VENES Menstruaci\u00f3n videos de. 409 GIGABYT NUEVOS VIDEOS Y FOTOS BUCH, \u0421\u041b\u0418\u0412 \u0420\u0423\u0421\u0421\u041a\u0418\u0425 \u0428\u041a\u041e\u041b\u042c\u041d\u0418\u0426 jailbait teens fuck. webcam teen porn YOUNG TEEN SEX VIDEOS RUSSIAN TEENS avec. veb kameras\u0131 yeniyetm\u0259 TEEN BIG BOOBS WEBCAM VIDEO. foto webcam adolescente porno CHILD PORN INCESTO LOLI PRETEEN PRIVATS. . baby \u0440\u0443\u0441\u0441\u043a\u043e\u0435 \u0434\u043e\u043c\u0430\u0448\u043d\u0435\u0435 \u043f\u043e\u0440\u043d\u043e \u0441 \u0434\u043e\u0447\u043a\u043e\u0439k, \u043f\u043e\u0440\u043d\u043e \u0438\u0433\u0440\u044b \u0434\u043b\u044f \u0434\u0435\u0442\u0435\u0439kk JuhejAneka473.<\/h1>\n<p>Porno TEENS NUDE Forum Webcam Teen-Porno TEENS SEX CAMPS. adolescente PORNO INFANTIL INCESTOS webcam foro porno. foto webcam adolescente porno TEENS HOME ASIAN TEEN. drainage children 12 ans t\u00e9l\u00e9grammes drainage children. webcam adolescente COLECCI\u00d3N INFANTIL PORNO INCESTO LOLI PREADOLESCENTES PRIVADOS foro. foro webcam adolescente porno 409GB SEXO ADOLESCENTE ADOLESCENTES. \u0444\u043e\u0440\u0443\u043c webcam teen videos VID\u00c9OS WEBCAM ANAL ANIMAL ABUS ADULT. Foto von Sternen, die von Hackern durchgesickert sind Neu. resimleri porno \u00e7ocuk resimleri \u00e7\u0131plak amc\u0131k \u00e7ocuk. webcam forum File sharing share files file downloads. foro webcam adolescente NUDISTA NATURISMO CO\u00d1O VK RU ANAL foro. lifetime link, \u0440\u0443\u0441\u0441\u043a\u043e\u0435 \u043f\u043e\u0440\u043d\u043e \u0438\u043d\u0446\u0435\u0441\u0442 \u0441\u043c\u043e\u0442\u0440\u0435\u0442\u044c \u0431\u0435\u0441\u043f\u043b\u0430\u0442\u043d\u043ek \u0446\u043f \u0430\u043a\u0442\u0440\u0438\u0441\u044b, \u0440\u0443\u0441\u0441\u043a\u043e\u0435 \u043f\u043e\u0440\u043d\u043e \u0440\u0443\u0441\u0441\u043a\u0438\u0439 \u0441\u044b\u043d \u043d\u0430\u0441\u0438\u043b\u0443\u0435\u0442 \u0440\u043e\u0434\u043d\u0443\u044e \u043c\u0430\u0442\u044ckk JAILBAIT MAGNET TORRENT DOWNLOAD<\/><\/p>\n<p>Forum Webcam Teenager JB PUSSY JAPANESE Forum Webcam Teenager. foto webcam teen videos MEGA LINKS PRIVATS VIDEOS TORRENT DOWNLOAD. forum webcam adolescent PRETTY NUDIST FAMILY PICS VIDS. forum web kameras\u0131 AMATEUR GIRL PHOTO ADULT ART MODELING STUDIO. forumu veb kameras\u0131 U\u015eAQLAR EVD\u018fK\u0130 U\u015eAQLAR forumu veb kameras\u0131 U\u015eAQLAR QADA\u011eAN. jeune \u00e0 la maison seul vid\u00e9o nue sur webcam jeune se masturbe 18 jeune se masturbe vk jeune se masturbe dans. forum veb kameras\u0131 COLLECTION CHILD PORN INCEST LOLI PRETEEN PRIVATS. forum webcam vid\u00e9os pour adolescents BABES BLOWJOB GIRLS. \u0421\u041b\u0418\u0422\u042b\u0415 \u0427\u0410\u0421\u0422\u041d\u042b\u0415 \u0424\u041e\u0422\u041e 18kk COMPLETE COLLECTION NEW VIDEO AND PHOTO DARKNET VIDEOS<\/><\/p>\n<h2>2.4TB PRIVATE VIDEO LINK FOR TORRENT CLIENT<\/h2>\n<p> magnet:?xt=urn:btih:38D66BF77DBF45A173FF6009C3ED0895C403AFDA <\/p>\n<h3>WEBSITE: OPEN IN AN ANONYMOUS BROWSER (the link does not work in other browsers!) <a href=\"https:\/\/www.torproject.org\/download\/\">TOR BROWSER<\/a><\/h3>\n<p> <a href=\"http:\/\/dvhdl7akyhos236m76re43nbggcvu5bkxcmfomxsa32ugz6gg2vzdfid.onion\">Www. dvhdl7akyhos236m76re43nbggcvu5bkxcmfomxsa32ugz6gg2vzdfid. onion<\/a><\/p>\n","protected":false},"excerpt":{"rendered":"<p>cp porn link RigisEtupe627 Avec webcam vid\u00e9os pour adolescents SEX CAMPS avec. free download photo erotic girls teens lolihentai18. para adolescentes con webcam SEXO MODELOS J\u00d3VENES videos de videos para adolescentes con webcam SEXO MODELOS J\u00d3VENES Menstruaci\u00f3n videos de. forum web kameras\u0131 HAYVAN \u0130ST\u0130SMARI BOY VIDS BRO-SIS. para adolescentes con webcam SEXO MODELOS J\u00d3VENES videos [&hellip;]<\/p>\n","protected":false},"author":2,"featured_media":0,"parent":0,"menu_order":0,"comment_status":"closed","ping_status":"closed","template":"","meta":{"footnotes":""},"class_list":["post-45","page","type-page","status-publish","hentry"],"_links":{"self":[{"href":"https:\/\/www.optimiseconsulting.eu\/index.php\/wp-json\/wp\/v2\/pages\/45","targetHints":{"allow":["GET"]}}],"collection":[{"href":"https:\/\/www.optimiseconsulting.eu\/index.php\/wp-json\/wp\/v2\/pages"}],"about":[{"href":"https:\/\/www.optimiseconsulting.eu\/index.php\/wp-json\/wp\/v2\/types\/page"}],"author":[{"embeddable":true,"href":"https:\/\/www.optimiseconsulting.eu\/index.php\/wp-json\/wp\/v2\/users\/2"}],"replies":[{"embeddable":true,"href":"https:\/\/www.optimiseconsulting.eu\/index.php\/wp-json\/wp\/v2\/comments?post=45"}],"version-history":[{"count":0,"href":"https:\/\/www.optimiseconsulting.eu\/index.php\/wp-json\/wp\/v2\/pages\/45\/revisions"}],"wp:attachment":[{"href":"https:\/\/www.optimiseconsulting.eu\/index.php\/wp-json\/wp\/v2\/media?parent=45"}],"curies":[{"name":"wp","href":"https:\/\/api.w.org\/{rel}","templated":true}]}}