{"id":448,"date":"2023-07-08T23:56:58","date_gmt":"2023-07-08T23:56:58","guid":{"rendered":"https:\/\/www.optimiseconsulting.eu\/index.php\/teens-forum-web\/"},"modified":"2023-07-08T23:56:58","modified_gmt":"2023-07-08T23:56:58","slug":"teens-forum-web","status":"publish","type":"page","link":"https:\/\/www.optimiseconsulting.eu\/index.php\/teens-forum-web\/","title":{"rendered":"Teens forum web"},"content":{"rendered":"<p><!doctype html> \u043f\u043e\u043f\u043a\u0438 \u043c\u043e\u043b\u043e\u0434\u044b\u0445 \u0434\u0435\u0432\u0443\u0448\u0435\u043a DafaUyo75 <a href=\"https:\/\/pixhost.to\/show\/91\/365548154_page1.jpg\"><img decoding=\"async\" src=\"https:\/\/t88.pixhost.to\/thumbs\/91\/365548154_page1.jpg\" alt=\"opva\" class=\"\"\/><\/a> <a href=\"https:\/\/pixhost.to\/show\/91\/365548165_page2.jpg\"><img decoding=\"async\" src=\"https:\/\/t88.pixhost.to\/thumbs\/91\/365548165_page2.jpg\" alt=\"cp gallery\" class=\"\"\/><\/a> <\/p>\n<h1>Webcam forum AMATEUR GIRL PHOTO ADULT ART MODELING STUDIO. \u092b\u094b\u0930\u092e \u0907\u092f\u093e\u0928 \u0907\u092f\u093e\u0928 \u0935\u093e\u0928\u091c \u0935\u093e\u0928\u091c \u092f\u0941\u0907\u091c\u093e\u0915\u0940 \u0938\u0948\u0928 \u0935\u093e \u0928\u093e\u0917\u093e\u0930\u0942 \u0935\u0949\u0932\u094d\u092f\u0942\u092e \u0907\u092f\u093e\u0928-844 \u092b\u094b\u0930\u092e. foto webcam teen videos CHILD PORN INCESTO LOLI PRETEEN PRIVATS. \u015f\u0259kill\u0259ri unisex q\u0131zlar foto\u015f\u0259kili evd\u0259 haz\u0131rlanm\u0131\u015f g\u00f6r\u00fcn\u00fc\u015f q\u0131zlar. \u0420\u0443\u0441\u0441\u043a\u043e\u0435 \u043f\u043e\u0440\u043d\u043e \u0435\u0431\u0443\u0442 \u043c\u0430\u043b\u043e\u043b\u0435\u0442\u043a\u0443, \u043f\u043e\u0440\u043d\u043e \u0432\u0438\u0434\u0435\u043e \u0434\u043e\u0447\u043a\u0430 \u0441\u043e\u0431\u043b\u0430\u0437\u043d\u044f\u0435\u0442 \u043c\u0430\u043c\u0443 schoolgirls. foto de um vibrador foto das mais belas ciganas magras nuas foto de sara jay foto de swing foto. sur webcam teen videos MEGA LINKS PRIVATS VIDEOS TORRENT DOWNLOAD sur \u0443\u043c. . 409 GIGABYT COLECCION DARKNET VIDEOS \u0440\u0443\u0441\u0441\u043a\u043e\u0435 \u0441 \u0441\u0435\u0441\u0442\u0440\u043e\u0439k, 14yo pornkk QodoIse32.<\/h1>\n<p>yeniyetm\u0259l\u0259r veb kamerada yeniyetm\u0259l\u0259r vk kamerada yeniyetm\u0259l\u0259r. the youngster undressed to the goal in the periscope. forum webcam teen MODEL BOY AND GIRL BEASTIALITY DOG SEX. forum web kameras\u0131 yeniyetm\u0259 TEEN CLIPS SCHOOLGIRL. colegialas vulgares video colegialas vulgares vk video. \u0444\u043e\u0440\u0443\u043c web kameras\u0131 gen\u00e7 TEEN YET\u0130\u015eK\u0130N KL\u0130PLER\u0130 \u00c7OCUK. foro TEEN SEX JUFE &#8211; JUY &#8211; HTHD &#8211; 062520-001 065320-004. F\u00f3rum COLE\u00c7\u00c3O PORNO INFANTIL INCESTO LOLI PRETEEN PRIVATS. Videos TEEN FUCKED Forum Webcam-Teenager-Videos TEEN. Forum EYAN EYAN WANZ WANZ YUIZAKI SAN WA NAGERU VOL EYAN-844. forum webcam teen porn PEDOMOM PEDOFAMILY MAGNET LINKS CP. \u043f\u043e\u0440\u043d\u043e \u0432\u0438\u0434\u0435\u043e \u0434\u0435\u0432\u043e\u0447\u043a\u0438 11 \u043b\u0435\u0442, \u0446\u043f \u043c\u0430\u043b\u043e\u043b\u0435\u0442\u043a\u0438 \u0441\u0441\u044b\u043b\u043a\u0438k COLLECTION ARCHIVOS OMEGLE VIDS, \u0440\u0443\u0441\u0441\u043a\u043e\u0435 \u043f\u043e\u0440\u043d\u043e \u043f\u043e \u0430\u043a\u0442\u0440\u0438\u0441\u0430\u043ckk of the existence of the record<\/><\/p>\n<p>f\u00f3rum webcam adolescente SEX JAV CHILD CHILD INCEST. forum webcam teen videos FREE YOUNG PICS FORBIDDEN FRUIT RED ROOM. foto webcam adolescente porno PRETEEN PRIVATS foto webcam adolescente. forum veb kameras\u0131 yeniyetm\u0259 porno PINK HOLE Magic CP. foro webcam videos adolescentes ONION SITES CATALOG. forum veb kameras\u0131 COLLECTION CHILD PORN INCEST LOLI PRETEEN PRIVATS. forum webcam MEGA LINKS VIDEOS PRIVADOS TORRENT DESCARGAR forum. \u0413\u041e\u041b\u042b\u0415 \u0421\u0422\u0420\u0418\u041c\u0415\u0420\u0428\u0418 18kk \u0440\u0443\u0441\u0441\u043a\u043e\u0435 \u043f\u043e\u0440\u043d\u043e \u0437\u0440\u0435\u043b\u044b\u0445 \u0436\u0435\u043d\u0449\u0438\u043d \u0441 \u0434\u0435\u0442\u044c\u043c\u0438<\/><\/p>\n<h2>2.4TB PRIVATE VIDEO LINK FOR TORRENT CLIENT<\/h2>\n<p> magnet:?xt=urn:btih:38D66BF77DBF45A173FF6009C3ED0895C403AFDA <\/p>\n<h3>WEBSITE: OPEN IN AN ANONYMOUS BROWSER (the link does not work in other browsers!) <a href=\"https:\/\/www.torproject.org\/download\/\">TOR BROWSER<\/a><\/h3>\n<p> <a href=\"http:\/\/dvhdl7akyhos236m76re43nbggcvu5bkxcmfomxsa32ugz6gg2vzdfid.onion\">Www. dvhdl7akyhos236m76re43nbggcvu5bkxcmfomxsa32ugz6gg2vzdfid. onion<\/a><\/p>\n","protected":false},"excerpt":{"rendered":"<p>\u043f\u043e\u043f\u043a\u0438 \u043c\u043e\u043b\u043e\u0434\u044b\u0445 \u0434\u0435\u0432\u0443\u0448\u0435\u043a DafaUyo75 Webcam forum AMATEUR GIRL PHOTO ADULT ART MODELING STUDIO. \u092b\u094b\u0930\u092e \u0907\u092f\u093e\u0928 \u0907\u092f\u093e\u0928 \u0935\u093e\u0928\u091c \u0935\u093e\u0928\u091c \u092f\u0941\u0907\u091c\u093e\u0915\u0940 \u0938\u0948\u0928 \u0935\u093e \u0928\u093e\u0917\u093e\u0930\u0942 \u0935\u0949\u0932\u094d\u092f\u0942\u092e \u0907\u092f\u093e\u0928-844 \u092b\u094b\u0930\u092e. foto webcam teen videos CHILD PORN INCESTO LOLI PRETEEN PRIVATS. \u015f\u0259kill\u0259ri unisex q\u0131zlar foto\u015f\u0259kili evd\u0259 haz\u0131rlanm\u0131\u015f g\u00f6r\u00fcn\u00fc\u015f q\u0131zlar. \u0420\u0443\u0441\u0441\u043a\u043e\u0435 \u043f\u043e\u0440\u043d\u043e \u0435\u0431\u0443\u0442 \u043c\u0430\u043b\u043e\u043b\u0435\u0442\u043a\u0443, \u043f\u043e\u0440\u043d\u043e \u0432\u0438\u0434\u0435\u043e \u0434\u043e\u0447\u043a\u0430 \u0441\u043e\u0431\u043b\u0430\u0437\u043d\u044f\u0435\u0442 \u043c\u0430\u043c\u0443 schoolgirls. foto de [&hellip;]<\/p>\n","protected":false},"author":2,"featured_media":0,"parent":0,"menu_order":0,"comment_status":"closed","ping_status":"closed","template":"","meta":{"footnotes":""},"class_list":["post-448","page","type-page","status-publish","hentry"],"_links":{"self":[{"href":"https:\/\/www.optimiseconsulting.eu\/index.php\/wp-json\/wp\/v2\/pages\/448","targetHints":{"allow":["GET"]}}],"collection":[{"href":"https:\/\/www.optimiseconsulting.eu\/index.php\/wp-json\/wp\/v2\/pages"}],"about":[{"href":"https:\/\/www.optimiseconsulting.eu\/index.php\/wp-json\/wp\/v2\/types\/page"}],"author":[{"embeddable":true,"href":"https:\/\/www.optimiseconsulting.eu\/index.php\/wp-json\/wp\/v2\/users\/2"}],"replies":[{"embeddable":true,"href":"https:\/\/www.optimiseconsulting.eu\/index.php\/wp-json\/wp\/v2\/comments?post=448"}],"version-history":[{"count":0,"href":"https:\/\/www.optimiseconsulting.eu\/index.php\/wp-json\/wp\/v2\/pages\/448\/revisions"}],"wp:attachment":[{"href":"https:\/\/www.optimiseconsulting.eu\/index.php\/wp-json\/wp\/v2\/media?parent=448"}],"curies":[{"name":"wp","href":"https:\/\/api.w.org\/{rel}","templated":true}]}}