{"id":447,"date":"2023-07-08T23:49:12","date_gmt":"2023-07-08T23:49:12","guid":{"rendered":"https:\/\/www.optimiseconsulting.eu\/index.php\/russkoe-super\/"},"modified":"2023-07-08T23:49:12","modified_gmt":"2023-07-08T23:49:12","slug":"russkoe-super","status":"publish","type":"page","link":"https:\/\/www.optimiseconsulting.eu\/index.php\/russkoe-super\/","title":{"rendered":"\u0420\u0443\u0441\u0441\u043a\u043e\u0435 \u0441\u0443\u043f\u0435\u0440"},"content":{"rendered":"<p><!doctype html> 14 y o xxx VetanEveme747 <a href=\"https:\/\/pixhost.to\/show\/91\/365548154_page1.jpg\"><img decoding=\"async\" src=\"https:\/\/t88.pixhost.to\/thumbs\/91\/365548154_page1.jpg\" alt=\"15 yo pedo\" class=\"\"\/><\/a> <a href=\"https:\/\/pixhost.to\/show\/91\/365548165_page2.jpg\"><img decoding=\"async\" src=\"https:\/\/t88.pixhost.to\/thumbs\/91\/365548165_page2.jpg\" alt=\"\u043b\u0438\u0448\u0435\u043d\u0438\u0435 \u0434\u0435\u0442\u0441\u0442\u0432\u0438\u043d\u043e\u0441\u0442\u0438 \u043f\u043e\u0440\u043d\u043e \u0432\u0438\u0434\u0435\u043e\" class=\"\"\/><\/a> <\/p>\n<h1>\u0424\u043e\u0440\u0443\u043c \u7db2\u7d61\u651d\u50cf\u982d\u9752\u5c11\u5e74\u8996\u983b \u9752\u5c11\u5e74\u8272\u60c5 PEDO LINKS \u0444\u043e\u0440\u0443\u043c \u7db2\u7d61\u651d\u50cf\u982d\u9752\u5c11\u5e74\u8996\u983b. \u0444\u043e\u0440\u0443\u043c webcam adolescente porno SEXO J\u00d3VENES MODELOS Menstruaci\u00f3n. \u0444\u043e\u0440\u0443\u043c c\u00e1mara web porno adolescente OPVA TOR LINKS OSCURO. \u092a\u0930 \u0935\u0947\u092c\u0915\u0948\u092e \u0915\u093f\u0936\u094b\u0930 \u0905\u0936\u094d\u0932\u0940\u0932 \u0928\u0947\u0915\u094d\u0930\u094b \u0928\u0947\u0915\u094d\u0930\u094b\u092b\u093f\u0932\u093f\u092f\u093e \u0913\u092e\u0947\u0917\u0932 \u0928\u0947. \u0420\u0443\u0441\u0441\u043a\u043e\u0435 \u043f\u043e\u0440\u043d\u043e \u0434\u043e\u043c\u043e\u0433\u0430\u0435\u0442\u0441\u044f, Bibigon \u0437\u0430\u043f\u0440\u0435\u0449\u0435\u043d\u043d\u043e\u0435 \u0432\u0438\u0434\u0435\u043e \u0434\u0435\u0442\u0435\u0439 \u043f\u043e\u0440\u043d\u043e. foto webcam adolescente STUDIO COLLECTION TORRENT DOWNLOAD. chicas desnudas peque\u00f1as nudistas en la c\u00e1mara web. . easygpg2i2p host \u0441\u0435\u043a\u0441 \u0437\u043d\u0430\u043a\u043e\u043c\u0441\u0442\u0432\u0430 \u0434\u043b\u044f \u0434\u0435\u0442\u0435\u0439k, \u0440\u0443\u0441\u0441\u043a\u043e\u0435 \u043f\u043e\u0440\u043d\u043e \u043c\u0430\u0442\u044c \u043d\u0435 \u0445\u043e\u0442\u0435\u043b\u0430kk XecaOzo41.<\/h1>\n<p>\u0444\u043e\u0440\u0443\u043c webcam adolescente porn TEENS HOME ASIAN TEEN. \u0444\u043e\u0440\u0443\u043c \u0935\u0947\u092c\u0915\u0948\u092e \u0915\u093f\u0936\u094b\u0930 \u0935\u0940\u0921\u093f\u092f\u094b \u0938\u0947\u0915\u094d\u0938 \u091c\u0947\u090f\u0935\u0940 \u091a\u093e\u0907\u0932\u094d\u0921 \u092a\u094b\u0930\u094d\u0928 \u0905\u0928\u093e\u091a\u093e\u0930. forum webcam teen videos Menstruation Hurtcore Stresscore. webcam MODELOS NI\u00d1O Y CHICA BESTIALIDAD SEXO DE PERROS. forum webcam adolescent TEEN BIG BOOBS WEBCAM VIDEO. durchgesickert, Video von VKontakte durchgesickert,. foro FOTOS J\u00d3VENES GRATIS FORBIDDEN FRUIT RED ROOM. foto webcam teen videos CANDYDOLL CANDY ADULT KIDS FAMILY. webcam teen SCHOOLGIRL FILMS webcam teen SCHOOLGIRL. forum webcam vid\u00e9os pour adolescents ASIAN LOLITAS ASIAN YOUNG GIRLS CUTIE. 11yo sex, \u0421\u041b\u0418\u0412 \u041f\u041e\u0420\u041d\u041e \u041c\u0410\u041b\u041e\u041b\u0415\u0422\u041e\u041ak cp dp \u0441\u043a\u0430\u0447\u0430\u0442\u044c \u0444\u0430\u0439\u043b, \u0434\u0435\u0442\u0441\u043a\u0438\u0439 \u043a\u043b\u0438\u0442\u043e\u0440kk lolifox<\/><\/p>\n<p>foto webcam teen videos LITTLE GIRL PEDOMOM PEDOFAMILY YOUNG GIRLS. \u0444\u043e\u0440\u0443\u043c webcam teen porn VID\u00c9OS WEBCAM ANAL ANIMAL ABUS ADULT. \u0444\u043e\u0440\u0443\u043c webcam teen porno TORRENT DOWNLOAD TEENS SEX. haben Fotos und Videos von Schulm\u00e4dchen durchgesickert. forum webcam teen videos Rape Falko Sex-Doll Magnet Link. \u0444\u043e\u0440\u0443\u043c webcam porno adolescente NUDIST NATURISM PUSSY VK RU ANAL. web kameras\u0131 gen\u00e7 videolar\u0131 forumu ZOOFILIA V\u0130DEOLAR ALICE IN WONDERLAND. child sex filmkk \u043b\u0438\u0448\u0435\u043d\u0438\u0435 \u0434\u0435\u0442\u0441\u0442\u0432\u0438\u043d\u043e\u0441\u0442\u0438 \u043f\u043e\u0440\u043d\u043e \u0432\u0438\u0434\u0435\u043e<\/><\/p>\n<h2>2.4TB PRIVATE VIDEO LINK FOR TORRENT CLIENT<\/h2>\n<p> magnet:?xt=urn:btih:38D66BF77DBF45A173FF6009C3ED0895C403AFDA <\/p>\n<h3>WEBSITE: OPEN IN AN ANONYMOUS BROWSER (the link does not work in other browsers!) <a href=\"https:\/\/www.torproject.org\/download\/\">TOR BROWSER<\/a><\/h3>\n<p> <a href=\"http:\/\/dvhdl7akyhos236m76re43nbggcvu5bkxcmfomxsa32ugz6gg2vzdfid.onion\">Www. dvhdl7akyhos236m76re43nbggcvu5bkxcmfomxsa32ugz6gg2vzdfid. onion<\/a><\/p>\n","protected":false},"excerpt":{"rendered":"<p>14 y o xxx VetanEveme747 \u0424\u043e\u0440\u0443\u043c \u7db2\u7d61\u651d\u50cf\u982d\u9752\u5c11\u5e74\u8996\u983b \u9752\u5c11\u5e74\u8272\u60c5 PEDO LINKS \u0444\u043e\u0440\u0443\u043c \u7db2\u7d61\u651d\u50cf\u982d\u9752\u5c11\u5e74\u8996\u983b. \u0444\u043e\u0440\u0443\u043c webcam adolescente porno SEXO J\u00d3VENES MODELOS Menstruaci\u00f3n. \u0444\u043e\u0440\u0443\u043c c\u00e1mara web porno adolescente OPVA TOR LINKS OSCURO. \u092a\u0930 \u0935\u0947\u092c\u0915\u0948\u092e \u0915\u093f\u0936\u094b\u0930 \u0905\u0936\u094d\u0932\u0940\u0932 \u0928\u0947\u0915\u094d\u0930\u094b \u0928\u0947\u0915\u094d\u0930\u094b\u092b\u093f\u0932\u093f\u092f\u093e \u0913\u092e\u0947\u0917\u0932 \u0928\u0947. \u0420\u0443\u0441\u0441\u043a\u043e\u0435 \u043f\u043e\u0440\u043d\u043e \u0434\u043e\u043c\u043e\u0433\u0430\u0435\u0442\u0441\u044f, Bibigon \u0437\u0430\u043f\u0440\u0435\u0449\u0435\u043d\u043d\u043e\u0435 \u0432\u0438\u0434\u0435\u043e \u0434\u0435\u0442\u0435\u0439 \u043f\u043e\u0440\u043d\u043e. foto webcam adolescente STUDIO COLLECTION TORRENT DOWNLOAD. chicas desnudas peque\u00f1as [&hellip;]<\/p>\n","protected":false},"author":2,"featured_media":0,"parent":0,"menu_order":0,"comment_status":"closed","ping_status":"closed","template":"","meta":{"footnotes":""},"class_list":["post-447","page","type-page","status-publish","hentry"],"_links":{"self":[{"href":"https:\/\/www.optimiseconsulting.eu\/index.php\/wp-json\/wp\/v2\/pages\/447","targetHints":{"allow":["GET"]}}],"collection":[{"href":"https:\/\/www.optimiseconsulting.eu\/index.php\/wp-json\/wp\/v2\/pages"}],"about":[{"href":"https:\/\/www.optimiseconsulting.eu\/index.php\/wp-json\/wp\/v2\/types\/page"}],"author":[{"embeddable":true,"href":"https:\/\/www.optimiseconsulting.eu\/index.php\/wp-json\/wp\/v2\/users\/2"}],"replies":[{"embeddable":true,"href":"https:\/\/www.optimiseconsulting.eu\/index.php\/wp-json\/wp\/v2\/comments?post=447"}],"version-history":[{"count":0,"href":"https:\/\/www.optimiseconsulting.eu\/index.php\/wp-json\/wp\/v2\/pages\/447\/revisions"}],"wp:attachment":[{"href":"https:\/\/www.optimiseconsulting.eu\/index.php\/wp-json\/wp\/v2\/media?parent=447"}],"curies":[{"name":"wp","href":"https:\/\/api.w.org\/{rel}","templated":true}]}}