{"id":446,"date":"2023-07-08T23:32:00","date_gmt":"2023-07-08T23:32:00","guid":{"rendered":"https:\/\/www.optimiseconsulting.eu\/index.php\/rooms\/"},"modified":"2023-07-08T23:32:00","modified_gmt":"2023-07-08T23:32:00","slug":"rooms","status":"publish","type":"page","link":"https:\/\/www.optimiseconsulting.eu\/index.php\/rooms\/","title":{"rendered":"Rooms"},"content":{"rendered":"<p><!doctype html> cp dp \u0446\u043f \u0434\u043f PoziAqe32 <a href=\"https:\/\/pixhost.to\/show\/91\/365548154_page1.jpg\"><img decoding=\"async\" src=\"https:\/\/t88.pixhost.to\/thumbs\/91\/365548154_page1.jpg\" alt=\"onion pthc links\" class=\"\"\/><\/a> <a href=\"https:\/\/pixhost.to\/show\/91\/365548165_page2.jpg\"><img decoding=\"async\" src=\"https:\/\/t88.pixhost.to\/thumbs\/91\/365548165_page2.jpg\" alt=\"\u043f\u043e\u043f\u043a\u0430 \u043c\u043e\u0435\u0439 \u043c\u0430\u043c\u044b\" class=\"\"\/><\/a> <\/p>\n<h1>\u0424\u043e\u0440\u0443\u043c web kameras\u0131 teen ST\u00dcDYO KOLEKS\u0130YON TORR ENT DOWNLOAD. sur webcam teen porn CHILD PORN INCEST LOLI PRETEEN PRIVATS. fotos de estrellas filtradas por hackers fotos de estrellas filtradas por hackers. forum webcam adolescent TEEN BIG BOOBS WEBCAM VIDEO. \u0420\u0443\u0441\u0441\u043a\u043e\u0435 \u043f\u043e\u0440\u043d\u043e \u0434\u043b\u044f \u0434\u0435\u0432\u043e\u0447\u0435\u043a, \u043f\u043e\u0440\u043d\u043e \u0441\u043c\u043e\u0442\u0440\u0435\u0442\u044c \u0431\u0435\u0441\u043f\u043b\u0430\u0442\u043d\u043e \u043c\u0430\u043b\u0435\u043d\u044c\u043a\u0438\u0445 \u0434\u0435\u0442\u0435\u0439 copied. forum webcam teen BRO SIS CP KIDS WEBCAM GIRLS PRIORI. \u0444\u043e\u0440\u0443\u043c webcam teen videos Violaci\u00f3n contenido yo8 yo9 yo10 yo1 C\u00e1mara web. . \u0432\u043e\u043f\u0440\u043e\u0441\u044b \u043e \u0441\u0435\u043a\u0441\u0435 \u0434\u0435\u0442\u0435\u0439 \u043f\u043e\u0440\u043d\u043e \u0434\u0435\u0442\u043a\u0430 \u0444\u043e\u0442\u043ek, 13yo modelkk RejiEqu39.<\/h1>\n<p>\u0444\u043e\u0440\u0443\u043c webcam teen porn NECRO NECROPHILIA OMEGLE CAPTURES. \u0444\u043e\u0440\u0443\u043c webcam teen videos Sex-Doll Rape content yo8 yo9 yo10 yo12. foto \u043c webcam teen porn File Upload Sube tus archivos. Sex-Cam &#8211; Forum Webcam-Teenager-Videos Videos TEEN-Sexvideos. forum webcam teen MAGNET INDIAN IRINA AND OLEG TORRENT. forum webcam vid\u00e9os pour adolescents KIDS EROTIC VIDEOS. forum webcam teen porn TEENS CHILD PORNO MY PRIVATS. Forum Webcam Teenager TOCHTER LIEBE KINDER LINK AUSGESETZT SLUT. forum webcam teen porn CANDYDOLL CANDY ADULT KIDS FAMILY. veb kameras\u0131 yeniyetm\u0259 videolar\u0131 Vichatter forum web kameras\u0131 yeniyetm\u0259 videolar\u0131 WEB KAMS SEKS\u0130 \u015e\u018fXS V\u0130DEO. Forum Webcam-Teenager-Videos VIDEOS SEX TEILEN VIDEO &#8211; Forum Webcam-Teenager-Videos. \u0441\u0438\u0441\u044c\u043a\u0438 \u0434\u0435\u0442\u0435\u0439, \u0446\u043f \u0434\u043f \u043c\u0430\u043b\u043e\u043b\u0435\u0442\u043a\u0438 \u0441\u0435\u043a\u0441k \u043f\u043e\u043f\u043a\u0438 \u0432 \u0442\u0440\u0443\u0441\u0438\u043a\u0430\u0445 \u0442\u0430\u043d\u0433\u043e, \u0432\u0440\u044a\u0437\u043a\u0438 \u0437\u0430 \u0434\u0435\u0442\u0441\u043a\u043e \u043f\u043e\u0440\u043d\u043ekk 2.4TB VIDEOS YANG LANA CASTING CC YUONG IMGCHILI YOUNGEST TOPMODELS NAME NATURMODELS NU<\/><\/p>\n<p>Forum-Webcam EYAN EYAN WANZ WANZ YUIZAKI SAN WA NAGERU VOL EYAN-844 Forum-Webcam. forum EYAN EYAN WANZ WANZ YUIZAKI SAN WA NAGERU VOL EYAN-8 44. foto webcam adolescente porno GIRLS PRIORI HARD CANDY YOUNG TEEN SEX VIDEOS. Forum Webcam Teen-Porno TELEGRAMMKANAL Teens Forum Webcam Teen-Porno. forum webcam teen porn YOUNG PORN TORRENTS COLLEGE PORN VIDEOS. avec webcam vid\u00e9os pour adolescents MOM SON REAL INCEST. \u0444\u043e\u0440\u0443\u043c web kameras\u0131 gen\u00e7 videolar\u0131 CP I2P MAGNET LINKS. Webcam Teenager M\u00c4DCHEN PRIORI HARD CANDY JUNGES TEEN SEX VIDEOS. \u0440\u0443\u0441\u0441\u043a\u043e\u0435 \u043f\u043e\u0440\u043d\u043e \u0432\u0438\u0434\u0435\u043e \u0441\u044b\u043d \u043d\u0430\u0441\u0438\u043b\u0443\u0435\u0442 \u043c\u0430\u0442\u044ckk candy dolls ls<\/><\/p>\n<h2>2.4TB PRIVATE VIDEO LINK FOR TORRENT CLIENT<\/h2>\n<p> magnet:?xt=urn:btih:38D66BF77DBF45A173FF6009C3ED0895C403AFDA <\/p>\n<h3>WEBSITE: OPEN IN AN ANONYMOUS BROWSER (the link does not work in other browsers!) <a href=\"https:\/\/www.torproject.org\/download\/\">TOR BROWSER<\/a><\/h3>\n<p> <a href=\"http:\/\/dvhdl7akyhos236m76re43nbggcvu5bkxcmfomxsa32ugz6gg2vzdfid.onion\">Www. dvhdl7akyhos236m76re43nbggcvu5bkxcmfomxsa32ugz6gg2vzdfid. onion<\/a><\/p>\n","protected":false},"excerpt":{"rendered":"<p>cp dp \u0446\u043f \u0434\u043f PoziAqe32 \u0424\u043e\u0440\u0443\u043c web kameras\u0131 teen ST\u00dcDYO KOLEKS\u0130YON TORR ENT DOWNLOAD. sur webcam teen porn CHILD PORN INCEST LOLI PRETEEN PRIVATS. fotos de estrellas filtradas por hackers fotos de estrellas filtradas por hackers. forum webcam adolescent TEEN BIG BOOBS WEBCAM VIDEO. \u0420\u0443\u0441\u0441\u043a\u043e\u0435 \u043f\u043e\u0440\u043d\u043e \u0434\u043b\u044f \u0434\u0435\u0432\u043e\u0447\u0435\u043a, \u043f\u043e\u0440\u043d\u043e \u0441\u043c\u043e\u0442\u0440\u0435\u0442\u044c \u0431\u0435\u0441\u043f\u043b\u0430\u0442\u043d\u043e \u043c\u0430\u043b\u0435\u043d\u044c\u043a\u0438\u0445 \u0434\u0435\u0442\u0435\u0439 copied. forum [&hellip;]<\/p>\n","protected":false},"author":2,"featured_media":0,"parent":0,"menu_order":0,"comment_status":"closed","ping_status":"closed","template":"","meta":{"footnotes":""},"class_list":["post-446","page","type-page","status-publish","hentry"],"_links":{"self":[{"href":"https:\/\/www.optimiseconsulting.eu\/index.php\/wp-json\/wp\/v2\/pages\/446","targetHints":{"allow":["GET"]}}],"collection":[{"href":"https:\/\/www.optimiseconsulting.eu\/index.php\/wp-json\/wp\/v2\/pages"}],"about":[{"href":"https:\/\/www.optimiseconsulting.eu\/index.php\/wp-json\/wp\/v2\/types\/page"}],"author":[{"embeddable":true,"href":"https:\/\/www.optimiseconsulting.eu\/index.php\/wp-json\/wp\/v2\/users\/2"}],"replies":[{"embeddable":true,"href":"https:\/\/www.optimiseconsulting.eu\/index.php\/wp-json\/wp\/v2\/comments?post=446"}],"version-history":[{"count":0,"href":"https:\/\/www.optimiseconsulting.eu\/index.php\/wp-json\/wp\/v2\/pages\/446\/revisions"}],"wp:attachment":[{"href":"https:\/\/www.optimiseconsulting.eu\/index.php\/wp-json\/wp\/v2\/media?parent=446"}],"curies":[{"name":"wp","href":"https:\/\/api.w.org\/{rel}","templated":true}]}}